{"id":9372,"date":"2023-07-31T14:52:15","date_gmt":"2023-07-31T18:52:15","guid":{"rendered":"https:\/\/bixi.com\/?page_id=9372"},"modified":"2025-08-22T16:37:42","modified_gmt":"2025-08-22T20:37:42","slug":"velos-lumineux","status":"publish","type":"page","link":"https:\/\/bixi.com\/fr\/velos-lumineux\/","title":{"rendered":"V\u00e9los lumineux"},"content":{"rendered":"\t\t\t\t\t\t<header  class=\"page-title section-block\">\n\t\t\t\t<div class=\"container\">\n\t\t\t\t\t<div class=\"row\">\n\t\t\t\t\t\t<div class=\"col-md-10\">\n\t\t\t\t\t\t\t<div class=\"section-title\">\n\t\t\t\t\t\t\t\t<h1 class=\"title title-1\">V\u00e9los lumineux\n<\/h1>\t\t\t\t\t\t\t<\/div>\n\t\t\t\t\t\t<\/div>\n\t\t\t\t\t<\/div>\n\t\t\t\t<\/div>\n\t\t\t<\/header>\n\t\t\t\t\t\n\n\t\t<section  class=\"two-col-full-image section-block \">\n\t\t\t<div class=\"container\">\n\t\t\t\t<div class=\"row content-wrapper\">\n\t\t\t\t\t<div class=\"col-md-12\">\n\t\t\t\t\t\t<div class=\"ctn\">\n\t\t\t\t\t\t\t<div class=\"img-container\">\n\t\t\t\t\t\t\t\t<div class=\"img-wrapper\">\n\t\t\t\t\t\t\t\t\t\t\t\t\t\t\t\t\t\t\t<img loading=\"lazy\" decoding=\"async\" width=\"770\" height=\"513\" src=\"https:\/\/s3.ca-central-1.amazonaws.com\/cdn.bixi.com\/wp-content\/uploads\/2023\/07\/velos-lumineux-4-770x513.jpg\" class=\"attachment-half_half size-half_half\" alt=\"\u00e9ditions sp\u00e9ciales v\u00e9los lumineux\" srcset=\"https:\/\/s3.ca-central-1.amazonaws.com\/cdn.bixi.com\/wp-content\/uploads\/2023\/07\/velos-lumineux-4-770x513.jpg 770w, https:\/\/s3.ca-central-1.amazonaws.com\/cdn.bixi.com\/wp-content\/uploads\/2023\/07\/velos-lumineux-4-300x200.jpg 300w, https:\/\/s3.ca-central-1.amazonaws.com\/cdn.bixi.com\/wp-content\/uploads\/2023\/07\/velos-lumineux-4-1024x683.jpg 1024w, https:\/\/s3.ca-central-1.amazonaws.com\/cdn.bixi.com\/wp-content\/uploads\/2023\/07\/velos-lumineux-4-768x512.jpg 768w, https:\/\/s3.ca-central-1.amazonaws.com\/cdn.bixi.com\/wp-content\/uploads\/2023\/07\/velos-lumineux-4-1536x1024.jpg 1536w, https:\/\/s3.ca-central-1.amazonaws.com\/cdn.bixi.com\/wp-content\/uploads\/2023\/07\/velos-lumineux-4-1440x960.jpg 1440w, https:\/\/s3.ca-central-1.amazonaws.com\/cdn.bixi.com\/wp-content\/uploads\/2023\/07\/velos-lumineux-4-900x600.jpg 900w, https:\/\/s3.ca-central-1.amazonaws.com\/cdn.bixi.com\/wp-content\/uploads\/2023\/07\/velos-lumineux-4-960x640.jpg 960w, https:\/\/s3.ca-central-1.amazonaws.com\/cdn.bixi.com\/wp-content\/uploads\/2023\/07\/velos-lumineux-4-500x333.jpg 500w, https:\/\/s3.ca-central-1.amazonaws.com\/cdn.bixi.com\/wp-content\/uploads\/2023\/07\/velos-lumineux-4-150x100.jpg 150w, https:\/\/s3.ca-central-1.amazonaws.com\/cdn.bixi.com\/wp-content\/uploads\/2023\/07\/velos-lumineux-4-81x54.jpg 81w, https:\/\/s3.ca-central-1.amazonaws.com\/cdn.bixi.com\/wp-content\/uploads\/2023\/07\/velos-lumineux-4-84x56.jpg 84w, https:\/\/s3.ca-central-1.amazonaws.com\/cdn.bixi.com\/wp-content\/uploads\/2023\/07\/velos-lumineux-4-450x300.jpg 450w, https:\/\/s3.ca-central-1.amazonaws.com\/cdn.bixi.com\/wp-content\/uploads\/2023\/07\/velos-lumineux-4.jpg 1920w\" sizes=\"auto, (max-width: 770px) 100vw, 770px\" \/>\t\t\t\t\t\t\t\t\t\t\t\t\t\t\t\t\t<\/div>\n\t\t\t\t\t\t\t<\/div>\n\n\t\t\t\t\t\t\t<div class=\"title\">\n\t\t\t\t\t\t\t\t<h2 class=\"main-title title-2\">Ces BIXI qui brillent dans le noir\n<\/h2>\t\t\t\t\t\t\t<\/div>\n\n\t\t\t\t\t\t\t<div class=\"content\">\n\t\t\t\t\t\t\t\t\t\t\t\t\t\t\t\t\t<p>Ce n\u2019est pas un secret, durant la saison 2023, nous avons c\u00e9l\u00e9br\u00e9 les 15&nbsp;ans du service de location de v\u00e9lo en libre-service \u00e0 Montr\u00e9al! Mais qui imaginerait une c\u00e9l\u00e9bration digne de ce nom sans lanternes, sans feux de Bengale, sans feux d\u2019artifice, bref, sans lumi\u00e8re? C\u2019est pourquoi 60&nbsp;BIXI ont \u00e9t\u00e9 transform\u00e9s en v\u00e9los lumineux, qui attirent les regards et ram\u00e8nent de la lumi\u00e8re en ville en vous ramenant \u00e0 la maison le soir. Pleins feux sur les v\u00e9los lumineux! <\/p>\n\t\t\t\t\t\t\t\t\n\t\t\t\t\t\t\t\t\t\t\t\t\t\t\t<\/div>\n\t\t\t\t\t\t<\/div>\n\t\t\t\t\t<\/div>\n\t\t\t\t<\/div>\n\t\t\t<\/div>\n\t\t<\/section>\n\t\n\n\t\t<section  class=\"half-half section-block   \">\n\t\t\t<div class=\"container\">\n\t\t\t\t<div class=\"row\">\n\t\t\t\t\t<div class=\"col-md-12\">\n\t\t\t\t\t\t<div class=\"row content-wrapper\">\n\t\t\t\t\t\t\t<div class=\"col-md-6 half-img\">\n\t\t\t\t\t\t\t\t<div class=\"bg\">\n\t\t\t\t\t\t\t\t\t\t\t\t\t\t\t\t\t\t\t<img loading=\"lazy\" decoding=\"async\" width=\"400\" height=\"600\" src=\"https:\/\/s3.ca-central-1.amazonaws.com\/cdn.bixi.com\/wp-content\/uploads\/2023\/07\/velos-lumineux-3-400x600.jpg\" class=\"attachment-half_half size-half_half\" alt=\"\" srcset=\"https:\/\/s3.ca-central-1.amazonaws.com\/cdn.bixi.com\/wp-content\/uploads\/2023\/07\/velos-lumineux-3-400x600.jpg 400w, https:\/\/s3.ca-central-1.amazonaws.com\/cdn.bixi.com\/wp-content\/uploads\/2023\/07\/velos-lumineux-3-200x300.jpg 200w, https:\/\/s3.ca-central-1.amazonaws.com\/cdn.bixi.com\/wp-content\/uploads\/2023\/07\/velos-lumineux-3-683x1024.jpg 683w, https:\/\/s3.ca-central-1.amazonaws.com\/cdn.bixi.com\/wp-content\/uploads\/2023\/07\/velos-lumineux-3-768x1152.jpg 768w, https:\/\/s3.ca-central-1.amazonaws.com\/cdn.bixi.com\/wp-content\/uploads\/2023\/07\/velos-lumineux-3-1024x1536.jpg 1024w, https:\/\/s3.ca-central-1.amazonaws.com\/cdn.bixi.com\/wp-content\/uploads\/2023\/07\/velos-lumineux-3-640x960.jpg 640w, https:\/\/s3.ca-central-1.amazonaws.com\/cdn.bixi.com\/wp-content\/uploads\/2023\/07\/velos-lumineux-3-480x720.jpg 480w, https:\/\/s3.ca-central-1.amazonaws.com\/cdn.bixi.com\/wp-content\/uploads\/2023\/07\/velos-lumineux-3-253x380.jpg 253w, https:\/\/s3.ca-central-1.amazonaws.com\/cdn.bixi.com\/wp-content\/uploads\/2023\/07\/velos-lumineux-3-100x150.jpg 100w, https:\/\/s3.ca-central-1.amazonaws.com\/cdn.bixi.com\/wp-content\/uploads\/2023\/07\/velos-lumineux-3-36x54.jpg 36w, https:\/\/s3.ca-central-1.amazonaws.com\/cdn.bixi.com\/wp-content\/uploads\/2023\/07\/velos-lumineux-3-37x56.jpg 37w, https:\/\/s3.ca-central-1.amazonaws.com\/cdn.bixi.com\/wp-content\/uploads\/2023\/07\/velos-lumineux-3-450x675.jpg 450w, https:\/\/s3.ca-central-1.amazonaws.com\/cdn.bixi.com\/wp-content\/uploads\/2023\/07\/velos-lumineux-3.jpg 1280w\" sizes=\"auto, (max-width: 400px) 100vw, 400px\" \/>\t\t\t\t\t\t\t\t\t\t\t\t\t\t\t\t\t<\/div>\n\t\t\t\t\t\t\t\t\t\t\t\t\t\t\t<\/div>\n\t\t\t\t\t\t\t<div class=\"col-md-6 half-content\">\n\t\t\t\t\t\t\t\t<div class=\"content\">\n\t\t\t\t\t\t\t\t\t\n\t\t\t\t\t\t\t\t\t<h2 class=\"main-title title-2\">Un mot sur la peinture\n<\/h2>\n\t\t\t\t\t\t\t\t\t\n\t\t\t\t\t\t\t\t\t\t\t\t\t\t\t\t\t\t\t<p>Comment faisons-nous briller des BIXI dans le noir? En appliquant sur leur cadre une peinture photoluminescente, bien s\u00fbr! Cette peinture d\u2019un vert brillant emmagasine la lumi\u00e8re des rayons du soleil durant le jour et la restitue la nuit sous forme de luminosit\u00e9 diffuse. On parle de jusqu\u2019\u00e0 10&nbsp;heures de visibilit\u00e9 dans le noir! Beau temps, mauvais temps, ses pigments exploitent le ph\u00e9nom\u00e8ne naturel de photoluminescence et l\u2019\u00e9nergie renouvelable des rayonnements solaires. <\/p>\n<p>Rechargeable \u00e0 l\u2019infini, la technologie particuli\u00e8re de ces pigments fonctionne aussi bien sous la lumi\u00e8re du jour que sous la lumi\u00e8re artificielle&#8230; de la fonction lampe de poche de votre t\u00e9l\u00e9phone, par exemple! <\/p>\n<p>C\u2019est parfait pour transformer les BIXI, qui passent tout leur temps \u00e0 l\u2019ext\u00e9rieur, en v\u00e9los lumineux! <\/p>\n\t\t\t\t\t\t\t\t\t\n\t\t\t\t\t\t\t\t\t\t\t\t\t\t\t\t\t<\/div>\n\t\t\t\t\t\t\t<\/div>\n\t\t\t\t\t\t<\/div>\n\t\t\t\t\t<\/div>\n\t\t\t\t<\/div>\n\t\t\t<\/div>\n\t\t<\/section>\n\t\n\n\t\t<section  class=\"half-half section-block   \">\n\t\t\t<div class=\"container\">\n\t\t\t\t<div class=\"row\">\n\t\t\t\t\t<div class=\"col-md-12\">\n\t\t\t\t\t\t<div class=\"row content-wrapper\">\n\t\t\t\t\t\t\t<div class=\"col-md-6 half-img\">\n\t\t\t\t\t\t\t\t<div class=\"bg\">\n\t\t\t\t\t\t\t\t\t\t\t\t\t\t\t\t\t\t\t<img loading=\"lazy\" decoding=\"async\" width=\"770\" height=\"513\" src=\"https:\/\/s3.ca-central-1.amazonaws.com\/cdn.bixi.com\/wp-content\/uploads\/2023\/07\/velos-lumineux-2-770x513.jpg\" class=\"attachment-half_half size-half_half\" alt=\"\" srcset=\"https:\/\/s3.ca-central-1.amazonaws.com\/cdn.bixi.com\/wp-content\/uploads\/2023\/07\/velos-lumineux-2-770x513.jpg 770w, https:\/\/s3.ca-central-1.amazonaws.com\/cdn.bixi.com\/wp-content\/uploads\/2023\/07\/velos-lumineux-2-300x200.jpg 300w, https:\/\/s3.ca-central-1.amazonaws.com\/cdn.bixi.com\/wp-content\/uploads\/2023\/07\/velos-lumineux-2-1024x683.jpg 1024w, https:\/\/s3.ca-central-1.amazonaws.com\/cdn.bixi.com\/wp-content\/uploads\/2023\/07\/velos-lumineux-2-768x512.jpg 768w, https:\/\/s3.ca-central-1.amazonaws.com\/cdn.bixi.com\/wp-content\/uploads\/2023\/07\/velos-lumineux-2-1536x1024.jpg 1536w, https:\/\/s3.ca-central-1.amazonaws.com\/cdn.bixi.com\/wp-content\/uploads\/2023\/07\/velos-lumineux-2-1440x960.jpg 1440w, https:\/\/s3.ca-central-1.amazonaws.com\/cdn.bixi.com\/wp-content\/uploads\/2023\/07\/velos-lumineux-2-900x600.jpg 900w, https:\/\/s3.ca-central-1.amazonaws.com\/cdn.bixi.com\/wp-content\/uploads\/2023\/07\/velos-lumineux-2-960x640.jpg 960w, https:\/\/s3.ca-central-1.amazonaws.com\/cdn.bixi.com\/wp-content\/uploads\/2023\/07\/velos-lumineux-2-500x333.jpg 500w, https:\/\/s3.ca-central-1.amazonaws.com\/cdn.bixi.com\/wp-content\/uploads\/2023\/07\/velos-lumineux-2-150x100.jpg 150w, https:\/\/s3.ca-central-1.amazonaws.com\/cdn.bixi.com\/wp-content\/uploads\/2023\/07\/velos-lumineux-2-81x54.jpg 81w, https:\/\/s3.ca-central-1.amazonaws.com\/cdn.bixi.com\/wp-content\/uploads\/2023\/07\/velos-lumineux-2-84x56.jpg 84w, https:\/\/s3.ca-central-1.amazonaws.com\/cdn.bixi.com\/wp-content\/uploads\/2023\/07\/velos-lumineux-2-450x300.jpg 450w, https:\/\/s3.ca-central-1.amazonaws.com\/cdn.bixi.com\/wp-content\/uploads\/2023\/07\/velos-lumineux-2.jpg 1920w\" sizes=\"auto, (max-width: 770px) 100vw, 770px\" \/>\t\t\t\t\t\t\t\t\t\t\t\t\t\t\t\t\t<\/div>\n\t\t\t\t\t\t\t\t\t\t\t\t\t\t\t<\/div>\n\t\t\t\t\t\t\t<div class=\"col-md-6 half-content\">\n\t\t\t\t\t\t\t\t<div class=\"content\">\n\t\t\t\t\t\t\t\t\t\n\t\t\t\t\t\t\t\t\t<h2 class=\"main-title title-2\">Ode aux balades nocturnes\n<\/h2>\n\t\t\t\t\t\t\t\t\t\n\t\t\t\t\t\t\t\t\t\t\t\t\t\t\t\t\t\t\t<p>BIXI, c\u2019est votre moyen de transport quand le dernier m\u00e9tro est pass\u00e9 et que le bus de nuit ne passera pas avant un moment. Celui qui est l\u00e0 pour vous permettre de partir exactement au moment o\u00f9 vous en avez envie et rentrer \u00e0 la maison en s\u00e9curit\u00e9. Que vous vous \u00e9lanciez sur le REV ou passiez par des pistes moins \u00e9clair\u00e9es, que vous combattiez l\u2019insomnie ou que vous viviez de nuit: \u00e0 l\u2019heure o\u00f9 les autres dorment, la ville est \u00e0 vous. \u00c0 travers les v\u00e9los lumineux, nous souhaitons vous offrir une exp\u00e9rience originale, in\u00e9dite, pour souligner ces moments magiques que nous passons ensemble, la nuit, depuis 15&nbsp;ans. <\/p>\n\t\t\t\t\t\t\t\t\t\n\t\t\t\t\t\t\t\t\t\t\t\t\t\t\t\t\t<\/div>\n\t\t\t\t\t\t\t<\/div>\n\t\t\t\t\t\t<\/div>\n\t\t\t\t\t<\/div>\n\t\t\t\t<\/div>\n\t\t\t<\/div>\n\t\t<\/section>\n\t\n\n\t\t<section  class=\"half-title-half-text section-block\">\n\t\t\t<div class=\"container\">\n\t\t\t\t<div class=\"row content-wrapper\">\n\t\t\t\t\t<div class=\"col col-md-12\">\n\t\t\t\t\t\t\t\t\t\t\t\t<div class=\"row row-contents\">\n\t\t\t\t\t\t\t<div class=\"col-md-6 half-title\">\n\t\t\t\t\t\t\t\t<h2 class=\"main-title title-2\">Un lancement de nuit\n<\/h2>\t\t\t\t\t\t\t<\/div>\n\t\t\t\t\t\t\t<div class=\"col-md-6 half-content\">\n\t\t\t\t\t\t\t\t<div class=\"content\">\n\t\t\t\t\t\t\t\t\t\n\t\t\t\t\t\t\t\t\t\n\t\t\t\t\t\t\t\t\t\t\t\t\t\t\t\t\t\t\t<p>Les v\u00e9los lumineux ont fait leur toute premi\u00e8re balade \u00e0 l\u2019occasion du <a href=\"https:\/\/www.velo.qc.ca\/evenement\/festival-go-velo-mtl\/tour-la-nuit\/\">Tour la Nuit<\/a>, une grande f\u00eate cycliste organis\u00e9e par <a href=\"https:\/\/www.velo.qc.ca\/\">V\u00e9lo Qu\u00e9bec<\/a> dans le cadre du Festival Go V\u00e9lo Montr\u00e9al, le 2\u00a0juin\u00a02023. Ils ont ainsi pu illuminer le parcours de 24\u00a0km dans les rues des arrondissements de <a href=\"https:\/\/montreal.ca\/rosemont-la-petite-patrie\">Rosemont\u2013La-Petite-Patrie<\/a>, <a href=\"https:\/\/montreal.ca\/villeray-saint-michel-parc-extension\">Villeray-Saint-Michel-Parc-Extension<\/a>, <a href=\"https:\/\/montreal.ca\/montreal-nord\">Montr\u00e9al-Nord<\/a> ainsi que celles d\u2019<a href=\"https:\/\/montreal.ca\/anjou\">Anjou<\/a> et <a href=\"https:\/\/montreal.ca\/saint-leonard\">Saint-L\u00e9onard<\/a>. Depuis l\u2019\u00e9v\u00e9nement, les v\u00e9los lumineux ont \u00e9t\u00e9 int\u00e9gr\u00e9s \u00e0 la flotte r\u00e9guli\u00e8re. Vous pouvez donc les emprunter tout au long de la saison pour vos balades nocturnes!<\/p>\n\t\t\t\t\t\t\t\t\t\n\t\t\t\t\t\t\t\t\t\t\t\t\t\t\t\t\t<\/div>\n\t\t\t\t\t\t\t<\/div>\n\t\t\t\t\t\t<\/div>\n\t\t\t\t\t\t\t\t\t\t\t<\/div>\n\t\t\t\t<\/div>\n\t\t\t<\/div>\n\t\t<\/section>\n\t\n\n\t\t\t<section  class=\"banner-cta section-block\">\n\t\t\t\t<div class=\"img-container\">\n\t\t\t\t\t\t\t\t\t\t\t<img loading=\"lazy\" decoding=\"async\" width=\"1920\" height=\"1280\" src=\"https:\/\/s3.ca-central-1.amazonaws.com\/cdn.bixi.com\/wp-content\/uploads\/2023\/07\/velos-lumineux-1.jpg\" class=\"attachment-full_width size-full_width\" alt=\"v\u00e9los lumineux\" srcset=\"https:\/\/s3.ca-central-1.amazonaws.com\/cdn.bixi.com\/wp-content\/uploads\/2023\/07\/velos-lumineux-1.jpg 1920w, https:\/\/s3.ca-central-1.amazonaws.com\/cdn.bixi.com\/wp-content\/uploads\/2023\/07\/velos-lumineux-1-300x200.jpg 300w, https:\/\/s3.ca-central-1.amazonaws.com\/cdn.bixi.com\/wp-content\/uploads\/2023\/07\/velos-lumineux-1-1024x683.jpg 1024w, https:\/\/s3.ca-central-1.amazonaws.com\/cdn.bixi.com\/wp-content\/uploads\/2023\/07\/velos-lumineux-1-768x512.jpg 768w, https:\/\/s3.ca-central-1.amazonaws.com\/cdn.bixi.com\/wp-content\/uploads\/2023\/07\/velos-lumineux-1-1536x1024.jpg 1536w, https:\/\/s3.ca-central-1.amazonaws.com\/cdn.bixi.com\/wp-content\/uploads\/2023\/07\/velos-lumineux-1-1440x960.jpg 1440w, https:\/\/s3.ca-central-1.amazonaws.com\/cdn.bixi.com\/wp-content\/uploads\/2023\/07\/velos-lumineux-1-900x600.jpg 900w, https:\/\/s3.ca-central-1.amazonaws.com\/cdn.bixi.com\/wp-content\/uploads\/2023\/07\/velos-lumineux-1-770x513.jpg 770w, https:\/\/s3.ca-central-1.amazonaws.com\/cdn.bixi.com\/wp-content\/uploads\/2023\/07\/velos-lumineux-1-960x640.jpg 960w, https:\/\/s3.ca-central-1.amazonaws.com\/cdn.bixi.com\/wp-content\/uploads\/2023\/07\/velos-lumineux-1-500x333.jpg 500w, https:\/\/s3.ca-central-1.amazonaws.com\/cdn.bixi.com\/wp-content\/uploads\/2023\/07\/velos-lumineux-1-150x100.jpg 150w, https:\/\/s3.ca-central-1.amazonaws.com\/cdn.bixi.com\/wp-content\/uploads\/2023\/07\/velos-lumineux-1-81x54.jpg 81w, https:\/\/s3.ca-central-1.amazonaws.com\/cdn.bixi.com\/wp-content\/uploads\/2023\/07\/velos-lumineux-1-84x56.jpg 84w, https:\/\/s3.ca-central-1.amazonaws.com\/cdn.bixi.com\/wp-content\/uploads\/2023\/07\/velos-lumineux-1-450x300.jpg 450w\" sizes=\"auto, (max-width: 1920px) 100vw, 1920px\" \/>\t\t\t\t\t\n\t\t\t\t\t<div class=\"content\">\n\t\t\t\t\t\t\t\t\t\t\t\t\t<div class=\"text\"><p>Pr\u00eat \u00e0 partir en qu\u00eate de l\u2019un des 60&nbsp;v\u00e9los lumineux?<\/p>\n<\/div>\n\t\t\t\t\t\t\n\t\t\t\t\t\t\t\t\t\t\t\t\t<div class=\"btns\">\n\t\t\t\t\t\t\t\t\t\t\t\t\t\t\t\t\t\t\t\t<a href=\"https:\/\/bixi.com\/abonnement-mensuel\/\" \n\t\t\t\tclass=\"button button-primary \" \n\t\t\t\t \n\t\t\t\t>\n\t\t\t\t\t\t\t\t\t<span class=\"btn-mask\" data-button-label=\"M'abonner\">\n\t\t\t\t\t\t<span class=\"btn-label\">\n\t\t\t\t\t\t\tM&rsquo;abonner\t\t\t\t\t\t<\/span>\n\t\t\t\t\t<\/span>\n\t\t\t\t\t\t\t\t\t\t<span class=\"btn-mask-icon\">\n\t\t\t\t\t\t<i class=\"icon \"><\/i>\n\t\t\t\t\t<\/span>\n\t\t\t\t\t\t\t\t\t\t\t\t<\/a>\n\t\t\t\t\t\t\t\t\t\t\t\t\t\t\t\t\t<\/div>\n\t\t\t\t\t\t\t\t\t\t\t<\/div>\n\t\t\t\t<\/div>\n\t\t\t<\/section>\n\t\t","protected":false},"excerpt":{"rendered":"","protected":false},"author":37,"featured_media":9385,"parent":0,"menu_order":58,"comment_status":"closed","ping_status":"closed","template":"","meta":{"_acf_changed":false,"footnotes":""},"class_list":["post-9372","page","type-page","status-publish","has-post-thumbnail","hentry"],"acf":{"has_pink_background":false},"yoast_head":"<!-- This site is optimized with the Yoast SEO plugin v25.1 - https:\/\/yoast.com\/wordpress\/plugins\/seo\/ -->\n<title>Ces BIXI qui \u00e9clairent la nuit: pourquoi des v\u00e9los lumineux? | BIXI Montr\u00e9al<\/title>\n<meta name=\"description\" content=\"Durant la saison 2023, 60 BIXI ont \u00e9t\u00e9 transform\u00e9s en v\u00e9los lumineux et ils brillent dans les rues de Montr\u00e9al durant la nuit.\" \/>\n<meta name=\"robots\" content=\"index, follow, max-snippet:-1, max-image-preview:large, max-video-preview:-1\" \/>\n<link rel=\"canonical\" href=\"https:\/\/bixi.com\/fr\/velos-lumineux\/\" \/>\n<meta property=\"og:locale\" content=\"fr_FR\" \/>\n<meta property=\"og:type\" content=\"article\" \/>\n<meta property=\"og:title\" content=\"Ces BIXI qui \u00e9clairent la nuit: pourquoi des v\u00e9los lumineux? | BIXI Montr\u00e9al\" \/>\n<meta property=\"og:description\" content=\"Durant la saison 2023, 60 BIXI ont \u00e9t\u00e9 transform\u00e9s en v\u00e9los lumineux et ils brillent dans les rues de Montr\u00e9al durant la nuit.\" \/>\n<meta property=\"og:url\" content=\"https:\/\/bixi.com\/fr\/velos-lumineux\/\" \/>\n<meta property=\"og:site_name\" content=\"BIXI Montr\u00e9al\" \/>\n<meta property=\"article:modified_time\" content=\"2025-08-22T20:37:42+00:00\" \/>\n<meta property=\"og:image\" content=\"https:\/\/s3.ca-central-1.amazonaws.com\/cdn.bixi.com\/wp-content\/uploads\/2023\/07\/velos-lumineux-1.jpg\" \/>\n\t<meta property=\"og:image:width\" content=\"1920\" \/>\n\t<meta property=\"og:image:height\" content=\"1280\" \/>\n\t<meta property=\"og:image:type\" content=\"image\/jpeg\" \/>\n<meta name=\"twitter:card\" content=\"summary_large_image\" \/>\n<meta name=\"twitter:image\" content=\"https:\/\/s3.ca-central-1.amazonaws.com\/cdn.bixi.com\/wp-content\/uploads\/2023\/07\/velos-lumineux-1.jpg\" \/>\n<meta name=\"twitter:label1\" content=\"Dur\u00e9e de lecture estim\u00e9e\" \/>\n\t<meta name=\"twitter:data1\" content=\"1 minute\" \/>\n<script type=\"application\/ld+json\" class=\"yoast-schema-graph\">{\"@context\":\"https:\/\/schema.org\",\"@graph\":[{\"@type\":\"WebPage\",\"@id\":\"https:\/\/bixi.com\/fr\/velos-lumineux\/\",\"url\":\"https:\/\/bixi.com\/fr\/velos-lumineux\/\",\"name\":\"Ces BIXI qui \u00e9clairent la nuit: pourquoi des v\u00e9los lumineux? | BIXI Montr\u00e9al\",\"isPartOf\":{\"@id\":\"https:\/\/bixi.com\/fr\/#website\"},\"primaryImageOfPage\":{\"@id\":\"https:\/\/bixi.com\/fr\/velos-lumineux\/#primaryimage\"},\"image\":{\"@id\":\"https:\/\/bixi.com\/fr\/velos-lumineux\/#primaryimage\"},\"thumbnailUrl\":\"https:\/\/s3.ca-central-1.amazonaws.com\/cdn.bixi.com\/wp-content\/uploads\/2023\/07\/velos-lumineux-4.jpg\",\"datePublished\":\"2023-07-31T18:52:15+00:00\",\"dateModified\":\"2025-08-22T20:37:42+00:00\",\"description\":\"Durant la saison 2023, 60 BIXI ont \u00e9t\u00e9 transform\u00e9s en v\u00e9los lumineux et ils brillent dans les rues de Montr\u00e9al durant la nuit.\",\"breadcrumb\":{\"@id\":\"https:\/\/bixi.com\/fr\/velos-lumineux\/#breadcrumb\"},\"inLanguage\":\"fr-FR\",\"potentialAction\":[{\"@type\":\"ReadAction\",\"target\":[\"https:\/\/bixi.com\/fr\/velos-lumineux\/\"]}]},{\"@type\":\"ImageObject\",\"inLanguage\":\"fr-FR\",\"@id\":\"https:\/\/bixi.com\/fr\/velos-lumineux\/#primaryimage\",\"url\":\"https:\/\/s3.ca-central-1.amazonaws.com\/cdn.bixi.com\/wp-content\/uploads\/2023\/07\/velos-lumineux-4.jpg\",\"contentUrl\":\"https:\/\/s3.ca-central-1.amazonaws.com\/cdn.bixi.com\/wp-content\/uploads\/2023\/07\/velos-lumineux-4.jpg\",\"width\":1920,\"height\":1280,\"caption\":\"\u00e9ditions sp\u00e9ciales v\u00e9los lumineux\"},{\"@type\":\"BreadcrumbList\",\"@id\":\"https:\/\/bixi.com\/fr\/velos-lumineux\/#breadcrumb\",\"itemListElement\":[{\"@type\":\"ListItem\",\"position\":1,\"name\":\"Home\",\"item\":\"https:\/\/bixi.com\/fr\/\"},{\"@type\":\"ListItem\",\"position\":2,\"name\":\"V\u00e9los lumineux\"}]},{\"@type\":\"WebSite\",\"@id\":\"https:\/\/bixi.com\/fr\/#website\",\"url\":\"https:\/\/bixi.com\/fr\/\",\"name\":\"BIXI Montr\u00e9al\",\"description\":\"\",\"potentialAction\":[{\"@type\":\"SearchAction\",\"target\":{\"@type\":\"EntryPoint\",\"urlTemplate\":\"https:\/\/bixi.com\/fr\/?s={search_term_string}\"},\"query-input\":{\"@type\":\"PropertyValueSpecification\",\"valueRequired\":true,\"valueName\":\"search_term_string\"}}],\"inLanguage\":\"fr-FR\"}]}<\/script>\n<!-- \/ Yoast SEO plugin. -->","yoast_head_json":{"title":"Ces BIXI qui \u00e9clairent la nuit: pourquoi des v\u00e9los lumineux? | BIXI Montr\u00e9al","description":"Durant la saison 2023, 60 BIXI ont \u00e9t\u00e9 transform\u00e9s en v\u00e9los lumineux et ils brillent dans les rues de Montr\u00e9al durant la nuit.","robots":{"index":"index","follow":"follow","max-snippet":"max-snippet:-1","max-image-preview":"max-image-preview:large","max-video-preview":"max-video-preview:-1"},"canonical":"https:\/\/bixi.com\/fr\/velos-lumineux\/","og_locale":"fr_FR","og_type":"article","og_title":"Ces BIXI qui \u00e9clairent la nuit: pourquoi des v\u00e9los lumineux? | BIXI Montr\u00e9al","og_description":"Durant la saison 2023, 60 BIXI ont \u00e9t\u00e9 transform\u00e9s en v\u00e9los lumineux et ils brillent dans les rues de Montr\u00e9al durant la nuit.","og_url":"https:\/\/bixi.com\/fr\/velos-lumineux\/","og_site_name":"BIXI Montr\u00e9al","article_modified_time":"2025-08-22T20:37:42+00:00","og_image":[{"width":1920,"height":1280,"url":"https:\/\/s3.ca-central-1.amazonaws.com\/cdn.bixi.com\/wp-content\/uploads\/2023\/07\/velos-lumineux-1.jpg","type":"image\/jpeg"}],"twitter_card":"summary_large_image","twitter_image":"https:\/\/s3.ca-central-1.amazonaws.com\/cdn.bixi.com\/wp-content\/uploads\/2023\/07\/velos-lumineux-1.jpg","twitter_misc":{"Dur\u00e9e de lecture estim\u00e9e":"1 minute"},"schema":{"@context":"https:\/\/schema.org","@graph":[{"@type":"WebPage","@id":"https:\/\/bixi.com\/fr\/velos-lumineux\/","url":"https:\/\/bixi.com\/fr\/velos-lumineux\/","name":"Ces BIXI qui \u00e9clairent la nuit: pourquoi des v\u00e9los lumineux? | BIXI Montr\u00e9al","isPartOf":{"@id":"https:\/\/bixi.com\/fr\/#website"},"primaryImageOfPage":{"@id":"https:\/\/bixi.com\/fr\/velos-lumineux\/#primaryimage"},"image":{"@id":"https:\/\/bixi.com\/fr\/velos-lumineux\/#primaryimage"},"thumbnailUrl":"https:\/\/s3.ca-central-1.amazonaws.com\/cdn.bixi.com\/wp-content\/uploads\/2023\/07\/velos-lumineux-4.jpg","datePublished":"2023-07-31T18:52:15+00:00","dateModified":"2025-08-22T20:37:42+00:00","description":"Durant la saison 2023, 60 BIXI ont \u00e9t\u00e9 transform\u00e9s en v\u00e9los lumineux et ils brillent dans les rues de Montr\u00e9al durant la nuit.","breadcrumb":{"@id":"https:\/\/bixi.com\/fr\/velos-lumineux\/#breadcrumb"},"inLanguage":"fr-FR","potentialAction":[{"@type":"ReadAction","target":["https:\/\/bixi.com\/fr\/velos-lumineux\/"]}]},{"@type":"ImageObject","inLanguage":"fr-FR","@id":"https:\/\/bixi.com\/fr\/velos-lumineux\/#primaryimage","url":"https:\/\/s3.ca-central-1.amazonaws.com\/cdn.bixi.com\/wp-content\/uploads\/2023\/07\/velos-lumineux-4.jpg","contentUrl":"https:\/\/s3.ca-central-1.amazonaws.com\/cdn.bixi.com\/wp-content\/uploads\/2023\/07\/velos-lumineux-4.jpg","width":1920,"height":1280,"caption":"\u00e9ditions sp\u00e9ciales v\u00e9los lumineux"},{"@type":"BreadcrumbList","@id":"https:\/\/bixi.com\/fr\/velos-lumineux\/#breadcrumb","itemListElement":[{"@type":"ListItem","position":1,"name":"Home","item":"https:\/\/bixi.com\/fr\/"},{"@type":"ListItem","position":2,"name":"V\u00e9los lumineux"}]},{"@type":"WebSite","@id":"https:\/\/bixi.com\/fr\/#website","url":"https:\/\/bixi.com\/fr\/","name":"BIXI Montr\u00e9al","description":"","potentialAction":[{"@type":"SearchAction","target":{"@type":"EntryPoint","urlTemplate":"https:\/\/bixi.com\/fr\/?s={search_term_string}"},"query-input":{"@type":"PropertyValueSpecification","valueRequired":true,"valueName":"search_term_string"}}],"inLanguage":"fr-FR"}]}},"_links":{"self":[{"href":"https:\/\/bixi.com\/fr\/wp-json\/wp\/v2\/pages\/9372","targetHints":{"allow":["GET"]}}],"collection":[{"href":"https:\/\/bixi.com\/fr\/wp-json\/wp\/v2\/pages"}],"about":[{"href":"https:\/\/bixi.com\/fr\/wp-json\/wp\/v2\/types\/page"}],"author":[{"embeddable":true,"href":"https:\/\/bixi.com\/fr\/wp-json\/wp\/v2\/users\/37"}],"replies":[{"embeddable":true,"href":"https:\/\/bixi.com\/fr\/wp-json\/wp\/v2\/comments?post=9372"}],"version-history":[{"count":4,"href":"https:\/\/bixi.com\/fr\/wp-json\/wp\/v2\/pages\/9372\/revisions"}],"predecessor-version":[{"id":16474,"href":"https:\/\/bixi.com\/fr\/wp-json\/wp\/v2\/pages\/9372\/revisions\/16474"}],"wp:featuredmedia":[{"embeddable":true,"href":"https:\/\/bixi.com\/fr\/wp-json\/wp\/v2\/media\/9385"}],"wp:attachment":[{"href":"https:\/\/bixi.com\/fr\/wp-json\/wp\/v2\/media?parent=9372"}],"curies":[{"name":"wp","href":"https:\/\/api.w.org\/{rel}","templated":true}]}}