{"id":84,"date":"2023-02-13T10:09:52","date_gmt":"2023-02-13T15:09:52","guid":{"rendered":"https:\/\/bixi.com\/?page_id=84"},"modified":"2024-12-05T10:06:08","modified_gmt":"2024-12-05T15:06:08","slug":"nous-joindre","status":"publish","type":"page","link":"https:\/\/bixi.com\/fr\/nous-joindre\/","title":{"rendered":"Nous joindre"},"content":{"rendered":"\t\t\t\t\t\t<header  class=\"page-title section-block\">\n\t\t\t\t<div class=\"container\">\n\t\t\t\t\t<div class=\"row\">\n\t\t\t\t\t\t<div class=\"col-md-10\">\n\t\t\t\t\t\t\t<div class=\"section-title\">\n\t\t\t\t\t\t\t\t<h1 class=\"title title-1\">Nous joindre\n<\/h1>\t\t\t\t\t\t\t<\/div>\n\t\t\t\t\t\t<\/div>\n\t\t\t\t\t<\/div>\n\t\t\t\t<\/div>\n\t\t\t<\/header>\n\t\t\t\t\t\n\n\t\t<section  class=\"half-title-half-text section-block\">\n\t\t\t<div class=\"container\">\n\t\t\t\t<div class=\"row content-wrapper\">\n\t\t\t\t\t<div class=\"col col-md-12\">\n\t\t\t\t\t\t\t\t\t\t\t\t<div class=\"row row-contents\">\n\t\t\t\t\t\t\t<div class=\"col-md-6 half-title\">\n\t\t\t\t\t\t\t\t<h2 class=\"main-title title-2\">Centre d&rsquo;aide\n<\/h2>\t\t\t\t\t\t\t<\/div>\n\t\t\t\t\t\t\t<div class=\"col-md-6 half-content\">\n\t\t\t\t\t\t\t\t<div class=\"content\">\n\t\t\t\t\t\t\t\t\t\n\t\t\t\t\t\t\t\t\t\n\t\t\t\t\t\t\t\t\t\t\t\t\t\t\t\t\t\t\t<p>Nous avons pr\u00e9par\u00e9 des articles qui r\u00e9pondent aux questions qui sont le plus fr\u00e9quemment pos\u00e9es pour vous permettre d&rsquo;obtenir la r\u00e9ponse dont vous avez besoin le plus rapidement possible!<\/p>\n\t\t\t\t\t\t\t\t\t\n\t\t\t\t\t\t\t\t\t\t\t\t\t\t\t\t\t\t\t<div class=\"btns\">\n\t\t\t\t\t\t\t\t\t\t\t\t\t\t\t\t\t\t\t\t\t\t\t\t\t\t<a href=\"https:\/\/support.bixi.com\/hc\/fr\" \n\t\t\t\tclass=\"button button-primary \" \n\t\t\t\t target=\"_blank\" rel=\"noopener\" \n\t\t\t\t>\n\t\t\t\t\t\t\t\t\t<span class=\"btn-mask\" data-button-label=\"Centre d'aide\">\n\t\t\t\t\t\t<span class=\"btn-label\">\n\t\t\t\t\t\t\tCentre d&rsquo;aide\t\t\t\t\t\t<\/span>\n\t\t\t\t\t<\/span>\n\t\t\t\t\t\t\t\t\t\t<span class=\"btn-mask-icon\">\n\t\t\t\t\t\t<i class=\"icon \"><\/i>\n\t\t\t\t\t<\/span>\n\t\t\t\t\t\t\t\t\t\t\t\t<\/a>\n\t\t\t\t\t\t\t\t\t\t\t\t\t\t\t\t\t\t\t\t\t\t\t<\/div>\n\t\t\t\t\t\t\t\t\t\t\t\t\t\t\t\t\t<\/div>\n\t\t\t\t\t\t\t<\/div>\n\t\t\t\t\t\t<\/div>\n\t\t\t\t\t\t\t\t\t\t\t<\/div>\n\t\t\t\t<\/div>\n\t\t\t<\/div>\n\t\t<\/section>\n\t\n\n\t\t<section  class=\"half-title-half-text section-block\">\n\t\t\t<div class=\"container\">\n\t\t\t\t<div class=\"row content-wrapper\">\n\t\t\t\t\t<div class=\"col col-md-12\">\n\t\t\t\t\t\t\t\t\t\t\t\t<div class=\"row row-contents\">\n\t\t\t\t\t\t\t<div class=\"col-md-6 half-title\">\n\t\t\t\t\t\t\t\t<h2 class=\"main-title title-2\">Vous avez une question plus pr\u00e9cise?\n<\/h2>\t\t\t\t\t\t\t<\/div>\n\t\t\t\t\t\t\t<div class=\"col-md-6 half-content\">\n\t\t\t\t\t\t\t\t<div class=\"content\">\n\t\t\t\t\t\t\t\t\t\n\t\t\t\t\t\t\t\t\t\n\t\t\t\t\t\t\t\t\t\t\t\t\t\t\t\t\t\t\t<p><strong>Service \u00e0 la client\u00e8le<\/strong><br \/>\n24\/7<\/p>\n<p><strong>514-789-BIXI (2494)<\/p>\n<p><\/strong>Sans frais au Canada et aux \u00c9tats-Unis:<br \/>\n1-877-820-2453<\/p>\n\t\t\t\t\t\t\t\t\t\n\t\t\t\t\t\t\t\t\t\t\t\t\t\t\t\t\t\t\t<div class=\"btns\">\n\t\t\t\t\t\t\t\t\t\t\t\t\t\t\t\t\t\t\t\t\t\t\t\t\t\t<a href=\"https:\/\/support.bixi.com\/hc\/fr\/requests\/new\" \n\t\t\t\tclass=\"button button-secondary \" \n\t\t\t\t target=\"_blank\" rel=\"noopener\" \n\t\t\t\t>\n\t\t\t\t\t\t\t\t\t<span class=\"btn-mask\" data-button-label=\"Communiquer par courriel\">\n\t\t\t\t\t\t<span class=\"btn-label\">\n\t\t\t\t\t\t\tCommuniquer par courriel\t\t\t\t\t\t<\/span>\n\t\t\t\t\t<\/span>\n\t\t\t\t\t\t\t\t\t\t<span class=\"btn-mask-icon\">\n\t\t\t\t\t\t<i class=\"icon \"><\/i>\n\t\t\t\t\t<\/span>\n\t\t\t\t\t\t\t\t\t\t\t\t<\/a>\n\t\t\t\t\t\t\t\t\t\t\t\t\t\t\t\t\t\t\t\t\t\t\t\t\t\t\t\t<a href=\"https:\/\/docs.google.com\/forms\/d\/e\/1FAIpQLSdqtEMwQ-YygIeUW1-Olk1YfAVJIb616OPqGU-KaOXdv_TsYw\/viewform\" \n\t\t\t\tclass=\"button button-secondary \" \n\t\t\t\t target=\"_blank\" rel=\"noopener\" \n\t\t\t\t>\n\t\t\t\t\t\t\t\t\t<span class=\"btn-mask\" data-button-label=\"Envoyer une demande de partenariat\">\n\t\t\t\t\t\t<span class=\"btn-label\">\n\t\t\t\t\t\t\tEnvoyer une demande de partenariat\t\t\t\t\t\t<\/span>\n\t\t\t\t\t<\/span>\n\t\t\t\t\t\t\t\t\t\t<span class=\"btn-mask-icon\">\n\t\t\t\t\t\t<i class=\"icon \"><\/i>\n\t\t\t\t\t<\/span>\n\t\t\t\t\t\t\t\t\t\t\t\t<\/a>\n\t\t\t\t\t\t\t\t\t\t\t\t\t\t\t\t\t\t\t\t\t\t\t\t\t\t\t\t<a href=\"https:\/\/forms.gle\/iC2fJxZkHvvARsU1A\" \n\t\t\t\tclass=\"button button-secondary \" \n\t\t\t\t target=\"_blank\" rel=\"noopener\" \n\t\t\t\t>\n\t\t\t\t\t\t\t\t\t<span class=\"btn-mask\" data-button-label=\"Envoyer une demande de pr\u00eat de v\u00e9lo\">\n\t\t\t\t\t\t<span class=\"btn-label\">\n\t\t\t\t\t\t\tEnvoyer une demande de pr\u00eat de v\u00e9lo\t\t\t\t\t\t<\/span>\n\t\t\t\t\t<\/span>\n\t\t\t\t\t\t\t\t\t\t<span class=\"btn-mask-icon\">\n\t\t\t\t\t\t<i class=\"icon \"><\/i>\n\t\t\t\t\t<\/span>\n\t\t\t\t\t\t\t\t\t\t\t\t<\/a>\n\t\t\t\t\t\t\t\t\t\t\t\t\t\t\t\t\t\t\t\t\t\t\t<\/div>\n\t\t\t\t\t\t\t\t\t\t\t\t\t\t\t\t\t<\/div>\n\t\t\t\t\t\t\t<\/div>\n\t\t\t\t\t\t<\/div>\n\t\t\t\t\t\t\t\t\t\t\t<\/div>\n\t\t\t\t<\/div>\n\t\t\t<\/div>\n\t\t<\/section>\n\t\n\n\t\t<section  class=\"half-title-half-text section-block\">\n\t\t\t<div class=\"container\">\n\t\t\t\t<div class=\"row content-wrapper\">\n\t\t\t\t\t<div class=\"col col-md-12\">\n\t\t\t\t\t\t\t\t\t\t\t\t<div class=\"row row-contents\">\n\t\t\t\t\t\t\t<div class=\"col-md-6 half-title\">\n\t\t\t\t\t\t\t\t<h2 class=\"main-title title-2\">BIXI Montr\u00e9al\n<\/h2>\t\t\t\t\t\t\t<\/div>\n\t\t\t\t\t\t\t<div class=\"col-md-6 half-content\">\n\t\t\t\t\t\t\t\t<div class=\"content\">\n\t\t\t\t\t\t\t\t\t\n\t\t\t\t\t\t\t\t\t\n\t\t\t\t\t\t\t\t\t\t\t\t\t\t\t\t\t\t\t<p><strong>Adresse<\/strong><br \/>\n5945, avenue de Gasp\u00e9<br \/>\nMontr\u00e9al (Qu\u00e9bec) H2S 2X4<br \/>\nCanada<\/p>\n<p><strong>Si\u00e8ge social<br \/>\n<\/strong>514-397-8935<\/p>\n<p><strong>T\u00e9l\u00e9copieur<br \/>\n<\/strong>514-633-5689<\/p>\n\t\t\t\t\t\t\t\t\t\n\t\t\t\t\t\t\t\t\t\t\t\t\t\t\t\t\t<\/div>\n\t\t\t\t\t\t\t<\/div>\n\t\t\t\t\t\t<\/div>\n\t\t\t\t\t\t\t\t\t\t\t<\/div>\n\t\t\t\t<\/div>\n\t\t\t<\/div>\n\t\t<\/section>\n\t","protected":false},"excerpt":{"rendered":"","protected":false},"author":3,"featured_media":0,"parent":0,"menu_order":147,"comment_status":"closed","ping_status":"closed","template":"","meta":{"_acf_changed":false,"footnotes":""},"class_list":["post-84","page","type-page","status-publish","hentry"],"acf":{"has_pink_background":false},"yoast_head":"<!-- This site is optimized with the Yoast SEO plugin v25.1 - https:\/\/yoast.com\/wordpress\/plugins\/seo\/ -->\n<title>Nous joindre<\/title>\n<meta name=\"description\" content=\"Vous avez une question au sujet du service, de votre abonnement ou de votre facturation? N&#039;h\u00e9sitez pas \u00e0 nous joindre!\" \/>\n<meta name=\"robots\" content=\"index, follow, max-snippet:-1, max-image-preview:large, max-video-preview:-1\" \/>\n<link rel=\"canonical\" href=\"https:\/\/bixi.com\/fr\/nous-joindre\/\" \/>\n<meta property=\"og:locale\" content=\"fr_FR\" \/>\n<meta property=\"og:type\" content=\"article\" \/>\n<meta property=\"og:title\" content=\"Nous joindre\" \/>\n<meta property=\"og:description\" content=\"Vous avez une question au sujet du service, de votre abonnement ou de votre facturation? N&#039;h\u00e9sitez pas \u00e0 nous joindre!\" \/>\n<meta property=\"og:url\" content=\"https:\/\/bixi.com\/fr\/nous-joindre\/\" \/>\n<meta property=\"og:site_name\" content=\"BIXI Montr\u00e9al\" \/>\n<meta property=\"article:modified_time\" content=\"2024-12-05T15:06:08+00:00\" \/>\n<meta property=\"og:image\" content=\"https:\/\/s3.ca-central-1.amazonaws.com\/cdn.bixi.com\/wp-content\/uploads\/2023\/03\/share-default.png\" \/>\n\t<meta property=\"og:image:width\" content=\"1440\" \/>\n\t<meta property=\"og:image:height\" content=\"900\" \/>\n\t<meta property=\"og:image:type\" content=\"image\/png\" \/>\n<meta name=\"twitter:card\" content=\"summary_large_image\" \/>\n<script type=\"application\/ld+json\" class=\"yoast-schema-graph\">{\"@context\":\"https:\/\/schema.org\",\"@graph\":[{\"@type\":\"WebPage\",\"@id\":\"https:\/\/bixi.com\/fr\/nous-joindre\/\",\"url\":\"https:\/\/bixi.com\/fr\/nous-joindre\/\",\"name\":\"Nous joindre\",\"isPartOf\":{\"@id\":\"https:\/\/bixi.com\/fr\/#website\"},\"datePublished\":\"2023-02-13T15:09:52+00:00\",\"dateModified\":\"2024-12-05T15:06:08+00:00\",\"description\":\"Vous avez une question au sujet du service, de votre abonnement ou de votre facturation? N'h\u00e9sitez pas \u00e0 nous joindre!\",\"breadcrumb\":{\"@id\":\"https:\/\/bixi.com\/fr\/nous-joindre\/#breadcrumb\"},\"inLanguage\":\"fr-FR\",\"potentialAction\":[{\"@type\":\"ReadAction\",\"target\":[\"https:\/\/bixi.com\/fr\/nous-joindre\/\"]}]},{\"@type\":\"BreadcrumbList\",\"@id\":\"https:\/\/bixi.com\/fr\/nous-joindre\/#breadcrumb\",\"itemListElement\":[{\"@type\":\"ListItem\",\"position\":1,\"name\":\"Home\",\"item\":\"https:\/\/bixi.com\/fr\/\"},{\"@type\":\"ListItem\",\"position\":2,\"name\":\"Nous joindre\"}]},{\"@type\":\"WebSite\",\"@id\":\"https:\/\/bixi.com\/fr\/#website\",\"url\":\"https:\/\/bixi.com\/fr\/\",\"name\":\"BIXI Montr\u00e9al\",\"description\":\"\",\"potentialAction\":[{\"@type\":\"SearchAction\",\"target\":{\"@type\":\"EntryPoint\",\"urlTemplate\":\"https:\/\/bixi.com\/fr\/?s={search_term_string}\"},\"query-input\":{\"@type\":\"PropertyValueSpecification\",\"valueRequired\":true,\"valueName\":\"search_term_string\"}}],\"inLanguage\":\"fr-FR\"}]}<\/script>\n<!-- \/ Yoast SEO plugin. -->","yoast_head_json":{"title":"Nous joindre","description":"Vous avez une question au sujet du service, de votre abonnement ou de votre facturation? N'h\u00e9sitez pas \u00e0 nous joindre!","robots":{"index":"index","follow":"follow","max-snippet":"max-snippet:-1","max-image-preview":"max-image-preview:large","max-video-preview":"max-video-preview:-1"},"canonical":"https:\/\/bixi.com\/fr\/nous-joindre\/","og_locale":"fr_FR","og_type":"article","og_title":"Nous joindre","og_description":"Vous avez une question au sujet du service, de votre abonnement ou de votre facturation? N'h\u00e9sitez pas \u00e0 nous joindre!","og_url":"https:\/\/bixi.com\/fr\/nous-joindre\/","og_site_name":"BIXI Montr\u00e9al","article_modified_time":"2024-12-05T15:06:08+00:00","og_image":[{"width":1440,"height":900,"url":"https:\/\/s3.ca-central-1.amazonaws.com\/cdn.bixi.com\/wp-content\/uploads\/2023\/03\/share-default.png","type":"image\/png"}],"twitter_card":"summary_large_image","schema":{"@context":"https:\/\/schema.org","@graph":[{"@type":"WebPage","@id":"https:\/\/bixi.com\/fr\/nous-joindre\/","url":"https:\/\/bixi.com\/fr\/nous-joindre\/","name":"Nous joindre","isPartOf":{"@id":"https:\/\/bixi.com\/fr\/#website"},"datePublished":"2023-02-13T15:09:52+00:00","dateModified":"2024-12-05T15:06:08+00:00","description":"Vous avez une question au sujet du service, de votre abonnement ou de votre facturation? N'h\u00e9sitez pas \u00e0 nous joindre!","breadcrumb":{"@id":"https:\/\/bixi.com\/fr\/nous-joindre\/#breadcrumb"},"inLanguage":"fr-FR","potentialAction":[{"@type":"ReadAction","target":["https:\/\/bixi.com\/fr\/nous-joindre\/"]}]},{"@type":"BreadcrumbList","@id":"https:\/\/bixi.com\/fr\/nous-joindre\/#breadcrumb","itemListElement":[{"@type":"ListItem","position":1,"name":"Home","item":"https:\/\/bixi.com\/fr\/"},{"@type":"ListItem","position":2,"name":"Nous joindre"}]},{"@type":"WebSite","@id":"https:\/\/bixi.com\/fr\/#website","url":"https:\/\/bixi.com\/fr\/","name":"BIXI Montr\u00e9al","description":"","potentialAction":[{"@type":"SearchAction","target":{"@type":"EntryPoint","urlTemplate":"https:\/\/bixi.com\/fr\/?s={search_term_string}"},"query-input":{"@type":"PropertyValueSpecification","valueRequired":true,"valueName":"search_term_string"}}],"inLanguage":"fr-FR"}]}},"_links":{"self":[{"href":"https:\/\/bixi.com\/fr\/wp-json\/wp\/v2\/pages\/84","targetHints":{"allow":["GET"]}}],"collection":[{"href":"https:\/\/bixi.com\/fr\/wp-json\/wp\/v2\/pages"}],"about":[{"href":"https:\/\/bixi.com\/fr\/wp-json\/wp\/v2\/types\/page"}],"author":[{"embeddable":true,"href":"https:\/\/bixi.com\/fr\/wp-json\/wp\/v2\/users\/3"}],"replies":[{"embeddable":true,"href":"https:\/\/bixi.com\/fr\/wp-json\/wp\/v2\/comments?post=84"}],"version-history":[{"count":5,"href":"https:\/\/bixi.com\/fr\/wp-json\/wp\/v2\/pages\/84\/revisions"}],"predecessor-version":[{"id":14324,"href":"https:\/\/bixi.com\/fr\/wp-json\/wp\/v2\/pages\/84\/revisions\/14324"}],"wp:attachment":[{"href":"https:\/\/bixi.com\/fr\/wp-json\/wp\/v2\/media?parent=84"}],"curies":[{"name":"wp","href":"https:\/\/api.w.org\/{rel}","templated":true}]}}