{"id":5133,"date":"2026-03-10T11:29:35","date_gmt":"2026-03-10T15:29:35","guid":{"rendered":"https:\/\/bixi.com\/rh-chauffeurs\/"},"modified":"2026-03-10T11:29:36","modified_gmt":"2026-03-10T15:29:36","slug":"emploi-chauffeur-chez-bixi","status":"publish","type":"page","link":"https:\/\/bixi.com\/fr\/emploi-chauffeur-chez-bixi\/","title":{"rendered":"RH &#8211; Chauffeurs"},"content":{"rendered":"\t\t\t\t\t\t<header  class=\"page-title section-block\">\n\t\t\t\t<div class=\"container\">\n\t\t\t\t\t<div class=\"row\">\n\t\t\t\t\t\t<div class=\"col-md-10\">\n\t\t\t\t\t\t\t<div class=\"section-title\">\n\t\t\t\t\t\t\t\t<h1 class=\"title title-1\">Occupez un emploi de chauffeur \u00e0 Montr\u00e9al chez BIXI\n<\/h1>\t\t\t\t\t\t\t<\/div>\n\t\t\t\t\t\t<\/div>\n\t\t\t\t\t<\/div>\n\t\t\t\t<\/div>\n\t\t\t<\/header>\n\t\t\t\t\t\n\n\t\t<section  class=\"two-col-full-image section-block \">\n\t\t\t<div class=\"container\">\n\t\t\t\t<div class=\"row content-wrapper\">\n\t\t\t\t\t<div class=\"col-md-12\">\n\t\t\t\t\t\t<div class=\"ctn\">\n\t\t\t\t\t\t\t<div class=\"img-container\">\n\t\t\t\t\t\t\t\t<div class=\"img-wrapper\">\n\t\t\t\t\t\t\t\t\t\t\t\t\t\t\t\t\t\t\t<img loading=\"lazy\" decoding=\"async\" width=\"770\" height=\"513\" src=\"https:\/\/s3.ca-central-1.amazonaws.com\/cdn.bixi.com\/wp-content\/uploads\/2026\/03\/Emploi_chauffeur_montreal-770x513.jpg\" class=\"attachment-half_half size-half_half\" alt=\"\" srcset=\"https:\/\/s3.ca-central-1.amazonaws.com\/cdn.bixi.com\/wp-content\/uploads\/2026\/03\/Emploi_chauffeur_montreal-770x513.jpg 770w, https:\/\/s3.ca-central-1.amazonaws.com\/cdn.bixi.com\/wp-content\/uploads\/2026\/03\/Emploi_chauffeur_montreal-300x200.jpg 300w, https:\/\/s3.ca-central-1.amazonaws.com\/cdn.bixi.com\/wp-content\/uploads\/2026\/03\/Emploi_chauffeur_montreal-1024x683.jpg 1024w, https:\/\/s3.ca-central-1.amazonaws.com\/cdn.bixi.com\/wp-content\/uploads\/2026\/03\/Emploi_chauffeur_montreal-768x512.jpg 768w, https:\/\/s3.ca-central-1.amazonaws.com\/cdn.bixi.com\/wp-content\/uploads\/2026\/03\/Emploi_chauffeur_montreal-1536x1024.jpg 1536w, https:\/\/s3.ca-central-1.amazonaws.com\/cdn.bixi.com\/wp-content\/uploads\/2026\/03\/Emploi_chauffeur_montreal-1440x960.jpg 1440w, https:\/\/s3.ca-central-1.amazonaws.com\/cdn.bixi.com\/wp-content\/uploads\/2026\/03\/Emploi_chauffeur_montreal-900x600.jpg 900w, https:\/\/s3.ca-central-1.amazonaws.com\/cdn.bixi.com\/wp-content\/uploads\/2026\/03\/Emploi_chauffeur_montreal-960x640.jpg 960w, https:\/\/s3.ca-central-1.amazonaws.com\/cdn.bixi.com\/wp-content\/uploads\/2026\/03\/Emploi_chauffeur_montreal-500x333.jpg 500w, https:\/\/s3.ca-central-1.amazonaws.com\/cdn.bixi.com\/wp-content\/uploads\/2026\/03\/Emploi_chauffeur_montreal-150x100.jpg 150w, https:\/\/s3.ca-central-1.amazonaws.com\/cdn.bixi.com\/wp-content\/uploads\/2026\/03\/Emploi_chauffeur_montreal-81x54.jpg 81w, https:\/\/s3.ca-central-1.amazonaws.com\/cdn.bixi.com\/wp-content\/uploads\/2026\/03\/Emploi_chauffeur_montreal-66x44.jpg 66w, https:\/\/s3.ca-central-1.amazonaws.com\/cdn.bixi.com\/wp-content\/uploads\/2026\/03\/Emploi_chauffeur_montreal-105x70.jpg 105w, https:\/\/s3.ca-central-1.amazonaws.com\/cdn.bixi.com\/wp-content\/uploads\/2026\/03\/Emploi_chauffeur_montreal-84x56.jpg 84w, https:\/\/s3.ca-central-1.amazonaws.com\/cdn.bixi.com\/wp-content\/uploads\/2026\/03\/Emploi_chauffeur_montreal-450x300.jpg 450w, https:\/\/s3.ca-central-1.amazonaws.com\/cdn.bixi.com\/wp-content\/uploads\/2026\/03\/Emploi_chauffeur_montreal.jpg 1920w\" sizes=\"auto, (max-width: 770px) 100vw, 770px\" \/>\t\t\t\t\t\t\t\t\t\t\t\t\t\t\t\t\t<\/div>\n\t\t\t\t\t\t\t<\/div>\n\n\t\t\t\t\t\t\t<div class=\"title\">\n\t\t\t\t\t\t\t\t<h2 class=\"main-title title-2\">Un travail utile pour les citoyens\n<\/h2>\t\t\t\t\t\t\t<\/div>\n\n\t\t\t\t\t\t\t<div class=\"content\">\n\t\t\t\t\t\t\t\t\t\t\t\t\t\t\t\t\t<p>Le meilleur emploi de chauffeur \u00e0 Montr\u00e9al? Il est chez BIXI! Aidez-nous \u00e0 faire en sorte que chaque citoyen ait acc\u00e8s \u00e0 un v\u00e9lo au moment o\u00f9 il en a besoin! Participez \u00e0 l\u2019installation des stations et \u00e0 la redistribution des v\u00e9los \u00e0 travers le r\u00e9seau en conduisant un camion de style pick-up (avec ou sans remorque) entre l\u2019entrep\u00f4t et les stations. Passez r\u00e9cup\u00e9rer les v\u00e9los \u00e9gar\u00e9s et ramenez ceux qui sont endommag\u00e9s aux m\u00e9caniciens de CycloChrome pour qu\u2019ils puissent \u00eatre r\u00e9par\u00e9s.<\/p>\n<p>Vous \u00eates plut\u00f4t du style petite voiture de ville, \u00e9lectrique de pr\u00e9f\u00e9rence? \u00c7a tombe bien! Des emplois de chauffeur (changement des batteries VAES) sont aussi offerts. Parcourez les rues de Montr\u00e9al, Laval et Longueuil \u00e0 bord d\u2019une Smart ou d\u2019une Volt et am\u00e9liorez la disponibilit\u00e9 des BIXI \u00e9lectriques en rempla\u00e7ant les batteries vides par des pleines.<\/p>\n<p>Faites la diff\u00e9rence pour la mobilit\u00e9 \u00e0 Montr\u00e9al \u00e0 chaque tournant et voyez o\u00f9 la route vous m\u00e8ne!<\/p>\n\t\t\t\t\t\t\t\t\n\t\t\t\t\t\t\t\t\t\t\t\t\t\t\t\t\t<div class=\"btns\">\n\t\t\t\t\t\t\t\t\t\t\t\t\t\t\t\t\t\t\t\t\t\t\t\t<a href=\"https:\/\/bixi.com\/postes-ouverts-chez-bixi\/\" \n\t\t\t\tclass=\"button button-primary \" \n\t\t\t\t \n\t\t\t\t>\n\t\t\t\t\t\t\t\t\t<span class=\"btn-mask\" data-button-label=\"Voir les emplois disponibles\">\n\t\t\t\t\t\t<span class=\"btn-label\">\n\t\t\t\t\t\t\tVoir les emplois disponibles\t\t\t\t\t\t<\/span>\n\t\t\t\t\t<\/span>\n\t\t\t\t\t\t\t\t\t\t<span class=\"btn-mask-icon\">\n\t\t\t\t\t\t<i class=\"icon \"><\/i>\n\t\t\t\t\t<\/span>\n\t\t\t\t\t\t\t\t\t\t\t\t<\/a>\n\t\t\t\t\t\t\t\t\t\t\t\t\t\t\t\t\t\t\t\t\t<\/div>\n\t\t\t\t\t\t\t\t\t\t\t\t\t\t\t<\/div>\n\t\t\t\t\t\t<\/div>\n\t\t\t\t\t<\/div>\n\t\t\t\t<\/div>\n\t\t\t<\/div>\n\t\t<\/section>\n\t\n\n\t\t<section  class=\"half-title-half-text section-block\">\n\t\t\t<div class=\"container\">\n\t\t\t\t<div class=\"row content-wrapper\">\n\t\t\t\t\t<div class=\"col col-md-12\">\n\t\t\t\t\t\t\t\t\t\t\t\t<div class=\"row row-contents\">\n\t\t\t\t\t\t\t<div class=\"col-md-6 half-title\">\n\t\t\t\t\t\t\t\t<h2 class=\"main-title title-2\">Avantages d&rsquo;\u00eatre chauffeur \/ chauffeuse chez BIXI\n<\/h2>\t\t\t\t\t\t\t<\/div>\n\t\t\t\t\t\t\t<div class=\"col-md-6 half-content\">\n\t\t\t\t\t\t\t\t<div class=\"content\">\n\t\t\t\t\t\t\t\t\t\n\t\t\t\t\t\t\t\t\t\n\t\t\t\t\t\t\t\t\t\t\t\t\t\t\t\t\t\t\t<ul>\n<li>Travailler dehors<\/li>\n<li>Se tenir en forme sans aller au gym<\/li>\n<li>D\u00e9couvrir de nouveaux endroits en ville<\/li>\n<li>Profiter d\u2019un horaire temps plein (plusieurs types disponibles: jour, soir, fin de semaine)<\/li>\n<li>Obtenir un salaire comp\u00e9titif<\/li>\n<li>Recevoir un <a href=\"https:\/\/bixi.com\/fr\/abonnement-saisonnier\/\">abonnement saisonnier BIXI<\/a> gratuitement<\/li>\n<li>Avoir du temps pour vos projets personnels durant l\u2019hiver<\/li>\n<\/ul>\n\t\t\t\t\t\t\t\t\t\n\t\t\t\t\t\t\t\t\t\t\t\t\t\t\t\t\t\t\t<div class=\"btns\">\n\t\t\t\t\t\t\t\t\t\t\t\t\t\t\t\t\t\t\t\t\t\t\t\t\t\t<a href=\"https:\/\/bixi.com\/travailler-chez-bixi\/\" \n\t\t\t\tclass=\"button button-primary \" \n\t\t\t\t \n\t\t\t\t>\n\t\t\t\t\t\t\t\t\t<span class=\"btn-mask\" data-button-label=\"Voir les autres avantages\">\n\t\t\t\t\t\t<span class=\"btn-label\">\n\t\t\t\t\t\t\tVoir les autres avantages\t\t\t\t\t\t<\/span>\n\t\t\t\t\t<\/span>\n\t\t\t\t\t\t\t\t\t\t<span class=\"btn-mask-icon\">\n\t\t\t\t\t\t<i class=\"icon \"><\/i>\n\t\t\t\t\t<\/span>\n\t\t\t\t\t\t\t\t\t\t\t\t<\/a>\n\t\t\t\t\t\t\t\t\t\t\t\t\t\t\t\t\t\t\t\t\t\t\t<\/div>\n\t\t\t\t\t\t\t\t\t\t\t\t\t\t\t\t\t<\/div>\n\t\t\t\t\t\t\t<\/div>\n\t\t\t\t\t\t<\/div>\n\t\t\t\t\t\t\t\t\t\t\t<\/div>\n\t\t\t\t<\/div>\n\t\t\t<\/div>\n\t\t<\/section>\n\t\n\n\t\t<section  class=\"half-half section-block reverse  \">\n\t\t\t<div class=\"container\">\n\t\t\t\t<div class=\"row\">\n\t\t\t\t\t<div class=\"col-md-12\">\n\t\t\t\t\t\t<div class=\"row content-wrapper\">\n\t\t\t\t\t\t\t<div class=\"col-md-6 half-img\">\n\t\t\t\t\t\t\t\t<div class=\"bg\">\n\t\t\t\t\t\t\t\t\t\t\t\t\t\t\t\t\t\t\t<img loading=\"lazy\" decoding=\"async\" width=\"600\" height=\"600\" src=\"https:\/\/s3.ca-central-1.amazonaws.com\/cdn.bixi.com\/wp-content\/uploads\/2023\/03\/emploi-chauffeur-montreal-2-2a8f6f-600x600.jpg\" class=\"attachment-half_half size-half_half\" alt=\"\" srcset=\"https:\/\/s3.ca-central-1.amazonaws.com\/cdn.bixi.com\/wp-content\/uploads\/2023\/03\/emploi-chauffeur-montreal-2-2a8f6f-600x600.jpg 600w, https:\/\/s3.ca-central-1.amazonaws.com\/cdn.bixi.com\/wp-content\/uploads\/2023\/03\/emploi-chauffeur-montreal-2-2a8f6f-300x300.jpg 300w, https:\/\/s3.ca-central-1.amazonaws.com\/cdn.bixi.com\/wp-content\/uploads\/2023\/03\/emploi-chauffeur-montreal-2-2a8f6f-1024x1024.jpg 1024w, https:\/\/s3.ca-central-1.amazonaws.com\/cdn.bixi.com\/wp-content\/uploads\/2023\/03\/emploi-chauffeur-montreal-2-2a8f6f-150x150.jpg 150w, https:\/\/s3.ca-central-1.amazonaws.com\/cdn.bixi.com\/wp-content\/uploads\/2023\/03\/emploi-chauffeur-montreal-2-2a8f6f-768x768.jpg 768w, https:\/\/s3.ca-central-1.amazonaws.com\/cdn.bixi.com\/wp-content\/uploads\/2023\/03\/emploi-chauffeur-montreal-2-2a8f6f-1536x1536.jpg 1536w, https:\/\/s3.ca-central-1.amazonaws.com\/cdn.bixi.com\/wp-content\/uploads\/2023\/03\/emploi-chauffeur-montreal-2-2a8f6f-2048x2048.jpg 2048w, https:\/\/s3.ca-central-1.amazonaws.com\/cdn.bixi.com\/wp-content\/uploads\/2023\/03\/emploi-chauffeur-montreal-2-2a8f6f-1920x1920.jpg 1920w, https:\/\/s3.ca-central-1.amazonaws.com\/cdn.bixi.com\/wp-content\/uploads\/2023\/03\/emploi-chauffeur-montreal-2-2a8f6f-960x960.jpg 960w, https:\/\/s3.ca-central-1.amazonaws.com\/cdn.bixi.com\/wp-content\/uploads\/2023\/03\/emploi-chauffeur-montreal-2-2a8f6f-720x720.jpg 720w, https:\/\/s3.ca-central-1.amazonaws.com\/cdn.bixi.com\/wp-content\/uploads\/2023\/03\/emploi-chauffeur-montreal-2-2a8f6f-380x380.jpg 380w, https:\/\/s3.ca-central-1.amazonaws.com\/cdn.bixi.com\/wp-content\/uploads\/2023\/03\/emploi-chauffeur-montreal-2-2a8f6f-54x54.jpg 54w, https:\/\/s3.ca-central-1.amazonaws.com\/cdn.bixi.com\/wp-content\/uploads\/2023\/03\/emploi-chauffeur-montreal-2-2a8f6f-56x56.jpg 56w, https:\/\/s3.ca-central-1.amazonaws.com\/cdn.bixi.com\/wp-content\/uploads\/2023\/03\/emploi-chauffeur-montreal-2-2a8f6f-450x450.jpg 450w\" sizes=\"auto, (max-width: 600px) 100vw, 600px\" \/>\t\t\t\t\t\t\t\t\t\t\t\t\t\t\t\t\t<\/div>\n\t\t\t\t\t\t\t\t\t\t\t\t\t\t\t<\/div>\n\t\t\t\t\t\t\t<div class=\"col-md-6 half-content\">\n\t\t\t\t\t\t\t\t<div class=\"content\">\n\t\t\t\t\t\t\t\t\t\n\t\t\t\t\t\t\t\t\t<h2 class=\"main-title title-2\">Pourquoi devenir chauffeur \/ chauffeuse chez BIXI?\n<\/h2>\n\t\t\t\t\t\t\t\t\t\n\t\t\t\t\t\t\t\t\t\t\t\t\t\t\t\t\t\t\t<p>Nicolas Miron, chauffeur (changement des batteries VAES), nous confie: \u00abApr\u00e8s avoir travaill\u00e9 dans la restauration pendant plus de 7 ans, j\u2019avais besoin de nouveaux d\u00e9fis. \u00c9tant un adepte de v\u00e9lo, j\u2019ai eu cette id\u00e9e de trouver une entreprise qui tend vers un monde plus vert et \u00e9coresponsable. J\u2019adore l\u2019id\u00e9e de prendre un v\u00e9lo pour se d\u00e9placer, aller dans un parc, au m\u00e9tro ou encore faire ses courses. \u00bbM\u00eame son de cloche chez sa coll\u00e8gue Keyla Vasquez-Reynel, chauffeuse qui travaille dans son \u00e9quipe: \u00ab \u00c0 la suite de mises \u00e0 pied dans mon secteur, j\u2019ai voulu essayer un emploi compl\u00e8tement diff\u00e9rent. L\u2019ambiance chez BIXI Montr\u00e9al est vraiment dynamique et les clients sont tr\u00e8s gentils. \u00bb<\/p>\n<p>Obtenir cet emploi de chauffeur \u00e0 Montr\u00e9al leur a permis \u00e0 tous les deux de r\u00e9aliser leur objectif et de r\u00e9orienter leur carri\u00e8re!<\/p>\n<p>Ce qu&rsquo;ils pr\u00e9f\u00e8rent de travailler sur la route?<\/p>\n<p>\u00ab Pouvoir prendre mes pauses \u00e0 un endroit diff\u00e9rent chaque jour! Durant une belle journ\u00e9e d\u2019\u00e9t\u00e9, j\u2019\u00e9tais assis dans l\u2019herbe \u00e0 manger mon sandwich et appr\u00e9cier le beau temps. C\u2019est \u00e0 ce moment qu\u2019une cane et ses canetons pass\u00e8rent \u00e0 c\u00f4t\u00e9 comme si je n\u2019\u00e9tais pas l\u00e0. C\u2019\u00e9tait beau \u00e0 voir et agr\u00e9able de continuer ma journ\u00e9e apr\u00e8s ce moment relax\u2009\u00bb.<\/p>\n<p>&#8211; Nicolas Miron, chauffeur (changement des batteries VAES)<\/p>\n\t\t\t\t\t\t\t\t\t\n\t\t\t\t\t\t\t\t\t\t\t\t\t\t\t\t\t<\/div>\n\t\t\t\t\t\t\t<\/div>\n\t\t\t\t\t\t<\/div>\n\t\t\t\t\t<\/div>\n\t\t\t\t<\/div>\n\t\t\t<\/div>\n\t\t<\/section>\n\t\n\n\t\t\t<section  class=\"banner-cta section-block\">\n\t\t\t\t<div class=\"img-container\">\n\t\t\t\t\t\t\t\t\t\t\t<img loading=\"lazy\" decoding=\"async\" width=\"1600\" height=\"1067\" src=\"https:\/\/s3.ca-central-1.amazonaws.com\/cdn.bixi.com\/wp-content\/uploads\/2023\/03\/emploi-chauffeur-montreal-3-edee02.jpg\" class=\"attachment-full_width size-full_width\" alt=\"\" srcset=\"https:\/\/s3.ca-central-1.amazonaws.com\/cdn.bixi.com\/wp-content\/uploads\/2023\/03\/emploi-chauffeur-montreal-3-edee02.jpg 1600w, https:\/\/s3.ca-central-1.amazonaws.com\/cdn.bixi.com\/wp-content\/uploads\/2023\/03\/emploi-chauffeur-montreal-3-edee02-300x200.jpg 300w, https:\/\/s3.ca-central-1.amazonaws.com\/cdn.bixi.com\/wp-content\/uploads\/2023\/03\/emploi-chauffeur-montreal-3-edee02-1024x683.jpg 1024w, https:\/\/s3.ca-central-1.amazonaws.com\/cdn.bixi.com\/wp-content\/uploads\/2023\/03\/emploi-chauffeur-montreal-3-edee02-768x512.jpg 768w, https:\/\/s3.ca-central-1.amazonaws.com\/cdn.bixi.com\/wp-content\/uploads\/2023\/03\/emploi-chauffeur-montreal-3-edee02-1536x1024.jpg 1536w, https:\/\/s3.ca-central-1.amazonaws.com\/cdn.bixi.com\/wp-content\/uploads\/2023\/03\/emploi-chauffeur-montreal-3-edee02-1440x960.jpg 1440w, https:\/\/s3.ca-central-1.amazonaws.com\/cdn.bixi.com\/wp-content\/uploads\/2023\/03\/emploi-chauffeur-montreal-3-edee02-900x600.jpg 900w, https:\/\/s3.ca-central-1.amazonaws.com\/cdn.bixi.com\/wp-content\/uploads\/2023\/03\/emploi-chauffeur-montreal-3-edee02-770x513.jpg 770w, https:\/\/s3.ca-central-1.amazonaws.com\/cdn.bixi.com\/wp-content\/uploads\/2023\/03\/emploi-chauffeur-montreal-3-edee02-960x640.jpg 960w, https:\/\/s3.ca-central-1.amazonaws.com\/cdn.bixi.com\/wp-content\/uploads\/2023\/03\/emploi-chauffeur-montreal-3-edee02-500x333.jpg 500w, https:\/\/s3.ca-central-1.amazonaws.com\/cdn.bixi.com\/wp-content\/uploads\/2023\/03\/emploi-chauffeur-montreal-3-edee02-150x100.jpg 150w, https:\/\/s3.ca-central-1.amazonaws.com\/cdn.bixi.com\/wp-content\/uploads\/2023\/03\/emploi-chauffeur-montreal-3-edee02-81x54.jpg 81w, https:\/\/s3.ca-central-1.amazonaws.com\/cdn.bixi.com\/wp-content\/uploads\/2023\/03\/emploi-chauffeur-montreal-3-edee02-84x56.jpg 84w, https:\/\/s3.ca-central-1.amazonaws.com\/cdn.bixi.com\/wp-content\/uploads\/2023\/03\/emploi-chauffeur-montreal-3-edee02-450x300.jpg 450w\" sizes=\"auto, (max-width: 1600px) 100vw, 1600px\" \/>\t\t\t\t\t\n\t\t\t\t\t<div class=\"content\">\n\t\t\t\t\t\t\t\t\t\t\t\t\t<div class=\"text\"><p>Motiv\u00e9 \u00e0 am\u00e9liorer la mobilit\u00e9 \u00e0 Montr\u00e9al?<br \/>\n<span class=\"gray\">Consultez les emplois de chauffeur BIXI disponibles.<\/span><\/p>\n<\/div>\n\t\t\t\t\t\t\n\t\t\t\t\t\t\t\t\t\t\t\t\t<div class=\"btns\">\n\t\t\t\t\t\t\t\t\t\t\t\t\t\t\t\t\t\t\t\t<a href=\"https:\/\/bixi.com\/postes-ouverts-chez-bixi\/\" \n\t\t\t\tclass=\"button button-primary \" \n\t\t\t\t \n\t\t\t\t>\n\t\t\t\t\t\t\t\t\t<span class=\"btn-mask\" data-button-label=\"Voir les emplois disponibles\">\n\t\t\t\t\t\t<span class=\"btn-label\">\n\t\t\t\t\t\t\tVoir les emplois disponibles\t\t\t\t\t\t<\/span>\n\t\t\t\t\t<\/span>\n\t\t\t\t\t\t\t\t\t\t<span class=\"btn-mask-icon\">\n\t\t\t\t\t\t<i class=\"icon \"><\/i>\n\t\t\t\t\t<\/span>\n\t\t\t\t\t\t\t\t\t\t\t\t<\/a>\n\t\t\t\t\t\t\t\t\t\t\t\t\t\t\t\t\t<\/div>\n\t\t\t\t\t\t\t\t\t\t\t<\/div>\n\t\t\t\t<\/div>\n\t\t\t<\/section>\n\t\t","protected":false},"excerpt":{"rendered":"","protected":false},"author":37,"featured_media":17826,"parent":0,"menu_order":118,"comment_status":"closed","ping_status":"closed","template":"","meta":{"_acf_changed":false,"footnotes":""},"class_list":["post-5133","page","type-page","status-publish","has-post-thumbnail","hentry"],"acf":{"has_pink_background":false},"yoast_head":"<!-- This site is optimized with the Yoast SEO plugin v25.1 - https:\/\/yoast.com\/wordpress\/plugins\/seo\/ -->\n<title>Nos emplois de chauffeur \u00e0 Montr\u00e9al<\/title>\n<meta name=\"description\" content=\"BIXI Montr\u00e9al recrute des talents! D\u00e9couvrez nos emplois de chauffeur \u00e0 Montr\u00e9al pour effectuer les d\u00e9placements de nos v\u00e9los \u00e0 travers la ville.\" \/>\n<meta name=\"robots\" content=\"index, follow, max-snippet:-1, max-image-preview:large, max-video-preview:-1\" \/>\n<link rel=\"canonical\" href=\"https:\/\/bixi.com\/fr\/emploi-chauffeur-chez-bixi\/\" \/>\n<meta property=\"og:locale\" content=\"fr_FR\" \/>\n<meta property=\"og:type\" content=\"article\" \/>\n<meta property=\"og:title\" content=\"Nos emplois de chauffeur \u00e0 Montr\u00e9al\" \/>\n<meta property=\"og:description\" content=\"BIXI Montr\u00e9al recrute des talents! D\u00e9couvrez nos emplois de chauffeur \u00e0 Montr\u00e9al pour effectuer les d\u00e9placements de nos v\u00e9los \u00e0 travers la ville.\" \/>\n<meta property=\"og:url\" content=\"https:\/\/bixi.com\/fr\/emploi-chauffeur-chez-bixi\/\" \/>\n<meta property=\"og:site_name\" content=\"BIXI Montr\u00e9al\" \/>\n<meta property=\"article:modified_time\" content=\"2026-03-10T15:29:36+00:00\" \/>\n<meta property=\"og:image\" content=\"https:\/\/s3.ca-central-1.amazonaws.com\/cdn.bixi.com\/wp-content\/uploads\/2026\/03\/Emploi_chauffeur_montreal.jpg\" \/>\n\t<meta property=\"og:image:width\" content=\"1920\" \/>\n\t<meta property=\"og:image:height\" content=\"1280\" \/>\n\t<meta property=\"og:image:type\" content=\"image\/jpeg\" \/>\n<meta name=\"twitter:card\" content=\"summary_large_image\" \/>\n<meta name=\"twitter:label1\" content=\"Dur\u00e9e de lecture estim\u00e9e\" \/>\n\t<meta name=\"twitter:data1\" content=\"1 minute\" \/>\n<script type=\"application\/ld+json\" class=\"yoast-schema-graph\">{\"@context\":\"https:\/\/schema.org\",\"@graph\":[{\"@type\":\"WebPage\",\"@id\":\"https:\/\/bixi.com\/fr\/emploi-chauffeur-chez-bixi\/\",\"url\":\"https:\/\/bixi.com\/fr\/emploi-chauffeur-chez-bixi\/\",\"name\":\"Nos emplois de chauffeur \u00e0 Montr\u00e9al\",\"isPartOf\":{\"@id\":\"https:\/\/bixi.com\/fr\/#website\"},\"primaryImageOfPage\":{\"@id\":\"https:\/\/bixi.com\/fr\/emploi-chauffeur-chez-bixi\/#primaryimage\"},\"image\":{\"@id\":\"https:\/\/bixi.com\/fr\/emploi-chauffeur-chez-bixi\/#primaryimage\"},\"thumbnailUrl\":\"https:\/\/s3.ca-central-1.amazonaws.com\/cdn.bixi.com\/wp-content\/uploads\/2026\/03\/Emploi_chauffeur_montreal.jpg\",\"datePublished\":\"2026-03-10T15:29:35+00:00\",\"dateModified\":\"2026-03-10T15:29:36+00:00\",\"description\":\"BIXI Montr\u00e9al recrute des talents! D\u00e9couvrez nos emplois de chauffeur \u00e0 Montr\u00e9al pour effectuer les d\u00e9placements de nos v\u00e9los \u00e0 travers la ville.\",\"breadcrumb\":{\"@id\":\"https:\/\/bixi.com\/fr\/emploi-chauffeur-chez-bixi\/#breadcrumb\"},\"inLanguage\":\"fr-FR\",\"potentialAction\":[{\"@type\":\"ReadAction\",\"target\":[\"https:\/\/bixi.com\/fr\/emploi-chauffeur-chez-bixi\/\"]}]},{\"@type\":\"ImageObject\",\"inLanguage\":\"fr-FR\",\"@id\":\"https:\/\/bixi.com\/fr\/emploi-chauffeur-chez-bixi\/#primaryimage\",\"url\":\"https:\/\/s3.ca-central-1.amazonaws.com\/cdn.bixi.com\/wp-content\/uploads\/2026\/03\/Emploi_chauffeur_montreal.jpg\",\"contentUrl\":\"https:\/\/s3.ca-central-1.amazonaws.com\/cdn.bixi.com\/wp-content\/uploads\/2026\/03\/Emploi_chauffeur_montreal.jpg\",\"width\":1920,\"height\":1280},{\"@type\":\"BreadcrumbList\",\"@id\":\"https:\/\/bixi.com\/fr\/emploi-chauffeur-chez-bixi\/#breadcrumb\",\"itemListElement\":[{\"@type\":\"ListItem\",\"position\":1,\"name\":\"Home\",\"item\":\"https:\/\/bixi.com\/fr\/\"},{\"@type\":\"ListItem\",\"position\":2,\"name\":\"RH &#8211; Chauffeurs\"}]},{\"@type\":\"WebSite\",\"@id\":\"https:\/\/bixi.com\/fr\/#website\",\"url\":\"https:\/\/bixi.com\/fr\/\",\"name\":\"BIXI Montr\u00e9al\",\"description\":\"\",\"potentialAction\":[{\"@type\":\"SearchAction\",\"target\":{\"@type\":\"EntryPoint\",\"urlTemplate\":\"https:\/\/bixi.com\/fr\/?s={search_term_string}\"},\"query-input\":{\"@type\":\"PropertyValueSpecification\",\"valueRequired\":true,\"valueName\":\"search_term_string\"}}],\"inLanguage\":\"fr-FR\"}]}<\/script>\n<!-- \/ Yoast SEO plugin. -->","yoast_head_json":{"title":"Nos emplois de chauffeur \u00e0 Montr\u00e9al","description":"BIXI Montr\u00e9al recrute des talents! D\u00e9couvrez nos emplois de chauffeur \u00e0 Montr\u00e9al pour effectuer les d\u00e9placements de nos v\u00e9los \u00e0 travers la ville.","robots":{"index":"index","follow":"follow","max-snippet":"max-snippet:-1","max-image-preview":"max-image-preview:large","max-video-preview":"max-video-preview:-1"},"canonical":"https:\/\/bixi.com\/fr\/emploi-chauffeur-chez-bixi\/","og_locale":"fr_FR","og_type":"article","og_title":"Nos emplois de chauffeur \u00e0 Montr\u00e9al","og_description":"BIXI Montr\u00e9al recrute des talents! D\u00e9couvrez nos emplois de chauffeur \u00e0 Montr\u00e9al pour effectuer les d\u00e9placements de nos v\u00e9los \u00e0 travers la ville.","og_url":"https:\/\/bixi.com\/fr\/emploi-chauffeur-chez-bixi\/","og_site_name":"BIXI Montr\u00e9al","article_modified_time":"2026-03-10T15:29:36+00:00","og_image":[{"width":1920,"height":1280,"url":"https:\/\/s3.ca-central-1.amazonaws.com\/cdn.bixi.com\/wp-content\/uploads\/2026\/03\/Emploi_chauffeur_montreal.jpg","type":"image\/jpeg"}],"twitter_card":"summary_large_image","twitter_misc":{"Dur\u00e9e de lecture estim\u00e9e":"1 minute"},"schema":{"@context":"https:\/\/schema.org","@graph":[{"@type":"WebPage","@id":"https:\/\/bixi.com\/fr\/emploi-chauffeur-chez-bixi\/","url":"https:\/\/bixi.com\/fr\/emploi-chauffeur-chez-bixi\/","name":"Nos emplois de chauffeur \u00e0 Montr\u00e9al","isPartOf":{"@id":"https:\/\/bixi.com\/fr\/#website"},"primaryImageOfPage":{"@id":"https:\/\/bixi.com\/fr\/emploi-chauffeur-chez-bixi\/#primaryimage"},"image":{"@id":"https:\/\/bixi.com\/fr\/emploi-chauffeur-chez-bixi\/#primaryimage"},"thumbnailUrl":"https:\/\/s3.ca-central-1.amazonaws.com\/cdn.bixi.com\/wp-content\/uploads\/2026\/03\/Emploi_chauffeur_montreal.jpg","datePublished":"2026-03-10T15:29:35+00:00","dateModified":"2026-03-10T15:29:36+00:00","description":"BIXI Montr\u00e9al recrute des talents! D\u00e9couvrez nos emplois de chauffeur \u00e0 Montr\u00e9al pour effectuer les d\u00e9placements de nos v\u00e9los \u00e0 travers la ville.","breadcrumb":{"@id":"https:\/\/bixi.com\/fr\/emploi-chauffeur-chez-bixi\/#breadcrumb"},"inLanguage":"fr-FR","potentialAction":[{"@type":"ReadAction","target":["https:\/\/bixi.com\/fr\/emploi-chauffeur-chez-bixi\/"]}]},{"@type":"ImageObject","inLanguage":"fr-FR","@id":"https:\/\/bixi.com\/fr\/emploi-chauffeur-chez-bixi\/#primaryimage","url":"https:\/\/s3.ca-central-1.amazonaws.com\/cdn.bixi.com\/wp-content\/uploads\/2026\/03\/Emploi_chauffeur_montreal.jpg","contentUrl":"https:\/\/s3.ca-central-1.amazonaws.com\/cdn.bixi.com\/wp-content\/uploads\/2026\/03\/Emploi_chauffeur_montreal.jpg","width":1920,"height":1280},{"@type":"BreadcrumbList","@id":"https:\/\/bixi.com\/fr\/emploi-chauffeur-chez-bixi\/#breadcrumb","itemListElement":[{"@type":"ListItem","position":1,"name":"Home","item":"https:\/\/bixi.com\/fr\/"},{"@type":"ListItem","position":2,"name":"RH &#8211; Chauffeurs"}]},{"@type":"WebSite","@id":"https:\/\/bixi.com\/fr\/#website","url":"https:\/\/bixi.com\/fr\/","name":"BIXI Montr\u00e9al","description":"","potentialAction":[{"@type":"SearchAction","target":{"@type":"EntryPoint","urlTemplate":"https:\/\/bixi.com\/fr\/?s={search_term_string}"},"query-input":{"@type":"PropertyValueSpecification","valueRequired":true,"valueName":"search_term_string"}}],"inLanguage":"fr-FR"}]}},"_links":{"self":[{"href":"https:\/\/bixi.com\/fr\/wp-json\/wp\/v2\/pages\/5133","targetHints":{"allow":["GET"]}}],"collection":[{"href":"https:\/\/bixi.com\/fr\/wp-json\/wp\/v2\/pages"}],"about":[{"href":"https:\/\/bixi.com\/fr\/wp-json\/wp\/v2\/types\/page"}],"author":[{"embeddable":true,"href":"https:\/\/bixi.com\/fr\/wp-json\/wp\/v2\/users\/37"}],"replies":[{"embeddable":true,"href":"https:\/\/bixi.com\/fr\/wp-json\/wp\/v2\/comments?post=5133"}],"version-history":[{"count":5,"href":"https:\/\/bixi.com\/fr\/wp-json\/wp\/v2\/pages\/5133\/revisions"}],"predecessor-version":[{"id":17829,"href":"https:\/\/bixi.com\/fr\/wp-json\/wp\/v2\/pages\/5133\/revisions\/17829"}],"wp:featuredmedia":[{"embeddable":true,"href":"https:\/\/bixi.com\/fr\/wp-json\/wp\/v2\/media\/17826"}],"wp:attachment":[{"href":"https:\/\/bixi.com\/fr\/wp-json\/wp\/v2\/media?parent=5133"}],"curies":[{"name":"wp","href":"https:\/\/api.w.org\/{rel}","templated":true}]}}