{"id":5131,"date":"2026-04-06T16:38:23","date_gmt":"2026-04-06T20:38:23","guid":{"rendered":"https:\/\/bixi.com\/amis-bixi\/"},"modified":"2026-04-06T16:38:24","modified_gmt":"2026-04-06T20:38:24","slug":"ami-bixi","status":"publish","type":"page","link":"https:\/\/bixi.com\/fr\/ami-bixi\/","title":{"rendered":"AMI BIXI"},"content":{"rendered":"\t\t\t\t\t\t<header  class=\"page-title section-block\">\n\t\t\t\t<div class=\"container\">\n\t\t\t\t\t<div class=\"row\">\n\t\t\t\t\t\t<div class=\"col-md-10\">\n\t\t\t\t\t\t\t<div class=\"section-title\">\n\t\t\t\t\t\t\t\t<h1 class=\"title title-1\">Devenez un AMI BIXI!\n<\/h1>\t\t\t\t\t\t\t<\/div>\n\t\t\t\t\t\t<\/div>\n\t\t\t\t\t<\/div>\n\t\t\t\t<\/div>\n\t\t\t<\/header>\n\t\t\t\t\t\n\n\t\t<section  class=\"two-col-full-image section-block \">\n\t\t\t<div class=\"container\">\n\t\t\t\t<div class=\"row content-wrapper\">\n\t\t\t\t\t<div class=\"col-md-12\">\n\t\t\t\t\t\t<div class=\"ctn\">\n\t\t\t\t\t\t\t<div class=\"img-container\">\n\t\t\t\t\t\t\t\t<div class=\"img-wrapper\">\n\t\t\t\t\t\t\t\t\t\t\t\t\t\t\t\t\t\t\t<img loading=\"lazy\" decoding=\"async\" width=\"770\" height=\"245\" src=\"https:\/\/s3.ca-central-1.amazonaws.com\/cdn.bixi.com\/wp-content\/uploads\/2024\/06\/AmiBixi-Rouge.svg\" class=\"attachment-half_half size-half_half\" alt=\"\" \/>\t\t\t\t\t\t\t\t\t\t\t\t\t\t\t\t\t<\/div>\n\t\t\t\t\t\t\t<\/div>\n\n\t\t\t\t\t\t\t<div class=\"title\">\n\t\t\t\t\t\t\t\t<h2 class=\"main-title title-2\">Aidez-nous \u00e0 balancer le r\u00e9seau\n<\/h2>\t\t\t\t\t\t\t<\/div>\n\n\t\t\t\t\t\t\t<div class=\"content\">\n\t\t\t\t\t\t\t\t\t\t\t\t\t\t\t\t\t<p>Le programme AMI BIXI est un moyen \u00e9cologique de rebalancer le r\u00e9seau BIXI en augmentant la disponibilit\u00e9 des v\u00e9los et des points d\u2019ancrage sans que nous ayons recours aux camions pour d\u00e9placer les v\u00e9los d\u2019une station \u00e0 une autre. La cl\u00e9 de son succ\u00e8s? C\u2019est vous!<\/p>\n<p>En tant que membre <a href=\"https:\/\/bixi.com\/fr\/abonnement-saisonnier\/\">saisonnier<\/a> ou <a href=\"https:\/\/bixi.com\/fr\/abonnement-mensuel\/\">mensuel<\/a>, aidez BIXI et les autres usagers en prenant un v\u00e9lo dans une station pleine et\/ou en ramenant un v\u00e9lo dans une station vide, gagnez des points et obtenez des r\u00e9compenses!<\/p>\n\t\t\t\t\t\t\t\t\n\t\t\t\t\t\t\t\t\t\t\t\t\t\t\t<\/div>\n\t\t\t\t\t\t<\/div>\n\t\t\t\t\t<\/div>\n\t\t\t\t<\/div>\n\t\t\t<\/div>\n\t\t<\/section>\n\t\n\n\t\t<section  class=\"half-half section-block   \">\n\t\t\t<div class=\"container\">\n\t\t\t\t<div class=\"row\">\n\t\t\t\t\t<div class=\"col-md-12\">\n\t\t\t\t\t\t<div class=\"row content-wrapper\">\n\t\t\t\t\t\t\t<div class=\"col-md-6 half-img\">\n\t\t\t\t\t\t\t\t<div class=\"bg\">\n\t\t\t\t\t\t\t\t\t\t\t\t\t\t\t\t\t\t\t<img loading=\"lazy\" decoding=\"async\" width=\"424\" height=\"265\" src=\"https:\/\/s3.ca-central-1.amazonaws.com\/cdn.bixi.com\/wp-content\/uploads\/2024\/06\/Velo.svg\" class=\"attachment-half_half size-half_half\" alt=\"\" \/>\t\t\t\t\t\t\t\t\t\t\t\t\t\t\t\t\t<\/div>\n\t\t\t\t\t\t\t\t\t\t\t\t\t\t\t<\/div>\n\t\t\t\t\t\t\t<div class=\"col-md-6 half-content\">\n\t\t\t\t\t\t\t\t<div class=\"content\">\n\t\t\t\t\t\t\t\t\t\n\t\t\t\t\t\t\t\t\t<h2 class=\"main-title title-2\">Inscrivez-vous au programme\n<\/h2>\n\t\t\t\t\t\t\t\t\t\n\t\t\t\t\t\t\t\t\t\t\t\t\t\t\t\t\t\t\t<p>&nbsp;<\/p>\n<ol>\n<li>T\u00e9l\u00e9chargez ou visitez votre <a href=\"http:\/\/onelink.to\/zvepxt\">application BIXI<\/a>.<\/li>\n<li>Cliquez sur votre profil via la carte des stations.<\/li>\n<li>Cliquez sur le bandeau rouge AMI BIXI et suivez les \u00e9tapes qui s\u2019afficheront.<\/li>\n<li>Activez AMI BIXI dans vos Pr\u00e9f\u00e9rences pour voir les stations dans le besoin qui vous offriront des points.<\/li>\n<li>Commencez \u00e0 p\u00e9daler!<\/li>\n<\/ol>\n\t\t\t\t\t\t\t\t\t\n\t\t\t\t\t\t\t\t\t\t\t\t\t\t\t\t\t\t\t<div class=\"btns\">\n\t\t\t\t\t\t\t\t\t\t\t\t\t\t\t\t\t\t\t\t\t\t\t\t\t\t\t\t\t\t\t\t\t\t\t\t\t\t\t<a href=\"http:\/\/onelink.to\/bixi\" \n\t\t\t\tclass=\"button button-primary \" \n\t\t\t\t \n\t\t\t\t>\n\t\t\t\t\t\t\t\t\t<span class=\"btn-mask\" data-button-label=\"T\u00e9l\u00e9charger l'application\">\n\t\t\t\t\t\t<span class=\"btn-label\">\n\t\t\t\t\t\t\tT\u00e9l\u00e9charger l&rsquo;application\t\t\t\t\t\t<\/span>\n\t\t\t\t\t<\/span>\n\t\t\t\t\t\t\t\t\t\t<span class=\"btn-mask-icon\">\n\t\t\t\t\t\t<i class=\"icon \"><\/i>\n\t\t\t\t\t<\/span>\n\t\t\t\t\t\t\t\t\t\t\t\t<\/a>\n\t\t\t\t\t\t\t\t\t\t\t\t\t\t\t\t\t\t\t\t\t\t\t\t\t\t\t\t\t\t\t\t\t\t\t<\/div>\n\t\t\t\t\t\t\t\t\t\t\t\t\t\t\t\t\t<\/div>\n\t\t\t\t\t\t\t<\/div>\n\t\t\t\t\t\t<\/div>\n\t\t\t\t\t<\/div>\n\t\t\t\t<\/div>\n\t\t\t<\/div>\n\t\t<\/section>\n\t\n\n\t\t<section  class=\"half-half section-block   \">\n\t\t\t<div class=\"container\">\n\t\t\t\t<div class=\"row\">\n\t\t\t\t\t<div class=\"col-md-12\">\n\t\t\t\t\t\t<div class=\"row content-wrapper\">\n\t\t\t\t\t\t\t<div class=\"col-md-6 half-img\">\n\t\t\t\t\t\t\t\t<div class=\"bg\">\n\t\t\t\t\t\t\t\t\t\t\t\t\t\t\t\t\t\t\t<img loading=\"lazy\" decoding=\"async\" width=\"599\" height=\"600\" src=\"https:\/\/s3.ca-central-1.amazonaws.com\/cdn.bixi.com\/wp-content\/uploads\/2024\/06\/AMI_BIXI_3-599x600.png\" class=\"attachment-half_half size-half_half\" alt=\"\" srcset=\"https:\/\/s3.ca-central-1.amazonaws.com\/cdn.bixi.com\/wp-content\/uploads\/2024\/06\/AMI_BIXI_3-599x600.png 599w, https:\/\/s3.ca-central-1.amazonaws.com\/cdn.bixi.com\/wp-content\/uploads\/2024\/06\/AMI_BIXI_3-300x300.png 300w, https:\/\/s3.ca-central-1.amazonaws.com\/cdn.bixi.com\/wp-content\/uploads\/2024\/06\/AMI_BIXI_3-150x150.png 150w, https:\/\/s3.ca-central-1.amazonaws.com\/cdn.bixi.com\/wp-content\/uploads\/2024\/06\/AMI_BIXI_3-768x770.png 768w, https:\/\/s3.ca-central-1.amazonaws.com\/cdn.bixi.com\/wp-content\/uploads\/2024\/06\/AMI_BIXI_3-718x720.png 718w, https:\/\/s3.ca-central-1.amazonaws.com\/cdn.bixi.com\/wp-content\/uploads\/2024\/06\/AMI_BIXI_3-379x380.png 379w, https:\/\/s3.ca-central-1.amazonaws.com\/cdn.bixi.com\/wp-content\/uploads\/2024\/06\/AMI_BIXI_3-54x54.png 54w, https:\/\/s3.ca-central-1.amazonaws.com\/cdn.bixi.com\/wp-content\/uploads\/2024\/06\/AMI_BIXI_3-44x44.png 44w, https:\/\/s3.ca-central-1.amazonaws.com\/cdn.bixi.com\/wp-content\/uploads\/2024\/06\/AMI_BIXI_3-70x70.png 70w, https:\/\/s3.ca-central-1.amazonaws.com\/cdn.bixi.com\/wp-content\/uploads\/2024\/06\/AMI_BIXI_3-56x56.png 56w, https:\/\/s3.ca-central-1.amazonaws.com\/cdn.bixi.com\/wp-content\/uploads\/2024\/06\/AMI_BIXI_3-450x451.png 450w, https:\/\/s3.ca-central-1.amazonaws.com\/cdn.bixi.com\/wp-content\/uploads\/2024\/06\/AMI_BIXI_3.png 888w\" sizes=\"auto, (max-width: 599px) 100vw, 599px\" \/>\t\t\t\t\t\t\t\t\t\t\t\t\t\t\t\t\t<\/div>\n\t\t\t\t\t\t\t\t\t\t\t\t\t\t\t<\/div>\n\t\t\t\t\t\t\t<div class=\"col-md-6 half-content\">\n\t\t\t\t\t\t\t\t<div class=\"content\">\n\t\t\t\t\t\t\t\t\t\n\t\t\t\t\t\t\t\t\t<h2 class=\"main-title title-2\">P\u00e9dalez et gagnez des points\n<\/h2>\n\t\t\t\t\t\t\t\t\t\n\t\t\t\t\t\t\t\t\t\t\t\t\t\t\t\t\t\t\t<p>Les ic\u00f4nes des stations qui ont besoin de vous seront munies d\u2019un chiffre et d\u2019une fl\u00e8che sur la carte de votre <a href=\"http:\/\/onelink.to\/zvepxt\">application BIXI<\/a>. La fl\u00e8che vers le haut \u2197 indique que vous devez louer un v\u00e9lo et la fl\u00e8che vers le bas \u2199, que vous devez rapporter un v\u00e9lo \u00e0 la station pour r\u00e9colter des points. Chaque station peut vous apporter 1 \u00e0 4 points. Plus le besoin sera criant \u00e0 la station, plus le nombre de points qui y est associ\u00e9 sera \u00e9lev\u00e9. Si vous louez un v\u00e9lo \u00e0 une station pleine et le ramenez \u00e0 une station vide, vous accumulerez les points associ\u00e9s aux 2 stations. De quoi faire grimper votre total mensuel rapidement!<\/p>\n<p>Vous \u00eates press\u00e9 et devez prendre un BIXI dans une station presque vide et le d\u00e9poser dans une station presque pleine? Pas de stress! En tant qu\u2019AMI BIXI, vous ne gagnerez aucun point, mais vous ne serez jamais p\u00e9nalis\u00e9 pour \u00e7a. Le but premier du service de v\u00e9lo-partage, c\u2019est de s\u2019adapter \u00e0 vos d\u00e9placements!<\/p>\n\t\t\t\t\t\t\t\t\t\n\t\t\t\t\t\t\t\t\t\t\t\t\t\t\t\t\t\t\t<div class=\"btns\">\n\t\t\t\t\t\t\t\t\t\t\t\t\t\t\t\t\t\t\t\t\t\t\t\t\t\t\t\t\t\t\t\t\t\t\t\t\t\t\t<a href=\"https:\/\/s3.ca-central-1.amazonaws.com\/cdn.bixi.com\/wp-content\/uploads\/2024\/06\/Calcul_points_AMI_BIXI.pdf\" \n\t\t\t\tclass=\"button button-primary \" \n\t\t\t\t target=\"_blank\" rel=\"noopener\" \n\t\t\t\t>\n\t\t\t\t\t\t\t\t\t<span class=\"btn-mask\" data-button-label=\"Calcul des points\">\n\t\t\t\t\t\t<span class=\"btn-label\">\n\t\t\t\t\t\t\tCalcul des points\t\t\t\t\t\t<\/span>\n\t\t\t\t\t<\/span>\n\t\t\t\t\t\t\t\t\t\t<span class=\"btn-mask-icon\">\n\t\t\t\t\t\t<i class=\"icon \"><\/i>\n\t\t\t\t\t<\/span>\n\t\t\t\t\t\t\t\t\t\t\t\t<\/a>\n\t\t\t\t\t\t\t\t\t\t\t\t\t\t\t\t\t\t\t\t\t\t\t\t\t\t\t\t\t\t\t\t\t\t\t<\/div>\n\t\t\t\t\t\t\t\t\t\t\t\t\t\t\t\t\t<\/div>\n\t\t\t\t\t\t\t<\/div>\n\t\t\t\t\t\t<\/div>\n\t\t\t\t\t<\/div>\n\t\t\t\t<\/div>\n\t\t\t<\/div>\n\t\t<\/section>\n\t\n\n\t\t<section  class=\"half-half section-block   \">\n\t\t\t<div class=\"container\">\n\t\t\t\t<div class=\"row\">\n\t\t\t\t\t<div class=\"col-md-12\">\n\t\t\t\t\t\t<div class=\"row content-wrapper\">\n\t\t\t\t\t\t\t<div class=\"col-md-6 half-img\">\n\t\t\t\t\t\t\t\t<div class=\"bg\">\n\t\t\t\t\t\t\t\t\t\t\t\t\t\t\t\t\t\t\t<img loading=\"lazy\" decoding=\"async\" width=\"548\" height=\"266\" src=\"https:\/\/s3.ca-central-1.amazonaws.com\/cdn.bixi.com\/wp-content\/uploads\/2024\/06\/AMI_BIXI_11.svg\" class=\"attachment-half_half size-half_half\" alt=\"\" \/>\t\t\t\t\t\t\t\t\t\t\t\t\t\t\t\t\t<\/div>\n\t\t\t\t\t\t\t\t\t\t\t\t\t\t\t<\/div>\n\t\t\t\t\t\t\t<div class=\"col-md-6 half-content\">\n\t\t\t\t\t\t\t\t<div class=\"content\">\n\t\t\t\t\t\t\t\t\t\n\t\t\t\t\t\t\t\t\t<h2 class=\"main-title title-2\">Accumulez des r\u00e9compenses\n<\/h2>\n\t\t\t\t\t\t\t\t\t\n\t\t\t\t\t\t\t\t\t\t\t\t\t\t\t\t\t\t\t<p>Chaque point AMI BIXI que vous r\u00e9coltez est ajout\u00e9 \u00e0 votre total mensuel. D\u00e8s que vous atteignez <strong>10 points<\/strong>, vous recevez automatiquement par courriel un code pour une <strong>balade \u00e0 BIXI \u00e9lectrique de 30 minutes gratuite<\/strong>!* Au cours d\u2019un mois, vous pouvez accumuler jusqu\u2019\u00e0 <strong>40 points<\/strong>, et ainsi recevoir un maximum de 4 balades gratuites. Au premier jour de chaque mois, le compteur mensuel sera remis \u00e0 z\u00e9ro. Vous pouvez en tout temps voir le nombre de points accumul\u00e9s dans l\u2019ann\u00e9e ou depuis que vous \u00eates un AMI BIXI. M\u00eame si aucune r\u00e9compense n\u2019est associ\u00e9e \u00e0 ces nombres, \u00e7a reste satisfaisant de voir tous ces points!<\/p>\n<p><small>*Pour les balades plus longues, le <a href=\"https:\/\/bixi.com\/fr\/tarifs\/\">tarif \u00e0 la minute de l&rsquo;abonnement<\/a>\u00a0(0,19$\/minute) s&rsquo;applique. Le code doit \u00eatre utilis\u00e9 en combinaison avec un abonnement actif durant la saison en cours. Nous nous r\u00e9servons le droit de retirer les points et d\u2019exclure du programme AMI BIXI les membres qui tentent visiblement de d\u00e9jouer le syst\u00e8me, par exemple en faisant des allers-retours constants entre 2 stations qui offrent des points. Ce n\u2019est pas le genre de geste qui aide \u00e0 rebalancer le r\u00e9seau!<\/small><\/p>\n\t\t\t\t\t\t\t\t\t\n\t\t\t\t\t\t\t\t\t\t\t\t\t\t\t\t\t\t\t<div class=\"btns\">\n\t\t\t\t\t\t\t\t\t\t\t\t\t\t\t\t\t\t\t\t\t\t\t\t\t\t\t\t\t\t\t\t\t\t\t\t\t\t\t<a href=\"http:\/\/onelink.to\/zvepxt\" \n\t\t\t\tclass=\"button button-primary \" \n\t\t\t\t \n\t\t\t\t>\n\t\t\t\t\t\t\t\t\t<span class=\"btn-mask\" data-button-label=\"T\u00e9l\u00e9charger l'application\">\n\t\t\t\t\t\t<span class=\"btn-label\">\n\t\t\t\t\t\t\tT\u00e9l\u00e9charger l&rsquo;application\t\t\t\t\t\t<\/span>\n\t\t\t\t\t<\/span>\n\t\t\t\t\t\t\t\t\t\t<span class=\"btn-mask-icon\">\n\t\t\t\t\t\t<i class=\"icon \"><\/i>\n\t\t\t\t\t<\/span>\n\t\t\t\t\t\t\t\t\t\t\t\t<\/a>\n\t\t\t\t\t\t\t\t\t\t\t\t\t\t\t\t\t\t\t\t\t\t\t\t\t\t\t\t\t\t\t\t\t\t\t<\/div>\n\t\t\t\t\t\t\t\t\t\t\t\t\t\t\t\t\t<\/div>\n\t\t\t\t\t\t\t<\/div>\n\t\t\t\t\t\t<\/div>\n\t\t\t\t\t<\/div>\n\t\t\t\t<\/div>\n\t\t\t<\/div>\n\t\t<\/section>\n\t\n\n\t\t\t<section  class=\"banner-cta section-block\">\n\t\t\t\t<div class=\"img-container\">\n\t\t\t\t\t\t\t\t\t\t\t<img loading=\"lazy\" decoding=\"async\" width=\"1920\" height=\"1280\" src=\"https:\/\/s3.ca-central-1.amazonaws.com\/cdn.bixi.com\/wp-content\/uploads\/2024\/06\/AMI-BIXI_10.jpg\" class=\"attachment-full_width size-full_width\" alt=\"\" srcset=\"https:\/\/s3.ca-central-1.amazonaws.com\/cdn.bixi.com\/wp-content\/uploads\/2024\/06\/AMI-BIXI_10.jpg 1920w, https:\/\/s3.ca-central-1.amazonaws.com\/cdn.bixi.com\/wp-content\/uploads\/2024\/06\/AMI-BIXI_10-300x200.jpg 300w, https:\/\/s3.ca-central-1.amazonaws.com\/cdn.bixi.com\/wp-content\/uploads\/2024\/06\/AMI-BIXI_10-1024x683.jpg 1024w, https:\/\/s3.ca-central-1.amazonaws.com\/cdn.bixi.com\/wp-content\/uploads\/2024\/06\/AMI-BIXI_10-768x512.jpg 768w, https:\/\/s3.ca-central-1.amazonaws.com\/cdn.bixi.com\/wp-content\/uploads\/2024\/06\/AMI-BIXI_10-1536x1024.jpg 1536w, https:\/\/s3.ca-central-1.amazonaws.com\/cdn.bixi.com\/wp-content\/uploads\/2024\/06\/AMI-BIXI_10-1440x960.jpg 1440w, https:\/\/s3.ca-central-1.amazonaws.com\/cdn.bixi.com\/wp-content\/uploads\/2024\/06\/AMI-BIXI_10-900x600.jpg 900w, https:\/\/s3.ca-central-1.amazonaws.com\/cdn.bixi.com\/wp-content\/uploads\/2024\/06\/AMI-BIXI_10-770x513.jpg 770w, https:\/\/s3.ca-central-1.amazonaws.com\/cdn.bixi.com\/wp-content\/uploads\/2024\/06\/AMI-BIXI_10-960x640.jpg 960w, https:\/\/s3.ca-central-1.amazonaws.com\/cdn.bixi.com\/wp-content\/uploads\/2024\/06\/AMI-BIXI_10-500x333.jpg 500w, https:\/\/s3.ca-central-1.amazonaws.com\/cdn.bixi.com\/wp-content\/uploads\/2024\/06\/AMI-BIXI_10-150x100.jpg 150w, https:\/\/s3.ca-central-1.amazonaws.com\/cdn.bixi.com\/wp-content\/uploads\/2024\/06\/AMI-BIXI_10-81x54.jpg 81w, https:\/\/s3.ca-central-1.amazonaws.com\/cdn.bixi.com\/wp-content\/uploads\/2024\/06\/AMI-BIXI_10-66x44.jpg 66w, https:\/\/s3.ca-central-1.amazonaws.com\/cdn.bixi.com\/wp-content\/uploads\/2024\/06\/AMI-BIXI_10-105x70.jpg 105w, https:\/\/s3.ca-central-1.amazonaws.com\/cdn.bixi.com\/wp-content\/uploads\/2024\/06\/AMI-BIXI_10-84x56.jpg 84w, https:\/\/s3.ca-central-1.amazonaws.com\/cdn.bixi.com\/wp-content\/uploads\/2024\/06\/AMI-BIXI_10-450x300.jpg 450w\" sizes=\"auto, (max-width: 1920px) 100vw, 1920px\" \/>\t\t\t\t\t\n\t\t\t\t\t<div class=\"content\">\n\t\t\t\t\t\t\t\t\t\t\t\t\t<div class=\"text\"><p>Pr\u00eat \u00e0 accumuler des points et des r\u00e9compenses?<br \/>\n<span class=\"gray\">Obtenez l\u2019application BIXI et devenez un AMI BIXI!<\/span><\/p>\n<\/div>\n\t\t\t\t\t\t\n\t\t\t\t\t\t\t\t\t\t\t\t\t<div class=\"btns\">\n\t\t\t\t\t\t\t\t\t\t\t\t\t\t\t\t\t\t\t\t<a href=\"http:\/\/onelink.to\/zvepxt\" \n\t\t\t\tclass=\"button button-primary \" \n\t\t\t\t \n\t\t\t\t>\n\t\t\t\t\t\t\t\t\t<span class=\"btn-mask\" data-button-label=\"T\u00e9l\u00e9charger\">\n\t\t\t\t\t\t<span class=\"btn-label\">\n\t\t\t\t\t\t\tT\u00e9l\u00e9charger\t\t\t\t\t\t<\/span>\n\t\t\t\t\t<\/span>\n\t\t\t\t\t\t\t\t\t\t<span class=\"btn-mask-icon\">\n\t\t\t\t\t\t<i class=\"icon \"><\/i>\n\t\t\t\t\t<\/span>\n\t\t\t\t\t\t\t\t\t\t\t\t<\/a>\n\t\t\t\t\t\t\t\t\t\t\t\t\t\t\t\t\t<\/div>\n\t\t\t\t\t\t\t\t\t\t\t<\/div>\n\t\t\t\t<\/div>\n\t\t\t<\/section>\n\t\t","protected":false},"excerpt":{"rendered":"","protected":false},"author":6,"featured_media":13194,"parent":0,"menu_order":78,"comment_status":"closed","ping_status":"closed","template":"","meta":{"_acf_changed":false,"footnotes":""},"class_list":["post-5131","page","type-page","status-publish","has-post-thumbnail","hentry"],"acf":{"has_pink_background":true},"yoast_head":"<!-- This site is optimized with the Yoast SEO plugin v25.1 - https:\/\/yoast.com\/wordpress\/plugins\/seo\/ -->\n<title>Devenez un AMI BIXI!<\/title>\n<meta name=\"description\" content=\"Le programme AMI BIXI est un moyen \u00e9cologique de rebalancer le r\u00e9seau BIXI en augmentant la disponibilit\u00e9 des v\u00e9los et des points d\u2019ancrage.\" \/>\n<meta name=\"robots\" content=\"index, follow, max-snippet:-1, max-image-preview:large, max-video-preview:-1\" \/>\n<link rel=\"canonical\" href=\"https:\/\/bixi.com\/fr\/ami-bixi\/\" \/>\n<meta property=\"og:locale\" content=\"fr_FR\" \/>\n<meta property=\"og:type\" content=\"article\" \/>\n<meta property=\"og:title\" content=\"Devenez un AMI BIXI!\" \/>\n<meta property=\"og:description\" content=\"Le programme AMI BIXI est un moyen \u00e9cologique de rebalancer le r\u00e9seau BIXI en augmentant la disponibilit\u00e9 des v\u00e9los et des points d\u2019ancrage.\" \/>\n<meta property=\"og:url\" content=\"https:\/\/bixi.com\/fr\/ami-bixi\/\" \/>\n<meta property=\"og:site_name\" content=\"BIXI Montr\u00e9al\" \/>\n<meta property=\"article:modified_time\" content=\"2026-04-06T20:38:24+00:00\" \/>\n<meta property=\"og:image\" content=\"https:\/\/s3.ca-central-1.amazonaws.com\/cdn.bixi.com\/wp-content\/uploads\/2024\/06\/AMI-BIXI_10.jpg\" \/>\n\t<meta property=\"og:image:width\" content=\"1920\" \/>\n\t<meta property=\"og:image:height\" content=\"1280\" \/>\n\t<meta property=\"og:image:type\" content=\"image\/jpeg\" \/>\n<meta name=\"twitter:card\" content=\"summary_large_image\" \/>\n<meta name=\"twitter:label1\" content=\"Dur\u00e9e de lecture estim\u00e9e\" \/>\n\t<meta name=\"twitter:data1\" content=\"1 minute\" \/>\n<script type=\"application\/ld+json\" class=\"yoast-schema-graph\">{\"@context\":\"https:\/\/schema.org\",\"@graph\":[{\"@type\":\"WebPage\",\"@id\":\"https:\/\/bixi.com\/fr\/ami-bixi\/\",\"url\":\"https:\/\/bixi.com\/fr\/ami-bixi\/\",\"name\":\"Devenez un AMI BIXI!\",\"isPartOf\":{\"@id\":\"https:\/\/bixi.com\/fr\/#website\"},\"primaryImageOfPage\":{\"@id\":\"https:\/\/bixi.com\/fr\/ami-bixi\/#primaryimage\"},\"image\":{\"@id\":\"https:\/\/bixi.com\/fr\/ami-bixi\/#primaryimage\"},\"thumbnailUrl\":\"https:\/\/s3.ca-central-1.amazonaws.com\/cdn.bixi.com\/wp-content\/uploads\/2024\/06\/AMI-BIXI_10.jpg\",\"datePublished\":\"2026-04-06T20:38:23+00:00\",\"dateModified\":\"2026-04-06T20:38:24+00:00\",\"description\":\"Le programme AMI BIXI est un moyen \u00e9cologique de rebalancer le r\u00e9seau BIXI en augmentant la disponibilit\u00e9 des v\u00e9los et des points d\u2019ancrage.\",\"breadcrumb\":{\"@id\":\"https:\/\/bixi.com\/fr\/ami-bixi\/#breadcrumb\"},\"inLanguage\":\"fr-FR\",\"potentialAction\":[{\"@type\":\"ReadAction\",\"target\":[\"https:\/\/bixi.com\/fr\/ami-bixi\/\"]}]},{\"@type\":\"ImageObject\",\"inLanguage\":\"fr-FR\",\"@id\":\"https:\/\/bixi.com\/fr\/ami-bixi\/#primaryimage\",\"url\":\"https:\/\/s3.ca-central-1.amazonaws.com\/cdn.bixi.com\/wp-content\/uploads\/2024\/06\/AMI-BIXI_10.jpg\",\"contentUrl\":\"https:\/\/s3.ca-central-1.amazonaws.com\/cdn.bixi.com\/wp-content\/uploads\/2024\/06\/AMI-BIXI_10.jpg\",\"width\":1920,\"height\":1280},{\"@type\":\"BreadcrumbList\",\"@id\":\"https:\/\/bixi.com\/fr\/ami-bixi\/#breadcrumb\",\"itemListElement\":[{\"@type\":\"ListItem\",\"position\":1,\"name\":\"Home\",\"item\":\"https:\/\/bixi.com\/fr\/\"},{\"@type\":\"ListItem\",\"position\":2,\"name\":\"AMI BIXI\"}]},{\"@type\":\"WebSite\",\"@id\":\"https:\/\/bixi.com\/fr\/#website\",\"url\":\"https:\/\/bixi.com\/fr\/\",\"name\":\"BIXI Montr\u00e9al\",\"description\":\"\",\"potentialAction\":[{\"@type\":\"SearchAction\",\"target\":{\"@type\":\"EntryPoint\",\"urlTemplate\":\"https:\/\/bixi.com\/fr\/?s={search_term_string}\"},\"query-input\":{\"@type\":\"PropertyValueSpecification\",\"valueRequired\":true,\"valueName\":\"search_term_string\"}}],\"inLanguage\":\"fr-FR\"}]}<\/script>\n<!-- \/ Yoast SEO plugin. -->","yoast_head_json":{"title":"Devenez un AMI BIXI!","description":"Le programme AMI BIXI est un moyen \u00e9cologique de rebalancer le r\u00e9seau BIXI en augmentant la disponibilit\u00e9 des v\u00e9los et des points d\u2019ancrage.","robots":{"index":"index","follow":"follow","max-snippet":"max-snippet:-1","max-image-preview":"max-image-preview:large","max-video-preview":"max-video-preview:-1"},"canonical":"https:\/\/bixi.com\/fr\/ami-bixi\/","og_locale":"fr_FR","og_type":"article","og_title":"Devenez un AMI BIXI!","og_description":"Le programme AMI BIXI est un moyen \u00e9cologique de rebalancer le r\u00e9seau BIXI en augmentant la disponibilit\u00e9 des v\u00e9los et des points d\u2019ancrage.","og_url":"https:\/\/bixi.com\/fr\/ami-bixi\/","og_site_name":"BIXI Montr\u00e9al","article_modified_time":"2026-04-06T20:38:24+00:00","og_image":[{"width":1920,"height":1280,"url":"https:\/\/s3.ca-central-1.amazonaws.com\/cdn.bixi.com\/wp-content\/uploads\/2024\/06\/AMI-BIXI_10.jpg","type":"image\/jpeg"}],"twitter_card":"summary_large_image","twitter_misc":{"Dur\u00e9e de lecture estim\u00e9e":"1 minute"},"schema":{"@context":"https:\/\/schema.org","@graph":[{"@type":"WebPage","@id":"https:\/\/bixi.com\/fr\/ami-bixi\/","url":"https:\/\/bixi.com\/fr\/ami-bixi\/","name":"Devenez un AMI BIXI!","isPartOf":{"@id":"https:\/\/bixi.com\/fr\/#website"},"primaryImageOfPage":{"@id":"https:\/\/bixi.com\/fr\/ami-bixi\/#primaryimage"},"image":{"@id":"https:\/\/bixi.com\/fr\/ami-bixi\/#primaryimage"},"thumbnailUrl":"https:\/\/s3.ca-central-1.amazonaws.com\/cdn.bixi.com\/wp-content\/uploads\/2024\/06\/AMI-BIXI_10.jpg","datePublished":"2026-04-06T20:38:23+00:00","dateModified":"2026-04-06T20:38:24+00:00","description":"Le programme AMI BIXI est un moyen \u00e9cologique de rebalancer le r\u00e9seau BIXI en augmentant la disponibilit\u00e9 des v\u00e9los et des points d\u2019ancrage.","breadcrumb":{"@id":"https:\/\/bixi.com\/fr\/ami-bixi\/#breadcrumb"},"inLanguage":"fr-FR","potentialAction":[{"@type":"ReadAction","target":["https:\/\/bixi.com\/fr\/ami-bixi\/"]}]},{"@type":"ImageObject","inLanguage":"fr-FR","@id":"https:\/\/bixi.com\/fr\/ami-bixi\/#primaryimage","url":"https:\/\/s3.ca-central-1.amazonaws.com\/cdn.bixi.com\/wp-content\/uploads\/2024\/06\/AMI-BIXI_10.jpg","contentUrl":"https:\/\/s3.ca-central-1.amazonaws.com\/cdn.bixi.com\/wp-content\/uploads\/2024\/06\/AMI-BIXI_10.jpg","width":1920,"height":1280},{"@type":"BreadcrumbList","@id":"https:\/\/bixi.com\/fr\/ami-bixi\/#breadcrumb","itemListElement":[{"@type":"ListItem","position":1,"name":"Home","item":"https:\/\/bixi.com\/fr\/"},{"@type":"ListItem","position":2,"name":"AMI BIXI"}]},{"@type":"WebSite","@id":"https:\/\/bixi.com\/fr\/#website","url":"https:\/\/bixi.com\/fr\/","name":"BIXI Montr\u00e9al","description":"","potentialAction":[{"@type":"SearchAction","target":{"@type":"EntryPoint","urlTemplate":"https:\/\/bixi.com\/fr\/?s={search_term_string}"},"query-input":{"@type":"PropertyValueSpecification","valueRequired":true,"valueName":"search_term_string"}}],"inLanguage":"fr-FR"}]}},"_links":{"self":[{"href":"https:\/\/bixi.com\/fr\/wp-json\/wp\/v2\/pages\/5131","targetHints":{"allow":["GET"]}}],"collection":[{"href":"https:\/\/bixi.com\/fr\/wp-json\/wp\/v2\/pages"}],"about":[{"href":"https:\/\/bixi.com\/fr\/wp-json\/wp\/v2\/types\/page"}],"author":[{"embeddable":true,"href":"https:\/\/bixi.com\/fr\/wp-json\/wp\/v2\/users\/6"}],"replies":[{"embeddable":true,"href":"https:\/\/bixi.com\/fr\/wp-json\/wp\/v2\/comments?post=5131"}],"version-history":[{"count":5,"href":"https:\/\/bixi.com\/fr\/wp-json\/wp\/v2\/pages\/5131\/revisions"}],"predecessor-version":[{"id":18410,"href":"https:\/\/bixi.com\/fr\/wp-json\/wp\/v2\/pages\/5131\/revisions\/18410"}],"wp:featuredmedia":[{"embeddable":true,"href":"https:\/\/bixi.com\/fr\/wp-json\/wp\/v2\/media\/13194"}],"wp:attachment":[{"href":"https:\/\/bixi.com\/fr\/wp-json\/wp\/v2\/media?parent=5131"}],"curies":[{"name":"wp","href":"https:\/\/api.w.org\/{rel}","templated":true}]}}