{"id":1926,"date":"2026-04-06T13:21:22","date_gmt":"2026-04-06T17:21:22","guid":{"rendered":"https:\/\/bixi.com\/stations-depot\/"},"modified":"2026-04-13T13:50:30","modified_gmt":"2026-04-13T17:50:30","slug":"stations-depot","status":"publish","type":"page","link":"https:\/\/bixi.com\/fr\/stations-depot\/","title":{"rendered":"Stations d\u00e9p\u00f4t"},"content":{"rendered":"\t\t\t\t\t\t<header  class=\"page-title section-block\">\n\t\t\t\t<div class=\"container\">\n\t\t\t\t\t<div class=\"row\">\n\t\t\t\t\t\t<div class=\"col-md-10\">\n\t\t\t\t\t\t\t<div class=\"section-title\">\n\t\t\t\t\t\t\t\t<h1 class=\"title title-1\">Stations d\u00e9p\u00f4t\n<\/h1>\t\t\t\t\t\t\t<\/div>\n\t\t\t\t\t\t<\/div>\n\t\t\t\t\t<\/div>\n\t\t\t\t<\/div>\n\t\t\t<\/header>\n\t\t\t\t\t\n\n\t\t<section  class=\"two-col-full-image section-block \">\n\t\t\t<div class=\"container\">\n\t\t\t\t<div class=\"row content-wrapper\">\n\t\t\t\t\t<div class=\"col-md-12\">\n\t\t\t\t\t\t<div class=\"ctn\">\n\t\t\t\t\t\t\t<div class=\"img-container\">\n\t\t\t\t\t\t\t\t<div class=\"img-wrapper\">\n\t\t\t\t\t\t\t\t\t\t\t\t\t\t\t\t\t\t\t<img loading=\"lazy\" decoding=\"async\" width=\"770\" height=\"513\" src=\"https:\/\/s3.ca-central-1.amazonaws.com\/cdn.bixi.com\/wp-content\/uploads\/2025\/06\/BIXI_location-velo-montreal-Stations-depot-770x513.jpg\" class=\"attachment-half_half size-half_half\" alt=\"\" srcset=\"https:\/\/s3.ca-central-1.amazonaws.com\/cdn.bixi.com\/wp-content\/uploads\/2025\/06\/BIXI_location-velo-montreal-Stations-depot-770x513.jpg 770w, https:\/\/s3.ca-central-1.amazonaws.com\/cdn.bixi.com\/wp-content\/uploads\/2025\/06\/BIXI_location-velo-montreal-Stations-depot-300x200.jpg 300w, https:\/\/s3.ca-central-1.amazonaws.com\/cdn.bixi.com\/wp-content\/uploads\/2025\/06\/BIXI_location-velo-montreal-Stations-depot-1024x683.jpg 1024w, https:\/\/s3.ca-central-1.amazonaws.com\/cdn.bixi.com\/wp-content\/uploads\/2025\/06\/BIXI_location-velo-montreal-Stations-depot-768x512.jpg 768w, https:\/\/s3.ca-central-1.amazonaws.com\/cdn.bixi.com\/wp-content\/uploads\/2025\/06\/BIXI_location-velo-montreal-Stations-depot-1536x1024.jpg 1536w, https:\/\/s3.ca-central-1.amazonaws.com\/cdn.bixi.com\/wp-content\/uploads\/2025\/06\/BIXI_location-velo-montreal-Stations-depot-1440x960.jpg 1440w, https:\/\/s3.ca-central-1.amazonaws.com\/cdn.bixi.com\/wp-content\/uploads\/2025\/06\/BIXI_location-velo-montreal-Stations-depot-900x600.jpg 900w, https:\/\/s3.ca-central-1.amazonaws.com\/cdn.bixi.com\/wp-content\/uploads\/2025\/06\/BIXI_location-velo-montreal-Stations-depot-960x640.jpg 960w, https:\/\/s3.ca-central-1.amazonaws.com\/cdn.bixi.com\/wp-content\/uploads\/2025\/06\/BIXI_location-velo-montreal-Stations-depot-500x333.jpg 500w, https:\/\/s3.ca-central-1.amazonaws.com\/cdn.bixi.com\/wp-content\/uploads\/2025\/06\/BIXI_location-velo-montreal-Stations-depot-150x100.jpg 150w, https:\/\/s3.ca-central-1.amazonaws.com\/cdn.bixi.com\/wp-content\/uploads\/2025\/06\/BIXI_location-velo-montreal-Stations-depot-81x54.jpg 81w, https:\/\/s3.ca-central-1.amazonaws.com\/cdn.bixi.com\/wp-content\/uploads\/2025\/06\/BIXI_location-velo-montreal-Stations-depot-66x44.jpg 66w, https:\/\/s3.ca-central-1.amazonaws.com\/cdn.bixi.com\/wp-content\/uploads\/2025\/06\/BIXI_location-velo-montreal-Stations-depot-105x70.jpg 105w, https:\/\/s3.ca-central-1.amazonaws.com\/cdn.bixi.com\/wp-content\/uploads\/2025\/06\/BIXI_location-velo-montreal-Stations-depot-84x56.jpg 84w, https:\/\/s3.ca-central-1.amazonaws.com\/cdn.bixi.com\/wp-content\/uploads\/2025\/06\/BIXI_location-velo-montreal-Stations-depot-450x300.jpg 450w, https:\/\/s3.ca-central-1.amazonaws.com\/cdn.bixi.com\/wp-content\/uploads\/2025\/06\/BIXI_location-velo-montreal-Stations-depot.jpg 1920w\" sizes=\"auto, (max-width: 770px) 100vw, 770px\" \/>\t\t\t\t\t\t\t\t\t\t\t\t\t\t\t\t\t<\/div>\n\t\t\t\t\t\t\t<\/div>\n\n\t\t\t\t\t\t\t<div class=\"title\">\n\t\t\t\t\t\t\t\t<h2 class=\"main-title title-2\">D\u00e9posez et repartez facilement avec un BIXI lors des heures de pointe!\n<\/h2>\t\t\t\t\t\t\t<\/div>\n\n\t\t\t\t\t\t\t<div class=\"content\">\n\t\t\t\t\t\t\t\t\t\t\t\t\t\t\t\t\t<p>Certaines stations sont plus achaland\u00e9es que d&rsquo;autres \u00e0 certains moments de la semaine. C&rsquo;est pourquoi elles sont transform\u00e9es en stations d\u00e9p\u00f4t, que des pr\u00e9pos\u00e9s BIXI ont pour mission de rebalancer. Ceux-ci accumulent le surplus de BIXI sur le c\u00f4t\u00e9 de la station afin qu\u2019un point d\u2019ancrage soit disponible \u00e0 votre arriv\u00e9e et s\u2019assurent que des BIXI soient ancr\u00e9s lorsque vous souhaitez partir de cette station \u00e0 la fin de votre journ\u00e9e de travail.<\/p>\n<p>Consultez l&rsquo;horaire et rep\u00e9rez la station d\u00e9p\u00f4t la plus proche de l&rsquo;endroit o\u00f9 vous vous rendez via l\u2019<a href=\"https:\/\/bixi.com\/fr\/application-mobile\/\">application BIXI<\/a>! Notre \u00e9quipe est pr\u00e9sente dans les stations marqu\u00e9es d\u2019une silhouette.<\/p>\n\t\t\t\t\t\t\t\t\n\t\t\t\t\t\t\t\t\t\t\t\t\t\t\t<\/div>\n\t\t\t\t\t\t<\/div>\n\t\t\t\t\t<\/div>\n\t\t\t\t<\/div>\n\t\t\t<\/div>\n\t\t<\/section>\n\t\n\n\t\t<section  class=\"half-title-half-text section-block\">\n\t\t\t<div class=\"container\">\n\t\t\t\t<div class=\"row content-wrapper\">\n\t\t\t\t\t<div class=\"col col-md-12\">\n\t\t\t\t\t\t\t\t\t\t\t\t<div class=\"row row-contents\">\n\t\t\t\t\t\t\t<div class=\"col-md-6 half-title\">\n\t\t\t\t\t\t\t\t<h2 class=\"main-title title-2\">Horaire r\u00e9gulier\n<\/h2>\t\t\t\t\t\t\t<\/div>\n\t\t\t\t\t\t\t<div class=\"col-md-6 half-content\">\n\t\t\t\t\t\t\t\t<div class=\"content\">\n\t\t\t\t\t\t\t\t\t\n\t\t\t\t\t\t\t\t\t\t\t\t\t\t\t\t\t\t\t<span class=\"subtitle\">Lundi au vendredi<\/span>\n\t\t\t\t\t\t\t\t\t\n\t\t\t\t\t\t\t\t\t\t\t\t\t\t\t\t\t\t\t<p><\/p>\n<p><strong>M\u00e9tro Peel<\/strong><br \/>\n8h \u00e0 19h<\/p>\n<p><strong>Square Victoria<\/strong><br \/>\n7h \u00e0 20h<\/p>\n<p><strong>Square Viger<\/strong><br \/>\n7h \u00e0 19h<\/p>\n<p>D\u00e8s le 15 avril:<\/p>\n<p><strong>Casgrain \/ St\u2011Viateur<\/strong><br \/>\n8h \u00e0 19h<\/p>\n<p><strong>M\u00e9tro St\u2011Laurent<\/strong><br \/>\n8h \u00e0 18h<\/p>\n<p>\n<span class=\"subtitle\">Vendredi, samedi et dimanche<\/span><\/p>\n<p><strong>De la Commune \/ Jacques\u2011Cartier<\/strong><br \/>\n13h \u00e0 21h<\/p>\n<p><small>*L\u2019horaire des pr\u00e9pos\u00e9s est sujet \u00e0 changement en fonction des jours f\u00e9ri\u00e9s et des conditions m\u00e9t\u00e9orologiques.<\/small><\/p>\n\t\t\t\t\t\t\t\t\t\n\t\t\t\t\t\t\t\t\t\t\t\t\t\t\t\t\t<\/div>\n\t\t\t\t\t\t\t<\/div>\n\t\t\t\t\t\t<\/div>\n\t\t\t\t\t\t\t\t\t\t\t<\/div>\n\t\t\t\t<\/div>\n\t\t\t<\/div>\n\t\t<\/section>\n\t\n\n\t\t<section id=\"evenements\" class=\"half-title-half-text section-block\">\n\t\t\t<div class=\"container\">\n\t\t\t\t<div class=\"row content-wrapper\">\n\t\t\t\t\t<div class=\"col col-md-12\">\n\t\t\t\t\t\t\t\t\t\t\t\t<div class=\"row row-contents\">\n\t\t\t\t\t\t\t<div class=\"col-md-6 half-title\">\n\t\t\t\t\t\t\t\t<h2 class=\"main-title title-2\">Horaire des \u00e9v\u00e9nements\n<\/h2>\t\t\t\t\t\t\t<\/div>\n\t\t\t\t\t\t\t<div class=\"col-md-6 half-content\">\n\t\t\t\t\t\t\t\t<div class=\"content\">\n\t\t\t\t\t\t\t\t\t\n\t\t\t\t\t\t\t\t\t\n\t\t\t\t\t\t\t\t\t\t\t\t\t\t\t\t\t\t\t<p><span class=\"subtitle\">Avril<\/span><\/p>\n<p><strong>21K Nespresso de Montr\u00e9al<\/strong><br \/>\nParc Jean-Drapeau<br \/>\n18 avril (1 km, 5 km et 10 km) &#8211; 7h \u00e0 15h<br \/>\n19 avril (Demi-Marathon) &#8211; 7h \u00e0 15h<\/p>\n<p>\n<span class=\"subtitle\">Mai<\/span><\/p>\n<p><strong>Pouzzafest<\/strong><br \/>\nM\u00e9tro St-Laurent &#038; Place des Festivals<br \/>\n15, 16, 17 mai &#8211; midi \u00e0 minuit<\/p>\n<p><strong>Piknic \u00c9lectronik<\/strong><br \/>\nParc Jean-Drapeau<br \/>\n17, 30 mai &#8211; 15h \u00e0 minuit<\/p>\n<p><strong>C2 Montr\u00e9al<\/strong><br \/>\nDe la Commune \/ Place Jacques-Cartier<br \/>\n19, 20, 21 mai &#8211; 9h \u00e0 17h<\/p>\n<p><strong>Off Piknic \u00c9lectronik<\/strong><br \/>\nParc Jean-Drapeau<br \/>\nSolomon 21 mai &#8211; 15h \u00e0 minuit<br \/>\nEric Prydz 29 mai &#8211; 15h \u00e0 minuit<\/p>\n<p><strong>Grand Prix<\/strong><br \/>\nB\u00e2timent H\u00e9l\u00e8ne de Champlain &#038; Avenue Pierre-Dupuy<br \/>\n22, 23, 24 mai &#8211; 8h \u00e0 minuit<\/p>\n<p><strong>Luke Combs<\/strong><br \/>\nParc Jean-Drapeau<br \/>\n30 mai &#8211; 15h \u00e0 minuit<\/p>\n<p><small>*L\u2019horaire des pr\u00e9pos\u00e9s est sujet \u00e0 changement en fonction des conditions m\u00e9t\u00e9orologiques.<\/small><\/p>\n\t\t\t\t\t\t\t\t\t\n\t\t\t\t\t\t\t\t\t\t\t\t\t\t\t\t\t<\/div>\n\t\t\t\t\t\t\t<\/div>\n\t\t\t\t\t\t<\/div>\n\t\t\t\t\t\t\t\t\t\t\t<\/div>\n\t\t\t\t<\/div>\n\t\t\t<\/div>\n\t\t<\/section>\n\t","protected":false},"excerpt":{"rendered":"","protected":false},"author":37,"featured_media":15542,"parent":0,"menu_order":63,"comment_status":"closed","ping_status":"closed","template":"","meta":{"_acf_changed":false,"footnotes":""},"class_list":["post-1926","page","type-page","status-publish","has-post-thumbnail","hentry"],"acf":{"has_pink_background":false},"yoast_head":"<!-- This site is optimized with the Yoast SEO plugin v25.1 - https:\/\/yoast.com\/wordpress\/plugins\/seo\/ -->\n<title>Stations d\u00e9p\u00f4t<\/title>\n<meta name=\"description\" content=\"Vous allez au centre-ville de Montr\u00e9al? D\u00e9posez et repartez facilement avec un BIXI lors des heures de pointe via les stations d\u00e9p\u00f4t!\" \/>\n<meta name=\"robots\" content=\"index, follow, max-snippet:-1, max-image-preview:large, max-video-preview:-1\" \/>\n<link rel=\"canonical\" href=\"https:\/\/bixi.com\/fr\/stations-depot\/\" \/>\n<meta property=\"og:locale\" content=\"fr_FR\" \/>\n<meta property=\"og:type\" content=\"article\" \/>\n<meta property=\"og:title\" content=\"Stations d\u00e9p\u00f4t\" \/>\n<meta property=\"og:description\" content=\"Vous allez au centre-ville de Montr\u00e9al? D\u00e9posez et repartez facilement avec un BIXI lors des heures de pointe via les stations d\u00e9p\u00f4t!\" \/>\n<meta property=\"og:url\" content=\"https:\/\/bixi.com\/fr\/stations-depot\/\" \/>\n<meta property=\"og:site_name\" content=\"BIXI Montr\u00e9al\" \/>\n<meta property=\"article:modified_time\" content=\"2026-04-13T17:50:30+00:00\" \/>\n<meta property=\"og:image\" content=\"https:\/\/s3.ca-central-1.amazonaws.com\/cdn.bixi.com\/wp-content\/uploads\/2025\/06\/BIXI_location-velo-montreal-Stations-depot.jpg\" \/>\n\t<meta property=\"og:image:width\" content=\"1920\" \/>\n\t<meta property=\"og:image:height\" content=\"1280\" \/>\n\t<meta property=\"og:image:type\" content=\"image\/jpeg\" \/>\n<meta name=\"twitter:card\" content=\"summary_large_image\" \/>\n<meta name=\"twitter:label1\" content=\"Dur\u00e9e de lecture estim\u00e9e\" \/>\n\t<meta name=\"twitter:data1\" content=\"1 minute\" \/>\n<script type=\"application\/ld+json\" class=\"yoast-schema-graph\">{\"@context\":\"https:\/\/schema.org\",\"@graph\":[{\"@type\":\"WebPage\",\"@id\":\"https:\/\/bixi.com\/fr\/stations-depot\/\",\"url\":\"https:\/\/bixi.com\/fr\/stations-depot\/\",\"name\":\"Stations d\u00e9p\u00f4t\",\"isPartOf\":{\"@id\":\"https:\/\/bixi.com\/fr\/#website\"},\"primaryImageOfPage\":{\"@id\":\"https:\/\/bixi.com\/fr\/stations-depot\/#primaryimage\"},\"image\":{\"@id\":\"https:\/\/bixi.com\/fr\/stations-depot\/#primaryimage\"},\"thumbnailUrl\":\"https:\/\/s3.ca-central-1.amazonaws.com\/cdn.bixi.com\/wp-content\/uploads\/2025\/06\/BIXI_location-velo-montreal-Stations-depot.jpg\",\"datePublished\":\"2026-04-06T17:21:22+00:00\",\"dateModified\":\"2026-04-13T17:50:30+00:00\",\"description\":\"Vous allez au centre-ville de Montr\u00e9al? D\u00e9posez et repartez facilement avec un BIXI lors des heures de pointe via les stations d\u00e9p\u00f4t!\",\"breadcrumb\":{\"@id\":\"https:\/\/bixi.com\/fr\/stations-depot\/#breadcrumb\"},\"inLanguage\":\"fr-FR\",\"potentialAction\":[{\"@type\":\"ReadAction\",\"target\":[\"https:\/\/bixi.com\/fr\/stations-depot\/\"]}]},{\"@type\":\"ImageObject\",\"inLanguage\":\"fr-FR\",\"@id\":\"https:\/\/bixi.com\/fr\/stations-depot\/#primaryimage\",\"url\":\"https:\/\/s3.ca-central-1.amazonaws.com\/cdn.bixi.com\/wp-content\/uploads\/2025\/06\/BIXI_location-velo-montreal-Stations-depot.jpg\",\"contentUrl\":\"https:\/\/s3.ca-central-1.amazonaws.com\/cdn.bixi.com\/wp-content\/uploads\/2025\/06\/BIXI_location-velo-montreal-Stations-depot.jpg\",\"width\":1920,\"height\":1280},{\"@type\":\"BreadcrumbList\",\"@id\":\"https:\/\/bixi.com\/fr\/stations-depot\/#breadcrumb\",\"itemListElement\":[{\"@type\":\"ListItem\",\"position\":1,\"name\":\"Home\",\"item\":\"https:\/\/bixi.com\/fr\/\"},{\"@type\":\"ListItem\",\"position\":2,\"name\":\"Stations d\u00e9p\u00f4t\"}]},{\"@type\":\"WebSite\",\"@id\":\"https:\/\/bixi.com\/fr\/#website\",\"url\":\"https:\/\/bixi.com\/fr\/\",\"name\":\"BIXI Montr\u00e9al\",\"description\":\"\",\"potentialAction\":[{\"@type\":\"SearchAction\",\"target\":{\"@type\":\"EntryPoint\",\"urlTemplate\":\"https:\/\/bixi.com\/fr\/?s={search_term_string}\"},\"query-input\":{\"@type\":\"PropertyValueSpecification\",\"valueRequired\":true,\"valueName\":\"search_term_string\"}}],\"inLanguage\":\"fr-FR\"}]}<\/script>\n<!-- \/ Yoast SEO plugin. -->","yoast_head_json":{"title":"Stations d\u00e9p\u00f4t","description":"Vous allez au centre-ville de Montr\u00e9al? D\u00e9posez et repartez facilement avec un BIXI lors des heures de pointe via les stations d\u00e9p\u00f4t!","robots":{"index":"index","follow":"follow","max-snippet":"max-snippet:-1","max-image-preview":"max-image-preview:large","max-video-preview":"max-video-preview:-1"},"canonical":"https:\/\/bixi.com\/fr\/stations-depot\/","og_locale":"fr_FR","og_type":"article","og_title":"Stations d\u00e9p\u00f4t","og_description":"Vous allez au centre-ville de Montr\u00e9al? D\u00e9posez et repartez facilement avec un BIXI lors des heures de pointe via les stations d\u00e9p\u00f4t!","og_url":"https:\/\/bixi.com\/fr\/stations-depot\/","og_site_name":"BIXI Montr\u00e9al","article_modified_time":"2026-04-13T17:50:30+00:00","og_image":[{"width":1920,"height":1280,"url":"https:\/\/s3.ca-central-1.amazonaws.com\/cdn.bixi.com\/wp-content\/uploads\/2025\/06\/BIXI_location-velo-montreal-Stations-depot.jpg","type":"image\/jpeg"}],"twitter_card":"summary_large_image","twitter_misc":{"Dur\u00e9e de lecture estim\u00e9e":"1 minute"},"schema":{"@context":"https:\/\/schema.org","@graph":[{"@type":"WebPage","@id":"https:\/\/bixi.com\/fr\/stations-depot\/","url":"https:\/\/bixi.com\/fr\/stations-depot\/","name":"Stations d\u00e9p\u00f4t","isPartOf":{"@id":"https:\/\/bixi.com\/fr\/#website"},"primaryImageOfPage":{"@id":"https:\/\/bixi.com\/fr\/stations-depot\/#primaryimage"},"image":{"@id":"https:\/\/bixi.com\/fr\/stations-depot\/#primaryimage"},"thumbnailUrl":"https:\/\/s3.ca-central-1.amazonaws.com\/cdn.bixi.com\/wp-content\/uploads\/2025\/06\/BIXI_location-velo-montreal-Stations-depot.jpg","datePublished":"2026-04-06T17:21:22+00:00","dateModified":"2026-04-13T17:50:30+00:00","description":"Vous allez au centre-ville de Montr\u00e9al? D\u00e9posez et repartez facilement avec un BIXI lors des heures de pointe via les stations d\u00e9p\u00f4t!","breadcrumb":{"@id":"https:\/\/bixi.com\/fr\/stations-depot\/#breadcrumb"},"inLanguage":"fr-FR","potentialAction":[{"@type":"ReadAction","target":["https:\/\/bixi.com\/fr\/stations-depot\/"]}]},{"@type":"ImageObject","inLanguage":"fr-FR","@id":"https:\/\/bixi.com\/fr\/stations-depot\/#primaryimage","url":"https:\/\/s3.ca-central-1.amazonaws.com\/cdn.bixi.com\/wp-content\/uploads\/2025\/06\/BIXI_location-velo-montreal-Stations-depot.jpg","contentUrl":"https:\/\/s3.ca-central-1.amazonaws.com\/cdn.bixi.com\/wp-content\/uploads\/2025\/06\/BIXI_location-velo-montreal-Stations-depot.jpg","width":1920,"height":1280},{"@type":"BreadcrumbList","@id":"https:\/\/bixi.com\/fr\/stations-depot\/#breadcrumb","itemListElement":[{"@type":"ListItem","position":1,"name":"Home","item":"https:\/\/bixi.com\/fr\/"},{"@type":"ListItem","position":2,"name":"Stations d\u00e9p\u00f4t"}]},{"@type":"WebSite","@id":"https:\/\/bixi.com\/fr\/#website","url":"https:\/\/bixi.com\/fr\/","name":"BIXI Montr\u00e9al","description":"","potentialAction":[{"@type":"SearchAction","target":{"@type":"EntryPoint","urlTemplate":"https:\/\/bixi.com\/fr\/?s={search_term_string}"},"query-input":{"@type":"PropertyValueSpecification","valueRequired":true,"valueName":"search_term_string"}}],"inLanguage":"fr-FR"}]}},"_links":{"self":[{"href":"https:\/\/bixi.com\/fr\/wp-json\/wp\/v2\/pages\/1926","targetHints":{"allow":["GET"]}}],"collection":[{"href":"https:\/\/bixi.com\/fr\/wp-json\/wp\/v2\/pages"}],"about":[{"href":"https:\/\/bixi.com\/fr\/wp-json\/wp\/v2\/types\/page"}],"author":[{"embeddable":true,"href":"https:\/\/bixi.com\/fr\/wp-json\/wp\/v2\/users\/37"}],"replies":[{"embeddable":true,"href":"https:\/\/bixi.com\/fr\/wp-json\/wp\/v2\/comments?post=1926"}],"version-history":[{"count":5,"href":"https:\/\/bixi.com\/fr\/wp-json\/wp\/v2\/pages\/1926\/revisions"}],"predecessor-version":[{"id":18552,"href":"https:\/\/bixi.com\/fr\/wp-json\/wp\/v2\/pages\/1926\/revisions\/18552"}],"wp:featuredmedia":[{"embeddable":true,"href":"https:\/\/bixi.com\/fr\/wp-json\/wp\/v2\/media\/15542"}],"wp:attachment":[{"href":"https:\/\/bixi.com\/fr\/wp-json\/wp\/v2\/media?parent=1926"}],"curies":[{"name":"wp","href":"https:\/\/api.w.org\/{rel}","templated":true}]}}