{"id":18909,"date":"2026-04-24T11:07:59","date_gmt":"2026-04-24T15:07:59","guid":{"rendered":"https:\/\/bixi.com\/?page_id=18909"},"modified":"2026-04-29T07:43:43","modified_gmt":"2026-04-29T11:43:43","slug":"politique-de-confidentialite-offre-nouveaux-clients-wealthsimple","status":"publish","type":"page","link":"https:\/\/bixi.com\/fr\/politique-de-confidentialite\/offre-nouveaux-clients-wealthsimple\/","title":{"rendered":"Politique de confidentialit\u00e9 | Offre nouveaux clients Wealthsimple"},"content":{"rendered":"\t\t\t\t\t\t<header  class=\"page-title section-block\">\n\t\t\t\t<div class=\"container\">\n\t\t\t\t\t<div class=\"row\">\n\t\t\t\t\t\t<div class=\"col-md-10\">\n\t\t\t\t\t\t\t<div class=\"section-title\">\n\t\t\t\t\t\t\t\t<h1 class=\"title title-1\">Politique de confidentialit\u00e9 li\u00e9e \u00e0 l&rsquo;offre pour les nouveaux clients de Wealthsimple\n<\/h1>\t\t\t\t\t\t\t<\/div>\n\t\t\t\t\t\t<\/div>\n\t\t\t\t\t<\/div>\n\t\t\t\t<\/div>\n\t\t\t<\/header>\n\t\t\t\t\t\n\n\t\t<section  class=\"half-title-half-text section-block\">\n\t\t\t<div class=\"container\">\n\t\t\t\t<div class=\"row content-wrapper\">\n\t\t\t\t\t<div class=\"col col-md-12\">\n\t\t\t\t\t\t\t\t\t\t\t\t<div class=\"row row-contents\">\n\t\t\t\t\t\t\t<div class=\"col-md-6 half-title\">\n\t\t\t\t\t\t\t\t<h2 class=\"main-title title-2\">Objectif de la Politique\n<\/h2>\t\t\t\t\t\t\t<\/div>\n\t\t\t\t\t\t\t<div class=\"col-md-6 half-content\">\n\t\t\t\t\t\t\t\t<div class=\"content\">\n\t\t\t\t\t\t\t\t\t\n\t\t\t\t\t\t\t\t\t\n\t\t\t\t\t\t\t\t\t\t\t\t\t\t\t\t\t\t\t<p>BIXI Montr\u00e9al (\u00ab <strong>BIXI<\/strong> \u00bb, \u00ab <strong>nous<\/strong> \u00bb, \u00ab <strong>notre<\/strong> \u00bb) prend \u00e0 c\u0153ur la protection de vos renseignements personnels.  <\/p>\n<p>Cette Politique de confidentialit\u00e9 (la \u00ab <strong>Politique<\/strong> \u00bb) a pour but de vous expliquer comment nous recueillons, utilisons et communiquons vos renseignements personnels dans le cadre de l\u2019<strong>Offre nouveaux clients Wealthsimple<\/strong>, lequel est offert en collaboration avec\u202fWealthsimple\u202f(le \u00ab\u202f<strong>Programme<\/strong>\u202f\u00bb). Une fois le processus d\u2019inscription compl\u00e9t\u00e9, ce Programme vous permettra de recevoir un cr\u00e9dit de 1 $ canadien dans votre compte\u202fWealthsimple\u202fpour chaque d\u00e9placement BIXI effectu\u00e9, jusqu&rsquo;\u00e0 concurrence de 200$, pendant la dur\u00e9e du Programme. En vous inscrivant au Programme, vous confirmez votre acceptation de la pr\u00e9sente Politique. Si vous n&rsquo;acceptez pas cette Politique, veuillez ne pas vous inscrire au Programme.\u202f <\/p>\n<p>Veuillez noter que cette Politique s&rsquo;applique en compl\u00e9ment de toute autre Politique de confidentialit\u00e9 de BIXI relative \u00e0 l\u2019utilisation du site Web de BIXI (le \u00ab\u202f<strong>Site<\/strong>\u202f\u00bb), de l\u2019application mobile de BIXI ou de ses services.  <\/p>\n<p>Veuillez aussi noter que la participation au Programme requiert la cr\u00e9ation d\u2019un compte aupr\u00e8s de Wealthsimple et que les renseignements personnels recueillis par Wealthsimple en lien avec ce compte et les services offerts par Wealthsimple sont r\u00e9gis par la Politique de confidentialit\u00e9 de Wealthsimple. La pr\u00e9sente Politique concerne seulement les renseignements personnels recueillis par BIXI en lien avec le Programme. <\/p>\n\t\t\t\t\t\t\t\t\t\n\t\t\t\t\t\t\t\t\t\t\t\t\t\t\t\t\t<\/div>\n\t\t\t\t\t\t\t<\/div>\n\t\t\t\t\t\t<\/div>\n\t\t\t\t\t\t\t\t\t\t\t\t<div class=\"row row-contents\">\n\t\t\t\t\t\t\t<div class=\"col-md-6 half-title\">\n\t\t\t\t\t\t\t\t<h2 class=\"main-title title-2\">Quels renseignements personnels recueillons-nous et par quels moyens les recueillons-nous?  \n<\/h2>\t\t\t\t\t\t\t<\/div>\n\t\t\t\t\t\t\t<div class=\"col-md-6 half-content\">\n\t\t\t\t\t\t\t\t<div class=\"content\">\n\t\t\t\t\t\t\t\t\t\n\t\t\t\t\t\t\t\t\t\n\t\t\t\t\t\t\t\t\t\t\t\t\t\t\t\t\t\t\t<p>Afin de participer au Programme vous devez remplir un formulaire d\u2019inscription disponible sur le Site, dans lequel vous devez fournir votre adresse courriel. Vous devez utiliser cette m\u00eame adresse courriel pour la cr\u00e9ation de votre compte aupr\u00e8s de Wealthsimple. <\/p>\n<p>De plus, BIXI recueille et a acc\u00e8s \u00e0 toutes vos donn\u00e9es de d\u00e9placements BIXI \u00e0 partir du 1er jour du mois de votre inscription au Programme. <\/p>\n\t\t\t\t\t\t\t\t\t\n\t\t\t\t\t\t\t\t\t\t\t\t\t\t\t\t\t<\/div>\n\t\t\t\t\t\t\t<\/div>\n\t\t\t\t\t\t<\/div>\n\t\t\t\t\t\t\t\t\t\t\t\t<div class=\"row row-contents\">\n\t\t\t\t\t\t\t<div class=\"col-md-6 half-title\">\n\t\t\t\t\t\t\t\t<h2 class=\"main-title title-2\">\u00c0 quelles fins utilisons-nous vos renseignements personnels?\n<\/h2>\t\t\t\t\t\t\t<\/div>\n\t\t\t\t\t\t\t<div class=\"col-md-6 half-content\">\n\t\t\t\t\t\t\t\t<div class=\"content\">\n\t\t\t\t\t\t\t\t\t\n\t\t\t\t\t\t\t\t\t\n\t\t\t\t\t\t\t\t\t\t\t\t\t\t\t\t\t\t\t<p>Nous utilisons vos renseignements personnels pour: <\/p>\n<ul>\n<li>Activer votre participation au Programme et vous permettre de b\u00e9n\u00e9ficier de ses avantages;<\/li>\n<li>Comptabiliser les d\u00e9placements BIXI admissibles en vertu du Programme;<\/li>\n<li>Assurer le suivi du plafond de 200 $ de cr\u00e9dits par participant sur la dur\u00e9e du Programme;<\/li>\n<li>Communiquer avec vous lorsque vous approchez du plafond et lorsque vous l\u2019atteignez;<\/li>\n<li>Traiter toute demande de retrait du Programme que vous pourriez soumettre \u00e0 BIXI, le cas \u00e9ch\u00e9ant<\/li>\n<li>Analyser et documenter \u00e0 l\u2019interne le comportement des participants; et<\/li>\n<p>\u202f <\/p>\n<li>Toute autre fin que nous identifions de temps \u00e0 autre et qui est autoris\u00e9e par la loi ou pour laquelle nous obtenons votre consentement sp\u00e9cifique.<\/li>\n<\/ul>\n\t\t\t\t\t\t\t\t\t\n\t\t\t\t\t\t\t\t\t\t\t\t\t\t\t\t\t<\/div>\n\t\t\t\t\t\t\t<\/div>\n\t\t\t\t\t\t<\/div>\n\t\t\t\t\t\t\t\t\t\t\t\t<div class=\"row row-contents\">\n\t\t\t\t\t\t\t<div class=\"col-md-6 half-title\">\n\t\t\t\t\t\t\t\t<h2 class=\"main-title title-2\">Avec qui partageons-nous vos renseignements personnels?  \n<\/h2>\t\t\t\t\t\t\t<\/div>\n\t\t\t\t\t\t\t<div class=\"col-md-6 half-content\">\n\t\t\t\t\t\t\t\t<div class=\"content\">\n\t\t\t\t\t\t\t\t\t\n\t\t\t\t\t\t\t\t\t\n\t\t\t\t\t\t\t\t\t\t\t\t\t\t\t\t\t\t\t<p>Le Programme est offert en collaboration avec Wealthsimple. BIXI transmet mensuellement \u00e0 Wealthsimple votre adresse courriel et le nombre de d\u00e9placements BIXI admissibles que vous avez effectu\u00e9s au cours du mois pr\u00e9c\u00e9dent afin que Wealthsimple vous octroie le cr\u00e9dit de 1$ par d\u00e9placement dans votre compte\u202fWealthsimple.\u202fBIXI partage \u00e9galement \u00e0 Wealthsimple le total cumulatif de vos d\u00e9placements BIXI admissibles aux fins du suivi du plafond de 200$.\u202f <\/p>\n<p>En plus de Wealthsimple, les membres du personnel de BIXI dont les fonctions le requi\u00e8rent, de m\u00eames que les fournisseurs de services de BIXI (par exemple, les fournisseurs de services d\u2019h\u00e9bergement) ont acc\u00e8s \u00e0 vos renseignements personnels recueillis par BIXI en lien avec le Programme, dans la mesure o\u00f9 un tel acc\u00e8s est requis aux fins \u00e9nonc\u00e9es dans cette Politique.  <\/p>\n<p>BIXI peut \u00e9galement rendre vos renseignements personnels accessibles \u00e0 d\u2019autres tiers conform\u00e9ment \u00e0 l\u2019application d\u2019une loi ou d\u2019une ordonnance d\u2019un tribunal, ou dans le cas o\u00f9 BIXI suspecte des activit\u00e9s criminelles ou ill\u00e9gales, telles que la fraude. BIXI peut aussi communiquer vos renseignements personnels \u00e0 des tiers, si cela est n\u00e9cessaire pour prot\u00e9ger ses actifs ou faire valoir ses droits. <\/p>\n\t\t\t\t\t\t\t\t\t\n\t\t\t\t\t\t\t\t\t\t\t\t\t\t\t\t\t<\/div>\n\t\t\t\t\t\t\t<\/div>\n\t\t\t\t\t\t<\/div>\n\t\t\t\t\t\t\t\t\t\t\t\t<div class=\"row row-contents\">\n\t\t\t\t\t\t\t<div class=\"col-md-6 half-title\">\n\t\t\t\t\t\t\t\t<h2 class=\"main-title title-2\">Vos renseignements personnels sont-ils transf\u00e9r\u00e9s \u00e0 l\u2019ext\u00e9rieur du Qu\u00e9bec?\n<\/h2>\t\t\t\t\t\t\t<\/div>\n\t\t\t\t\t\t\t<div class=\"col-md-6 half-content\">\n\t\t\t\t\t\t\t\t<div class=\"content\">\n\t\t\t\t\t\t\t\t\t\n\t\t\t\t\t\t\t\t\t\n\t\t\t\t\t\t\t\t\t\t\t\t\t\t\t\t\t\t\t<p>Les renseignements personnels recueillis par BIXI sont h\u00e9berg\u00e9s sur des serveurs s\u00e9curis\u00e9s pouvant \u00eatre situ\u00e9s \u00e0 l\u2019ext\u00e9rieur du Qu\u00e9bec, notamment ailleurs au Canada et aux \u00c9tats-Unis. Les lois relatives au traitement des renseignements personnels peuvent \u00eatre diff\u00e9rentes dans ces juridictions. BIXI exige toutefois des engagements en mati\u00e8re de protection des renseignements personnels de la part de Wealthsimple et de ses fournisseurs de services, tel qu\u2019indiqu\u00e9 dans la section \u00ab&nbsp;<strong>Comment prot\u00e9geons-nous la confidentialit\u00e9 de vos renseignements personnels?<\/strong>&nbsp;\u00bb. <\/p>\n\t\t\t\t\t\t\t\t\t\n\t\t\t\t\t\t\t\t\t\t\t\t\t\t\t\t\t<\/div>\n\t\t\t\t\t\t\t<\/div>\n\t\t\t\t\t\t<\/div>\n\t\t\t\t\t\t\t\t\t\t\t\t<div class=\"row row-contents\">\n\t\t\t\t\t\t\t<div class=\"col-md-6 half-title\">\n\t\t\t\t\t\t\t\t<h2 class=\"main-title title-2\">Combien de temps conservons-nous vos renseignements personnels?\n<\/h2>\t\t\t\t\t\t\t<\/div>\n\t\t\t\t\t\t\t<div class=\"col-md-6 half-content\">\n\t\t\t\t\t\t\t\t<div class=\"content\">\n\t\t\t\t\t\t\t\t\t\n\t\t\t\t\t\t\t\t\t\n\t\t\t\t\t\t\t\t\t\t\t\t\t\t\t\t\t\t\t<p>BIXI ne conserve vos renseignements personnels que pour la dur\u00e9e active de votre participation au Programme et une p\u00e9riode maximale de six (6) mois suivant la fin de celle-ci, et ce, que cette fin d\u00e9coule de votre d\u00e9sinscription volontaire au Programme, de la fermeture de votre compte BIXI, de la fermeture de votre compte Wealthsimple ou de la fin du Programme.   <\/p>\n<p>\u00c0 l&rsquo;issue de cette p\u00e9riode, vos renseignements personnels li\u00e9s au Programme seront d\u00e9truits par BIXI en toute s\u00e9curit\u00e9 ou ils seront anonymis\u00e9s de fa\u00e7on permanente.\u202fBIXI pourra utiliser ces donn\u00e9es anonymis\u00e9es \u00e0 des fins s\u00e9rieuses et l\u00e9gitimes sans autre pr\u00e9avis ni consentement. <\/p>\n<p>BIXI peut toutefois conserver vos renseignements personnels n\u00e9cessaires pour se confirmer \u00e0 ses obligations l\u00e9gales. <\/p>\n\t\t\t\t\t\t\t\t\t\n\t\t\t\t\t\t\t\t\t\t\t\t\t\t\t\t\t<\/div>\n\t\t\t\t\t\t\t<\/div>\n\t\t\t\t\t\t<\/div>\n\t\t\t\t\t\t\t\t\t\t\t\t<div class=\"row row-contents\">\n\t\t\t\t\t\t\t<div class=\"col-md-6 half-title\">\n\t\t\t\t\t\t\t\t<h2 class=\"main-title title-2\">Comment prot\u00e9geons-nous la confidentialit\u00e9 de vos renseignements personnels?\n<\/h2>\t\t\t\t\t\t\t<\/div>\n\t\t\t\t\t\t\t<div class=\"col-md-6 half-content\">\n\t\t\t\t\t\t\t\t<div class=\"content\">\n\t\t\t\t\t\t\t\t\t\n\t\t\t\t\t\t\t\t\t\n\t\t\t\t\t\t\t\t\t\t\t\t\t\t\t\t\t\t\t<p>Les renseignements personnels que nous recueillons ou auxquels nous avons acc\u00e8s sont conserv\u00e9s de mani\u00e8re confidentielle conform\u00e9ment aux lois applicables en mati\u00e8re de protection des renseignements personnels. Des mesures administratives, techniques et physiques raisonnables sont mises en place par BIXI afin de prot\u00e9ger vos renseignements personnels contre leur perte accidentelle, le vol, et tout acc\u00e8s, communication, copie, utilisation ou modification non autoris\u00e9s.  <\/p>\n<p>BIXI met aussi en place des protections contractuelles avec Wealthsimple et ses fournisseurs de services, en vertu desquelles ces derniers ont l\u2019obligation de limiter leur utilisation des renseignements personnels aux seules fins n\u00e9cessaires \u00e0 leur engagement envers BIXI. Ils ont aussi l\u2019obligation de mettre en \u0153uvre et de maintenir des mesures de s\u00e9curit\u00e9 administratives, techniques et physiques raisonnables afin de pr\u00e9server la s\u00e9curit\u00e9 et la confidentialit\u00e9 des renseignements personnels recueillis en vertu de la pr\u00e9sente Politique. <\/p>\n\t\t\t\t\t\t\t\t\t\n\t\t\t\t\t\t\t\t\t\t\t\t\t\t\t\t\t<\/div>\n\t\t\t\t\t\t\t<\/div>\n\t\t\t\t\t\t<\/div>\n\t\t\t\t\t\t\t\t\t\t\t\t<div class=\"row row-contents\">\n\t\t\t\t\t\t\t<div class=\"col-md-6 half-title\">\n\t\t\t\t\t\t\t\t<h2 class=\"main-title title-2\">Quels sont vos droits?\n<\/h2>\t\t\t\t\t\t\t<\/div>\n\t\t\t\t\t\t\t<div class=\"col-md-6 half-content\">\n\t\t\t\t\t\t\t\t<div class=\"content\">\n\t\t\t\t\t\t\t\t\t\n\t\t\t\t\t\t\t\t\t\n\t\t\t\t\t\t\t\t\t\t\t\t\t\t\t\t\t\t\t<p>Selon la l\u00e9gislation applicable, vous disposez de certains droits, tels que les suivants: <\/p>\n<ul>\n<li>Le droit de demander acc\u00e8s \u00e0 vos renseignements personnels;<\/li>\n<li>Le droit de demander la rectification de vos renseignements personnels qui sont inexacts ou incomplets;<\/li>\n<li>Le droit de retirer votre consentement \u00e0 la communication ou \u00e0 l\u2019utilisation de vos renseignement personnels, dans certaines circonstances; et<\/li>\n<li>Le droit d\u2019obtenir, dans un format technologique structur\u00e9 et couramment utilis\u00e9, vos renseignements personnels informatis\u00e9s que vous nous avez fournis ou de demander que ceux-ci soient transmis \u00e0 une autre personne ou \u00e0 un organisme dans ce m\u00eame format.<\/li>\n<\/ul>\n<p>Pour exercer l\u2019un de vos droits pr\u00e9vus par la loi applicable, veuillez nous contacter (voir la section \u00ab&nbsp;<strong>Comment communiquer avec BIXI?<\/strong>&nbsp;\u00bb).  <\/p>\n\t\t\t\t\t\t\t\t\t\n\t\t\t\t\t\t\t\t\t\t\t\t\t\t\t\t\t<\/div>\n\t\t\t\t\t\t\t<\/div>\n\t\t\t\t\t\t<\/div>\n\t\t\t\t\t\t\t\t\t\t\t\t<div class=\"row row-contents\">\n\t\t\t\t\t\t\t<div class=\"col-md-6 half-title\">\n\t\t\t\t\t\t\t\t<h2 class=\"main-title title-2\">Comment pouvez-vous vous d\u00e9sinscrire du Programme? \n<\/h2>\t\t\t\t\t\t\t<\/div>\n\t\t\t\t\t\t\t<div class=\"col-md-6 half-content\">\n\t\t\t\t\t\t\t\t<div class=\"content\">\n\t\t\t\t\t\t\t\t\t\n\t\t\t\t\t\t\t\t\t\n\t\t\t\t\t\t\t\t\t\t\t\t\t\t\t\t\t\t\t<p>Pour vous d\u00e9sinscrire du Programme en tout temps, veuillez nous contacter en cliquant sur l\u2019onglet \u00ab\u202fCentre d\u2019aide\u202f\u00bb du Site, ensuite sur l\u2019onglet \u00ab\u202fenvoyer une demande\u202f\u00bb et remplir le formulaire fourni. Votre d\u00e9sinscription au Programme prendra effet d\u00e8s r\u00e9ception de votre demande. Toutefois, le nombre de vos d\u00e9placements BIXI admissibles effectu\u00e9s avant la date de votre d\u00e9sinscription et non encore transmis \u00e0\u202fWealthsimple\u202flui sera partag\u00e9 \u00e0 la fin du mois.<\/p>\n\t\t\t\t\t\t\t\t\t\n\t\t\t\t\t\t\t\t\t\t\t\t\t\t\t\t\t<\/div>\n\t\t\t\t\t\t\t<\/div>\n\t\t\t\t\t\t<\/div>\n\t\t\t\t\t\t\t\t\t\t\t\t<div class=\"row row-contents\">\n\t\t\t\t\t\t\t<div class=\"col-md-6 half-title\">\n\t\t\t\t\t\t\t\t<h2 class=\"main-title title-2\">Comment communiquer avec BIXI?\n<\/h2>\t\t\t\t\t\t\t<\/div>\n\t\t\t\t\t\t\t<div class=\"col-md-6 half-content\">\n\t\t\t\t\t\t\t\t<div class=\"content\">\n\t\t\t\t\t\t\t\t\t\n\t\t\t\t\t\t\t\t\t\n\t\t\t\t\t\t\t\t\t\t\t\t\t\t\t\t\t\t\t<p>BIXI a nomm\u00e9 un responsable de la protection des renseignements personnels pour superviser le respect de ses pratiques en mati\u00e8re de protection des renseignements personnels. Pour en savoir plus sur ses pratiques, pour formuler une plainte \u00e0 cet \u00e9gard ou pour exercer l\u2019un des droits d\u00e9crits ci-dessus, vous pouvez contacter le responsable de la protection des renseignements personnels de BIXI, c\u2019est-\u00e0-dire son directeur g\u00e9n\u00e9ral, aux coordonn\u00e9es suivantes: <\/p>\n<p>Par courriel: info@bixi.com <\/p>\n<p>Par t\u00e9l\u00e9phone: 514-789-BIXI (2494) ou sans frais 1-877-820-2453 <\/p>\n<p>Par la poste: 5945&nbsp;avenue de Gasp\u00e9, Montr\u00e9al (Qu\u00e9bec) H2S&nbsp;2X4 <\/p>\n\t\t\t\t\t\t\t\t\t\n\t\t\t\t\t\t\t\t\t\t\t\t\t\t\t\t\t<\/div>\n\t\t\t\t\t\t\t<\/div>\n\t\t\t\t\t\t<\/div>\n\t\t\t\t\t\t\t\t\t\t\t\t<div class=\"row row-contents\">\n\t\t\t\t\t\t\t<div class=\"col-md-6 half-title\">\n\t\t\t\t\t\t\t\t<h2 class=\"main-title title-2\">Comment mettons-nous \u00e0 jour notre Politique?\n<\/h2>\t\t\t\t\t\t\t<\/div>\n\t\t\t\t\t\t\t<div class=\"col-md-6 half-content\">\n\t\t\t\t\t\t\t\t<div class=\"content\">\n\t\t\t\t\t\t\t\t\t\n\t\t\t\t\t\t\t\t\t\n\t\t\t\t\t\t\t\t\t\t\t\t\t\t\t\t\t\t\t<p>BIXI peut mettre cette Politique \u00e0 jour de temps \u00e0 autre. Des avis de mise \u00e0 jour pourront \u00eatre utilis\u00e9s pour vous signaler les r\u00e9centes modifications apport\u00e9es \u00e0 cette Politique. <\/p>\n<p>Derni\u00e8re mise \u00e0 jour: 16&nbsp;avril&nbsp;2026 <\/p>\n\t\t\t\t\t\t\t\t\t\n\t\t\t\t\t\t\t\t\t\t\t\t\t\t\t\t\t<\/div>\n\t\t\t\t\t\t\t<\/div>\n\t\t\t\t\t\t<\/div>\n\t\t\t\t\t\t\t\t\t\t\t<\/div>\n\t\t\t\t<\/div>\n\t\t\t<\/div>\n\t\t<\/section>\n\t","protected":false},"excerpt":{"rendered":"","protected":false},"author":37,"featured_media":0,"parent":0,"menu_order":21,"comment_status":"closed","ping_status":"closed","template":"","meta":{"_acf_changed":false,"footnotes":""},"class_list":["post-18909","page","type-page","status-publish","hentry"],"acf":{"has_pink_background":false},"yoast_head":"<!-- This site is optimized with the Yoast SEO plugin v25.1 - https:\/\/yoast.com\/wordpress\/plugins\/seo\/ -->\n<title>Politique de confidentialit\u00e9 | Offre nouveaux clients Wealthsimple - BIXI Montr\u00e9al<\/title>\n<meta name=\"robots\" content=\"index, follow, max-snippet:-1, max-image-preview:large, max-video-preview:-1\" \/>\n<link rel=\"canonical\" href=\"https:\/\/bixi.com\/fr\/politique-de-confidentialite\/offre-nouveaux-clients-wealthsimple\/\" \/>\n<meta property=\"og:locale\" content=\"fr_FR\" \/>\n<meta property=\"og:type\" content=\"article\" \/>\n<meta property=\"og:title\" content=\"Politique de confidentialit\u00e9 | Offre nouveaux clients Wealthsimple - BIXI Montr\u00e9al\" \/>\n<meta property=\"og:url\" content=\"https:\/\/bixi.com\/fr\/politique-de-confidentialite\/offre-nouveaux-clients-wealthsimple\/\" \/>\n<meta property=\"og:site_name\" content=\"BIXI Montr\u00e9al\" \/>\n<meta property=\"article:modified_time\" content=\"2026-04-29T11:43:43+00:00\" \/>\n<meta property=\"og:image\" content=\"https:\/\/s3.ca-central-1.amazonaws.com\/cdn.bixi.com\/wp-content\/uploads\/2023\/03\/share-default.png\" \/>\n\t<meta property=\"og:image:width\" content=\"1440\" \/>\n\t<meta property=\"og:image:height\" content=\"900\" \/>\n\t<meta property=\"og:image:type\" content=\"image\/png\" \/>\n<meta name=\"twitter:card\" content=\"summary_large_image\" \/>\n<script type=\"application\/ld+json\" class=\"yoast-schema-graph\">{\"@context\":\"https:\/\/schema.org\",\"@graph\":[{\"@type\":\"WebPage\",\"@id\":\"https:\/\/bixi.com\/fr\/politique-de-confidentialite\/offre-nouveaux-clients-wealthsimple\/\",\"url\":\"https:\/\/bixi.com\/fr\/politique-de-confidentialite\/offre-nouveaux-clients-wealthsimple\/\",\"name\":\"Politique de confidentialit\u00e9 | Offre nouveaux clients Wealthsimple - BIXI Montr\u00e9al\",\"isPartOf\":{\"@id\":\"https:\/\/bixi.com\/fr\/#website\"},\"datePublished\":\"2026-04-24T15:07:59+00:00\",\"dateModified\":\"2026-04-29T11:43:43+00:00\",\"breadcrumb\":{\"@id\":\"https:\/\/bixi.com\/fr\/politique-de-confidentialite\/offre-nouveaux-clients-wealthsimple\/#breadcrumb\"},\"inLanguage\":\"fr-FR\",\"potentialAction\":[{\"@type\":\"ReadAction\",\"target\":[\"https:\/\/bixi.com\/fr\/politique-de-confidentialite\/offre-nouveaux-clients-wealthsimple\/\"]}]},{\"@type\":\"BreadcrumbList\",\"@id\":\"https:\/\/bixi.com\/fr\/politique-de-confidentialite\/offre-nouveaux-clients-wealthsimple\/#breadcrumb\",\"itemListElement\":[{\"@type\":\"ListItem\",\"position\":1,\"name\":\"Home\",\"item\":\"https:\/\/bixi.com\/fr\/\"},{\"@type\":\"ListItem\",\"position\":2,\"name\":\"Politique de confidentialit\u00e9 | Offre nouveaux clients Wealthsimple\"}]},{\"@type\":\"WebSite\",\"@id\":\"https:\/\/bixi.com\/fr\/#website\",\"url\":\"https:\/\/bixi.com\/fr\/\",\"name\":\"BIXI Montr\u00e9al\",\"description\":\"\",\"potentialAction\":[{\"@type\":\"SearchAction\",\"target\":{\"@type\":\"EntryPoint\",\"urlTemplate\":\"https:\/\/bixi.com\/fr\/?s={search_term_string}\"},\"query-input\":{\"@type\":\"PropertyValueSpecification\",\"valueRequired\":true,\"valueName\":\"search_term_string\"}}],\"inLanguage\":\"fr-FR\"}]}<\/script>\n<!-- \/ Yoast SEO plugin. -->","yoast_head_json":{"title":"Politique de confidentialit\u00e9 | Offre nouveaux clients Wealthsimple - BIXI Montr\u00e9al","robots":{"index":"index","follow":"follow","max-snippet":"max-snippet:-1","max-image-preview":"max-image-preview:large","max-video-preview":"max-video-preview:-1"},"canonical":"https:\/\/bixi.com\/fr\/politique-de-confidentialite\/offre-nouveaux-clients-wealthsimple\/","og_locale":"fr_FR","og_type":"article","og_title":"Politique de confidentialit\u00e9 | Offre nouveaux clients Wealthsimple - BIXI Montr\u00e9al","og_url":"https:\/\/bixi.com\/fr\/politique-de-confidentialite\/offre-nouveaux-clients-wealthsimple\/","og_site_name":"BIXI Montr\u00e9al","article_modified_time":"2026-04-29T11:43:43+00:00","og_image":[{"width":1440,"height":900,"url":"https:\/\/s3.ca-central-1.amazonaws.com\/cdn.bixi.com\/wp-content\/uploads\/2023\/03\/share-default.png","type":"image\/png"}],"twitter_card":"summary_large_image","schema":{"@context":"https:\/\/schema.org","@graph":[{"@type":"WebPage","@id":"https:\/\/bixi.com\/fr\/politique-de-confidentialite\/offre-nouveaux-clients-wealthsimple\/","url":"https:\/\/bixi.com\/fr\/politique-de-confidentialite\/offre-nouveaux-clients-wealthsimple\/","name":"Politique de confidentialit\u00e9 | Offre nouveaux clients Wealthsimple - BIXI Montr\u00e9al","isPartOf":{"@id":"https:\/\/bixi.com\/fr\/#website"},"datePublished":"2026-04-24T15:07:59+00:00","dateModified":"2026-04-29T11:43:43+00:00","breadcrumb":{"@id":"https:\/\/bixi.com\/fr\/politique-de-confidentialite\/offre-nouveaux-clients-wealthsimple\/#breadcrumb"},"inLanguage":"fr-FR","potentialAction":[{"@type":"ReadAction","target":["https:\/\/bixi.com\/fr\/politique-de-confidentialite\/offre-nouveaux-clients-wealthsimple\/"]}]},{"@type":"BreadcrumbList","@id":"https:\/\/bixi.com\/fr\/politique-de-confidentialite\/offre-nouveaux-clients-wealthsimple\/#breadcrumb","itemListElement":[{"@type":"ListItem","position":1,"name":"Home","item":"https:\/\/bixi.com\/fr\/"},{"@type":"ListItem","position":2,"name":"Politique de confidentialit\u00e9 | Offre nouveaux clients Wealthsimple"}]},{"@type":"WebSite","@id":"https:\/\/bixi.com\/fr\/#website","url":"https:\/\/bixi.com\/fr\/","name":"BIXI Montr\u00e9al","description":"","potentialAction":[{"@type":"SearchAction","target":{"@type":"EntryPoint","urlTemplate":"https:\/\/bixi.com\/fr\/?s={search_term_string}"},"query-input":{"@type":"PropertyValueSpecification","valueRequired":true,"valueName":"search_term_string"}}],"inLanguage":"fr-FR"}]}},"_links":{"self":[{"href":"https:\/\/bixi.com\/fr\/wp-json\/wp\/v2\/pages\/18909","targetHints":{"allow":["GET"]}}],"collection":[{"href":"https:\/\/bixi.com\/fr\/wp-json\/wp\/v2\/pages"}],"about":[{"href":"https:\/\/bixi.com\/fr\/wp-json\/wp\/v2\/types\/page"}],"author":[{"embeddable":true,"href":"https:\/\/bixi.com\/fr\/wp-json\/wp\/v2\/users\/37"}],"replies":[{"embeddable":true,"href":"https:\/\/bixi.com\/fr\/wp-json\/wp\/v2\/comments?post=18909"}],"version-history":[{"count":5,"href":"https:\/\/bixi.com\/fr\/wp-json\/wp\/v2\/pages\/18909\/revisions"}],"predecessor-version":[{"id":19160,"href":"https:\/\/bixi.com\/fr\/wp-json\/wp\/v2\/pages\/18909\/revisions\/19160"}],"wp:attachment":[{"href":"https:\/\/bixi.com\/fr\/wp-json\/wp\/v2\/media?parent=18909"}],"curies":[{"name":"wp","href":"https:\/\/api.w.org\/{rel}","templated":true}]}}