{"id":1888,"date":"2023-03-07T17:33:12","date_gmt":"2023-03-07T22:33:12","guid":{"rendered":"https:\/\/bixi.com\/faq-tarifs\/"},"modified":"2026-03-26T16:02:06","modified_gmt":"2026-03-26T20:02:06","slug":"faq-tarifs","status":"publish","type":"page","link":"https:\/\/bixi.com\/fr\/faq-tarifs\/","title":{"rendered":"FAQ tarifs"},"content":{"rendered":"\t\t\t\t\t\t<header  class=\"page-title section-block\">\n\t\t\t\t<div class=\"container\">\n\t\t\t\t\t<div class=\"row\">\n\t\t\t\t\t\t<div class=\"col-md-10\">\n\t\t\t\t\t\t\t<div class=\"section-title\">\n\t\t\t\t\t\t\t\t<h1 class=\"title title-1\">FAQ Tarifs BIXI\n<\/h1>\t\t\t\t\t\t\t<\/div>\n\t\t\t\t\t\t<\/div>\n\t\t\t\t\t<\/div>\n\t\t\t\t<\/div>\n\t\t\t<\/header>\n\t\t\t\t\t\n\n\t\t<section  class=\"half-title-half-text section-block\">\n\t\t\t<div class=\"container\">\n\t\t\t\t<div class=\"row content-wrapper\">\n\t\t\t\t\t<div class=\"col col-md-12\">\n\t\t\t\t\t\t\t\t\t\t\t\t<div class=\"row row-contents\">\n\t\t\t\t\t\t\t<div class=\"col-md-6 half-title\">\n\t\t\t\t\t\t\t\t<h2 class=\"main-title title-2\">Tout savoir sur les tarifs\n<\/h2>\t\t\t\t\t\t\t<\/div>\n\t\t\t\t\t\t\t<div class=\"col-md-6 half-content\">\n\t\t\t\t\t\t\t\t<div class=\"content\">\n\t\t\t\t\t\t\t\t\t\n\t\t\t\t\t\t\t\t\t\n\t\t\t\t\t\t\t\t\t\t\t\t\t\t\t\t\t\t\t<p style=\"text-align: left;\">Voici les r\u00e9ponses \u00e0 quelques-unes des questions qui nous sont les plus fr\u00e9quemment pos\u00e9es. Si la v\u00f4tre ne se trouve pas dans la FAQ BIXI, il est toujours possible de contacter le service \u00e0 la client\u00e8le BIXI via <a href=\"https:\/\/bixi.com\/fr\/nous-joindre\/\">les canaux habituels<\/a>. Les agents seront heureux de clarifier certains points de la tarification pour vous. Cette FAQ BIXI sera \u00e9galement mise \u00e0 jour r\u00e9guli\u00e8rement pour ajouter des questions fr\u00e9quemment re\u00e7ues ou pr\u00e9ciser certains \u00e9l\u00e9ments. N\u2019h\u00e9sitez pas \u00e0 y revenir de temps en temps!<\/p>\n\t\t\t\t\t\t\t\t\t\n\t\t\t\t\t\t\t\t\t\t\t\t\t\t\t\t\t\t\t<div class=\"btns\">\n\t\t\t\t\t\t\t\t\t\t\t\t\t\t\t\t\t\t\t\t\t\t\t\t\t\t<a href=\"https:\/\/support.bixi.com\/hc\/fr\" \n\t\t\t\tclass=\"button button-primary \" \n\t\t\t\t \n\t\t\t\t>\n\t\t\t\t\t\t\t\t\t<span class=\"btn-mask\" data-button-label=\"Visiter le centre d'aide\">\n\t\t\t\t\t\t<span class=\"btn-label\">\n\t\t\t\t\t\t\tVisiter le centre d&rsquo;aide\t\t\t\t\t\t<\/span>\n\t\t\t\t\t<\/span>\n\t\t\t\t\t\t\t\t\t\t<span class=\"btn-mask-icon\">\n\t\t\t\t\t\t<i class=\"icon \"><\/i>\n\t\t\t\t\t<\/span>\n\t\t\t\t\t\t\t\t\t\t\t\t<\/a>\n\t\t\t\t\t\t\t\t\t\t\t\t\t\t\t\t\t\t\t\t\t\t\t<\/div>\n\t\t\t\t\t\t\t\t\t\t\t\t\t\t\t\t\t<\/div>\n\t\t\t\t\t\t\t<\/div>\n\t\t\t\t\t\t<\/div>\n\t\t\t\t\t\t\t\t\t\t\t<\/div>\n\t\t\t\t<\/div>\n\t\t\t<\/div>\n\t\t<\/section>\n\t\n\n \n\t\t<section  class=\"open-collapse section-block\">\n\t\t\t<div class=\"container-fluid\">\n\t\t\t\t<div class=\"row\">\n\t\t\t\t\t<div class=\"col-md-12\">\n\t\t\t\t\t\t<div class=\"section-title\">\n\t\t\t\t\t\t\t\t\t\t\t\t\t\t\t\t\t\t\t\t\t\t\t\t\t\t\t<\/div>\n\n\t\t\t\t\t\t\n\t\t\t\t\t\t\t<div class=\"open-collapse-wrapper\" data-collapser>\n\t\t\t\t\t\t\t\t<div class=\"open-collapse-title\" data-collapser-controller>\n\t\t\t\t\t\t\t\t\t<button class=\"toggle-btn\">\n\t\t\t\t\t\t\t\t\t\t<div class=\"oc-title title-4\">Pourquoi avez-vous maintenant une tarification \u00e0 la minute?<\/div>\n\t\t\t\t\t\t\t\t\t\t<span class=\"open-close-btn\"><\/span>\n\t\t\t\t\t\t\t\t\t<\/button>\n\t\t\t\t\t\t\t\t<\/div>\n\t\t\t\t\t\t\t\t<div class=\"open-collapse-content\" data-collapser-target>\n\t\t\t\t\t\t\t\t\t<div class=\"content\">\n\t\t\t\t\t\t\t\t\t\t<p>La tarification a \u00e9t\u00e9 chang\u00e9e pour \u00eatre plus flexible, plus accessible et mieux s\u2019adapter aux besoins et aux envies de TOUS les usagers. Cela permet de vous offrir des trajets courts beaucoup moins chers et ne plus limiter le temps de vos d\u00e9placements. Vous payez maintenant seulement pour ce que vous utilisez. Pas plus.<\/p>\n\t\t\t\n\t\t\t\t\t\t\t\t\t\t\t\t\t\t\t\t\t\t\t<\/div>\n\t\t\t\t\t\t\t\t<\/div>\n\t\t\t\t\t\t\t<\/div>\n\t\t\t\t\t\t\n\t\t\t\t\t\t\t<div class=\"open-collapse-wrapper\" data-collapser>\n\t\t\t\t\t\t\t\t<div class=\"open-collapse-title\" data-collapser-controller>\n\t\t\t\t\t\t\t\t\t<button class=\"toggle-btn\">\n\t\t\t\t\t\t\t\t\t\t<div class=\"oc-title title-4\">Pourquoi les d\u00e9placements \u00e0 BIXI \u00e9lectriques sont plus chers?<\/div>\n\t\t\t\t\t\t\t\t\t\t<span class=\"open-close-btn\"><\/span>\n\t\t\t\t\t\t\t\t\t<\/button>\n\t\t\t\t\t\t\t\t<\/div>\n\t\t\t\t\t\t\t\t<div class=\"open-collapse-content\" data-collapser-target>\n\t\t\t\t\t\t\t\t\t<div class=\"content\">\n\t\t\t\t\t\t\t\t\t\t<p>C\u2019est parce que les BIXI \u00e9lectriques demandent plus d\u2019attention que les autres au niveau des op\u00e9rations. Ils sont plus souvent transport\u00e9s vers l\u2019entrep\u00f4t, o\u00f9 l\u2019\u00e9quipe de <a href=\"https:\/\/www.cyclochrome.com\/\">CycloChrome<\/a> doit faire preuve d\u2019une certaine expertise pour assurer leur maintenance. Ils requi\u00e8rent \u00e9galement les soins d\u2019une \u00e9quipe sur la route d\u00e9di\u00e9e \u00e0 la recharge de leurs batteries pour s\u2019assurer qu\u2019elles soient toujours suffisamment pleines pour votre trajet.<\/p>\n\t\t\t\n\t\t\t\t\t\t\t\t\t\t\t\t\t\t\t\t\t\t\t<\/div>\n\t\t\t\t\t\t\t\t<\/div>\n\t\t\t\t\t\t\t<\/div>\n\t\t\t\t\t\t\n\t\t\t\t\t\t\t<div class=\"open-collapse-wrapper\" data-collapser>\n\t\t\t\t\t\t\t\t<div class=\"open-collapse-title\" data-collapser-controller>\n\t\t\t\t\t\t\t\t\t<button class=\"toggle-btn\">\n\t\t\t\t\t\t\t\t\t\t<div class=\"oc-title title-4\">Est-ce qu\u2019il y a un abonnement qui inclut des trajets illimit\u00e9s \u00e0 BIXI \u00e9lectriques?<\/div>\n\t\t\t\t\t\t\t\t\t\t<span class=\"open-close-btn\"><\/span>\n\t\t\t\t\t\t\t\t\t<\/button>\n\t\t\t\t\t\t\t\t<\/div>\n\t\t\t\t\t\t\t\t<div class=\"open-collapse-content\" data-collapser-target>\n\t\t\t\t\t\t\t\t\t<div class=\"content\">\n\t\t\t\t\t\t\t\t\t\t<p>Pas pour l\u2019instant. Nous restons cependant ouverts \u00e0 \u00e9valuer cette possibilit\u00e9 pour les saisons futures. D\u2019ici l\u00e0, les abonnements actuels accordent un rabais substantiel sur les minutes \u00e0 BIXI \u00e9lectrique.<\/p>\n\t\t\t\n\t\t\t\t\t\t\t\t\t\t\t\t\t\t\t\t\t\t\t<\/div>\n\t\t\t\t\t\t\t\t<\/div>\n\t\t\t\t\t\t\t<\/div>\n\t\t\t\t\t\t\n\t\t\t\t\t\t\t<div class=\"open-collapse-wrapper\" data-collapser>\n\t\t\t\t\t\t\t\t<div class=\"open-collapse-title\" data-collapser-controller>\n\t\t\t\t\t\t\t\t\t<button class=\"toggle-btn\">\n\t\t\t\t\t\t\t\t\t\t<div class=\"oc-title title-4\">Est-ce qu\u2019il y a des minutes d\u2019utilisation incluses lorsqu\u2019on prend l\u2019aller simple?<\/div>\n\t\t\t\t\t\t\t\t\t\t<span class=\"open-close-btn\"><\/span>\n\t\t\t\t\t\t\t\t\t<\/button>\n\t\t\t\t\t\t\t\t<\/div>\n\t\t\t\t\t\t\t\t<div class=\"open-collapse-content\" data-collapser-target>\n\t\t\t\t\t\t\t\t\t<div class=\"content\">\n\t\t\t\t\t\t\t\t\t\t<p>Non. Le frais initial vous permet simplement de proc\u00e9der \u00e0 la location de v\u00e9lo en d\u00e9verrouillant celui de votre choix. Par la suite, vous pouvez faire un trajet de la dur\u00e9e qui vous pla\u00eet et chaque minute vous sera factur\u00e9e individuellement.<\/p>\n\t\t\t\n\t\t\t\t\t\t\t\t\t\t\t\t\t\t\t\t\t\t\t<\/div>\n\t\t\t\t\t\t\t\t<\/div>\n\t\t\t\t\t\t\t<\/div>\n\t\t\t\t\t\t\n\t\t\t\t\t\t\t<div class=\"open-collapse-wrapper\" data-collapser>\n\t\t\t\t\t\t\t\t<div class=\"open-collapse-title\" data-collapser-controller>\n\t\t\t\t\t\t\t\t\t<button class=\"toggle-btn\">\n\t\t\t\t\t\t\t\t\t\t<div class=\"oc-title title-4\">Est-ce qu\u2019il y a des minutes d\u2019utilisation incluses lorsqu\u2019on a un abonnement?<\/div>\n\t\t\t\t\t\t\t\t\t\t<span class=\"open-close-btn\"><\/span>\n\t\t\t\t\t\t\t\t\t<\/button>\n\t\t\t\t\t\t\t\t<\/div>\n\t\t\t\t\t\t\t\t<div class=\"open-collapse-content\" data-collapser-target>\n\t\t\t\t\t\t\t\t\t<div class=\"content\">\n\t\t\t\t\t\t\t\t\t\t<p>Oui! 45 minutes de d\u00e9placement \u00e0 BIXI r\u00e9gulier sont incluses avec votre abonnement saisonnier ou mensuel.<\/p>\n\t\t\t\n\t\t\t\t\t\t\t\t\t\t\t\t\t\t\t\t\t\t\t<\/div>\n\t\t\t\t\t\t\t\t<\/div>\n\t\t\t\t\t\t\t<\/div>\n\t\t\t\t\t\t\n\t\t\t\t\t\t\t<div class=\"open-collapse-wrapper\" data-collapser>\n\t\t\t\t\t\t\t\t<div class=\"open-collapse-title\" data-collapser-controller>\n\t\t\t\t\t\t\t\t\t<button class=\"toggle-btn\">\n\t\t\t\t\t\t\t\t\t\t<div class=\"oc-title title-4\">Je ne souhaite utiliser BIXI qu&rsquo;occasionnellement, puis-je le faire sans m&rsquo;abonner?<\/div>\n\t\t\t\t\t\t\t\t\t\t<span class=\"open-close-btn\"><\/span>\n\t\t\t\t\t\t\t\t\t<\/button>\n\t\t\t\t\t\t\t\t<\/div>\n\t\t\t\t\t\t\t\t<div class=\"open-collapse-content\" data-collapser-target>\n\t\t\t\t\t\t\t\t\t<div class=\"content\">\n\t\t\t\t\t\t\t\t\t\t<p>Oui! Il est possible de se procurer un aller simple lorsque vous en avez besoin via l\u2019application mobile BIXI ou la borne de la plupart des stations. Pour plus de d\u00e9tails, consultez le tarif <a href=\"https:\/\/bixi.com\/fr\/aller-simple\/\">aller simple<\/a>.<\/p>\n\t\t\t\n\t\t\t\t\t\t\t\t\t\t\t\t\t\t\t\t\t\t\t<\/div>\n\t\t\t\t\t\t\t\t<\/div>\n\t\t\t\t\t\t\t<\/div>\n\t\t\t\t\t\t\n\t\t\t\t\t\t\t<div class=\"open-collapse-wrapper\" data-collapser>\n\t\t\t\t\t\t\t\t<div class=\"open-collapse-title\" data-collapser-controller>\n\t\t\t\t\t\t\t\t\t<button class=\"toggle-btn\">\n\t\t\t\t\t\t\t\t\t\t<div class=\"oc-title title-4\">Je veux m\u2019abonner pour toute la saison. Comment faire?<\/div>\n\t\t\t\t\t\t\t\t\t\t<span class=\"open-close-btn\"><\/span>\n\t\t\t\t\t\t\t\t\t<\/button>\n\t\t\t\t\t\t\t\t<\/div>\n\t\t\t\t\t\t\t\t<div class=\"open-collapse-content\" data-collapser-target>\n\t\t\t\t\t\t\t\t\t<div class=\"content\">\n\t\t\t\t\t\t\t\t\t\t<p>L\u2019abonnement saisonnier est disponible jusqu\u2019au 31 mai 2026 inclusivement. Vous pouvez vous le procurer ici. Apr\u00e8s cette date, optez pour l\u2019<a href=\"https:\/\/bixi.com\/fr\/abonnement-mensuel\/\">abonnement mensuel<\/a>.<\/p>\n\t\t\t\n\t\t\t\t\t\t\t\t\t\t\t\t\t\t\t\t\t\t\t<\/div>\n\t\t\t\t\t\t\t\t<\/div>\n\t\t\t\t\t\t\t<\/div>\n\t\t\t\t\t\t\n\t\t\t\t\t\t\t<div class=\"open-collapse-wrapper\" data-collapser>\n\t\t\t\t\t\t\t\t<div class=\"open-collapse-title\" data-collapser-controller>\n\t\t\t\t\t\t\t\t\t<button class=\"toggle-btn\">\n\t\t\t\t\t\t\t\t\t\t<div class=\"oc-title title-4\">Qu\u2019est-ce que le d\u00e9p\u00f4t de garantie de 100$?<\/div>\n\t\t\t\t\t\t\t\t\t\t<span class=\"open-close-btn\"><\/span>\n\t\t\t\t\t\t\t\t\t<\/button>\n\t\t\t\t\t\t\t\t<\/div>\n\t\t\t\t\t\t\t\t<div class=\"open-collapse-content\" data-collapser-target>\n\t\t\t\t\t\t\t\t\t<div class=\"content\">\n\t\t\t\t\t\t\t\t\t\t<p>Lorsque vous acc\u00e9dez au syst\u00e8me BIXI avec un aller simple, une pr\u00e9autorisation de 100$ par v\u00e9lo est gel\u00e9e sur votre carte de cr\u00e9dit. Ce montant n\u2019est pas d\u00e9bit\u00e9 de votre compte, il est utilis\u00e9 comme garantie et vous est habituellement retourn\u00e9 dans une p\u00e9riode de 10 jours. (Le d\u00e9lai peut varier selon votre fournisseur de carte de cr\u00e9dit.) Le retour peut prendre jusqu&rsquo;\u00e0 30 jours avec l\u2019utilisation d\u2019une carte de cr\u00e9dit internationale.<\/p>\n\t\t\t\n\t\t\t\t\t\t\t\t\t\t\t\t\t\t\t\t\t\t\t<\/div>\n\t\t\t\t\t\t\t\t<\/div>\n\t\t\t\t\t\t\t<\/div>\n\t\t\t\t\t\t\n\t\t\t\t\t\t\t<div class=\"open-collapse-wrapper\" data-collapser>\n\t\t\t\t\t\t\t\t<div class=\"open-collapse-title\" data-collapser-controller>\n\t\t\t\t\t\t\t\t\t<button class=\"toggle-btn\">\n\t\t\t\t\t\t\t\t\t\t<div class=\"oc-title title-4\">Comment souscrire \u00e0 un abonnement?<\/div>\n\t\t\t\t\t\t\t\t\t\t<span class=\"open-close-btn\"><\/span>\n\t\t\t\t\t\t\t\t\t<\/button>\n\t\t\t\t\t\t\t\t<\/div>\n\t\t\t\t\t\t\t\t<div class=\"open-collapse-content\" data-collapser-target>\n\t\t\t\t\t\t\t\t\t<div class=\"content\">\n\t\t\t\t\t\t\t\t\t\t<p>Les abonnements saisonnier et mensuel sont offerts via notre site web et l\u2019application mobile BIXI. Si vous n\u2019avez pas acc\u00e8s \u00e0 Internet, il vous suffit de contacter notre service \u00e0 la client\u00e8le au 514-789-BIXI (2494) ou au 1-877-820-2453. Ouvert 24\/7. Veuillez noter que le paiement se fait par carte VISA, MasterCard ou AMEX, et qu\u2019une adresse courriel vous sera demand\u00e9e. Toutefois, aucun d\u00e9p\u00f4t de s\u00e9curit\u00e9 ne sera per\u00e7u sur votre carte.<\/p>\n\t\t\t\n\t\t\t\t\t\t\t\t\t\t\t\t\t\t\t\t\t\t\t<\/div>\n\t\t\t\t\t\t\t\t<\/div>\n\t\t\t\t\t\t\t<\/div>\n\t\t\t\t\t\t\n\t\t\t\t\t\t\t<div class=\"open-collapse-wrapper\" data-collapser>\n\t\t\t\t\t\t\t\t<div class=\"open-collapse-title\" data-collapser-controller>\n\t\t\t\t\t\t\t\t\t<button class=\"toggle-btn\">\n\t\t\t\t\t\t\t\t\t\t<div class=\"oc-title title-4\">Comment se procurer un aller simple?<\/div>\n\t\t\t\t\t\t\t\t\t\t<span class=\"open-close-btn\"><\/span>\n\t\t\t\t\t\t\t\t\t<\/button>\n\t\t\t\t\t\t\t\t<\/div>\n\t\t\t\t\t\t\t\t<div class=\"open-collapse-content\" data-collapser-target>\n\t\t\t\t\t\t\t\t\t<div class=\"content\">\n\t\t\t\t\t\t\t\t\t\t<p>Les allers simples sont offerts via l&rsquo;application BIXI et \u00e0 la borne de la majorit\u00e9 des stations. Le paiement se fait par carte VISA, MasterCard ou AMEX. Veuillez noter qu\u2019un d\u00e9p\u00f4t de garantie de 100$ par v\u00e9lo est port\u00e9 \u00e0 votre carte de cr\u00e9dit. Ce d\u00e9p\u00f4t est conserv\u00e9 pour une p\u00e9riode maximale de 10 jours. Le retour du d\u00e9p\u00f4t peut prendre jusqu&rsquo;\u00e0 30 jours avec une carte de cr\u00e9dit internationale.<\/p>\n\t\t\t\n\t\t\t\t\t\t\t\t\t\t\t\t\t\t\t\t\t\t\t<\/div>\n\t\t\t\t\t\t\t\t<\/div>\n\t\t\t\t\t\t\t<\/div>\n\t\t\t\t\t\t\n\t\t\t\t\t\t\t<div class=\"open-collapse-wrapper\" data-collapser>\n\t\t\t\t\t\t\t\t<div class=\"open-collapse-title\" data-collapser-controller>\n\t\t\t\t\t\t\t\t\t<button class=\"toggle-btn\">\n\t\t\t\t\t\t\t\t\t\t<div class=\"oc-title title-4\">Comment mes frais de d\u00e9placement sont-ils factur\u00e9s?<\/div>\n\t\t\t\t\t\t\t\t\t\t<span class=\"open-close-btn\"><\/span>\n\t\t\t\t\t\t\t\t\t<\/button>\n\t\t\t\t\t\t\t\t<\/div>\n\t\t\t\t\t\t\t\t<div class=\"open-collapse-content\" data-collapser-target>\n\t\t\t\t\t\t\t\t\t<div class=\"content\">\n\t\t\t\t\t\t\t\t\t\t<p>Pour les abonn\u00e9s BIXI, les frais suppl\u00e9mentaires (si applicables) pour les d\u00e9placements \u00e0 BIXI \u00e9lectrique ou ceux de plus de 45 minutes \u00e0 BIXI r\u00e9gulier vous sont charg\u00e9s le 20e jour de chaque mois, ou lorsque le montant atteint 200$, selon ce qui se produit en premier. Un courriel vous est envoy\u00e9 chaque mois pour vous aviser de la disponibilit\u00e9 de votre relev\u00e9 en ligne. Le relev\u00e9 de vos d\u00e9placements est disponible dans votre Espace BIXI. Dans le cas des allers simples, les frais d\u2019acc\u00e8s au syst\u00e8me et les frais d\u2019utilisation sont port\u00e9s \u00e0 la carte de cr\u00e9dit \u00e0 la fin de votre p\u00e9riode de location.<\/p>\n\t\t\t\n\t\t\t\t\t\t\t\t\t\t\t\t\t\t\t\t\t\t\t<\/div>\n\t\t\t\t\t\t\t\t<\/div>\n\t\t\t\t\t\t\t<\/div>\n\t\t\t\t\t\t\n\t\t\t\t\t\t\t<div class=\"open-collapse-wrapper\" data-collapser>\n\t\t\t\t\t\t\t\t<div class=\"open-collapse-title\" data-collapser-controller>\n\t\t\t\t\t\t\t\t\t<button class=\"toggle-btn\">\n\t\t\t\t\t\t\t\t\t\t<div class=\"oc-title title-4\">Est-il possible de s&rsquo;abonner si l&rsquo;on ne poss\u00e8de pas de carte de cr\u00e9dit?<\/div>\n\t\t\t\t\t\t\t\t\t\t<span class=\"open-close-btn\"><\/span>\n\t\t\t\t\t\t\t\t\t<\/button>\n\t\t\t\t\t\t\t\t<\/div>\n\t\t\t\t\t\t\t\t<div class=\"open-collapse-content\" data-collapser-target>\n\t\t\t\t\t\t\t\t\t<div class=\"content\">\n\t\t\t\t\t\t\t\t\t\t<p>Oui. Vous avez l\u2019option de vous abonner sans \u00eatre titulaire d\u2019une carte de cr\u00e9dit ou carte de cr\u00e9dit pr\u00e9pay\u00e9e en devenant un co-abonn\u00e9. Le titulaire du compte et d\u00e9tenteur de la carte de cr\u00e9dit associ\u00e9e \u00e0 celui-ci remplira le formulaire d\u2019abonnement pour vous y ajouter. Cette personne deviendra responsable du compte et des transactions financi\u00e8res de tous les abonn\u00e9s de son compte.<\/p>\n\t\t\t\n\t\t\t\t\t\t\t\t\t\t\t\t\t\t\t\t\t\t\t<\/div>\n\t\t\t\t\t\t\t\t<\/div>\n\t\t\t\t\t\t\t<\/div>\n\t\t\t\t\t\t\n\t\t\t\t\t\t\t<div class=\"open-collapse-wrapper\" data-collapser>\n\t\t\t\t\t\t\t\t<div class=\"open-collapse-title\" data-collapser-controller>\n\t\t\t\t\t\t\t\t\t<button class=\"toggle-btn\">\n\t\t\t\t\t\t\t\t\t\t<div class=\"oc-title title-4\">Qu\u2019est-ce qu\u2019un abonnement avec un co-abonn\u00e9 implique?<\/div>\n\t\t\t\t\t\t\t\t\t\t<span class=\"open-close-btn\"><\/span>\n\t\t\t\t\t\t\t\t\t<\/button>\n\t\t\t\t\t\t\t\t<\/div>\n\t\t\t\t\t\t\t\t<div class=\"open-collapse-content\" data-collapser-target>\n\t\t\t\t\t\t\t\t\t<div class=\"content\">\n\t\t\t\t\t\t\t\t\t\t<p>Un titulaire de compte BIXI li\u00e9 \u00e0 une carte de cr\u00e9dit peut avoir plusieurs abonn\u00e9s \u00e0 sa charge. Cette personne est responsable du compte et des transactions financi\u00e8res de tous ses co-abonn\u00e9s, soit le montant de leurs abonnements respectifs et leurs frais d\u2019utilisation (si applicables). Seul le titulaire peut renouveler les abonnements de ses co-abonn\u00e9s. Si le v\u00e9lo de l\u2019un des co-abonn\u00e9s est perdu, les frais seront port\u00e9s \u00e0 la carte de cr\u00e9dit du titulaire du compte. Le 20e jour de chaque mois, le titulaire recevra un \u00e9tat de compte o\u00f9 le d\u00e9tail des frais sera indiqu\u00e9 pour chacun des abonn\u00e9s dont il est responsable.<\/p>\n\t\t\t\n\t\t\t\t\t\t\t\t\t\t\t\t\t\t\t\t\t\t\t<\/div>\n\t\t\t\t\t\t\t\t<\/div>\n\t\t\t\t\t\t\t<\/div>\n\t\t\t\t\t\t\t\t\t\t\t<\/div>\n\t\t\t\t<\/div>\n\t\t\t<\/div>\n\t\t<\/section>\n\t","protected":false},"excerpt":{"rendered":"","protected":false},"author":6,"featured_media":0,"parent":0,"menu_order":66,"comment_status":"closed","ping_status":"closed","template":"","meta":{"_acf_changed":false,"footnotes":""},"class_list":["post-1888","page","type-page","status-publish","hentry"],"acf":{"has_pink_background":false},"yoast_head":"<!-- This site is optimized with the Yoast SEO plugin v25.1 - https:\/\/yoast.com\/wordpress\/plugins\/seo\/ -->\n<title>FAQ tarifs<\/title>\n<meta name=\"description\" content=\"Vous avez des questions concernant les tarifs pour faire la location d&#039;un v\u00e9lo BIXI? La FAQ tarifs vous permettra de trouver les r\u00e9ponses!\" \/>\n<meta name=\"robots\" content=\"index, follow, max-snippet:-1, max-image-preview:large, max-video-preview:-1\" \/>\n<link rel=\"canonical\" href=\"https:\/\/bixi.com\/fr\/faq-tarifs\/\" \/>\n<meta property=\"og:locale\" content=\"fr_FR\" \/>\n<meta property=\"og:type\" content=\"article\" \/>\n<meta property=\"og:title\" content=\"FAQ tarifs\" \/>\n<meta property=\"og:description\" content=\"Vous avez des questions concernant les tarifs pour faire la location d&#039;un v\u00e9lo BIXI? La FAQ tarifs vous permettra de trouver les r\u00e9ponses!\" \/>\n<meta property=\"og:url\" content=\"https:\/\/bixi.com\/fr\/faq-tarifs\/\" \/>\n<meta property=\"og:site_name\" content=\"BIXI Montr\u00e9al\" \/>\n<meta property=\"article:modified_time\" content=\"2026-03-26T20:02:06+00:00\" \/>\n<meta property=\"og:image\" content=\"https:\/\/s3.ca-central-1.amazonaws.com\/cdn.bixi.com\/wp-content\/uploads\/2023\/03\/share-default.png\" \/>\n\t<meta property=\"og:image:width\" content=\"1440\" \/>\n\t<meta property=\"og:image:height\" content=\"900\" \/>\n\t<meta property=\"og:image:type\" content=\"image\/png\" \/>\n<meta name=\"twitter:card\" content=\"summary_large_image\" \/>\n<script type=\"application\/ld+json\" class=\"yoast-schema-graph\">{\"@context\":\"https:\/\/schema.org\",\"@graph\":[{\"@type\":\"WebPage\",\"@id\":\"https:\/\/bixi.com\/fr\/faq-tarifs\/\",\"url\":\"https:\/\/bixi.com\/fr\/faq-tarifs\/\",\"name\":\"FAQ tarifs\",\"isPartOf\":{\"@id\":\"https:\/\/bixi.com\/fr\/#website\"},\"datePublished\":\"2023-03-07T22:33:12+00:00\",\"dateModified\":\"2026-03-26T20:02:06+00:00\",\"description\":\"Vous avez des questions concernant les tarifs pour faire la location d'un v\u00e9lo BIXI? La FAQ tarifs vous permettra de trouver les r\u00e9ponses!\",\"breadcrumb\":{\"@id\":\"https:\/\/bixi.com\/fr\/faq-tarifs\/#breadcrumb\"},\"inLanguage\":\"fr-FR\",\"potentialAction\":[{\"@type\":\"ReadAction\",\"target\":[\"https:\/\/bixi.com\/fr\/faq-tarifs\/\"]}]},{\"@type\":\"BreadcrumbList\",\"@id\":\"https:\/\/bixi.com\/fr\/faq-tarifs\/#breadcrumb\",\"itemListElement\":[{\"@type\":\"ListItem\",\"position\":1,\"name\":\"Home\",\"item\":\"https:\/\/bixi.com\/fr\/\"},{\"@type\":\"ListItem\",\"position\":2,\"name\":\"FAQ tarifs\"}]},{\"@type\":\"WebSite\",\"@id\":\"https:\/\/bixi.com\/fr\/#website\",\"url\":\"https:\/\/bixi.com\/fr\/\",\"name\":\"BIXI Montr\u00e9al\",\"description\":\"\",\"potentialAction\":[{\"@type\":\"SearchAction\",\"target\":{\"@type\":\"EntryPoint\",\"urlTemplate\":\"https:\/\/bixi.com\/fr\/?s={search_term_string}\"},\"query-input\":{\"@type\":\"PropertyValueSpecification\",\"valueRequired\":true,\"valueName\":\"search_term_string\"}}],\"inLanguage\":\"fr-FR\"}]}<\/script>\n<!-- \/ Yoast SEO plugin. -->","yoast_head_json":{"title":"FAQ tarifs","description":"Vous avez des questions concernant les tarifs pour faire la location d'un v\u00e9lo BIXI? La FAQ tarifs vous permettra de trouver les r\u00e9ponses!","robots":{"index":"index","follow":"follow","max-snippet":"max-snippet:-1","max-image-preview":"max-image-preview:large","max-video-preview":"max-video-preview:-1"},"canonical":"https:\/\/bixi.com\/fr\/faq-tarifs\/","og_locale":"fr_FR","og_type":"article","og_title":"FAQ tarifs","og_description":"Vous avez des questions concernant les tarifs pour faire la location d'un v\u00e9lo BIXI? La FAQ tarifs vous permettra de trouver les r\u00e9ponses!","og_url":"https:\/\/bixi.com\/fr\/faq-tarifs\/","og_site_name":"BIXI Montr\u00e9al","article_modified_time":"2026-03-26T20:02:06+00:00","og_image":[{"width":1440,"height":900,"url":"https:\/\/s3.ca-central-1.amazonaws.com\/cdn.bixi.com\/wp-content\/uploads\/2023\/03\/share-default.png","type":"image\/png"}],"twitter_card":"summary_large_image","schema":{"@context":"https:\/\/schema.org","@graph":[{"@type":"WebPage","@id":"https:\/\/bixi.com\/fr\/faq-tarifs\/","url":"https:\/\/bixi.com\/fr\/faq-tarifs\/","name":"FAQ tarifs","isPartOf":{"@id":"https:\/\/bixi.com\/fr\/#website"},"datePublished":"2023-03-07T22:33:12+00:00","dateModified":"2026-03-26T20:02:06+00:00","description":"Vous avez des questions concernant les tarifs pour faire la location d'un v\u00e9lo BIXI? La FAQ tarifs vous permettra de trouver les r\u00e9ponses!","breadcrumb":{"@id":"https:\/\/bixi.com\/fr\/faq-tarifs\/#breadcrumb"},"inLanguage":"fr-FR","potentialAction":[{"@type":"ReadAction","target":["https:\/\/bixi.com\/fr\/faq-tarifs\/"]}]},{"@type":"BreadcrumbList","@id":"https:\/\/bixi.com\/fr\/faq-tarifs\/#breadcrumb","itemListElement":[{"@type":"ListItem","position":1,"name":"Home","item":"https:\/\/bixi.com\/fr\/"},{"@type":"ListItem","position":2,"name":"FAQ tarifs"}]},{"@type":"WebSite","@id":"https:\/\/bixi.com\/fr\/#website","url":"https:\/\/bixi.com\/fr\/","name":"BIXI Montr\u00e9al","description":"","potentialAction":[{"@type":"SearchAction","target":{"@type":"EntryPoint","urlTemplate":"https:\/\/bixi.com\/fr\/?s={search_term_string}"},"query-input":{"@type":"PropertyValueSpecification","valueRequired":true,"valueName":"search_term_string"}}],"inLanguage":"fr-FR"}]}},"_links":{"self":[{"href":"https:\/\/bixi.com\/fr\/wp-json\/wp\/v2\/pages\/1888","targetHints":{"allow":["GET"]}}],"collection":[{"href":"https:\/\/bixi.com\/fr\/wp-json\/wp\/v2\/pages"}],"about":[{"href":"https:\/\/bixi.com\/fr\/wp-json\/wp\/v2\/types\/page"}],"author":[{"embeddable":true,"href":"https:\/\/bixi.com\/fr\/wp-json\/wp\/v2\/users\/6"}],"replies":[{"embeddable":true,"href":"https:\/\/bixi.com\/fr\/wp-json\/wp\/v2\/comments?post=1888"}],"version-history":[{"count":5,"href":"https:\/\/bixi.com\/fr\/wp-json\/wp\/v2\/pages\/1888\/revisions"}],"predecessor-version":[{"id":18006,"href":"https:\/\/bixi.com\/fr\/wp-json\/wp\/v2\/pages\/1888\/revisions\/18006"}],"wp:attachment":[{"href":"https:\/\/bixi.com\/fr\/wp-json\/wp\/v2\/media?parent=1888"}],"curies":[{"name":"wp","href":"https:\/\/api.w.org\/{rel}","templated":true}]}}