{"id":1884,"date":"2023-03-07T17:33:12","date_gmt":"2023-03-07T22:33:12","guid":{"rendered":"https:\/\/bixi.com\/suggerer-une-station\/"},"modified":"2025-03-28T16:34:37","modified_gmt":"2025-03-28T20:34:37","slug":"suggerer-une-station","status":"publish","type":"page","link":"https:\/\/bixi.com\/fr\/suggerer-une-station\/","title":{"rendered":"Sugg\u00e9rer une station"},"content":{"rendered":"\t\t\t\t\t\t<header  class=\"page-title section-block\">\n\t\t\t\t<div class=\"container\">\n\t\t\t\t\t<div class=\"row\">\n\t\t\t\t\t\t<div class=\"col-md-10\">\n\t\t\t\t\t\t\t<div class=\"section-title\">\n\t\t\t\t\t\t\t\t<h1 class=\"title title-1\">Sugg\u00e9rer une station\n<\/h1>\t\t\t\t\t\t\t<\/div>\n\t\t\t\t\t\t<\/div>\n\t\t\t\t\t<\/div>\n\t\t\t\t<\/div>\n\t\t\t<\/header>\n\t\t\t\t\t\n\n\t\t<section  class=\"two-col-full-image section-block \">\n\t\t\t<div class=\"container\">\n\t\t\t\t<div class=\"row content-wrapper\">\n\t\t\t\t\t<div class=\"col-md-12\">\n\t\t\t\t\t\t<div class=\"ctn\">\n\t\t\t\t\t\t\t<div class=\"img-container\">\n\t\t\t\t\t\t\t\t<div class=\"img-wrapper\">\n\t\t\t\t\t\t\t\t\t\t\t\t\t\t\t\t\t<\/div>\n\t\t\t\t\t\t\t<\/div>\n\n\t\t\t\t\t\t\t<div class=\"title\">\n\t\t\t\t\t\t\t\t<h2 class=\"main-title title-2\">Participez \u00e0 l\u2019expansion du r\u00e9seau dans votre ville!\n<\/h2>\t\t\t\t\t\t\t<\/div>\n\n\t\t\t\t\t\t\t<div class=\"content\">\n\t\t\t\t\t\t\t\t\t\t\t\t\t\t\t\t\t<p>Vous aimeriez pouvoir utiliser un v\u00e9lo BIXI pr\u00e8s de chez vous, de votre lieu de travail ou de vos endroits pr\u00e9f\u00e9r\u00e9s? Vous pensez que votre quartier ou votre ville gagnerait \u00e0 offrir un service de v\u00e9lopartage? <strong>Faites entendre votre voix!<\/strong><\/p>\n<p>En tant que citoyen, vous connaissez mieux que quiconque les besoins de votre communaut\u00e9 en mati\u00e8re de mobilit\u00e9. Vos suggestions sont pr\u00e9cieuses : elles nous permettent d\u2019identifier les endroits o\u00f9 une station BIXI pourrait avoir un r\u00e9el impact et d\u2019appuyer nos discussions avec les municipalit\u00e9s int\u00e9ress\u00e9es.<\/p>\n\t\t\t\t\t\t\t\t\n\t\t\t\t\t\t\t\t\t\t\t\t\t\t\t\t\t<div class=\"btns\">\n\t\t\t\t\t\t\t\t\t\t\t\t\t\t\t\t\t\t\t\t\t\t\t\t<a href=\"https:\/\/survey123.arcgis.com\/share\/21cba6e2e946464b8474c4c6618299fd\" \n\t\t\t\tclass=\"button button-primary \" \n\t\t\t\t \n\t\t\t\t>\n\t\t\t\t\t\t\t\t\t<span class=\"btn-mask\" data-button-label=\"Sugg\u00e9rer une station\">\n\t\t\t\t\t\t<span class=\"btn-label\">\n\t\t\t\t\t\t\tSugg\u00e9rer une station\t\t\t\t\t\t<\/span>\n\t\t\t\t\t<\/span>\n\t\t\t\t\t\t\t\t\t\t<span class=\"btn-mask-icon\">\n\t\t\t\t\t\t<i class=\"icon \"><\/i>\n\t\t\t\t\t<\/span>\n\t\t\t\t\t\t\t\t\t\t\t\t<\/a>\n\t\t\t\t\t\t\t\t\t\t\t\t\t\t\t\t\t\t\t\t\t<\/div>\n\t\t\t\t\t\t\t\t\t\t\t\t\t\t\t<\/div>\n\t\t\t\t\t\t<\/div>\n\t\t\t\t\t<\/div>\n\t\t\t\t<\/div>\n\t\t\t<\/div>\n\t\t<\/section>\n\t\n\n\t\t<section  class=\"half-half section-block   \">\n\t\t\t<div class=\"container\">\n\t\t\t\t<div class=\"row\">\n\t\t\t\t\t<div class=\"col-md-12\">\n\t\t\t\t\t\t<div class=\"row content-wrapper\">\n\t\t\t\t\t\t\t<div class=\"col-md-6 half-img\">\n\t\t\t\t\t\t\t\t<div class=\"bg\">\n\t\t\t\t\t\t\t\t\t\t\t\t\t\t\t\t\t\t\t<img loading=\"lazy\" decoding=\"async\" width=\"400\" height=\"600\" src=\"https:\/\/s3.ca-central-1.amazonaws.com\/cdn.bixi.com\/wp-content\/uploads\/2025\/03\/suggerer-une-station-bixi-2-400x600.jpg\" class=\"attachment-half_half size-half_half\" alt=\"\" srcset=\"https:\/\/s3.ca-central-1.amazonaws.com\/cdn.bixi.com\/wp-content\/uploads\/2025\/03\/suggerer-une-station-bixi-2-400x600.jpg 400w, https:\/\/s3.ca-central-1.amazonaws.com\/cdn.bixi.com\/wp-content\/uploads\/2025\/03\/suggerer-une-station-bixi-2-200x300.jpg 200w, https:\/\/s3.ca-central-1.amazonaws.com\/cdn.bixi.com\/wp-content\/uploads\/2025\/03\/suggerer-une-station-bixi-2-683x1024.jpg 683w, https:\/\/s3.ca-central-1.amazonaws.com\/cdn.bixi.com\/wp-content\/uploads\/2025\/03\/suggerer-une-station-bixi-2-768x1152.jpg 768w, https:\/\/s3.ca-central-1.amazonaws.com\/cdn.bixi.com\/wp-content\/uploads\/2025\/03\/suggerer-une-station-bixi-2-1024x1536.jpg 1024w, https:\/\/s3.ca-central-1.amazonaws.com\/cdn.bixi.com\/wp-content\/uploads\/2025\/03\/suggerer-une-station-bixi-2-640x960.jpg 640w, https:\/\/s3.ca-central-1.amazonaws.com\/cdn.bixi.com\/wp-content\/uploads\/2025\/03\/suggerer-une-station-bixi-2-480x720.jpg 480w, https:\/\/s3.ca-central-1.amazonaws.com\/cdn.bixi.com\/wp-content\/uploads\/2025\/03\/suggerer-une-station-bixi-2-253x380.jpg 253w, https:\/\/s3.ca-central-1.amazonaws.com\/cdn.bixi.com\/wp-content\/uploads\/2025\/03\/suggerer-une-station-bixi-2-100x150.jpg 100w, https:\/\/s3.ca-central-1.amazonaws.com\/cdn.bixi.com\/wp-content\/uploads\/2025\/03\/suggerer-une-station-bixi-2-36x54.jpg 36w, https:\/\/s3.ca-central-1.amazonaws.com\/cdn.bixi.com\/wp-content\/uploads\/2025\/03\/suggerer-une-station-bixi-2-29x44.jpg 29w, https:\/\/s3.ca-central-1.amazonaws.com\/cdn.bixi.com\/wp-content\/uploads\/2025\/03\/suggerer-une-station-bixi-2-47x70.jpg 47w, https:\/\/s3.ca-central-1.amazonaws.com\/cdn.bixi.com\/wp-content\/uploads\/2025\/03\/suggerer-une-station-bixi-2-37x56.jpg 37w, https:\/\/s3.ca-central-1.amazonaws.com\/cdn.bixi.com\/wp-content\/uploads\/2025\/03\/suggerer-une-station-bixi-2-450x675.jpg 450w, https:\/\/s3.ca-central-1.amazonaws.com\/cdn.bixi.com\/wp-content\/uploads\/2025\/03\/suggerer-une-station-bixi-2.jpg 1280w\" sizes=\"auto, (max-width: 400px) 100vw, 400px\" \/>\t\t\t\t\t\t\t\t\t\t\t\t\t\t\t\t\t<\/div>\n\t\t\t\t\t\t\t\t\t\t\t\t\t\t\t<\/div>\n\t\t\t\t\t\t\t<div class=\"col-md-6 half-content\">\n\t\t\t\t\t\t\t\t<div class=\"content\">\n\t\t\t\t\t\t\t\t\t\n\t\t\t\t\t\t\t\t\t<h2 class=\"main-title title-2\">Pourquoi sugg\u00e9rer une station BIXI?\n<\/h2>\n\t\t\t\t\t\t\t\t\t\n\t\t\t\t\t\t\t\t\t\t\t\t\t\t\t\t\t\t\t<p><strong>Exprimez vos besoins en mobilit\u00e9<\/strong> : Plus nous recevons de suggestions, plus nous pouvons d\u00e9montrer aux d\u00e9cideurs l\u2019int\u00e9r\u00eat d\u2019avoir un r\u00e9seau de v\u00e9lo en libre-service dans leur ville.<\/p>\n<p><strong>Aidez \u00e0 identifier les meilleurs emplacements<\/strong> : Que ce soit \u00e0 proximit\u00e9 d\u2019un m\u00e9tro, d\u2019un terminus d\u2019autobus, d\u2019un parc, d\u2019une universit\u00e9 ou d\u2019un centre-ville, votre connaissance du territoire nous aide \u00e0 b\u00e2tir un r\u00e9seau qui r\u00e9pond r\u00e9ellement aux besoins des citoyens.<\/p>\n<p><strong>Encouragez des d\u00e9placements durables<\/strong> : BIXI contribue \u00e0 r\u00e9duire la congestion routi\u00e8re, \u00e0 am\u00e9liorer la qualit\u00e9 de l\u2019air et \u00e0 favoriser un mode de vie actif. En sugg\u00e9rant une station, vous participez \u00e0 l\u2019am\u00e9lioration de la mobilit\u00e9 dans votre r\u00e9gion.<\/p>\n\t\t\t\t\t\t\t\t\t\n\t\t\t\t\t\t\t\t\t\t\t\t\t\t\t\t\t<\/div>\n\t\t\t\t\t\t\t<\/div>\n\t\t\t\t\t\t<\/div>\n\t\t\t\t\t<\/div>\n\t\t\t\t<\/div>\n\t\t\t<\/div>\n\t\t<\/section>\n\t\n\n\t\t<section  class=\"half-half section-block   \">\n\t\t\t<div class=\"container\">\n\t\t\t\t<div class=\"row\">\n\t\t\t\t\t<div class=\"col-md-12\">\n\t\t\t\t\t\t<div class=\"row content-wrapper\">\n\t\t\t\t\t\t\t<div class=\"col-md-6 half-img\">\n\t\t\t\t\t\t\t\t<div class=\"bg\">\n\t\t\t\t\t\t\t\t\t\t\t\t\t\t\t\t\t\t\t<img loading=\"lazy\" decoding=\"async\" width=\"600\" height=\"600\" src=\"https:\/\/s3.ca-central-1.amazonaws.com\/cdn.bixi.com\/wp-content\/uploads\/2025\/03\/suggerer-une-station-bixi-3-600x600.jpg\" class=\"attachment-half_half size-half_half\" alt=\"\" srcset=\"https:\/\/s3.ca-central-1.amazonaws.com\/cdn.bixi.com\/wp-content\/uploads\/2025\/03\/suggerer-une-station-bixi-3-600x600.jpg 600w, https:\/\/s3.ca-central-1.amazonaws.com\/cdn.bixi.com\/wp-content\/uploads\/2025\/03\/suggerer-une-station-bixi-3-300x300.jpg 300w, https:\/\/s3.ca-central-1.amazonaws.com\/cdn.bixi.com\/wp-content\/uploads\/2025\/03\/suggerer-une-station-bixi-3-1024x1024.jpg 1024w, https:\/\/s3.ca-central-1.amazonaws.com\/cdn.bixi.com\/wp-content\/uploads\/2025\/03\/suggerer-une-station-bixi-3-150x150.jpg 150w, https:\/\/s3.ca-central-1.amazonaws.com\/cdn.bixi.com\/wp-content\/uploads\/2025\/03\/suggerer-une-station-bixi-3-768x768.jpg 768w, https:\/\/s3.ca-central-1.amazonaws.com\/cdn.bixi.com\/wp-content\/uploads\/2025\/03\/suggerer-une-station-bixi-3-1536x1536.jpg 1536w, https:\/\/s3.ca-central-1.amazonaws.com\/cdn.bixi.com\/wp-content\/uploads\/2025\/03\/suggerer-une-station-bixi-3-960x960.jpg 960w, https:\/\/s3.ca-central-1.amazonaws.com\/cdn.bixi.com\/wp-content\/uploads\/2025\/03\/suggerer-une-station-bixi-3-720x720.jpg 720w, https:\/\/s3.ca-central-1.amazonaws.com\/cdn.bixi.com\/wp-content\/uploads\/2025\/03\/suggerer-une-station-bixi-3-380x380.jpg 380w, https:\/\/s3.ca-central-1.amazonaws.com\/cdn.bixi.com\/wp-content\/uploads\/2025\/03\/suggerer-une-station-bixi-3-54x54.jpg 54w, https:\/\/s3.ca-central-1.amazonaws.com\/cdn.bixi.com\/wp-content\/uploads\/2025\/03\/suggerer-une-station-bixi-3-44x44.jpg 44w, https:\/\/s3.ca-central-1.amazonaws.com\/cdn.bixi.com\/wp-content\/uploads\/2025\/03\/suggerer-une-station-bixi-3-70x70.jpg 70w, https:\/\/s3.ca-central-1.amazonaws.com\/cdn.bixi.com\/wp-content\/uploads\/2025\/03\/suggerer-une-station-bixi-3-56x56.jpg 56w, https:\/\/s3.ca-central-1.amazonaws.com\/cdn.bixi.com\/wp-content\/uploads\/2025\/03\/suggerer-une-station-bixi-3-450x450.jpg 450w, https:\/\/s3.ca-central-1.amazonaws.com\/cdn.bixi.com\/wp-content\/uploads\/2025\/03\/suggerer-une-station-bixi-3.jpg 1667w\" sizes=\"auto, (max-width: 600px) 100vw, 600px\" \/>\t\t\t\t\t\t\t\t\t\t\t\t\t\t\t\t\t<\/div>\n\t\t\t\t\t\t\t\t\t\t\t\t\t\t\t<\/div>\n\t\t\t\t\t\t\t<div class=\"col-md-6 half-content\">\n\t\t\t\t\t\t\t\t<div class=\"content\">\n\t\t\t\t\t\t\t\t\t\n\t\t\t\t\t\t\t\t\t<h2 class=\"main-title title-2\">Comment sugg\u00e9rer une station BIXI?\n<\/h2>\n\t\t\t\t\t\t\t\t\t\n\t\t\t\t\t\t\t\t\t\t\t\t\t\t\t\t\t\t\t<p>C\u2019est simple! Il vous suffit de remplir notre formulaire en ligne et de nous indiquer l\u2019emplacement id\u00e9al selon vous.<\/p>\n<p>Plus nous recevons de suggestions pour un m\u00eame secteur, plus nous avons de poids aupr\u00e8s des municipalit\u00e9s. Parlez-en autour de vous et incitez votre communaut\u00e9 \u00e0 participer!<\/p>\n<p><small>\u00c0 noter que soumettre une suggestion ne garantit pas l\u2019installation d\u2019une station \u00e0 l\u2019endroit propos\u00e9, mais chaque demande contribue \u00e0 fa\u00e7onner l\u2019avenir du r\u00e9seau BIXI!<\/small><\/p>\n\t\t\t\t\t\t\t\t\t\n\t\t\t\t\t\t\t\t\t\t\t\t\t\t\t\t\t\t\t<div class=\"btns\">\n\t\t\t\t\t\t\t\t\t\t\t\t\t\t\t\t\t\t\t\t\t\t\t\t\t\t\t\t\t\t\t\t\t\t\t\t\t\t\t<a href=\"https:\/\/survey123.arcgis.com\/share\/21cba6e2e946464b8474c4c6618299fd\" \n\t\t\t\tclass=\"button button-primary \" \n\t\t\t\t \n\t\t\t\t>\n\t\t\t\t\t\t\t\t\t<span class=\"btn-mask\" data-button-label=\"Sugg\u00e9rer une station\">\n\t\t\t\t\t\t<span class=\"btn-label\">\n\t\t\t\t\t\t\tSugg\u00e9rer une station\t\t\t\t\t\t<\/span>\n\t\t\t\t\t<\/span>\n\t\t\t\t\t\t\t\t\t\t<span class=\"btn-mask-icon\">\n\t\t\t\t\t\t<i class=\"icon \"><\/i>\n\t\t\t\t\t<\/span>\n\t\t\t\t\t\t\t\t\t\t\t\t<\/a>\n\t\t\t\t\t\t\t\t\t\t\t\t\t\t\t\t\t\t\t\t\t\t\t\t\t\t\t\t\t\t\t\t\t\t\t<\/div>\n\t\t\t\t\t\t\t\t\t\t\t\t\t\t\t\t\t<\/div>\n\t\t\t\t\t\t\t<\/div>\n\t\t\t\t\t\t<\/div>\n\t\t\t\t\t<\/div>\n\t\t\t\t<\/div>\n\t\t\t<\/div>\n\t\t<\/section>\n\t\n\n \n\t\t<section  class=\"open-collapse section-block\">\n\t\t\t<div class=\"container-fluid\">\n\t\t\t\t<div class=\"row\">\n\t\t\t\t\t<div class=\"col-md-12\">\n\t\t\t\t\t\t<div class=\"section-title\">\n\t\t\t\t\t\t\t\t\t\t\t\t\t\t<h2 class=\"title-1\">Questions fr\u00e9quentes<\/h2>\t\t\t\t\t\t\t<p>Si vous avez besoin d&rsquo;aide, n\u2019h\u00e9sitez pas \u00e0 <a href=\"https:\/\/bixi.com\/fr\/nous-joindre\/\">nous contacter<\/a>.<\/p>\n\t\t\t\t\t\t<\/div>\n\n\t\t\t\t\t\t\n\t\t\t\t\t\t\t<div class=\"open-collapse-wrapper\" data-collapser>\n\t\t\t\t\t\t\t\t<div class=\"open-collapse-title\" data-collapser-controller>\n\t\t\t\t\t\t\t\t\t<button class=\"toggle-btn\">\n\t\t\t\t\t\t\t\t\t\t<div class=\"oc-title title-4\">Comment est-ce que \u00e7a fonctionne?<\/div>\n\t\t\t\t\t\t\t\t\t\t<span class=\"open-close-btn\"><\/span>\n\t\t\t\t\t\t\t\t\t<\/button>\n\t\t\t\t\t\t\t\t<\/div>\n\t\t\t\t\t\t\t\t<div class=\"open-collapse-content\" data-collapser-target>\n\t\t\t\t\t\t\t\t\t<div class=\"content\">\n\t\t\t\t\t\t\t\t\t\t<p>Vous devez utiliser le lien pour acc\u00e9der \u00e0 la plateforme. \u00c0 partir de l\u00e0, nous vous invitons \u00e0 vous identifier, sugg\u00e9rer un emplacement et \u00e0 nous fournir le motif principal expliquant leur suggestion.<\/p>\n\t\t\t\n\t\t\t\t\t\t\t\t\t\t\t\t\t\t\t\t\t\t\t<\/div>\n\t\t\t\t\t\t\t\t<\/div>\n\t\t\t\t\t\t\t<\/div>\n\t\t\t\t\t\t\n\t\t\t\t\t\t\t<div class=\"open-collapse-wrapper\" data-collapser>\n\t\t\t\t\t\t\t\t<div class=\"open-collapse-title\" data-collapser-controller>\n\t\t\t\t\t\t\t\t\t<button class=\"toggle-btn\">\n\t\t\t\t\t\t\t\t\t\t<div class=\"oc-title title-4\">Si je sugg\u00e8re un emplacement, quand vais-je avoir une station?<\/div>\n\t\t\t\t\t\t\t\t\t\t<span class=\"open-close-btn\"><\/span>\n\t\t\t\t\t\t\t\t\t<\/button>\n\t\t\t\t\t\t\t\t<\/div>\n\t\t\t\t\t\t\t\t<div class=\"open-collapse-content\" data-collapser-target>\n\t\t\t\t\t\t\t\t\t<div class=\"content\">\n\t\t\t\t\t\t\t\t\t\t<p>Soumettre une suggestion d\u2019emplacement ne garantit pas l\u2019installation d\u2019une station \u00e0 l\u2019endroit identifi\u00e9. L\u2019objectif est d\u2019enrichir le processus de planification du r\u00e9seau BIXI.<\/p>\n\t\t\t\n\t\t\t\t\t\t\t\t\t\t\t\t\t\t\t\t\t\t\t<\/div>\n\t\t\t\t\t\t\t\t<\/div>\n\t\t\t\t\t\t\t<\/div>\n\t\t\t\t\t\t\n\t\t\t\t\t\t\t<div class=\"open-collapse-wrapper\" data-collapser>\n\t\t\t\t\t\t\t\t<div class=\"open-collapse-title\" data-collapser-controller>\n\t\t\t\t\t\t\t\t\t<button class=\"toggle-btn\">\n\t\t\t\t\t\t\t\t\t\t<div class=\"oc-title title-4\">Si je suis \u00e0 l&rsquo;ext\u00e9rieur du r\u00e9seau actuel, est-ce que je peux sugg\u00e9rer un emplacement?<\/div>\n\t\t\t\t\t\t\t\t\t\t<span class=\"open-close-btn\"><\/span>\n\t\t\t\t\t\t\t\t\t<\/button>\n\t\t\t\t\t\t\t\t<\/div>\n\t\t\t\t\t\t\t\t<div class=\"open-collapse-content\" data-collapser-target>\n\t\t\t\t\t\t\t\t\t<div class=\"content\">\n\t\t\t\t\t\t\t\t\t\t<p>Oui! Nous invitons tous les citoyens du Qu\u00e9bec \u00e0 nous sugg\u00e9rer un emplacement dans leur ville pour une station qu&rsquo;ils aimeraient utiliser.<\/p>\n\t\t\t\n\t\t\t\t\t\t\t\t\t\t\t\t\t\t\t\t\t\t\t<\/div>\n\t\t\t\t\t\t\t\t<\/div>\n\t\t\t\t\t\t\t<\/div>\n\t\t\t\t\t\t\n\t\t\t\t\t\t\t<div class=\"open-collapse-wrapper\" data-collapser>\n\t\t\t\t\t\t\t\t<div class=\"open-collapse-title\" data-collapser-controller>\n\t\t\t\t\t\t\t\t\t<button class=\"toggle-btn\">\n\t\t\t\t\t\t\t\t\t\t<div class=\"oc-title title-4\">Est-ce possible de sugg\u00e9rer plusieurs stations?<\/div>\n\t\t\t\t\t\t\t\t\t\t<span class=\"open-close-btn\"><\/span>\n\t\t\t\t\t\t\t\t\t<\/button>\n\t\t\t\t\t\t\t\t<\/div>\n\t\t\t\t\t\t\t\t<div class=\"open-collapse-content\" data-collapser-target>\n\t\t\t\t\t\t\t\t\t<div class=\"content\">\n\t\t\t\t\t\t\t\t\t\t<p>Absolument! Il est possible de sugg\u00e9rer autant de stations que vous le souhaitez.<\/p>\n\t\t\t\n\t\t\t\t\t\t\t\t\t\t\t\t\t\t\t\t\t\t\t<\/div>\n\t\t\t\t\t\t\t\t<\/div>\n\t\t\t\t\t\t\t<\/div>\n\t\t\t\t\t\t\n\t\t\t\t\t\t\t<div class=\"open-collapse-wrapper\" data-collapser>\n\t\t\t\t\t\t\t\t<div class=\"open-collapse-title\" data-collapser-controller>\n\t\t\t\t\t\t\t\t\t<button class=\"toggle-btn\">\n\t\t\t\t\t\t\t\t\t\t<div class=\"oc-title title-4\">Comment l&#8217;emplacement des stations est-il d\u00e9termin\u00e9?<\/div>\n\t\t\t\t\t\t\t\t\t\t<span class=\"open-close-btn\"><\/span>\n\t\t\t\t\t\t\t\t\t<\/button>\n\t\t\t\t\t\t\t\t<\/div>\n\t\t\t\t\t\t\t\t<div class=\"open-collapse-content\" data-collapser-target>\n\t\t\t\t\t\t\t\t\t<div class=\"content\">\n\t\t\t\t\t\t\t\t\t\t<p>L&#8217;emplacement des stations est d\u00e9termin\u00e9 en fonction de plusieurs facteurs, notamment le potentiel d&rsquo;utilisateurs, la r\u00e9glementation, l&rsquo;espace disponible pour accueillir la station, l&rsquo;entente avec l&rsquo;arrondissement et\/ou le propri\u00e9taire du terrain, la possibilit\u00e9 de brancher une station \u00e9lectrique, etc.<\/p>\n<p>Notre \u00e9quipe de planification \u00e9tudie soigneusement les possibilit\u00e9s et les suggestions re\u00e7ues, puis d\u00e9termine le r\u00e9seau optimal.<\/p>\n\t\t\t\n\t\t\t\t\t\t\t\t\t\t\t\t\t\t\t\t\t\t\t<\/div>\n\t\t\t\t\t\t\t\t<\/div>\n\t\t\t\t\t\t\t<\/div>\n\t\t\t\t\t\t\t\t\t\t\t<\/div>\n\t\t\t\t<\/div>\n\t\t\t<\/div>\n\t\t<\/section>\n\t","protected":false},"excerpt":{"rendered":"","protected":false},"author":6,"featured_media":0,"parent":0,"menu_order":62,"comment_status":"closed","ping_status":"closed","template":"","meta":{"_acf_changed":false,"footnotes":""},"class_list":["post-1884","page","type-page","status-publish","hentry"],"acf":{"has_pink_background":false},"yoast_head":"<!-- This site is optimized with the Yoast SEO plugin v25.1 - https:\/\/yoast.com\/wordpress\/plugins\/seo\/ -->\n<title>Sugg\u00e9rer une station<\/title>\n<meta name=\"description\" content=\"Envie de participer au processus de planification du r\u00e9seau BIXI? Nous vous invitons \u00e0 sugg\u00e9rer une station dans votre ville!\" \/>\n<meta name=\"robots\" content=\"index, follow, max-snippet:-1, max-image-preview:large, max-video-preview:-1\" \/>\n<link rel=\"canonical\" href=\"https:\/\/bixi.com\/fr\/suggerer-une-station\/\" \/>\n<meta property=\"og:locale\" content=\"fr_FR\" \/>\n<meta property=\"og:type\" content=\"article\" \/>\n<meta property=\"og:title\" content=\"Sugg\u00e9rer une station\" \/>\n<meta property=\"og:description\" content=\"Envie de participer au processus de planification du r\u00e9seau BIXI? Nous vous invitons \u00e0 sugg\u00e9rer une station dans votre ville!\" \/>\n<meta property=\"og:url\" content=\"https:\/\/bixi.com\/fr\/suggerer-une-station\/\" \/>\n<meta property=\"og:site_name\" content=\"BIXI Montr\u00e9al\" \/>\n<meta property=\"article:modified_time\" content=\"2025-03-28T20:34:37+00:00\" \/>\n<meta property=\"og:image\" content=\"https:\/\/s3.ca-central-1.amazonaws.com\/cdn.bixi.com\/wp-content\/uploads\/2023\/03\/share-default.png\" \/>\n\t<meta property=\"og:image:width\" content=\"1440\" \/>\n\t<meta property=\"og:image:height\" content=\"900\" \/>\n\t<meta property=\"og:image:type\" content=\"image\/png\" \/>\n<meta name=\"twitter:card\" content=\"summary_large_image\" \/>\n<meta name=\"twitter:label1\" content=\"Dur\u00e9e de lecture estim\u00e9e\" \/>\n\t<meta name=\"twitter:data1\" content=\"1 minute\" \/>\n<script type=\"application\/ld+json\" class=\"yoast-schema-graph\">{\"@context\":\"https:\/\/schema.org\",\"@graph\":[{\"@type\":\"WebPage\",\"@id\":\"https:\/\/bixi.com\/fr\/suggerer-une-station\/\",\"url\":\"https:\/\/bixi.com\/fr\/suggerer-une-station\/\",\"name\":\"Sugg\u00e9rer une station\",\"isPartOf\":{\"@id\":\"https:\/\/bixi.com\/fr\/#website\"},\"datePublished\":\"2023-03-07T22:33:12+00:00\",\"dateModified\":\"2025-03-28T20:34:37+00:00\",\"description\":\"Envie de participer au processus de planification du r\u00e9seau BIXI? Nous vous invitons \u00e0 sugg\u00e9rer une station dans votre ville!\",\"breadcrumb\":{\"@id\":\"https:\/\/bixi.com\/fr\/suggerer-une-station\/#breadcrumb\"},\"inLanguage\":\"fr-FR\",\"potentialAction\":[{\"@type\":\"ReadAction\",\"target\":[\"https:\/\/bixi.com\/fr\/suggerer-une-station\/\"]}]},{\"@type\":\"BreadcrumbList\",\"@id\":\"https:\/\/bixi.com\/fr\/suggerer-une-station\/#breadcrumb\",\"itemListElement\":[{\"@type\":\"ListItem\",\"position\":1,\"name\":\"Home\",\"item\":\"https:\/\/bixi.com\/fr\/\"},{\"@type\":\"ListItem\",\"position\":2,\"name\":\"Sugg\u00e9rer une station\"}]},{\"@type\":\"WebSite\",\"@id\":\"https:\/\/bixi.com\/fr\/#website\",\"url\":\"https:\/\/bixi.com\/fr\/\",\"name\":\"BIXI Montr\u00e9al\",\"description\":\"\",\"potentialAction\":[{\"@type\":\"SearchAction\",\"target\":{\"@type\":\"EntryPoint\",\"urlTemplate\":\"https:\/\/bixi.com\/fr\/?s={search_term_string}\"},\"query-input\":{\"@type\":\"PropertyValueSpecification\",\"valueRequired\":true,\"valueName\":\"search_term_string\"}}],\"inLanguage\":\"fr-FR\"}]}<\/script>\n<!-- \/ Yoast SEO plugin. -->","yoast_head_json":{"title":"Sugg\u00e9rer une station","description":"Envie de participer au processus de planification du r\u00e9seau BIXI? Nous vous invitons \u00e0 sugg\u00e9rer une station dans votre ville!","robots":{"index":"index","follow":"follow","max-snippet":"max-snippet:-1","max-image-preview":"max-image-preview:large","max-video-preview":"max-video-preview:-1"},"canonical":"https:\/\/bixi.com\/fr\/suggerer-une-station\/","og_locale":"fr_FR","og_type":"article","og_title":"Sugg\u00e9rer une station","og_description":"Envie de participer au processus de planification du r\u00e9seau BIXI? Nous vous invitons \u00e0 sugg\u00e9rer une station dans votre ville!","og_url":"https:\/\/bixi.com\/fr\/suggerer-une-station\/","og_site_name":"BIXI Montr\u00e9al","article_modified_time":"2025-03-28T20:34:37+00:00","og_image":[{"width":1440,"height":900,"url":"https:\/\/s3.ca-central-1.amazonaws.com\/cdn.bixi.com\/wp-content\/uploads\/2023\/03\/share-default.png","type":"image\/png"}],"twitter_card":"summary_large_image","twitter_misc":{"Dur\u00e9e de lecture estim\u00e9e":"1 minute"},"schema":{"@context":"https:\/\/schema.org","@graph":[{"@type":"WebPage","@id":"https:\/\/bixi.com\/fr\/suggerer-une-station\/","url":"https:\/\/bixi.com\/fr\/suggerer-une-station\/","name":"Sugg\u00e9rer une station","isPartOf":{"@id":"https:\/\/bixi.com\/fr\/#website"},"datePublished":"2023-03-07T22:33:12+00:00","dateModified":"2025-03-28T20:34:37+00:00","description":"Envie de participer au processus de planification du r\u00e9seau BIXI? Nous vous invitons \u00e0 sugg\u00e9rer une station dans votre ville!","breadcrumb":{"@id":"https:\/\/bixi.com\/fr\/suggerer-une-station\/#breadcrumb"},"inLanguage":"fr-FR","potentialAction":[{"@type":"ReadAction","target":["https:\/\/bixi.com\/fr\/suggerer-une-station\/"]}]},{"@type":"BreadcrumbList","@id":"https:\/\/bixi.com\/fr\/suggerer-une-station\/#breadcrumb","itemListElement":[{"@type":"ListItem","position":1,"name":"Home","item":"https:\/\/bixi.com\/fr\/"},{"@type":"ListItem","position":2,"name":"Sugg\u00e9rer une station"}]},{"@type":"WebSite","@id":"https:\/\/bixi.com\/fr\/#website","url":"https:\/\/bixi.com\/fr\/","name":"BIXI Montr\u00e9al","description":"","potentialAction":[{"@type":"SearchAction","target":{"@type":"EntryPoint","urlTemplate":"https:\/\/bixi.com\/fr\/?s={search_term_string}"},"query-input":{"@type":"PropertyValueSpecification","valueRequired":true,"valueName":"search_term_string"}}],"inLanguage":"fr-FR"}]}},"_links":{"self":[{"href":"https:\/\/bixi.com\/fr\/wp-json\/wp\/v2\/pages\/1884","targetHints":{"allow":["GET"]}}],"collection":[{"href":"https:\/\/bixi.com\/fr\/wp-json\/wp\/v2\/pages"}],"about":[{"href":"https:\/\/bixi.com\/fr\/wp-json\/wp\/v2\/types\/page"}],"author":[{"embeddable":true,"href":"https:\/\/bixi.com\/fr\/wp-json\/wp\/v2\/users\/6"}],"replies":[{"embeddable":true,"href":"https:\/\/bixi.com\/fr\/wp-json\/wp\/v2\/comments?post=1884"}],"version-history":[{"count":5,"href":"https:\/\/bixi.com\/fr\/wp-json\/wp\/v2\/pages\/1884\/revisions"}],"predecessor-version":[{"id":14954,"href":"https:\/\/bixi.com\/fr\/wp-json\/wp\/v2\/pages\/1884\/revisions\/14954"}],"wp:attachment":[{"href":"https:\/\/bixi.com\/fr\/wp-json\/wp\/v2\/media?parent=1884"}],"curies":[{"name":"wp","href":"https:\/\/api.w.org\/{rel}","templated":true}]}}