{"id":1868,"date":"2023-03-07T17:33:09","date_gmt":"2023-03-07T22:33:09","guid":{"rendered":"https:\/\/bixi.com\/politique-don-commandite\/"},"modified":"2025-03-06T10:49:25","modified_gmt":"2025-03-06T15:49:25","slug":"politique-partenariats","status":"publish","type":"page","link":"https:\/\/bixi.com\/fr\/politique-partenariats\/","title":{"rendered":"Politique de partenariats"},"content":{"rendered":"\t\t\t\t\t\t<header  class=\"page-title section-block\">\n\t\t\t\t<div class=\"container\">\n\t\t\t\t\t<div class=\"row\">\n\t\t\t\t\t\t<div class=\"col-md-10\">\n\t\t\t\t\t\t\t<div class=\"section-title\">\n\t\t\t\t\t\t\t\t<h1 class=\"title title-1\">Politique de partenariats, \u00e9v\u00e9nements et locations de v\u00e9los\n<\/h1>\t\t\t\t\t\t\t<\/div>\n\t\t\t\t\t\t<\/div>\n\t\t\t\t\t<\/div>\n\t\t\t\t<\/div>\n\t\t\t<\/header>\n\t\t\t\t\t\n\n\t\t<section  class=\"half-title-half-text section-block\">\n\t\t\t<div class=\"container\">\n\t\t\t\t<div class=\"row content-wrapper\">\n\t\t\t\t\t<div class=\"col col-md-12\">\n\t\t\t\t\t\t\t\t\t\t\t\t<div class=\"row row-contents\">\n\t\t\t\t\t\t\t<div class=\"col-md-6 half-title\">\n\t\t\t\t\t\t\t\t<h2 class=\"main-title title-2\">Merci pour votre int\u00e9r\u00eat envers BIXI!\n<\/h2>\t\t\t\t\t\t\t<\/div>\n\t\t\t\t\t\t\t<div class=\"col-md-6 half-content\">\n\t\t\t\t\t\t\t\t<div class=\"content\">\n\t\t\t\t\t\t\t\t\t\n\t\t\t\t\t\t\t\t\t\n\t\t\t\t\t\t\t\t\t\t\t\t\t\t\t\t\t\t\t<p>Nous recevons de nombreuses demandes de partenariat, de participation \u00e0 des \u00e9v\u00e9nements en tout genre, emprunts de v\u00e9lo, de dons et de commandites. Dans le but d\u2019am\u00e9liorer la gestion des demandes re\u00e7ues, nous nous sommes dot\u00e9s d&rsquo;une politique de partenariats, \u00e9v\u00e9nements et locations de v\u00e9los.<\/p>\n<p>Pour qu\u2019une demande soit \u00e9tudi\u00e9e, elle doit r\u00e9pondre aux crit\u00e8res ci-dessous, et ne pas \u00eatre incluse dans la liste des exclusions.<\/p>\n\t\t\t\t\t\t\t\t\t\n\t\t\t\t\t\t\t\t\t\t\t\t\t\t\t\t\t<\/div>\n\t\t\t\t\t\t\t<\/div>\n\t\t\t\t\t\t<\/div>\n\t\t\t\t\t\t\t\t\t\t\t\t<div class=\"row row-contents\">\n\t\t\t\t\t\t\t<div class=\"col-md-6 half-title\">\n\t\t\t\t\t\t\t\t<h2 class=\"main-title title-2\">Crit\u00e8res\n<\/h2>\t\t\t\t\t\t\t<\/div>\n\t\t\t\t\t\t\t<div class=\"col-md-6 half-content\">\n\t\t\t\t\t\t\t\t<div class=\"content\">\n\t\t\t\t\t\t\t\t\t\n\t\t\t\t\t\t\t\t\t\n\t\t\t\t\t\t\t\t\t\t\t\t\t\t\t\t\t\t\t<ul>\n<li>Accessibilit\u00e9 \u00e0 l\u2019ensemble des Montr\u00e9alais<\/li>\n<li>Activit\u00e9s promouvant soit la sant\u00e9, la mobilit\u00e9, le v\u00e9lo ou l\u2019\u00e9coresponsabilit\u00e9<\/li>\n<li>Caract\u00e8re communautaire<\/li>\n<li>Offrir \u00e0 BIXI une visibilit\u00e9 significative dont la valeur \u00e9quivaut \u00e0 la contribution demand\u00e9e<\/li>\n<li>En quoi votre proposition sera profitable aux clients de BIXI?<\/li>\n<\/ul>\n\t\t\t\t\t\t\t\t\t\n\t\t\t\t\t\t\t\t\t\t\t\t\t\t\t\t\t<\/div>\n\t\t\t\t\t\t\t<\/div>\n\t\t\t\t\t\t<\/div>\n\t\t\t\t\t\t\t\t\t\t\t\t<div class=\"row row-contents\">\n\t\t\t\t\t\t\t<div class=\"col-md-6 half-title\">\n\t\t\t\t\t\t\t\t<h2 class=\"main-title title-2\">Exclusions\n<\/h2>\t\t\t\t\t\t\t<\/div>\n\t\t\t\t\t\t\t<div class=\"col-md-6 half-content\">\n\t\t\t\t\t\t\t\t<div class=\"content\">\n\t\t\t\t\t\t\t\t\t\n\t\t\t\t\t\t\t\t\t\n\t\t\t\t\t\t\t\t\t\t\t\t\t\t\t\t\t\t\t<ul>\n<li>Dons et commandites mon\u00e9taires, dons en abonnements BIXI<\/li>\n<li>Collectes de fonds, projets personnels, voyages culturels, missions coop\u00e9ratives<\/li>\n<li>Tournois de golf<\/li>\n<li>Groupes religieux, associations politiques, groupes de d\u00e9fense d\u2019int\u00e9r\u00eats particuliers<\/li>\n<li>\u00c9quipes ou clubs communautaires ou scolaires<\/li>\n<\/ul>\n\t\t\t\t\t\t\t\t\t\n\t\t\t\t\t\t\t\t\t\t\t\t\t\t\t\t\t\t\t<div class=\"btns\">\n\t\t\t\t\t\t\t\t\t\t\t\t\t\t\t\t\t\t\t\t\t\t\t\t\t\t<a href=\"https:\/\/docs.google.com\/forms\/d\/e\/1FAIpQLSdqtEMwQ-YygIeUW1-Olk1YfAVJIb616OPqGU-KaOXdv_TsYw\/viewform\" \n\t\t\t\tclass=\"button button-primary \" \n\t\t\t\t target=\"_blank\" rel=\"noopener\" \n\t\t\t\t>\n\t\t\t\t\t\t\t\t\t<span class=\"btn-mask\" data-button-label=\"Envoyer une demande de partenariat\">\n\t\t\t\t\t\t<span class=\"btn-label\">\n\t\t\t\t\t\t\tEnvoyer une demande de partenariat\t\t\t\t\t\t<\/span>\n\t\t\t\t\t<\/span>\n\t\t\t\t\t\t\t\t\t\t<span class=\"btn-mask-icon\">\n\t\t\t\t\t\t<i class=\"icon \"><\/i>\n\t\t\t\t\t<\/span>\n\t\t\t\t\t\t\t\t\t\t\t\t<\/a>\n\t\t\t\t\t\t\t\t\t\t\t\t\t\t\t\t\t\t\t\t\t\t\t<\/div>\n\t\t\t\t\t\t\t\t\t\t\t\t\t\t\t\t\t<\/div>\n\t\t\t\t\t\t\t<\/div>\n\t\t\t\t\t\t<\/div>\n\t\t\t\t\t\t\t\t\t\t\t<\/div>\n\t\t\t\t<\/div>\n\t\t\t<\/div>\n\t\t<\/section>\n\t","protected":false},"excerpt":{"rendered":"","protected":false},"author":6,"featured_media":0,"parent":0,"menu_order":146,"comment_status":"closed","ping_status":"closed","template":"","meta":{"_acf_changed":false,"footnotes":""},"class_list":["post-1868","page","type-page","status-publish","hentry"],"acf":{"has_pink_background":false},"yoast_head":"<!-- This site is optimized with the Yoast SEO plugin v25.1 - https:\/\/yoast.com\/wordpress\/plugins\/seo\/ -->\n<title>Politique de partenariats<\/title>\n<meta name=\"description\" content=\"Dans le but d\u2019am\u00e9liorer la gestion des demandes re\u00e7ues, nous sommes dot\u00e9s d&#039;une politique de partenariats, \u00e9v\u00e9nements et locations de v\u00e9los.\" \/>\n<meta name=\"robots\" content=\"index, follow, max-snippet:-1, max-image-preview:large, max-video-preview:-1\" \/>\n<link rel=\"canonical\" href=\"https:\/\/bixi.com\/fr\/politique-partenariats\/\" \/>\n<meta property=\"og:locale\" content=\"fr_FR\" \/>\n<meta property=\"og:type\" content=\"article\" \/>\n<meta property=\"og:title\" content=\"Politique de partenariats\" \/>\n<meta property=\"og:description\" content=\"Dans le but d\u2019am\u00e9liorer la gestion des demandes re\u00e7ues, nous sommes dot\u00e9s d&#039;une politique de partenariats, \u00e9v\u00e9nements et locations de v\u00e9los.\" \/>\n<meta property=\"og:url\" content=\"https:\/\/bixi.com\/fr\/politique-partenariats\/\" \/>\n<meta property=\"og:site_name\" content=\"BIXI Montr\u00e9al\" \/>\n<meta property=\"article:modified_time\" content=\"2025-03-06T15:49:25+00:00\" \/>\n<meta property=\"og:image\" content=\"https:\/\/s3.ca-central-1.amazonaws.com\/cdn.bixi.com\/wp-content\/uploads\/2023\/03\/share-default.png\" \/>\n\t<meta property=\"og:image:width\" content=\"1440\" \/>\n\t<meta property=\"og:image:height\" content=\"900\" \/>\n\t<meta property=\"og:image:type\" content=\"image\/png\" \/>\n<meta name=\"twitter:card\" content=\"summary_large_image\" \/>\n<script type=\"application\/ld+json\" class=\"yoast-schema-graph\">{\"@context\":\"https:\/\/schema.org\",\"@graph\":[{\"@type\":\"WebPage\",\"@id\":\"https:\/\/bixi.com\/fr\/politique-partenariats\/\",\"url\":\"https:\/\/bixi.com\/fr\/politique-partenariats\/\",\"name\":\"Politique de partenariats\",\"isPartOf\":{\"@id\":\"https:\/\/bixi.com\/fr\/#website\"},\"datePublished\":\"2023-03-07T22:33:09+00:00\",\"dateModified\":\"2025-03-06T15:49:25+00:00\",\"description\":\"Dans le but d\u2019am\u00e9liorer la gestion des demandes re\u00e7ues, nous sommes dot\u00e9s d'une politique de partenariats, \u00e9v\u00e9nements et locations de v\u00e9los.\",\"breadcrumb\":{\"@id\":\"https:\/\/bixi.com\/fr\/politique-partenariats\/#breadcrumb\"},\"inLanguage\":\"fr-FR\",\"potentialAction\":[{\"@type\":\"ReadAction\",\"target\":[\"https:\/\/bixi.com\/fr\/politique-partenariats\/\"]}]},{\"@type\":\"BreadcrumbList\",\"@id\":\"https:\/\/bixi.com\/fr\/politique-partenariats\/#breadcrumb\",\"itemListElement\":[{\"@type\":\"ListItem\",\"position\":1,\"name\":\"Home\",\"item\":\"https:\/\/bixi.com\/fr\/\"},{\"@type\":\"ListItem\",\"position\":2,\"name\":\"Politique de partenariats\"}]},{\"@type\":\"WebSite\",\"@id\":\"https:\/\/bixi.com\/fr\/#website\",\"url\":\"https:\/\/bixi.com\/fr\/\",\"name\":\"BIXI Montr\u00e9al\",\"description\":\"\",\"potentialAction\":[{\"@type\":\"SearchAction\",\"target\":{\"@type\":\"EntryPoint\",\"urlTemplate\":\"https:\/\/bixi.com\/fr\/?s={search_term_string}\"},\"query-input\":{\"@type\":\"PropertyValueSpecification\",\"valueRequired\":true,\"valueName\":\"search_term_string\"}}],\"inLanguage\":\"fr-FR\"}]}<\/script>\n<!-- \/ Yoast SEO plugin. -->","yoast_head_json":{"title":"Politique de partenariats","description":"Dans le but d\u2019am\u00e9liorer la gestion des demandes re\u00e7ues, nous sommes dot\u00e9s d'une politique de partenariats, \u00e9v\u00e9nements et locations de v\u00e9los.","robots":{"index":"index","follow":"follow","max-snippet":"max-snippet:-1","max-image-preview":"max-image-preview:large","max-video-preview":"max-video-preview:-1"},"canonical":"https:\/\/bixi.com\/fr\/politique-partenariats\/","og_locale":"fr_FR","og_type":"article","og_title":"Politique de partenariats","og_description":"Dans le but d\u2019am\u00e9liorer la gestion des demandes re\u00e7ues, nous sommes dot\u00e9s d'une politique de partenariats, \u00e9v\u00e9nements et locations de v\u00e9los.","og_url":"https:\/\/bixi.com\/fr\/politique-partenariats\/","og_site_name":"BIXI Montr\u00e9al","article_modified_time":"2025-03-06T15:49:25+00:00","og_image":[{"width":1440,"height":900,"url":"https:\/\/s3.ca-central-1.amazonaws.com\/cdn.bixi.com\/wp-content\/uploads\/2023\/03\/share-default.png","type":"image\/png"}],"twitter_card":"summary_large_image","schema":{"@context":"https:\/\/schema.org","@graph":[{"@type":"WebPage","@id":"https:\/\/bixi.com\/fr\/politique-partenariats\/","url":"https:\/\/bixi.com\/fr\/politique-partenariats\/","name":"Politique de partenariats","isPartOf":{"@id":"https:\/\/bixi.com\/fr\/#website"},"datePublished":"2023-03-07T22:33:09+00:00","dateModified":"2025-03-06T15:49:25+00:00","description":"Dans le but d\u2019am\u00e9liorer la gestion des demandes re\u00e7ues, nous sommes dot\u00e9s d'une politique de partenariats, \u00e9v\u00e9nements et locations de v\u00e9los.","breadcrumb":{"@id":"https:\/\/bixi.com\/fr\/politique-partenariats\/#breadcrumb"},"inLanguage":"fr-FR","potentialAction":[{"@type":"ReadAction","target":["https:\/\/bixi.com\/fr\/politique-partenariats\/"]}]},{"@type":"BreadcrumbList","@id":"https:\/\/bixi.com\/fr\/politique-partenariats\/#breadcrumb","itemListElement":[{"@type":"ListItem","position":1,"name":"Home","item":"https:\/\/bixi.com\/fr\/"},{"@type":"ListItem","position":2,"name":"Politique de partenariats"}]},{"@type":"WebSite","@id":"https:\/\/bixi.com\/fr\/#website","url":"https:\/\/bixi.com\/fr\/","name":"BIXI Montr\u00e9al","description":"","potentialAction":[{"@type":"SearchAction","target":{"@type":"EntryPoint","urlTemplate":"https:\/\/bixi.com\/fr\/?s={search_term_string}"},"query-input":{"@type":"PropertyValueSpecification","valueRequired":true,"valueName":"search_term_string"}}],"inLanguage":"fr-FR"}]}},"_links":{"self":[{"href":"https:\/\/bixi.com\/fr\/wp-json\/wp\/v2\/pages\/1868","targetHints":{"allow":["GET"]}}],"collection":[{"href":"https:\/\/bixi.com\/fr\/wp-json\/wp\/v2\/pages"}],"about":[{"href":"https:\/\/bixi.com\/fr\/wp-json\/wp\/v2\/types\/page"}],"author":[{"embeddable":true,"href":"https:\/\/bixi.com\/fr\/wp-json\/wp\/v2\/users\/6"}],"replies":[{"embeddable":true,"href":"https:\/\/bixi.com\/fr\/wp-json\/wp\/v2\/comments?post=1868"}],"version-history":[{"count":5,"href":"https:\/\/bixi.com\/fr\/wp-json\/wp\/v2\/pages\/1868\/revisions"}],"predecessor-version":[{"id":14734,"href":"https:\/\/bixi.com\/fr\/wp-json\/wp\/v2\/pages\/1868\/revisions\/14734"}],"wp:attachment":[{"href":"https:\/\/bixi.com\/fr\/wp-json\/wp\/v2\/media?parent=1868"}],"curies":[{"name":"wp","href":"https:\/\/api.w.org\/{rel}","templated":true}]}}