{"id":1867,"date":"2023-03-07T17:33:08","date_gmt":"2023-03-07T22:33:08","guid":{"rendered":"https:\/\/bixi.com\/politique-intemperies\/"},"modified":"2023-11-23T15:20:20","modified_gmt":"2023-11-23T20:20:20","slug":"politique-intemperies","status":"publish","type":"page","link":"https:\/\/bixi.com\/fr\/politique-intemperies\/","title":{"rendered":"Politique intemp\u00e9ries"},"content":{"rendered":"\t\t\t\t\t\t<header  class=\"page-title section-block\">\n\t\t\t\t<div class=\"container\">\n\t\t\t\t\t<div class=\"row\">\n\t\t\t\t\t\t<div class=\"col-md-10\">\n\t\t\t\t\t\t\t<div class=\"section-title\">\n\t\t\t\t\t\t\t\t<h1 class=\"title title-1\">Politique intemp\u00e9ries\n<\/h1>\t\t\t\t\t\t\t<\/div>\n\t\t\t\t\t\t<\/div>\n\t\t\t\t\t<\/div>\n\t\t\t\t<\/div>\n\t\t\t<\/header>\n\t\t\t\t\t\n\n\t\t<section  class=\"half-title-half-text section-block\">\n\t\t\t<div class=\"container\">\n\t\t\t\t<div class=\"row content-wrapper\">\n\t\t\t\t\t<div class=\"col col-md-12\">\n\t\t\t\t\t\t\t\t\t\t\t\t<div class=\"row row-contents\">\n\t\t\t\t\t\t\t<div class=\"col-md-6 half-title\">\n\t\t\t\t\t\t\t\t<h2 class=\"main-title title-2\">Politique en cas de conditions m\u00e9t\u00e9orologiques s\u00e9v\u00e8res\n<\/h2>\t\t\t\t\t\t\t<\/div>\n\t\t\t\t\t\t\t<div class=\"col-md-6 half-content\">\n\t\t\t\t\t\t\t\t<div class=\"content\">\n\t\t\t\t\t\t\t\t\t\n\t\t\t\t\t\t\t\t\t\n\t\t\t\t\t\t\t\t\t\t\t\t\t\t\t\t\t\t\t<p>La s\u00e9curit\u00e9 des utilisateurs est extr\u00eamement importante pour nous. Ainsi, il est possible que le service soit suspendu de fa\u00e7on temporaire et qu\u2019aucune location de v\u00e9los ne puisse \u00eatre effectu\u00e9e dans le cas de conditions m\u00e9t\u00e9orologiques s\u00e9v\u00e8res pouvant affecter la s\u00e9curit\u00e9 des utilisateurs. Tous les v\u00e9los \u00e9tant d\u00e9j\u00e0 en utilisation lors de la fermeture temporaire du r\u00e9seau peuvent \u00eatre retourn\u00e9s \u00e0 n\u2019importe quelle station BIXI ayant un point d\u2019ancrage libre. La <a href=\"https:\/\/bixi.com\/fr\/tarifs\/\">tarification r\u00e9guli\u00e8re<\/a> s\u2019applique. Le service ouvrira \u00e0 nouveau d\u00e8s que les conditions m\u00e9t\u00e9orologiques sont consid\u00e9r\u00e9es s\u00e9curitaires pour l\u2019op\u00e9ration du syst\u00e8me.<\/p>\n<p>Les informations concernant la fermeture et la r\u00e9ouverture du r\u00e9seau seront diffus\u00e9es sur notre site web, notre <a href=\"https:\/\/www.facebook.com\/BIXImontreal\">page Facebook<\/a>, ainsi que notre <a href=\"https:\/\/twitter.com\/BIXImontreal\">compte Twitter<\/a>.<\/p>\n<p>Nous vous remercions de votre coop\u00e9ration afin d\u2019assurer la s\u00e9curit\u00e9 des utilisateurs.<\/p>\n\t\t\t\t\t\t\t\t\t\n\t\t\t\t\t\t\t\t\t\t\t\t\t\t\t\t\t<\/div>\n\t\t\t\t\t\t\t<\/div>\n\t\t\t\t\t\t<\/div>\n\t\t\t\t\t\t\t\t\t\t\t<\/div>\n\t\t\t\t<\/div>\n\t\t\t<\/div>\n\t\t<\/section>\n\t","protected":false},"excerpt":{"rendered":"","protected":false},"author":6,"featured_media":0,"parent":0,"menu_order":137,"comment_status":"closed","ping_status":"closed","template":"","meta":{"_acf_changed":false,"footnotes":""},"class_list":["post-1867","page","type-page","status-publish","hentry"],"acf":{"has_pink_background":false},"yoast_head":"<!-- This site is optimized with the Yoast SEO plugin v25.1 - https:\/\/yoast.com\/wordpress\/plugins\/seo\/ -->\n<title>Politique intemp\u00e9ries<\/title>\n<meta name=\"description\" content=\"En cas de conditions m\u00e9t\u00e9orologiques pouvant affecter la s\u00e9curit\u00e9 de nos employ\u00e9s ou nos \u00e9quipements, il est possible que le service soit suspendu.\" \/>\n<meta name=\"robots\" content=\"index, follow, max-snippet:-1, max-image-preview:large, max-video-preview:-1\" \/>\n<link rel=\"canonical\" href=\"https:\/\/bixi.com\/fr\/politique-intemperies\/\" \/>\n<meta property=\"og:locale\" content=\"fr_FR\" \/>\n<meta property=\"og:type\" content=\"article\" \/>\n<meta property=\"og:title\" content=\"Politique intemp\u00e9ries\" \/>\n<meta property=\"og:description\" content=\"En cas de conditions m\u00e9t\u00e9orologiques pouvant affecter la s\u00e9curit\u00e9 de nos employ\u00e9s ou nos \u00e9quipements, il est possible que le service soit suspendu.\" \/>\n<meta property=\"og:url\" content=\"https:\/\/bixi.com\/fr\/politique-intemperies\/\" \/>\n<meta property=\"og:site_name\" content=\"BIXI Montr\u00e9al\" \/>\n<meta property=\"article:modified_time\" content=\"2023-11-23T20:20:20+00:00\" \/>\n<meta property=\"og:image\" content=\"https:\/\/s3.ca-central-1.amazonaws.com\/cdn.bixi.com\/wp-content\/uploads\/2023\/03\/share-default.png\" \/>\n\t<meta property=\"og:image:width\" content=\"1440\" \/>\n\t<meta property=\"og:image:height\" content=\"900\" \/>\n\t<meta property=\"og:image:type\" content=\"image\/png\" \/>\n<meta name=\"twitter:card\" content=\"summary_large_image\" \/>\n<script type=\"application\/ld+json\" class=\"yoast-schema-graph\">{\"@context\":\"https:\/\/schema.org\",\"@graph\":[{\"@type\":\"WebPage\",\"@id\":\"https:\/\/bixi.com\/fr\/politique-intemperies\/\",\"url\":\"https:\/\/bixi.com\/fr\/politique-intemperies\/\",\"name\":\"Politique intemp\u00e9ries\",\"isPartOf\":{\"@id\":\"https:\/\/bixi.com\/fr\/#website\"},\"datePublished\":\"2023-03-07T22:33:08+00:00\",\"dateModified\":\"2023-11-23T20:20:20+00:00\",\"description\":\"En cas de conditions m\u00e9t\u00e9orologiques pouvant affecter la s\u00e9curit\u00e9 de nos employ\u00e9s ou nos \u00e9quipements, il est possible que le service soit suspendu.\",\"breadcrumb\":{\"@id\":\"https:\/\/bixi.com\/fr\/politique-intemperies\/#breadcrumb\"},\"inLanguage\":\"fr-FR\",\"potentialAction\":[{\"@type\":\"ReadAction\",\"target\":[\"https:\/\/bixi.com\/fr\/politique-intemperies\/\"]}]},{\"@type\":\"BreadcrumbList\",\"@id\":\"https:\/\/bixi.com\/fr\/politique-intemperies\/#breadcrumb\",\"itemListElement\":[{\"@type\":\"ListItem\",\"position\":1,\"name\":\"Home\",\"item\":\"https:\/\/bixi.com\/fr\/\"},{\"@type\":\"ListItem\",\"position\":2,\"name\":\"Politique intemp\u00e9ries\"}]},{\"@type\":\"WebSite\",\"@id\":\"https:\/\/bixi.com\/fr\/#website\",\"url\":\"https:\/\/bixi.com\/fr\/\",\"name\":\"BIXI Montr\u00e9al\",\"description\":\"\",\"potentialAction\":[{\"@type\":\"SearchAction\",\"target\":{\"@type\":\"EntryPoint\",\"urlTemplate\":\"https:\/\/bixi.com\/fr\/?s={search_term_string}\"},\"query-input\":{\"@type\":\"PropertyValueSpecification\",\"valueRequired\":true,\"valueName\":\"search_term_string\"}}],\"inLanguage\":\"fr-FR\"}]}<\/script>\n<!-- \/ Yoast SEO plugin. -->","yoast_head_json":{"title":"Politique intemp\u00e9ries","description":"En cas de conditions m\u00e9t\u00e9orologiques pouvant affecter la s\u00e9curit\u00e9 de nos employ\u00e9s ou nos \u00e9quipements, il est possible que le service soit suspendu.","robots":{"index":"index","follow":"follow","max-snippet":"max-snippet:-1","max-image-preview":"max-image-preview:large","max-video-preview":"max-video-preview:-1"},"canonical":"https:\/\/bixi.com\/fr\/politique-intemperies\/","og_locale":"fr_FR","og_type":"article","og_title":"Politique intemp\u00e9ries","og_description":"En cas de conditions m\u00e9t\u00e9orologiques pouvant affecter la s\u00e9curit\u00e9 de nos employ\u00e9s ou nos \u00e9quipements, il est possible que le service soit suspendu.","og_url":"https:\/\/bixi.com\/fr\/politique-intemperies\/","og_site_name":"BIXI Montr\u00e9al","article_modified_time":"2023-11-23T20:20:20+00:00","og_image":[{"width":1440,"height":900,"url":"https:\/\/s3.ca-central-1.amazonaws.com\/cdn.bixi.com\/wp-content\/uploads\/2023\/03\/share-default.png","type":"image\/png"}],"twitter_card":"summary_large_image","schema":{"@context":"https:\/\/schema.org","@graph":[{"@type":"WebPage","@id":"https:\/\/bixi.com\/fr\/politique-intemperies\/","url":"https:\/\/bixi.com\/fr\/politique-intemperies\/","name":"Politique intemp\u00e9ries","isPartOf":{"@id":"https:\/\/bixi.com\/fr\/#website"},"datePublished":"2023-03-07T22:33:08+00:00","dateModified":"2023-11-23T20:20:20+00:00","description":"En cas de conditions m\u00e9t\u00e9orologiques pouvant affecter la s\u00e9curit\u00e9 de nos employ\u00e9s ou nos \u00e9quipements, il est possible que le service soit suspendu.","breadcrumb":{"@id":"https:\/\/bixi.com\/fr\/politique-intemperies\/#breadcrumb"},"inLanguage":"fr-FR","potentialAction":[{"@type":"ReadAction","target":["https:\/\/bixi.com\/fr\/politique-intemperies\/"]}]},{"@type":"BreadcrumbList","@id":"https:\/\/bixi.com\/fr\/politique-intemperies\/#breadcrumb","itemListElement":[{"@type":"ListItem","position":1,"name":"Home","item":"https:\/\/bixi.com\/fr\/"},{"@type":"ListItem","position":2,"name":"Politique intemp\u00e9ries"}]},{"@type":"WebSite","@id":"https:\/\/bixi.com\/fr\/#website","url":"https:\/\/bixi.com\/fr\/","name":"BIXI Montr\u00e9al","description":"","potentialAction":[{"@type":"SearchAction","target":{"@type":"EntryPoint","urlTemplate":"https:\/\/bixi.com\/fr\/?s={search_term_string}"},"query-input":{"@type":"PropertyValueSpecification","valueRequired":true,"valueName":"search_term_string"}}],"inLanguage":"fr-FR"}]}},"_links":{"self":[{"href":"https:\/\/bixi.com\/fr\/wp-json\/wp\/v2\/pages\/1867","targetHints":{"allow":["GET"]}}],"collection":[{"href":"https:\/\/bixi.com\/fr\/wp-json\/wp\/v2\/pages"}],"about":[{"href":"https:\/\/bixi.com\/fr\/wp-json\/wp\/v2\/types\/page"}],"author":[{"embeddable":true,"href":"https:\/\/bixi.com\/fr\/wp-json\/wp\/v2\/users\/6"}],"replies":[{"embeddable":true,"href":"https:\/\/bixi.com\/fr\/wp-json\/wp\/v2\/comments?post=1867"}],"version-history":[{"count":4,"href":"https:\/\/bixi.com\/fr\/wp-json\/wp\/v2\/pages\/1867\/revisions"}],"predecessor-version":[{"id":10917,"href":"https:\/\/bixi.com\/fr\/wp-json\/wp\/v2\/pages\/1867\/revisions\/10917"}],"wp:attachment":[{"href":"https:\/\/bixi.com\/fr\/wp-json\/wp\/v2\/media?parent=1867"}],"curies":[{"name":"wp","href":"https:\/\/api.w.org\/{rel}","templated":true}]}}