{"id":1864,"date":"2023-03-07T17:33:08","date_gmt":"2023-03-07T22:33:08","guid":{"rendered":"https:\/\/bixi.com\/qui-sommes-nous-2\/"},"modified":"2025-09-26T15:25:31","modified_gmt":"2025-09-26T19:25:31","slug":"qui-sommes-nous","status":"publish","type":"page","link":"https:\/\/bixi.com\/fr\/qui-sommes-nous\/","title":{"rendered":"\u00c0 propos"},"content":{"rendered":"\t\t<section  class=\"animated-two-col-full-image section-block \" data-animator-id=\"full_image\" data-simple-module-animation>\n\t\t\t<div class=\"container\">\n\t\t\t\t<div class=\"row content-wrapper\">\n\t\t\t\t\t<div class=\"col-md-12\">\n\t\t\t\t\t\t\t\t\t\t\t\t\t<div class=\"top-title-wrapper\">\n\t\t\t\t\t\t\t\t<h1 class=\"top-title title-1\">\u00c0 propos\n<\/h1>\t\t\t\t\t\t\t<\/div>\n\t\t\t\t\t\t\n\t\t\t\t\t\t<div class=\"ctn\">\n\t\t\t\t\t\t\t<div class=\"img-container\">\n\t\t\t\t\t\t\t\t<div class=\"img-wrapper\">\n\t\t\t\t\t\t\t\t\t\t\t\t\t\t\t\t\t\t\t<img loading=\"lazy\" decoding=\"async\" width=\"1120\" height=\"746\" src=\"https:\/\/s3.ca-central-1.amazonaws.com\/cdn.bixi.com\/wp-content\/uploads\/2023\/02\/illu.png\" class=\"img-parallax\" alt=\"Qui sommes-nous?\" srcset=\"https:\/\/s3.ca-central-1.amazonaws.com\/cdn.bixi.com\/wp-content\/uploads\/2023\/02\/illu.png 1120w, https:\/\/s3.ca-central-1.amazonaws.com\/cdn.bixi.com\/wp-content\/uploads\/2023\/02\/illu-300x200.png 300w, https:\/\/s3.ca-central-1.amazonaws.com\/cdn.bixi.com\/wp-content\/uploads\/2023\/02\/illu-1024x682.png 1024w, https:\/\/s3.ca-central-1.amazonaws.com\/cdn.bixi.com\/wp-content\/uploads\/2023\/02\/illu-768x512.png 768w, https:\/\/s3.ca-central-1.amazonaws.com\/cdn.bixi.com\/wp-content\/uploads\/2023\/02\/illu-901x600.png 901w, https:\/\/s3.ca-central-1.amazonaws.com\/cdn.bixi.com\/wp-content\/uploads\/2023\/02\/illu-770x513.png 770w, https:\/\/s3.ca-central-1.amazonaws.com\/cdn.bixi.com\/wp-content\/uploads\/2023\/02\/illu-960x639.png 960w, https:\/\/s3.ca-central-1.amazonaws.com\/cdn.bixi.com\/wp-content\/uploads\/2023\/02\/illu-500x333.png 500w, https:\/\/s3.ca-central-1.amazonaws.com\/cdn.bixi.com\/wp-content\/uploads\/2023\/02\/illu-150x100.png 150w\" sizes=\"auto, (max-width: 1120px) 100vw, 1120px\" \/>\t\t\t\t\t\t\t\t\t\t\t\t\t\t\t\t\t<\/div>\n\t\t\t\t\t\t\t<\/div>\n\t\t\t\t\t\t\t<div class=\"title\">\n\t\t\t\t\t\t\t\t<h2 class=\"main-title title-2\">Nous sommes BIXI Montr\u00e9al\n<\/h2>\t\t\t\t\t\t\t<\/div>\n\t\t\t\t\t\t\t<div class=\"content\">\n\t\t\t\t\t\t\t\t\t\t\t\t\t\t\t\t\t<p>BIXI Montr\u00e9al est un organisme \u00e0 but non lucratif cr\u00e9\u00e9 en 2014 par la Ville de Montr\u00e9al pour g\u00e9rer le syst\u00e8me de v\u00e9lopartage \u00e0 Montr\u00e9al. Le r\u00e9seau comprend plus de 12\u00a0600 v\u00e9los (dont 2\u00a0600 <a href=\"https:\/\/bixi.com\/fr\/ebike\/\">BIXI \u00e9lectriques<\/a>) et pr\u00e8s de 1000 stations \u00e0 <a href=\"https:\/\/montreal.ca\/\">Montr\u00e9al<\/a>, <a href=\"https:\/\/www.laval.ca\/Pages\/Fr\/accueil.aspx\">Laval<\/a>, <a href=\"https:\/\/longueuil.quebec\/fr\/\">Longueuil<\/a>, <a href=\"https:\/\/www.sherbrooke.ca\/fr\">Sherbrooke<\/a>, <a href=\"https:\/\/westmount.org\/\">Westmount<\/a>, <a href=\"https:\/\/www.ville.mont-royal.qc.ca\/\">Ville de Mont-Royal,<\/a> <a href=\"https:\/\/ville.montreal-est.qc.ca\/\">Montr\u00e9al-Est<\/a>, <a href=\"https:\/\/boucherville.ca\/\">Boucherville<\/a>, <a href=\"https:\/\/www.ville.sainte-julie.qc.ca\/accueil-portail-web-de-la-ville-de-sainte-julie\">Sainte-Julie<\/a>, <a href=\"https:\/\/www.saint-lambert.ca\/fr\">Saint-Lambert<\/a>, <a href=\"https:\/\/ville.terrebonne.qc.ca\/une-histoire-de-vie\">Terrebonne<\/a>, <a href=\"https:\/\/www.saint-eustache.ca\/\">Saint-Eustache<\/a> et <a href=\"https:\/\/www.ville.deux-montagnes.qc.ca\/\">Deux-Montagnes<\/a>. Beaucoup plus qu\u2019un simple mode de transport, BIXI est aujourd\u2019hui un fabuleux raccourci qui permet de circuler librement dans la ville o\u00f9 et quand on le d\u00e9sire pour aller o\u00f9 l\u2019inspiration et\/ou le devoir nous m\u00e8ne.<\/p>\n<p><strong>Notre mission<\/strong><br \/>\nTransformer l&rsquo;exp\u00e9rience urbaine par une mobilit\u00e9 active, accessible, innovante et collaborative.<\/p>\n<p><strong>Notre vision<\/strong><br \/>\n\u00catre l&rsquo;acteur de mobilit\u00e9 urbaine le plus accessible, innovant et offrant la meilleure exp\u00e9rience-client.<\/p>\n<p><strong>Nos valeurs<\/strong><br \/>\nExcellence &#8211; Int\u00e9grit\u00e9 &#8211; Proximit\u00e9-client &#8211; Responsabilit\u00e9 sociale &#8211; Respect &#8211; Collaboration<\/p>\n\t\t\t\t\t\t\t\t\n\t\t\t\t\t\t\t\t\t\t\t\t\t\t\t<\/div>\n\t\t\t\t\t\t<\/div>\n\t\t\t\t\t<\/div>\n\t\t\t\t<\/div>\n\t\t\t<\/div>\n\t\t<\/section>\n\t\n\n\t\t<section  class=\"half-half section-block   \">\n\t\t\t<div class=\"container\">\n\t\t\t\t<div class=\"row\">\n\t\t\t\t\t<div class=\"col-md-12\">\n\t\t\t\t\t\t<div class=\"row content-wrapper\">\n\t\t\t\t\t\t\t<div class=\"col-md-6 half-img\">\n\t\t\t\t\t\t\t\t<div class=\"bg\">\n\t\t\t\t\t\t\t\t\t\t\t\t\t\t\t\t\t\t\t<img loading=\"lazy\" decoding=\"async\" width=\"544\" height=\"362\" src=\"https:\/\/s3.ca-central-1.amazonaws.com\/cdn.bixi.com\/wp-content\/uploads\/2023\/02\/redbixi.png\" class=\"attachment-half_half size-half_half\" alt=\"Qui sommes-nous?\" srcset=\"https:\/\/s3.ca-central-1.amazonaws.com\/cdn.bixi.com\/wp-content\/uploads\/2023\/02\/redbixi.png 544w, https:\/\/s3.ca-central-1.amazonaws.com\/cdn.bixi.com\/wp-content\/uploads\/2023\/02\/redbixi-300x200.png 300w, https:\/\/s3.ca-central-1.amazonaws.com\/cdn.bixi.com\/wp-content\/uploads\/2023\/02\/redbixi-500x333.png 500w, https:\/\/s3.ca-central-1.amazonaws.com\/cdn.bixi.com\/wp-content\/uploads\/2023\/02\/redbixi-150x100.png 150w\" sizes=\"auto, (max-width: 544px) 100vw, 544px\" \/>\t\t\t\t\t\t\t\t\t\t\t\t\t\t\t\t\t<\/div>\n\t\t\t\t\t\t\t\t\t\t\t\t\t\t\t<\/div>\n\t\t\t\t\t\t\t<div class=\"col-md-6 half-content\">\n\t\t\t\t\t\t\t\t<div class=\"content\">\n\t\t\t\t\t\t\t\t\t\n\t\t\t\t\t\t\t\t\t\n\t\t\t\t\t\t\t\t\t\n\t\t\t\t\t\t\t\t\t\t\t\t\t\t\t\t\t\t\t<p><strong>Design<\/strong><br \/>\nLes stations et les v\u00e9los ont \u00e9t\u00e9 sp\u00e9cialement dessin\u00e9s par le designer montr\u00e9alais de renomm\u00e9e internationale, Michel Dallaire, pour cr\u00e9er un ensemble coh\u00e9rent, qui se fond harmonieusement dans l\u2019environnement urbain. Les v\u00e9los, aux lignes \u00e9pur\u00e9es et \u00e9l\u00e9gantes, ont \u00e9t\u00e9 con\u00e7us avant tout pour \u00eatre robustes, s\u00e9curitaires et maniables, en collaboration \u00e9troite avec le manufacturier saguen\u00e9en Cycles Devinci. La forme arrondie de son cadre s\u2019inspire d\u2019un boomerang. Un BIXI emprunt\u00e9 revient toujours \u00e0 bon port !<\/p>\n<p><strong>Origine du nom<\/strong><br \/>\nLe nom BIXI est un mot-valise, soit une contraction des mots BIcyclette et taXI. Il a \u00e9t\u00e9 invent\u00e9 par Michel Gourdeau suite \u00e0 concours aupr\u00e8s des Montr\u00e9alais pour trouver l\u2019identit\u00e9 du v\u00e9lo qui avait g\u00e9n\u00e9r\u00e9 8 896 id\u00e9es de noms.<\/p>\n<p><strong>D\u00e9veloppement durable<\/strong><br \/>\nBIXI prend quotidiennement action afin de minimiser l\u2019incidence de ses op\u00e9rations sur l\u2019environnement et \u00e0 int\u00e9grer les consid\u00e9rations \u00e9conomiques, sociales et environnementales dans l\u2019ensemble de ses activit\u00e9s. Nos utilisateurs contribuent \u00e0 cette mission en choisissant d\u2019utiliser un moyen de transport \u00e9cologique qui r\u00e9duit l\u2019\u00e9mission de gaz \u00e0 effet de serre tout en favorisant l\u2019activit\u00e9 physique et un mode de vie sain. BIXI est fier d\u2019adopter une politique environnementale et d\u2019approvisionnement responsable.<\/p>\n<p>Notre strat\u00e9gie en mati\u00e8re de d\u00e9veloppement durable s\u2019articule autour de quatre actions:<\/p>\n<ul>\n<li>Adapter des m\u00e9canismes d\u00e9cisionnels de BIXI en regard du d\u00e9veloppement durable<\/li>\n<li>Agir en employeur responsable<\/li>\n<li>Promouvoir la pratique du v\u00e9lopartage aupr\u00e8s des Qu\u00e9b\u00e9cois<\/li>\n<li>Renforcer la position de BIXI dans l\u2019offre de transport collectif<\/li>\n<\/ul>\n\t\t\t\t\t\t\t\t\t\n\t\t\t\t\t\t\t\t\t\t\t\t\t\t\t\t\t<\/div>\n\t\t\t\t\t\t\t<\/div>\n\t\t\t\t\t\t<\/div>\n\t\t\t\t\t<\/div>\n\t\t\t\t<\/div>\n\t\t\t<\/div>\n\t\t<\/section>\n\t","protected":false},"excerpt":{"rendered":"","protected":false},"author":6,"featured_media":178,"parent":0,"menu_order":87,"comment_status":"closed","ping_status":"closed","template":"","meta":{"_acf_changed":false,"footnotes":""},"class_list":["post-1864","page","type-page","status-publish","has-post-thumbnail","hentry"],"acf":{"has_pink_background":false},"yoast_head":"<!-- This site is optimized with the Yoast SEO plugin v25.1 - https:\/\/yoast.com\/wordpress\/plugins\/seo\/ -->\n<title>Qui sommes-nous?<\/title>\n<meta name=\"description\" content=\"Qui sommes-nous? BIXI Montr\u00e9al est un organisme \u00e0 but non lucratif qui g\u00e8re le syst\u00e8me de v\u00e9lopartage dans 13 villes du Qu\u00e9bec.\" \/>\n<meta name=\"robots\" content=\"index, follow, max-snippet:-1, max-image-preview:large, max-video-preview:-1\" \/>\n<link rel=\"canonical\" href=\"https:\/\/bixi.com\/fr\/qui-sommes-nous\/\" \/>\n<meta property=\"og:locale\" content=\"fr_FR\" \/>\n<meta property=\"og:type\" content=\"article\" \/>\n<meta property=\"og:title\" content=\"Qui sommes-nous?\" \/>\n<meta property=\"og:description\" content=\"Qui sommes-nous? BIXI Montr\u00e9al est un organisme \u00e0 but non lucratif qui g\u00e8re le syst\u00e8me de v\u00e9lopartage dans 13 villes du Qu\u00e9bec.\" \/>\n<meta property=\"og:url\" content=\"https:\/\/bixi.com\/fr\/qui-sommes-nous\/\" \/>\n<meta property=\"og:site_name\" content=\"BIXI Montr\u00e9al\" \/>\n<meta property=\"article:modified_time\" content=\"2025-09-26T19:25:31+00:00\" \/>\n<meta property=\"og:image\" content=\"https:\/\/s3.ca-central-1.amazonaws.com\/cdn.bixi.com\/wp-content\/uploads\/2023\/02\/illu.png\" \/>\n\t<meta property=\"og:image:width\" content=\"1120\" \/>\n\t<meta property=\"og:image:height\" content=\"746\" \/>\n\t<meta property=\"og:image:type\" content=\"image\/png\" \/>\n<meta name=\"twitter:card\" content=\"summary_large_image\" \/>\n<meta name=\"twitter:label1\" content=\"Dur\u00e9e de lecture estim\u00e9e\" \/>\n\t<meta name=\"twitter:data1\" content=\"1 minute\" \/>\n<script type=\"application\/ld+json\" class=\"yoast-schema-graph\">{\"@context\":\"https:\/\/schema.org\",\"@graph\":[{\"@type\":\"WebPage\",\"@id\":\"https:\/\/bixi.com\/fr\/qui-sommes-nous\/\",\"url\":\"https:\/\/bixi.com\/fr\/qui-sommes-nous\/\",\"name\":\"Qui sommes-nous?\",\"isPartOf\":{\"@id\":\"https:\/\/bixi.com\/fr\/#website\"},\"primaryImageOfPage\":{\"@id\":\"https:\/\/bixi.com\/fr\/qui-sommes-nous\/#primaryimage\"},\"image\":{\"@id\":\"https:\/\/bixi.com\/fr\/qui-sommes-nous\/#primaryimage\"},\"thumbnailUrl\":\"https:\/\/s3.ca-central-1.amazonaws.com\/cdn.bixi.com\/wp-content\/uploads\/2023\/02\/illu.png\",\"datePublished\":\"2023-03-07T22:33:08+00:00\",\"dateModified\":\"2025-09-26T19:25:31+00:00\",\"description\":\"Qui sommes-nous? BIXI Montr\u00e9al est un organisme \u00e0 but non lucratif qui g\u00e8re le syst\u00e8me de v\u00e9lopartage dans 13 villes du Qu\u00e9bec.\",\"breadcrumb\":{\"@id\":\"https:\/\/bixi.com\/fr\/qui-sommes-nous\/#breadcrumb\"},\"inLanguage\":\"fr-FR\",\"potentialAction\":[{\"@type\":\"ReadAction\",\"target\":[\"https:\/\/bixi.com\/fr\/qui-sommes-nous\/\"]}]},{\"@type\":\"ImageObject\",\"inLanguage\":\"fr-FR\",\"@id\":\"https:\/\/bixi.com\/fr\/qui-sommes-nous\/#primaryimage\",\"url\":\"https:\/\/s3.ca-central-1.amazonaws.com\/cdn.bixi.com\/wp-content\/uploads\/2023\/02\/illu.png\",\"contentUrl\":\"https:\/\/s3.ca-central-1.amazonaws.com\/cdn.bixi.com\/wp-content\/uploads\/2023\/02\/illu.png\",\"width\":1120,\"height\":746,\"caption\":\"Qui sommes-nous?\"},{\"@type\":\"BreadcrumbList\",\"@id\":\"https:\/\/bixi.com\/fr\/qui-sommes-nous\/#breadcrumb\",\"itemListElement\":[{\"@type\":\"ListItem\",\"position\":1,\"name\":\"Home\",\"item\":\"https:\/\/bixi.com\/fr\/\"},{\"@type\":\"ListItem\",\"position\":2,\"name\":\"\u00c0 propos\"}]},{\"@type\":\"WebSite\",\"@id\":\"https:\/\/bixi.com\/fr\/#website\",\"url\":\"https:\/\/bixi.com\/fr\/\",\"name\":\"BIXI Montr\u00e9al\",\"description\":\"\",\"potentialAction\":[{\"@type\":\"SearchAction\",\"target\":{\"@type\":\"EntryPoint\",\"urlTemplate\":\"https:\/\/bixi.com\/fr\/?s={search_term_string}\"},\"query-input\":{\"@type\":\"PropertyValueSpecification\",\"valueRequired\":true,\"valueName\":\"search_term_string\"}}],\"inLanguage\":\"fr-FR\"}]}<\/script>\n<!-- \/ Yoast SEO plugin. -->","yoast_head_json":{"title":"Qui sommes-nous?","description":"Qui sommes-nous? BIXI Montr\u00e9al est un organisme \u00e0 but non lucratif qui g\u00e8re le syst\u00e8me de v\u00e9lopartage dans 13 villes du Qu\u00e9bec.","robots":{"index":"index","follow":"follow","max-snippet":"max-snippet:-1","max-image-preview":"max-image-preview:large","max-video-preview":"max-video-preview:-1"},"canonical":"https:\/\/bixi.com\/fr\/qui-sommes-nous\/","og_locale":"fr_FR","og_type":"article","og_title":"Qui sommes-nous?","og_description":"Qui sommes-nous? BIXI Montr\u00e9al est un organisme \u00e0 but non lucratif qui g\u00e8re le syst\u00e8me de v\u00e9lopartage dans 13 villes du Qu\u00e9bec.","og_url":"https:\/\/bixi.com\/fr\/qui-sommes-nous\/","og_site_name":"BIXI Montr\u00e9al","article_modified_time":"2025-09-26T19:25:31+00:00","og_image":[{"width":1120,"height":746,"url":"https:\/\/s3.ca-central-1.amazonaws.com\/cdn.bixi.com\/wp-content\/uploads\/2023\/02\/illu.png","type":"image\/png"}],"twitter_card":"summary_large_image","twitter_misc":{"Dur\u00e9e de lecture estim\u00e9e":"1 minute"},"schema":{"@context":"https:\/\/schema.org","@graph":[{"@type":"WebPage","@id":"https:\/\/bixi.com\/fr\/qui-sommes-nous\/","url":"https:\/\/bixi.com\/fr\/qui-sommes-nous\/","name":"Qui sommes-nous?","isPartOf":{"@id":"https:\/\/bixi.com\/fr\/#website"},"primaryImageOfPage":{"@id":"https:\/\/bixi.com\/fr\/qui-sommes-nous\/#primaryimage"},"image":{"@id":"https:\/\/bixi.com\/fr\/qui-sommes-nous\/#primaryimage"},"thumbnailUrl":"https:\/\/s3.ca-central-1.amazonaws.com\/cdn.bixi.com\/wp-content\/uploads\/2023\/02\/illu.png","datePublished":"2023-03-07T22:33:08+00:00","dateModified":"2025-09-26T19:25:31+00:00","description":"Qui sommes-nous? BIXI Montr\u00e9al est un organisme \u00e0 but non lucratif qui g\u00e8re le syst\u00e8me de v\u00e9lopartage dans 13 villes du Qu\u00e9bec.","breadcrumb":{"@id":"https:\/\/bixi.com\/fr\/qui-sommes-nous\/#breadcrumb"},"inLanguage":"fr-FR","potentialAction":[{"@type":"ReadAction","target":["https:\/\/bixi.com\/fr\/qui-sommes-nous\/"]}]},{"@type":"ImageObject","inLanguage":"fr-FR","@id":"https:\/\/bixi.com\/fr\/qui-sommes-nous\/#primaryimage","url":"https:\/\/s3.ca-central-1.amazonaws.com\/cdn.bixi.com\/wp-content\/uploads\/2023\/02\/illu.png","contentUrl":"https:\/\/s3.ca-central-1.amazonaws.com\/cdn.bixi.com\/wp-content\/uploads\/2023\/02\/illu.png","width":1120,"height":746,"caption":"Qui sommes-nous?"},{"@type":"BreadcrumbList","@id":"https:\/\/bixi.com\/fr\/qui-sommes-nous\/#breadcrumb","itemListElement":[{"@type":"ListItem","position":1,"name":"Home","item":"https:\/\/bixi.com\/fr\/"},{"@type":"ListItem","position":2,"name":"\u00c0 propos"}]},{"@type":"WebSite","@id":"https:\/\/bixi.com\/fr\/#website","url":"https:\/\/bixi.com\/fr\/","name":"BIXI Montr\u00e9al","description":"","potentialAction":[{"@type":"SearchAction","target":{"@type":"EntryPoint","urlTemplate":"https:\/\/bixi.com\/fr\/?s={search_term_string}"},"query-input":{"@type":"PropertyValueSpecification","valueRequired":true,"valueName":"search_term_string"}}],"inLanguage":"fr-FR"}]}},"_links":{"self":[{"href":"https:\/\/bixi.com\/fr\/wp-json\/wp\/v2\/pages\/1864","targetHints":{"allow":["GET"]}}],"collection":[{"href":"https:\/\/bixi.com\/fr\/wp-json\/wp\/v2\/pages"}],"about":[{"href":"https:\/\/bixi.com\/fr\/wp-json\/wp\/v2\/types\/page"}],"author":[{"embeddable":true,"href":"https:\/\/bixi.com\/fr\/wp-json\/wp\/v2\/users\/6"}],"replies":[{"embeddable":true,"href":"https:\/\/bixi.com\/fr\/wp-json\/wp\/v2\/comments?post=1864"}],"version-history":[{"count":5,"href":"https:\/\/bixi.com\/fr\/wp-json\/wp\/v2\/pages\/1864\/revisions"}],"predecessor-version":[{"id":16651,"href":"https:\/\/bixi.com\/fr\/wp-json\/wp\/v2\/pages\/1864\/revisions\/16651"}],"wp:featuredmedia":[{"embeddable":true,"href":"https:\/\/bixi.com\/fr\/wp-json\/wp\/v2\/media\/178"}],"wp:attachment":[{"href":"https:\/\/bixi.com\/fr\/wp-json\/wp\/v2\/media?parent=1864"}],"curies":[{"name":"wp","href":"https:\/\/api.w.org\/{rel}","templated":true}]}}