{"id":18397,"date":"2026-04-09T10:39:09","date_gmt":"2026-04-09T14:39:09","guid":{"rendered":"https:\/\/bixi.com\/?page_id=18397"},"modified":"2026-04-29T10:30:08","modified_gmt":"2026-04-29T14:30:08","slug":"ami-bixi-payer-avec-wealthsimple","status":"publish","type":"page","link":"https:\/\/bixi.com\/fr\/ami-bixi\/payer-avec-wealthsimple\/","title":{"rendered":"AMI BIXI | Payer avec une carte de cr\u00e9dit Wealthsimple"},"content":{"rendered":"\t\t<section  class=\"animated-two-col-full-image section-block \" data-animator-id=\"full_image\" data-simple-module-animation>\n\t\t\t<div class=\"container\">\n\t\t\t\t<div class=\"row content-wrapper\">\n\t\t\t\t\t<div class=\"col-md-12\">\n\t\t\t\t\t\t\t\t\t\t\t\t\t<div class=\"top-title-wrapper\">\n\t\t\t\t\t\t\t\t<h1 class=\"top-title title-1\">Gagnez 20% de remise en argent sur vos trajets\n<\/h1>\t\t\t\t\t\t\t<\/div>\n\t\t\t\t\t\t\n\t\t\t\t\t\t<div class=\"ctn\">\n\t\t\t\t\t\t\t<div class=\"img-container\">\n\t\t\t\t\t\t\t\t<div class=\"img-wrapper\">\n\t\t\t\t\t\t\t\t\t\t\t\t\t\t\t\t\t\t\t<img loading=\"lazy\" decoding=\"async\" width=\"1600\" height=\"900\" src=\"https:\/\/s3.ca-central-1.amazonaws.com\/cdn.bixi.com\/wp-content\/uploads\/2026\/04\/AMI_BIXI_programme_recompense-10-1.png\" class=\"img-parallax\" alt=\"\" srcset=\"https:\/\/s3.ca-central-1.amazonaws.com\/cdn.bixi.com\/wp-content\/uploads\/2026\/04\/AMI_BIXI_programme_recompense-10-1.png 1600w, https:\/\/s3.ca-central-1.amazonaws.com\/cdn.bixi.com\/wp-content\/uploads\/2026\/04\/AMI_BIXI_programme_recompense-10-1-300x169.png 300w, https:\/\/s3.ca-central-1.amazonaws.com\/cdn.bixi.com\/wp-content\/uploads\/2026\/04\/AMI_BIXI_programme_recompense-10-1-1024x576.png 1024w, https:\/\/s3.ca-central-1.amazonaws.com\/cdn.bixi.com\/wp-content\/uploads\/2026\/04\/AMI_BIXI_programme_recompense-10-1-768x432.png 768w, https:\/\/s3.ca-central-1.amazonaws.com\/cdn.bixi.com\/wp-content\/uploads\/2026\/04\/AMI_BIXI_programme_recompense-10-1-1536x864.png 1536w, https:\/\/s3.ca-central-1.amazonaws.com\/cdn.bixi.com\/wp-content\/uploads\/2026\/04\/AMI_BIXI_programme_recompense-10-1-935x526.png 935w, https:\/\/s3.ca-central-1.amazonaws.com\/cdn.bixi.com\/wp-content\/uploads\/2026\/04\/AMI_BIXI_programme_recompense-10-1-770x433.png 770w, https:\/\/s3.ca-central-1.amazonaws.com\/cdn.bixi.com\/wp-content\/uploads\/2026\/04\/AMI_BIXI_programme_recompense-10-1-960x540.png 960w, https:\/\/s3.ca-central-1.amazonaws.com\/cdn.bixi.com\/wp-content\/uploads\/2026\/04\/AMI_BIXI_programme_recompense-10-1-500x281.png 500w, https:\/\/s3.ca-central-1.amazonaws.com\/cdn.bixi.com\/wp-content\/uploads\/2026\/04\/AMI_BIXI_programme_recompense-10-1-150x84.png 150w, https:\/\/s3.ca-central-1.amazonaws.com\/cdn.bixi.com\/wp-content\/uploads\/2026\/04\/AMI_BIXI_programme_recompense-10-1-96x54.png 96w, https:\/\/s3.ca-central-1.amazonaws.com\/cdn.bixi.com\/wp-content\/uploads\/2026\/04\/AMI_BIXI_programme_recompense-10-1-78x44.png 78w, https:\/\/s3.ca-central-1.amazonaws.com\/cdn.bixi.com\/wp-content\/uploads\/2026\/04\/AMI_BIXI_programme_recompense-10-1-124x70.png 124w, https:\/\/s3.ca-central-1.amazonaws.com\/cdn.bixi.com\/wp-content\/uploads\/2026\/04\/AMI_BIXI_programme_recompense-10-1-100x56.png 100w, https:\/\/s3.ca-central-1.amazonaws.com\/cdn.bixi.com\/wp-content\/uploads\/2026\/04\/AMI_BIXI_programme_recompense-10-1-450x253.png 450w\" sizes=\"auto, (max-width: 1600px) 100vw, 1600px\" \/>\t\t\t\t\t\t\t\t\t\t\t\t\t\t\t\t\t<\/div>\n\t\t\t\t\t\t\t<\/div>\n\t\t\t\t\t\t\t<div class=\"title\">\n\t\t\t\t\t\t\t\t<h2 class=\"main-title title-2\"><span class=\"red\">4e fa\u00e7on de gagner avec AMI BIXI<\/span><br \/>\nPayer avec une carte de cr\u00e9dit Wealthsimple\n<\/h2>\t\t\t\t\t\t\t<\/div>\n\t\t\t\t\t\t\t<div class=\"content\">\n\t\t\t\t\t\t\t\t\t\t\t\t\t\t\t\t\t<p>Utiliser BIXI, c&rsquo;est d\u00e9j\u00e0 l&rsquo;un des moyens les plus \u00e9conomiques de se d\u00e9placer en ville.<\/p>\n<p>Mais si les trajets pouvaient \u00eatre 20% moins chers, ce serait encore mieux, non?<\/p>\n<p>Ajoutez une carte de cr\u00e9dit Wealthsimple Visa Infinite, Wealthsimple Visa Infinite&nbsp;+ ou Wealthsimple Visa Infinite Privilege \u00e0 votre <a href=\"https:\/\/secure.bixi.com\/sign-in\">compte BIXI<\/a> pour obtenir une bonification de 18% de votre remise en argent (qui s\u2019ajoute au 2% de base de la carte, pour un total de 20%) sur les transactions qui concernent les frais d&rsquo;utilisation de vos trajets \u00e0 BIXI.<\/p>\n<p><img decoding=\"async\" style=\"max-width: 200px; height: auto;\" src=\"https:\/\/s3.ca-central-1.amazonaws.com\/cdn.bixi.com\/wp-content\/uploads\/2026\/04\/AMI-BIXI-25.png\" alt=\"Logo-Wealthsimple\" \/><\/p>\n\t\t\t\t\t\t\t\t\n\t\t\t\t\t\t\t\t\t\t\t\t\t\t\t\t\t<div class=\"btns\">\n\t\t\t\t\t\t\t\t\t\t\t\t\t\t\t\t\t\t\t\t\t\t\t\t<a href=\"https:\/\/www.wealthsimple.com\/fr-ca\/credit-card\" \n\t\t\t\tclass=\"button button-primary \" \n\t\t\t\t \n\t\t\t\t>\n\t\t\t\t\t\t\t\t\t<span class=\"btn-mask\" data-button-label=\"Demander une carte de cr\u00e9dit Wealthsimple\">\n\t\t\t\t\t\t<span class=\"btn-label\">\n\t\t\t\t\t\t\tDemander une carte de cr\u00e9dit Wealthsimple\t\t\t\t\t\t<\/span>\n\t\t\t\t\t<\/span>\n\t\t\t\t\t\t\t\t\t\t<span class=\"btn-mask-icon\">\n\t\t\t\t\t\t<i class=\"icon \"><\/i>\n\t\t\t\t\t<\/span>\n\t\t\t\t\t\t\t\t\t\t\t\t<\/a>\n\t\t\t\t\t\t\t\t\t\t\t\t\t\t\t\t\t\t\t\t\t<\/div>\n\t\t\t\t\t\t\t\t\t\t\t\t\t\t\t<\/div>\n\t\t\t\t\t\t<\/div>\n\t\t\t\t\t<\/div>\n\t\t\t\t<\/div>\n\t\t\t<\/div>\n\t\t<\/section>\n\t\n\n \n\t\t<section  class=\"open-collapse section-block\">\n\t\t\t<div class=\"container-fluid\">\n\t\t\t\t<div class=\"row\">\n\t\t\t\t\t<div class=\"col-md-12\">\n\t\t\t\t\t\t<div class=\"section-title\">\n\t\t\t\t\t\t\t\t\t\t\t\t\t\t\t\t\t\t\t\t\t<h2 class=\"title-2\">FAQ<\/h2>\n<p>Vous trouverez ici quelques informations suppl\u00e9mentaires au sujet de l&rsquo;offre pour les titulaires d&rsquo;une carte de cr\u00e9dit Wealthsimple Visa Infinite, Wealthsimple Visa Infinite&nbsp;+ ou Wealthsimple Visa Infinite Privilege.<\/p>\n<p>Cependant, cette FAQ est un simple r\u00e9sum\u00e9 des <a href=\"https:\/\/promotions.wealthsimple.com\/hc\/fr-ca\/articles\/48065741295643-Wealthsimple-BIXI-Remise-en-argent-sur-les-trajets\">Conditions d&rsquo;utilisation de Wealthsimple<\/a>. N&rsquo;h\u00e9sitez pas \u00e0 les consulter pour conna\u00eetre tous les d\u00e9tails ou \u00e0 communiquer directement avec Wealthsimple pour obtenir des pr\u00e9cisions. En cas de disparit\u00e9 entre la FAQ et la documentation officielle de Wealthsimple, c&rsquo;est cette derni\u00e8re qui pr\u00e9vaut.<\/p>\n\t\t\t\t\t\t<\/div>\n\n\t\t\t\t\t\t\n\t\t\t\t\t\t\t<div class=\"open-collapse-wrapper\" data-collapser>\n\t\t\t\t\t\t\t\t<div class=\"open-collapse-title\" data-collapser-controller>\n\t\t\t\t\t\t\t\t\t<button class=\"toggle-btn\">\n\t\t\t\t\t\t\t\t\t\t<div class=\"oc-title title-4\">Cette offre est-elle ouverte \u00e0 tous les usagers BIXI?<\/div>\n\t\t\t\t\t\t\t\t\t\t<span class=\"open-close-btn\"><\/span>\n\t\t\t\t\t\t\t\t\t<\/button>\n\t\t\t\t\t\t\t\t<\/div>\n\t\t\t\t\t\t\t\t<div class=\"open-collapse-content\" data-collapser-target>\n\t\t\t\t\t\t\t\t\t<div class=\"content\">\n\t\t\t\t\t\t\t\t\t\t<p>Cette offre est exclusivement r\u00e9serv\u00e9e aux personnes titulaires d&rsquo;une carte de cr\u00e9dit Wealthsimple Visa Infinite, Wealthsimple Visa Infinite&nbsp;+ ou Wealthsimple Visa Infinite Privilege qui utilisent cette carte de cr\u00e9dit pour r\u00e9gler leurs transactions dans leur compte BIXI, qui ont atteint l&rsquo;\u00e2ge de la majorit\u00e9 l\u00e9gale dans leur province ou territoire de r\u00e9sidence et qui sont r\u00e9sidentes du Canada.<\/p>\n<p>Si vous n&rsquo;\u00eates pas d\u00e9j\u00e0 titulaire de l&rsquo;une de ces cartes de cr\u00e9dit, vous pouvez en faire la demande, ajouter votre nouvelle carte de cr\u00e9dit \u00e0 votre compte BIXI et devenir admissible \u00e0 cette offre pour vos prochaines transactions.<\/p>\n<p><a class=\"button button-primary \" href=\"https:\/\/www.wealthsimple.com\/fr-ca\/credit-card\"><span class=\"btn-mask\" data-button-label=\"Demander une carte de cr\u00e9dit Wealthsimple\"><span class=\"btn-label\">Demander une carte de cr\u00e9dit Wealthsimple<\/span><\/span><i class=\"icon \"><\/i><\/a><\/p>\n\t\t\t\n\t\t\t\t\t\t\t\t\t\t\t\t\t\t\t\t\t\t\t<\/div>\n\t\t\t\t\t\t\t\t<\/div>\n\t\t\t\t\t\t\t<\/div>\n\t\t\t\t\t\t\n\t\t\t\t\t\t\t<div class=\"open-collapse-wrapper\" data-collapser>\n\t\t\t\t\t\t\t\t<div class=\"open-collapse-title\" data-collapser-controller>\n\t\t\t\t\t\t\t\t\t<button class=\"toggle-btn\">\n\t\t\t\t\t\t\t\t\t\t<div class=\"oc-title title-4\">Sur quelles transactions la bonification s&rsquo;applique-t-elle?<\/div>\n\t\t\t\t\t\t\t\t\t\t<span class=\"open-close-btn\"><\/span>\n\t\t\t\t\t\t\t\t\t<\/button>\n\t\t\t\t\t\t\t\t<\/div>\n\t\t\t\t\t\t\t\t<div class=\"open-collapse-content\" data-collapser-target>\n\t\t\t\t\t\t\t\t\t<div class=\"content\">\n\t\t\t\t\t\t\t\t\t\t<p>La bonification de 18% de remise en argent s&rsquo;applique sur le paiement de trajets BIXI:<\/p>\n<ul>\n<li>Frais de d\u00e9verrouillage des allers simples (1,60$ +tx)<\/li>\n<li>Frais d&rsquo;utilisation \u00e0 la minute des allers simples (0,21$\/minute +tx avec un BIXI r\u00e9gulier, 0,36$\/minute +tx avec un BIXI \u00e9lectrique)<\/li>\n<li>Frais d&rsquo;utilisation \u00e0 la minute des abonnements (0,19$\/minute +tx avec un BIXI r\u00e9gulier pour les trajets de plus de 45 minutes, 0,19$\/minute +tx avec un BIXI \u00e9lectrique)<\/li>\n<\/ul>\n<p>Les frais d&rsquo;<a href=\"https:\/\/bixi.com\/fr\/abonnement-saisonnier\/\">abonnement saisonnier<\/a> et d&rsquo;<a href=\"https:\/\/bixi.com\/fr\/abonnement-mensuel\/\">abonnement mensuel<\/a> sont exclus de la bonification, mais font l&rsquo;objet de la remise en argent habituelle de 2%.<\/p>\n\t\t\t\n\t\t\t\t\t\t\t\t\t\t\t\t\t\t\t\t\t\t\t<\/div>\n\t\t\t\t\t\t\t\t<\/div>\n\t\t\t\t\t\t\t<\/div>\n\t\t\t\t\t\t\n\t\t\t\t\t\t\t<div class=\"open-collapse-wrapper\" data-collapser>\n\t\t\t\t\t\t\t\t<div class=\"open-collapse-title\" data-collapser-controller>\n\t\t\t\t\t\t\t\t\t<button class=\"toggle-btn\">\n\t\t\t\t\t\t\t\t\t\t<div class=\"oc-title title-4\">Quand vais-je recevoir mes remises en argent?<\/div>\n\t\t\t\t\t\t\t\t\t\t<span class=\"open-close-btn\"><\/span>\n\t\t\t\t\t\t\t\t\t<\/button>\n\t\t\t\t\t\t\t\t<\/div>\n\t\t\t\t\t\t\t\t<div class=\"open-collapse-content\" data-collapser-target>\n\t\t\t\t\t\t\t\t\t<div class=\"content\">\n\t\t\t\t\t\t\t\t\t\t<p>La remise en argent est vers\u00e9e selon les modalit\u00e9s habituelles de votre carte de cr\u00e9dit Wealthsimple Visa Infinite, Wealthsimple Visa Infinite&nbsp;+ ou Wealthsimple Visa Infinite Privilege.<\/p>\n\t\t\t\n\t\t\t\t\t\t\t\t\t\t\t\t\t\t\t\t\t\t\t<\/div>\n\t\t\t\t\t\t\t\t<\/div>\n\t\t\t\t\t\t\t<\/div>\n\t\t\t\t\t\t\n\t\t\t\t\t\t\t<div class=\"open-collapse-wrapper\" data-collapser>\n\t\t\t\t\t\t\t\t<div class=\"open-collapse-title\" data-collapser-controller>\n\t\t\t\t\t\t\t\t\t<button class=\"toggle-btn\">\n\t\t\t\t\t\t\t\t\t\t<div class=\"oc-title title-4\">J&rsquo;ai un probl\u00e8me avec cette offre BIXI pour les clients Wealthsimple. Qui contacter?<\/div>\n\t\t\t\t\t\t\t\t\t\t<span class=\"open-close-btn\"><\/span>\n\t\t\t\t\t\t\t\t\t<\/button>\n\t\t\t\t\t\t\t\t<\/div>\n\t\t\t\t\t\t\t\t<div class=\"open-collapse-content\" data-collapser-target>\n\t\t\t\t\t\t\t\t\t<div class=\"content\">\n\t\t\t\t\t\t\t\t\t\t<p>Pour toute question relative \u00e0 votre compte Wealthsimple ou au versement de vos r\u00e9compenses, contactez directement le <a href=\"https:\/\/www.wealthsimple.com\/fr-ca\/contact\">service \u00e0 la client\u00e8le de Wealthsimple<\/a>.<\/p>\n<p>Pour les questions li\u00e9es \u00e0 vos trajets BIXI, <a href=\"https:\/\/support.bixi.com\/hc\/fr\/requests\/new\">contactez le service \u00e0 la client\u00e8le BIXI<\/a>.<\/p>\n\t\t\t\n\t\t\t\t\t\t\t\t\t\t\t\t\t\t\t\t\t\t\t<\/div>\n\t\t\t\t\t\t\t\t<\/div>\n\t\t\t\t\t\t\t<\/div>\n\t\t\t\t\t\t\t\t\t\t\t<\/div>\n\t\t\t\t<\/div>\n\t\t\t<\/div>\n\t\t<\/section>\n\t\n\n\t\t\t<section  class=\"banner-cta section-block\">\n\t\t\t\t<div class=\"img-container\">\n\t\t\t\t\t\t\t\t\t\t\t<img loading=\"lazy\" decoding=\"async\" width=\"1600\" height=\"500\" src=\"https:\/\/s3.ca-central-1.amazonaws.com\/cdn.bixi.com\/wp-content\/uploads\/2026\/04\/AMI-BIXI-17.png\" class=\"attachment-full_width size-full_width\" alt=\"\" srcset=\"https:\/\/s3.ca-central-1.amazonaws.com\/cdn.bixi.com\/wp-content\/uploads\/2026\/04\/AMI-BIXI-17.png 1600w, https:\/\/s3.ca-central-1.amazonaws.com\/cdn.bixi.com\/wp-content\/uploads\/2026\/04\/AMI-BIXI-17-300x94.png 300w, https:\/\/s3.ca-central-1.amazonaws.com\/cdn.bixi.com\/wp-content\/uploads\/2026\/04\/AMI-BIXI-17-1024x320.png 1024w, https:\/\/s3.ca-central-1.amazonaws.com\/cdn.bixi.com\/wp-content\/uploads\/2026\/04\/AMI-BIXI-17-768x240.png 768w, https:\/\/s3.ca-central-1.amazonaws.com\/cdn.bixi.com\/wp-content\/uploads\/2026\/04\/AMI-BIXI-17-1536x480.png 1536w, https:\/\/s3.ca-central-1.amazonaws.com\/cdn.bixi.com\/wp-content\/uploads\/2026\/04\/AMI-BIXI-17-935x292.png 935w, https:\/\/s3.ca-central-1.amazonaws.com\/cdn.bixi.com\/wp-content\/uploads\/2026\/04\/AMI-BIXI-17-770x241.png 770w, https:\/\/s3.ca-central-1.amazonaws.com\/cdn.bixi.com\/wp-content\/uploads\/2026\/04\/AMI-BIXI-17-960x300.png 960w, https:\/\/s3.ca-central-1.amazonaws.com\/cdn.bixi.com\/wp-content\/uploads\/2026\/04\/AMI-BIXI-17-500x156.png 500w, https:\/\/s3.ca-central-1.amazonaws.com\/cdn.bixi.com\/wp-content\/uploads\/2026\/04\/AMI-BIXI-17-150x47.png 150w, https:\/\/s3.ca-central-1.amazonaws.com\/cdn.bixi.com\/wp-content\/uploads\/2026\/04\/AMI-BIXI-17-173x54.png 173w, https:\/\/s3.ca-central-1.amazonaws.com\/cdn.bixi.com\/wp-content\/uploads\/2026\/04\/AMI-BIXI-17-141x44.png 141w, https:\/\/s3.ca-central-1.amazonaws.com\/cdn.bixi.com\/wp-content\/uploads\/2026\/04\/AMI-BIXI-17-224x70.png 224w, https:\/\/s3.ca-central-1.amazonaws.com\/cdn.bixi.com\/wp-content\/uploads\/2026\/04\/AMI-BIXI-17-179x56.png 179w, https:\/\/s3.ca-central-1.amazonaws.com\/cdn.bixi.com\/wp-content\/uploads\/2026\/04\/AMI-BIXI-17-450x141.png 450w\" sizes=\"auto, (max-width: 1600px) 100vw, 1600px\" \/>\t\t\t\t\t\n\t\t\t\t\t<div class=\"content\">\n\t\t\t\t\t\t\t\t\t\t\t\t\t<div class=\"text\"><p>D\u00e9couvrez les autres fa\u00e7ons de gagner avec AMI BIXI!<\/p>\n<\/div>\n\t\t\t\t\t\t\n\t\t\t\t\t\t\t\t\t\t\t\t\t<div class=\"btns\">\n\t\t\t\t\t\t\t\t\t\t\t\t\t\t\t\t\t\t\t\t<a href=\"https:\/\/bixi.com\/fr\/ami-bixi\/\" \n\t\t\t\tclass=\"button button-primary \" \n\t\t\t\t \n\t\t\t\t>\n\t\t\t\t\t\t\t\t\t<span class=\"btn-mask\" data-button-label=\"En savoir plus\">\n\t\t\t\t\t\t<span class=\"btn-label\">\n\t\t\t\t\t\t\tEn savoir plus\t\t\t\t\t\t<\/span>\n\t\t\t\t\t<\/span>\n\t\t\t\t\t\t\t\t\t\t<span class=\"btn-mask-icon\">\n\t\t\t\t\t\t<i class=\"icon \"><\/i>\n\t\t\t\t\t<\/span>\n\t\t\t\t\t\t\t\t\t\t\t\t<\/a>\n\t\t\t\t\t\t\t\t\t\t\t\t\t\t\t\t\t<\/div>\n\t\t\t\t\t\t\t\t\t\t\t<\/div>\n\t\t\t\t<\/div>\n\t\t\t<\/section>\n\t\t\n\n\t\t<section  class=\"half-title-half-text section-block\">\n\t\t\t<div class=\"container\">\n\t\t\t\t<div class=\"row content-wrapper\">\n\t\t\t\t\t<div class=\"col col-md-12\">\n\t\t\t\t\t\t\t\t\t\t\t\t<div class=\"row row-contents\">\n\t\t\t\t\t\t\t<div class=\"col-md-6 half-title\">\n\t\t\t\t\t\t\t\t<h2 class=\"main-title title-2\">Note l\u00e9gale\n<\/h2>\t\t\t\t\t\t\t<\/div>\n\t\t\t\t\t\t\t<div class=\"col-md-6 half-content\">\n\t\t\t\t\t\t\t\t<div class=\"content\">\n\t\t\t\t\t\t\t\t\t\n\t\t\t\t\t\t\t\t\t\n\t\t\t\t\t\t\t\t\t\t\t\t\t\t\t\t\t\t\t<p><small>D\u00e8s le 1er mai 2026, les titulaires de cartes de cr\u00e9dit Wealthsimple Visa Infinite, Wealthsimple Visa Infinite&nbsp;+* ou Visa Infinite Privilege* recevront une bonification de 18 % de leur remise en argent, en plus des 2 % de base, pour les transactions d\u2019utilisation et de trajets BIXI r\u00e9gl\u00e9es. Exclut les frais d\u2019abonnement BIXI. R\u00e9serv\u00e9 aux personnes d\u2019\u00e2ge majeur r\u00e9sidant au Canada. <a href=\"https:\/\/promotions.wealthsimple.com\/hc\/fr-ca\/articles\/48065741295643-Wealthsimple-BIXI-Remise-en-ar\u2026\">Modalit\u00e9s compl\u00e8tes<\/a>. <\/small><\/p>\n<p>*Marque de commerce de Visa Int., utilis\u00e9e sous licence. Le taux de remise de 2 % s\u2019applique aux achats nets effectu\u00e9s durant chaque p\u00e9riode de relev\u00e9, et exclut les transactions en quasi-esp\u00e8ces, les remboursements et tous les frais et rajustements applicables. <a href=\"https:\/\/help.wealthsimple.com\/hc\/fr-ca\/articles\/31614256039835-Demandez-une-carte-de-cr%C3%A9dit-Wealthsimple\">En savoir plus<\/a><\/p>\n\t\t\t\t\t\t\t\t\t\n\t\t\t\t\t\t\t\t\t\t\t\t\t\t\t\t\t<\/div>\n\t\t\t\t\t\t\t<\/div>\n\t\t\t\t\t\t<\/div>\n\t\t\t\t\t\t\t\t\t\t\t<\/div>\n\t\t\t\t<\/div>\n\t\t\t<\/div>\n\t\t<\/section>\n\t","protected":false},"excerpt":{"rendered":"","protected":false},"author":37,"featured_media":19214,"parent":0,"menu_order":19,"comment_status":"closed","ping_status":"closed","template":"","meta":{"_acf_changed":false,"footnotes":""},"class_list":["post-18397","page","type-page","status-publish","has-post-thumbnail","hentry"],"acf":{"has_pink_background":true},"yoast_head":"<!-- This site is optimized with the Yoast SEO plugin v25.1 - https:\/\/yoast.com\/wordpress\/plugins\/seo\/ -->\n<title>Payer avec Wealthsimple avec AMI BIXI | BIXI Montr\u00e9al<\/title>\n<meta name=\"description\" content=\"Recevez une bonification de 18% de votre remise en argent, en plus du 2% de base, pour vos transactions pay\u00e9es avec Wealthsimple.\" \/>\n<meta name=\"robots\" content=\"index, follow, max-snippet:-1, max-image-preview:large, max-video-preview:-1\" \/>\n<link rel=\"canonical\" href=\"https:\/\/bixi.com\/fr\/ami-bixi\/payer-avec-wealthsimple\/\" \/>\n<meta property=\"og:locale\" content=\"fr_FR\" \/>\n<meta property=\"og:type\" content=\"article\" \/>\n<meta property=\"og:title\" content=\"Payer avec Wealthsimple avec AMI BIXI | BIXI Montr\u00e9al\" \/>\n<meta property=\"og:description\" content=\"Recevez une bonification de 18% de votre remise en argent, en plus du 2% de base, pour vos transactions pay\u00e9es avec Wealthsimple.\" \/>\n<meta property=\"og:url\" content=\"https:\/\/bixi.com\/fr\/ami-bixi\/payer-avec-wealthsimple\/\" \/>\n<meta property=\"og:site_name\" content=\"BIXI Montr\u00e9al\" \/>\n<meta property=\"article:modified_time\" content=\"2026-04-29T14:30:08+00:00\" \/>\n<meta property=\"og:image\" content=\"https:\/\/s3.ca-central-1.amazonaws.com\/cdn.bixi.com\/wp-content\/uploads\/2026\/04\/AMI-BIXI-23-1.png\" \/>\n\t<meta property=\"og:image:width\" content=\"1600\" \/>\n\t<meta property=\"og:image:height\" content=\"900\" \/>\n\t<meta property=\"og:image:type\" content=\"image\/png\" \/>\n<meta name=\"twitter:card\" content=\"summary_large_image\" \/>\n<meta name=\"twitter:label1\" content=\"Dur\u00e9e de lecture estim\u00e9e\" \/>\n\t<meta name=\"twitter:data1\" content=\"1 minute\" \/>\n<script type=\"application\/ld+json\" class=\"yoast-schema-graph\">{\"@context\":\"https:\/\/schema.org\",\"@graph\":[{\"@type\":\"WebPage\",\"@id\":\"https:\/\/bixi.com\/fr\/ami-bixi\/payer-avec-wealthsimple\/\",\"url\":\"https:\/\/bixi.com\/fr\/ami-bixi\/payer-avec-wealthsimple\/\",\"name\":\"Payer avec Wealthsimple avec AMI BIXI | BIXI Montr\u00e9al\",\"isPartOf\":{\"@id\":\"https:\/\/bixi.com\/fr\/#website\"},\"primaryImageOfPage\":{\"@id\":\"https:\/\/bixi.com\/fr\/ami-bixi\/payer-avec-wealthsimple\/#primaryimage\"},\"image\":{\"@id\":\"https:\/\/bixi.com\/fr\/ami-bixi\/payer-avec-wealthsimple\/#primaryimage\"},\"thumbnailUrl\":\"https:\/\/s3.ca-central-1.amazonaws.com\/cdn.bixi.com\/wp-content\/uploads\/2026\/04\/AMI-BIXI-23-1.png\",\"datePublished\":\"2026-04-09T14:39:09+00:00\",\"dateModified\":\"2026-04-29T14:30:08+00:00\",\"description\":\"Recevez une bonification de 18% de votre remise en argent, en plus du 2% de base, pour vos transactions pay\u00e9es avec Wealthsimple.\",\"breadcrumb\":{\"@id\":\"https:\/\/bixi.com\/fr\/ami-bixi\/payer-avec-wealthsimple\/#breadcrumb\"},\"inLanguage\":\"fr-FR\",\"potentialAction\":[{\"@type\":\"ReadAction\",\"target\":[\"https:\/\/bixi.com\/fr\/ami-bixi\/payer-avec-wealthsimple\/\"]}]},{\"@type\":\"ImageObject\",\"inLanguage\":\"fr-FR\",\"@id\":\"https:\/\/bixi.com\/fr\/ami-bixi\/payer-avec-wealthsimple\/#primaryimage\",\"url\":\"https:\/\/s3.ca-central-1.amazonaws.com\/cdn.bixi.com\/wp-content\/uploads\/2026\/04\/AMI-BIXI-23-1.png\",\"contentUrl\":\"https:\/\/s3.ca-central-1.amazonaws.com\/cdn.bixi.com\/wp-content\/uploads\/2026\/04\/AMI-BIXI-23-1.png\",\"width\":1600,\"height\":900},{\"@type\":\"BreadcrumbList\",\"@id\":\"https:\/\/bixi.com\/fr\/ami-bixi\/payer-avec-wealthsimple\/#breadcrumb\",\"itemListElement\":[{\"@type\":\"ListItem\",\"position\":1,\"name\":\"Home\",\"item\":\"https:\/\/bixi.com\/fr\/\"},{\"@type\":\"ListItem\",\"position\":2,\"name\":\"AMI BIXI | Payer avec une carte de cr\u00e9dit Wealthsimple\"}]},{\"@type\":\"WebSite\",\"@id\":\"https:\/\/bixi.com\/fr\/#website\",\"url\":\"https:\/\/bixi.com\/fr\/\",\"name\":\"BIXI Montr\u00e9al\",\"description\":\"\",\"potentialAction\":[{\"@type\":\"SearchAction\",\"target\":{\"@type\":\"EntryPoint\",\"urlTemplate\":\"https:\/\/bixi.com\/fr\/?s={search_term_string}\"},\"query-input\":{\"@type\":\"PropertyValueSpecification\",\"valueRequired\":true,\"valueName\":\"search_term_string\"}}],\"inLanguage\":\"fr-FR\"}]}<\/script>\n<!-- \/ Yoast SEO plugin. -->","yoast_head_json":{"title":"Payer avec Wealthsimple avec AMI BIXI | BIXI Montr\u00e9al","description":"Recevez une bonification de 18% de votre remise en argent, en plus du 2% de base, pour vos transactions pay\u00e9es avec Wealthsimple.","robots":{"index":"index","follow":"follow","max-snippet":"max-snippet:-1","max-image-preview":"max-image-preview:large","max-video-preview":"max-video-preview:-1"},"canonical":"https:\/\/bixi.com\/fr\/ami-bixi\/payer-avec-wealthsimple\/","og_locale":"fr_FR","og_type":"article","og_title":"Payer avec Wealthsimple avec AMI BIXI | BIXI Montr\u00e9al","og_description":"Recevez une bonification de 18% de votre remise en argent, en plus du 2% de base, pour vos transactions pay\u00e9es avec Wealthsimple.","og_url":"https:\/\/bixi.com\/fr\/ami-bixi\/payer-avec-wealthsimple\/","og_site_name":"BIXI Montr\u00e9al","article_modified_time":"2026-04-29T14:30:08+00:00","og_image":[{"width":1600,"height":900,"url":"https:\/\/s3.ca-central-1.amazonaws.com\/cdn.bixi.com\/wp-content\/uploads\/2026\/04\/AMI-BIXI-23-1.png","type":"image\/png"}],"twitter_card":"summary_large_image","twitter_misc":{"Dur\u00e9e de lecture estim\u00e9e":"1 minute"},"schema":{"@context":"https:\/\/schema.org","@graph":[{"@type":"WebPage","@id":"https:\/\/bixi.com\/fr\/ami-bixi\/payer-avec-wealthsimple\/","url":"https:\/\/bixi.com\/fr\/ami-bixi\/payer-avec-wealthsimple\/","name":"Payer avec Wealthsimple avec AMI BIXI | BIXI Montr\u00e9al","isPartOf":{"@id":"https:\/\/bixi.com\/fr\/#website"},"primaryImageOfPage":{"@id":"https:\/\/bixi.com\/fr\/ami-bixi\/payer-avec-wealthsimple\/#primaryimage"},"image":{"@id":"https:\/\/bixi.com\/fr\/ami-bixi\/payer-avec-wealthsimple\/#primaryimage"},"thumbnailUrl":"https:\/\/s3.ca-central-1.amazonaws.com\/cdn.bixi.com\/wp-content\/uploads\/2026\/04\/AMI-BIXI-23-1.png","datePublished":"2026-04-09T14:39:09+00:00","dateModified":"2026-04-29T14:30:08+00:00","description":"Recevez une bonification de 18% de votre remise en argent, en plus du 2% de base, pour vos transactions pay\u00e9es avec Wealthsimple.","breadcrumb":{"@id":"https:\/\/bixi.com\/fr\/ami-bixi\/payer-avec-wealthsimple\/#breadcrumb"},"inLanguage":"fr-FR","potentialAction":[{"@type":"ReadAction","target":["https:\/\/bixi.com\/fr\/ami-bixi\/payer-avec-wealthsimple\/"]}]},{"@type":"ImageObject","inLanguage":"fr-FR","@id":"https:\/\/bixi.com\/fr\/ami-bixi\/payer-avec-wealthsimple\/#primaryimage","url":"https:\/\/s3.ca-central-1.amazonaws.com\/cdn.bixi.com\/wp-content\/uploads\/2026\/04\/AMI-BIXI-23-1.png","contentUrl":"https:\/\/s3.ca-central-1.amazonaws.com\/cdn.bixi.com\/wp-content\/uploads\/2026\/04\/AMI-BIXI-23-1.png","width":1600,"height":900},{"@type":"BreadcrumbList","@id":"https:\/\/bixi.com\/fr\/ami-bixi\/payer-avec-wealthsimple\/#breadcrumb","itemListElement":[{"@type":"ListItem","position":1,"name":"Home","item":"https:\/\/bixi.com\/fr\/"},{"@type":"ListItem","position":2,"name":"AMI BIXI | Payer avec une carte de cr\u00e9dit Wealthsimple"}]},{"@type":"WebSite","@id":"https:\/\/bixi.com\/fr\/#website","url":"https:\/\/bixi.com\/fr\/","name":"BIXI Montr\u00e9al","description":"","potentialAction":[{"@type":"SearchAction","target":{"@type":"EntryPoint","urlTemplate":"https:\/\/bixi.com\/fr\/?s={search_term_string}"},"query-input":{"@type":"PropertyValueSpecification","valueRequired":true,"valueName":"search_term_string"}}],"inLanguage":"fr-FR"}]}},"_links":{"self":[{"href":"https:\/\/bixi.com\/fr\/wp-json\/wp\/v2\/pages\/18397","targetHints":{"allow":["GET"]}}],"collection":[{"href":"https:\/\/bixi.com\/fr\/wp-json\/wp\/v2\/pages"}],"about":[{"href":"https:\/\/bixi.com\/fr\/wp-json\/wp\/v2\/types\/page"}],"author":[{"embeddable":true,"href":"https:\/\/bixi.com\/fr\/wp-json\/wp\/v2\/users\/37"}],"replies":[{"embeddable":true,"href":"https:\/\/bixi.com\/fr\/wp-json\/wp\/v2\/comments?post=18397"}],"version-history":[{"count":5,"href":"https:\/\/bixi.com\/fr\/wp-json\/wp\/v2\/pages\/18397\/revisions"}],"predecessor-version":[{"id":19146,"href":"https:\/\/bixi.com\/fr\/wp-json\/wp\/v2\/pages\/18397\/revisions\/19146"}],"wp:featuredmedia":[{"embeddable":true,"href":"https:\/\/bixi.com\/fr\/wp-json\/wp\/v2\/media\/19214"}],"wp:attachment":[{"href":"https:\/\/bixi.com\/fr\/wp-json\/wp\/v2\/media?parent=18397"}],"curies":[{"name":"wp","href":"https:\/\/api.w.org\/{rel}","templated":true}]}}