{"id":17168,"date":"2025-11-27T14:25:05","date_gmt":"2025-11-27T19:25:05","guid":{"rendered":"https:\/\/bixi.com\/?page_id=17168"},"modified":"2025-11-27T14:28:30","modified_gmt":"2025-11-27T19:28:30","slug":"conditions-dutilisation-selecteur","status":"publish","type":"page","link":"https:\/\/bixi.com\/fr\/conditions-dutilisation-menu\/","title":{"rendered":"Conditions d&rsquo;utilisation &#8211; Menu"},"content":{"rendered":"\t\t<section  class=\"cta-list section-block\">\n\t\t\t<div class=\"container\">\n\t\t\t\t<div class=\"row\">\n\t\t\t\t\t<div class=\"col-md-12\">\n\t\t\t\t\t\t<h1 class=\"main-title\">Nos conditions d&rsquo;utilisation<\/h1>\t\t\t\t\t\t<div class=\"cta-content\">\n\t\t\t\t\t\t\t\t\t\t\t\t\t\t\t\t\t\t\t\t\t\t\t<a href=\"https:\/\/bixi.com\/fr\/conditions-dutilisation-bixi\/\" target=\"\" class=\"btn-cta\">Conditions d\u2019utilisation \u2013 V\u00e9los BIXI<i class=\"icon-arrow\"><\/i><\/a>\n\t\t\t\t\t\t\t\t\t\t\t\t\t\t\t\t\t\t\t\t\t\t\t<a href=\"https:\/\/bixi.com\/fr\/conditions-dutilisation-site-internet\/\" target=\"\" class=\"btn-cta\">Conditions d\u2019utilisation \u2013 Site Internet<i class=\"icon-arrow\"><\/i><\/a>\n\t\t\t\t\t\t\t\t\t\t\t\t\t\t\t\t\t\t\t\t\t\t\t<a href=\"https:\/\/bixi.com\/fr\/conditions-dutilisation-application-mobile\/\" target=\"\" class=\"btn-cta\">Conditions d\u2019utilisation \u2013 Application mobile<i class=\"icon-arrow\"><\/i><\/a>\n\t\t\t\t\t\t\t\t\t\t\t\t\t<\/div>\n\t\t\t\t\t<\/div>\n\t\t\t\t<\/div>\n\t\t\t<\/div>\n\t\t<\/section>\n\t","protected":false},"excerpt":{"rendered":"","protected":false},"author":37,"featured_media":0,"parent":0,"menu_order":131,"comment_status":"closed","ping_status":"closed","template":"","meta":{"_acf_changed":false,"footnotes":""},"class_list":["post-17168","page","type-page","status-publish","hentry"],"acf":{"has_pink_background":false},"yoast_head":"<!-- This site is optimized with the Yoast SEO plugin v25.1 - https:\/\/yoast.com\/wordpress\/plugins\/seo\/ -->\n<title>Conditions d&#039;utilisation BIXI<\/title>\n<meta name=\"description\" content=\"Choisissez parmi les conditions d&#039;utilisation des v\u00e9los, du site web ou de l&#039;application BIXI et acc\u00e9dez \u00e0 celles que vous souhaitez lire.\" \/>\n<meta name=\"robots\" content=\"noindex, nofollow\" \/>\n<meta property=\"og:locale\" content=\"fr_FR\" \/>\n<meta property=\"og:type\" content=\"article\" \/>\n<meta property=\"og:title\" content=\"Conditions d&#039;utilisation BIXI\" \/>\n<meta property=\"og:description\" content=\"Choisissez parmi les conditions d&#039;utilisation des v\u00e9los, du site web ou de l&#039;application BIXI et acc\u00e9dez \u00e0 celles que vous souhaitez lire.\" \/>\n<meta property=\"og:url\" content=\"https:\/\/bixi.com\/fr\/conditions-dutilisation-menu\/\" \/>\n<meta property=\"og:site_name\" content=\"BIXI Montr\u00e9al\" \/>\n<meta property=\"article:modified_time\" content=\"2025-11-27T19:28:30+00:00\" \/>\n<meta property=\"og:image\" content=\"https:\/\/s3.ca-central-1.amazonaws.com\/cdn.bixi.com\/wp-content\/uploads\/2023\/03\/share-default.png\" \/>\n\t<meta property=\"og:image:width\" content=\"1440\" \/>\n\t<meta property=\"og:image:height\" content=\"900\" \/>\n\t<meta property=\"og:image:type\" content=\"image\/png\" \/>\n<meta name=\"twitter:card\" content=\"summary_large_image\" \/>\n<script type=\"application\/ld+json\" class=\"yoast-schema-graph\">{\"@context\":\"https:\/\/schema.org\",\"@graph\":[{\"@type\":\"WebPage\",\"@id\":\"https:\/\/bixi.com\/fr\/conditions-dutilisation-menu\/\",\"url\":\"https:\/\/bixi.com\/fr\/conditions-dutilisation-menu\/\",\"name\":\"Conditions d'utilisation BIXI\",\"isPartOf\":{\"@id\":\"https:\/\/bixi.com\/fr\/#website\"},\"datePublished\":\"2025-11-27T19:25:05+00:00\",\"dateModified\":\"2025-11-27T19:28:30+00:00\",\"description\":\"Choisissez parmi les conditions d'utilisation des v\u00e9los, du site web ou de l'application BIXI et acc\u00e9dez \u00e0 celles que vous souhaitez lire.\",\"breadcrumb\":{\"@id\":\"https:\/\/bixi.com\/fr\/conditions-dutilisation-menu\/#breadcrumb\"},\"inLanguage\":\"fr-FR\",\"potentialAction\":[{\"@type\":\"ReadAction\",\"target\":[\"https:\/\/bixi.com\/fr\/conditions-dutilisation-menu\/\"]}]},{\"@type\":\"BreadcrumbList\",\"@id\":\"https:\/\/bixi.com\/fr\/conditions-dutilisation-menu\/#breadcrumb\",\"itemListElement\":[{\"@type\":\"ListItem\",\"position\":1,\"name\":\"Home\",\"item\":\"https:\/\/bixi.com\/fr\/\"},{\"@type\":\"ListItem\",\"position\":2,\"name\":\"Conditions d&rsquo;utilisation &#8211; Menu\"}]},{\"@type\":\"WebSite\",\"@id\":\"https:\/\/bixi.com\/fr\/#website\",\"url\":\"https:\/\/bixi.com\/fr\/\",\"name\":\"BIXI Montr\u00e9al\",\"description\":\"\",\"potentialAction\":[{\"@type\":\"SearchAction\",\"target\":{\"@type\":\"EntryPoint\",\"urlTemplate\":\"https:\/\/bixi.com\/fr\/?s={search_term_string}\"},\"query-input\":{\"@type\":\"PropertyValueSpecification\",\"valueRequired\":true,\"valueName\":\"search_term_string\"}}],\"inLanguage\":\"fr-FR\"}]}<\/script>\n<!-- \/ Yoast SEO plugin. -->","yoast_head_json":{"title":"Conditions d'utilisation BIXI","description":"Choisissez parmi les conditions d'utilisation des v\u00e9los, du site web ou de l'application BIXI et acc\u00e9dez \u00e0 celles que vous souhaitez lire.","robots":{"index":"noindex","follow":"nofollow"},"og_locale":"fr_FR","og_type":"article","og_title":"Conditions d'utilisation BIXI","og_description":"Choisissez parmi les conditions d'utilisation des v\u00e9los, du site web ou de l'application BIXI et acc\u00e9dez \u00e0 celles que vous souhaitez lire.","og_url":"https:\/\/bixi.com\/fr\/conditions-dutilisation-menu\/","og_site_name":"BIXI Montr\u00e9al","article_modified_time":"2025-11-27T19:28:30+00:00","og_image":[{"width":1440,"height":900,"url":"https:\/\/s3.ca-central-1.amazonaws.com\/cdn.bixi.com\/wp-content\/uploads\/2023\/03\/share-default.png","type":"image\/png"}],"twitter_card":"summary_large_image","schema":{"@context":"https:\/\/schema.org","@graph":[{"@type":"WebPage","@id":"https:\/\/bixi.com\/fr\/conditions-dutilisation-menu\/","url":"https:\/\/bixi.com\/fr\/conditions-dutilisation-menu\/","name":"Conditions d'utilisation BIXI","isPartOf":{"@id":"https:\/\/bixi.com\/fr\/#website"},"datePublished":"2025-11-27T19:25:05+00:00","dateModified":"2025-11-27T19:28:30+00:00","description":"Choisissez parmi les conditions d'utilisation des v\u00e9los, du site web ou de l'application BIXI et acc\u00e9dez \u00e0 celles que vous souhaitez lire.","breadcrumb":{"@id":"https:\/\/bixi.com\/fr\/conditions-dutilisation-menu\/#breadcrumb"},"inLanguage":"fr-FR","potentialAction":[{"@type":"ReadAction","target":["https:\/\/bixi.com\/fr\/conditions-dutilisation-menu\/"]}]},{"@type":"BreadcrumbList","@id":"https:\/\/bixi.com\/fr\/conditions-dutilisation-menu\/#breadcrumb","itemListElement":[{"@type":"ListItem","position":1,"name":"Home","item":"https:\/\/bixi.com\/fr\/"},{"@type":"ListItem","position":2,"name":"Conditions d&rsquo;utilisation &#8211; Menu"}]},{"@type":"WebSite","@id":"https:\/\/bixi.com\/fr\/#website","url":"https:\/\/bixi.com\/fr\/","name":"BIXI Montr\u00e9al","description":"","potentialAction":[{"@type":"SearchAction","target":{"@type":"EntryPoint","urlTemplate":"https:\/\/bixi.com\/fr\/?s={search_term_string}"},"query-input":{"@type":"PropertyValueSpecification","valueRequired":true,"valueName":"search_term_string"}}],"inLanguage":"fr-FR"}]}},"_links":{"self":[{"href":"https:\/\/bixi.com\/fr\/wp-json\/wp\/v2\/pages\/17168","targetHints":{"allow":["GET"]}}],"collection":[{"href":"https:\/\/bixi.com\/fr\/wp-json\/wp\/v2\/pages"}],"about":[{"href":"https:\/\/bixi.com\/fr\/wp-json\/wp\/v2\/types\/page"}],"author":[{"embeddable":true,"href":"https:\/\/bixi.com\/fr\/wp-json\/wp\/v2\/users\/37"}],"replies":[{"embeddable":true,"href":"https:\/\/bixi.com\/fr\/wp-json\/wp\/v2\/comments?post=17168"}],"version-history":[{"count":2,"href":"https:\/\/bixi.com\/fr\/wp-json\/wp\/v2\/pages\/17168\/revisions"}],"predecessor-version":[{"id":17172,"href":"https:\/\/bixi.com\/fr\/wp-json\/wp\/v2\/pages\/17168\/revisions\/17172"}],"wp:attachment":[{"href":"https:\/\/bixi.com\/fr\/wp-json\/wp\/v2\/media?parent=17168"}],"curies":[{"name":"wp","href":"https:\/\/api.w.org\/{rel}","templated":true}]}}