{"id":15025,"date":"2025-04-03T13:52:41","date_gmt":"2025-04-03T17:52:41","guid":{"rendered":"https:\/\/bixi.com\/?page_id=15025"},"modified":"2025-07-21T09:10:42","modified_gmt":"2025-07-21T13:10:42","slug":"comment-utiliser-remorque","status":"publish","type":"page","link":"https:\/\/bixi.com\/fr\/comment-utiliser-remorque\/","title":{"rendered":"Tutoriel Remorque"},"content":{"rendered":"\t\t\t\t\t\t<header  class=\"page-title section-block\">\n\t\t\t\t<div class=\"container\">\n\t\t\t\t\t<div class=\"row\">\n\t\t\t\t\t\t<div class=\"col-md-10\">\n\t\t\t\t\t\t\t<div class=\"section-title\">\n\t\t\t\t\t\t\t\t<h1 class=\"title title-1\">Comment utiliser la remorque BIXI \n<\/h1>\t\t\t\t\t\t\t<\/div>\n\t\t\t\t\t\t<\/div>\n\t\t\t\t\t<\/div>\n\t\t\t\t<\/div>\n\t\t\t<\/header>\n\t\t\t\t\t\n\n\t\t<section  class=\"half-half section-block   \">\n\t\t\t<div class=\"container\">\n\t\t\t\t<div class=\"row\">\n\t\t\t\t\t<div class=\"col-md-12\">\n\t\t\t\t\t\t<div class=\"row content-wrapper\">\n\t\t\t\t\t\t\t<div class=\"col-md-6 half-img\">\n\t\t\t\t\t\t\t\t<div class=\"bg\">\n\t\t\t\t\t\t\t\t\t\t\t\t\t\t\t\t\t\t\t\t\t\t\t\t\t\t\t\t\t<video width=\"1920\" height=\"960\"  disableRemotePlayback muted preload autoplay loop playsinline webkit-playsinline data-video-loop>\n\t\t\t\t\t\t\t\t\t\t\t<source src=\"https:\/\/s3.ca-central-1.amazonaws.com\/cdn.bixi.com\/wp-content\/uploads\/2025\/07\/Tutoriel-location-de-remorque-de-velo-bixi-2.mp4\" type=\"video\/mp4\">\n\t\t\t\t\t\t\t\t\t\t<\/video>\n\t\t\t\t\t\t\t\t\t\t\t\t\t\t\t\t\t<\/div>\n\t\t\t\t\t\t\t\t\t\t\t\t\t\t\t<\/div>\n\t\t\t\t\t\t\t<div class=\"col-md-6 half-content\">\n\t\t\t\t\t\t\t\t<div class=\"content\">\n\t\t\t\t\t\t\t\t\t\n\t\t\t\t\t\t\t\t\t<h2 class=\"main-title title-2\">Attacher la remorque BIXI\n<\/h2>\n\t\t\t\t\t\t\t\t\t\n\t\t\t\t\t\t\t\t\t\t\t\t\t\t\t\t\t\t\t<p><strong>1. D\u00e9verrouiller la remorque<\/strong><br \/>\nScannez le code QR et tirez la remorque par la poign\u00e9e pour la sortir du point d\u2019ancrage.<\/p>\n<p><strong>2. Pr\u00e9parer le bras rotatif<\/strong><br \/>\nSoulevez-le compl\u00e8tement.<\/p>\n<p><strong>3. S\u00e9curiser le bras rotatif<\/strong><br \/>\nLevez la manivelle, poussez-la vers la gauche, puis rabaissez-la pour verrouiller.<\/p>\n<p><strong>4. Attacher au v\u00e9lo<\/strong><br \/>\nIns\u00e9rez l\u2019attache tout au bas de la tige de selle, vissez la vis, puis rabattez le levier.<\/p>\n<p><strong>5. Ajouter le dispositif de s\u00e9curit\u00e9<\/strong><br \/>\nFixez la sangle autour de la tige de selle.<\/p>\n<p>C\u2019est parti! Votre remorque est pr\u00eate \u00e0 rouler! \ud83d\udeb2\ud83d\udca8<\/p>\n\t\t\t\t\t\t\t\t\t\n\t\t\t\t\t\t\t\t\t\t\t\t\t\t\t\t\t<\/div>\n\t\t\t\t\t\t\t<\/div>\n\t\t\t\t\t\t<\/div>\n\t\t\t\t\t<\/div>\n\t\t\t\t<\/div>\n\t\t\t<\/div>\n\t\t<\/section>\n\t\n\n\t\t<section  class=\"half-half section-block   \">\n\t\t\t<div class=\"container\">\n\t\t\t\t<div class=\"row\">\n\t\t\t\t\t<div class=\"col-md-12\">\n\t\t\t\t\t\t<div class=\"row content-wrapper\">\n\t\t\t\t\t\t\t<div class=\"col-md-6 half-img\">\n\t\t\t\t\t\t\t\t<div class=\"bg\">\n\t\t\t\t\t\t\t\t\t\t\t\t\t\t\t\t\t\t\t\t\t\t\t\t\t\t\t\t\t<video width=\"1920\" height=\"960\"  disableRemotePlayback muted preload autoplay loop playsinline webkit-playsinline data-video-loop>\n\t\t\t\t\t\t\t\t\t\t\t<source src=\"https:\/\/s3.ca-central-1.amazonaws.com\/cdn.bixi.com\/wp-content\/uploads\/2025\/07\/tutoriel-location-de-remorque-de-velo-bixi-cadenas-2.mp4\" type=\"video\/mp4\">\n\t\t\t\t\t\t\t\t\t\t<\/video>\n\t\t\t\t\t\t\t\t\t\t\t\t\t\t\t\t\t<\/div>\n\t\t\t\t\t\t\t\t\t\t\t\t\t\t\t<\/div>\n\t\t\t\t\t\t\t<div class=\"col-md-6 half-content\">\n\t\t\t\t\t\t\t\t<div class=\"content\">\n\t\t\t\t\t\t\t\t\t\n\t\t\t\t\t\t\t\t\t<h2 class=\"main-title title-2\">Utiliser le cadenas de la remorque BIXI\n<\/h2>\n\t\t\t\t\t\t\t\t\t\n\t\t\t\t\t\t\t\t\t\t\t\t\t\t\t\t\t\t\t<p><strong>1. D\u00e9tacher le cadenas<\/strong><br \/>\nRetirez l\u2019extr\u00e9mit\u00e9 du cadenas du verrou<\/p>\n<p><strong>2. Attacher la remorque<\/strong><br \/>\nChoisissez un support \u00e0 v\u00e9lo r\u00e9gulier ou un autre support solide pour y verrouiller la remorque.<\/p>\n<p><strong>3. Retirer la cl\u00e9<\/strong><\/p>\n<p>Voil\u00e0! Vous pouvez partir faire vos commissions!<\/p>\n\t\t\t\t\t\t\t\t\t\n\t\t\t\t\t\t\t\t\t\t\t\t\t\t\t\t\t<\/div>\n\t\t\t\t\t\t\t<\/div>\n\t\t\t\t\t\t<\/div>\n\t\t\t\t\t<\/div>\n\t\t\t\t<\/div>\n\t\t\t<\/div>\n\t\t<\/section>\n\t\n\n\t\t<section  class=\"half-half section-block   \">\n\t\t\t<div class=\"container\">\n\t\t\t\t<div class=\"row\">\n\t\t\t\t\t<div class=\"col-md-12\">\n\t\t\t\t\t\t<div class=\"row content-wrapper\">\n\t\t\t\t\t\t\t<div class=\"col-md-6 half-img\">\n\t\t\t\t\t\t\t\t<div class=\"bg\">\n\t\t\t\t\t\t\t\t\t\t\t\t\t\t\t\t\t\t\t\t\t\t\t\t\t\t\t\t\t<video width=\"1920\" height=\"960\"  disableRemotePlayback muted preload autoplay loop playsinline webkit-playsinline data-video-loop>\n\t\t\t\t\t\t\t\t\t\t\t<source src=\"https:\/\/s3.ca-central-1.amazonaws.com\/cdn.bixi.com\/wp-content\/uploads\/2025\/07\/Tutoriel-location-de-remorque-de-velo-bixi-retour-1.mp4\" type=\"video\/mp4\">\n\t\t\t\t\t\t\t\t\t\t<\/video>\n\t\t\t\t\t\t\t\t\t\t\t\t\t\t\t\t\t<\/div>\n\t\t\t\t\t\t\t\t\t\t\t\t\t\t\t<\/div>\n\t\t\t\t\t\t\t<div class=\"col-md-6 half-content\">\n\t\t\t\t\t\t\t\t<div class=\"content\">\n\t\t\t\t\t\t\t\t\t\n\t\t\t\t\t\t\t\t\t<h2 class=\"main-title title-2\">Comment retourner une remorque BIXI? \n<\/h2>\n\t\t\t\t\t\t\t\t\t\n\t\t\t\t\t\t\t\t\t\t\t\t\t\t\t\t\t\t\t<p><strong>1. D\u00e9tacher le dispositif de s\u00e9curit\u00e9<\/strong><br \/>\nRetirez la sangle fix\u00e9e autour de la tige de selle. <\/p>\n<p><strong>2. D\u00e9tacher la remorque<\/strong><br \/>\nRelevez le levier, d\u00e9vissez la vis, puis retirez l\u2019attache sous la tige de selle. <\/p>\n<p><strong>3. D\u00e9verrouiller le bras rotatif<\/strong><br \/>\nLevez la manivelle, poussez-la vers la droite, puis rabaissez-la pour d\u00e9verrouiller.<\/p>\n<p><strong>4. Rabaisser le bras rotatif<\/strong><br \/>\nAbaissez-le compl\u00e8tement pour permettre au triangle d\u2019atteindre le point d\u2019ancrage. <\/p>\n<p><strong>5. Retourner la remorque <\/strong><br \/>\nUtilisez la poign\u00e9e pour guider\u202fla remorque dans le point d\u2019ancrage et attendez la lumi\u00e8re verte indiquant le verrouillage. Assurez-vous que le chronom\u00e8tre s\u2019est arr\u00eat\u00e9 dans l\u2019application.<\/p>\n<p>C\u2019est fait! Votre remorque est bien retourn\u00e9e! \u2705 <\/p>\n\t\t\t\t\t\t\t\t\t\n\t\t\t\t\t\t\t\t\t\t\t\t\t\t\t\t\t<\/div>\n\t\t\t\t\t\t\t<\/div>\n\t\t\t\t\t\t<\/div>\n\t\t\t\t\t<\/div>\n\t\t\t\t<\/div>\n\t\t\t<\/div>\n\t\t<\/section>\n\t","protected":false},"excerpt":{"rendered":"","protected":false},"author":37,"featured_media":0,"parent":0,"menu_order":34,"comment_status":"closed","ping_status":"closed","template":"","meta":{"_acf_changed":false,"footnotes":""},"class_list":["post-15025","page","type-page","status-publish","hentry"],"acf":{"has_pink_background":false},"yoast_head":"<!-- This site is optimized with the Yoast SEO plugin v25.1 - https:\/\/yoast.com\/wordpress\/plugins\/seo\/ -->\n<title>Comment utiliser la remorque | BIXI Montr\u00e9al<\/title>\n<meta name=\"description\" content=\"Apprenez \u00e0 utiliser la remorque BIXI! Attachez-l\u00e0 autant \u00e0 un BIXI r\u00e9gulier, un BIXI \u00e9lectrique ou un v\u00e9lo personnel.\" \/>\n<meta name=\"robots\" content=\"noindex, nofollow\" \/>\n<meta property=\"og:locale\" content=\"fr_FR\" \/>\n<meta property=\"og:type\" content=\"article\" \/>\n<meta property=\"og:title\" content=\"Comment utiliser la remorque | BIXI Montr\u00e9al\" \/>\n<meta property=\"og:description\" content=\"Apprenez \u00e0 utiliser la remorque BIXI! Attachez-l\u00e0 autant \u00e0 un BIXI r\u00e9gulier, un BIXI \u00e9lectrique ou un v\u00e9lo personnel.\" \/>\n<meta property=\"og:url\" content=\"https:\/\/bixi.com\/fr\/comment-utiliser-remorque\/\" \/>\n<meta property=\"og:site_name\" content=\"BIXI Montr\u00e9al\" \/>\n<meta property=\"article:modified_time\" content=\"2025-07-21T13:10:42+00:00\" \/>\n<meta property=\"og:image\" content=\"https:\/\/s3.ca-central-1.amazonaws.com\/cdn.bixi.com\/wp-content\/uploads\/2023\/03\/share-default.png\" \/>\n\t<meta property=\"og:image:width\" content=\"1440\" \/>\n\t<meta property=\"og:image:height\" content=\"900\" \/>\n\t<meta property=\"og:image:type\" content=\"image\/png\" \/>\n<meta name=\"twitter:card\" content=\"summary_large_image\" \/>\n<script type=\"application\/ld+json\" class=\"yoast-schema-graph\">{\"@context\":\"https:\/\/schema.org\",\"@graph\":[{\"@type\":\"WebPage\",\"@id\":\"https:\/\/bixi.com\/fr\/comment-utiliser-remorque\/\",\"url\":\"https:\/\/bixi.com\/fr\/comment-utiliser-remorque\/\",\"name\":\"Comment utiliser la remorque | BIXI Montr\u00e9al\",\"isPartOf\":{\"@id\":\"https:\/\/bixi.com\/fr\/#website\"},\"datePublished\":\"2025-04-03T17:52:41+00:00\",\"dateModified\":\"2025-07-21T13:10:42+00:00\",\"description\":\"Apprenez \u00e0 utiliser la remorque BIXI! Attachez-l\u00e0 autant \u00e0 un BIXI r\u00e9gulier, un BIXI \u00e9lectrique ou un v\u00e9lo personnel.\",\"breadcrumb\":{\"@id\":\"https:\/\/bixi.com\/fr\/comment-utiliser-remorque\/#breadcrumb\"},\"inLanguage\":\"fr-FR\",\"potentialAction\":[{\"@type\":\"ReadAction\",\"target\":[\"https:\/\/bixi.com\/fr\/comment-utiliser-remorque\/\"]}]},{\"@type\":\"BreadcrumbList\",\"@id\":\"https:\/\/bixi.com\/fr\/comment-utiliser-remorque\/#breadcrumb\",\"itemListElement\":[{\"@type\":\"ListItem\",\"position\":1,\"name\":\"Home\",\"item\":\"https:\/\/bixi.com\/fr\/\"},{\"@type\":\"ListItem\",\"position\":2,\"name\":\"Tutoriel Remorque\"}]},{\"@type\":\"WebSite\",\"@id\":\"https:\/\/bixi.com\/fr\/#website\",\"url\":\"https:\/\/bixi.com\/fr\/\",\"name\":\"BIXI Montr\u00e9al\",\"description\":\"\",\"potentialAction\":[{\"@type\":\"SearchAction\",\"target\":{\"@type\":\"EntryPoint\",\"urlTemplate\":\"https:\/\/bixi.com\/fr\/?s={search_term_string}\"},\"query-input\":{\"@type\":\"PropertyValueSpecification\",\"valueRequired\":true,\"valueName\":\"search_term_string\"}}],\"inLanguage\":\"fr-FR\"}]}<\/script>\n<!-- \/ Yoast SEO plugin. -->","yoast_head_json":{"title":"Comment utiliser la remorque | BIXI Montr\u00e9al","description":"Apprenez \u00e0 utiliser la remorque BIXI! Attachez-l\u00e0 autant \u00e0 un BIXI r\u00e9gulier, un BIXI \u00e9lectrique ou un v\u00e9lo personnel.","robots":{"index":"noindex","follow":"nofollow"},"og_locale":"fr_FR","og_type":"article","og_title":"Comment utiliser la remorque | BIXI Montr\u00e9al","og_description":"Apprenez \u00e0 utiliser la remorque BIXI! Attachez-l\u00e0 autant \u00e0 un BIXI r\u00e9gulier, un BIXI \u00e9lectrique ou un v\u00e9lo personnel.","og_url":"https:\/\/bixi.com\/fr\/comment-utiliser-remorque\/","og_site_name":"BIXI Montr\u00e9al","article_modified_time":"2025-07-21T13:10:42+00:00","og_image":[{"width":1440,"height":900,"url":"https:\/\/s3.ca-central-1.amazonaws.com\/cdn.bixi.com\/wp-content\/uploads\/2023\/03\/share-default.png","type":"image\/png"}],"twitter_card":"summary_large_image","schema":{"@context":"https:\/\/schema.org","@graph":[{"@type":"WebPage","@id":"https:\/\/bixi.com\/fr\/comment-utiliser-remorque\/","url":"https:\/\/bixi.com\/fr\/comment-utiliser-remorque\/","name":"Comment utiliser la remorque | BIXI Montr\u00e9al","isPartOf":{"@id":"https:\/\/bixi.com\/fr\/#website"},"datePublished":"2025-04-03T17:52:41+00:00","dateModified":"2025-07-21T13:10:42+00:00","description":"Apprenez \u00e0 utiliser la remorque BIXI! Attachez-l\u00e0 autant \u00e0 un BIXI r\u00e9gulier, un BIXI \u00e9lectrique ou un v\u00e9lo personnel.","breadcrumb":{"@id":"https:\/\/bixi.com\/fr\/comment-utiliser-remorque\/#breadcrumb"},"inLanguage":"fr-FR","potentialAction":[{"@type":"ReadAction","target":["https:\/\/bixi.com\/fr\/comment-utiliser-remorque\/"]}]},{"@type":"BreadcrumbList","@id":"https:\/\/bixi.com\/fr\/comment-utiliser-remorque\/#breadcrumb","itemListElement":[{"@type":"ListItem","position":1,"name":"Home","item":"https:\/\/bixi.com\/fr\/"},{"@type":"ListItem","position":2,"name":"Tutoriel Remorque"}]},{"@type":"WebSite","@id":"https:\/\/bixi.com\/fr\/#website","url":"https:\/\/bixi.com\/fr\/","name":"BIXI Montr\u00e9al","description":"","potentialAction":[{"@type":"SearchAction","target":{"@type":"EntryPoint","urlTemplate":"https:\/\/bixi.com\/fr\/?s={search_term_string}"},"query-input":{"@type":"PropertyValueSpecification","valueRequired":true,"valueName":"search_term_string"}}],"inLanguage":"fr-FR"}]}},"_links":{"self":[{"href":"https:\/\/bixi.com\/fr\/wp-json\/wp\/v2\/pages\/15025","targetHints":{"allow":["GET"]}}],"collection":[{"href":"https:\/\/bixi.com\/fr\/wp-json\/wp\/v2\/pages"}],"about":[{"href":"https:\/\/bixi.com\/fr\/wp-json\/wp\/v2\/types\/page"}],"author":[{"embeddable":true,"href":"https:\/\/bixi.com\/fr\/wp-json\/wp\/v2\/users\/37"}],"replies":[{"embeddable":true,"href":"https:\/\/bixi.com\/fr\/wp-json\/wp\/v2\/comments?post=15025"}],"version-history":[{"count":5,"href":"https:\/\/bixi.com\/fr\/wp-json\/wp\/v2\/pages\/15025\/revisions"}],"predecessor-version":[{"id":16169,"href":"https:\/\/bixi.com\/fr\/wp-json\/wp\/v2\/pages\/15025\/revisions\/16169"}],"wp:attachment":[{"href":"https:\/\/bixi.com\/fr\/wp-json\/wp\/v2\/media?parent=15025"}],"curies":[{"name":"wp","href":"https:\/\/api.w.org\/{rel}","templated":true}]}}