{"id":13544,"date":"2024-08-20T11:09:00","date_gmt":"2024-08-20T15:09:00","guid":{"rendered":"https:\/\/bixi.com\/?page_id=13544"},"modified":"2024-08-20T11:09:41","modified_gmt":"2024-08-20T15:09:41","slug":"velo-quebec","status":"publish","type":"page","link":"https:\/\/bixi.com\/fr\/velo-quebec\/","title":{"rendered":"V\u00e9lo Qu\u00e9bec"},"content":{"rendered":"\t\t<section  class=\"animated-two-col-full-image section-block \" data-animator-id=\"full_image\" data-simple-module-animation>\n\t\t\t<div class=\"container\">\n\t\t\t\t<div class=\"row content-wrapper\">\n\t\t\t\t\t<div class=\"col-md-12\">\n\t\t\t\t\t\t\t\t\t\t\t\t\t<div class=\"top-title-wrapper\">\n\t\t\t\t\t\t\t\t<h1 class=\"top-title title-1\">V\u00e9lo Qu\u00e9bec, partenaire mobilit\u00e9 de BIXI\n<\/h1>\t\t\t\t\t\t\t<\/div>\n\t\t\t\t\t\t\n\t\t\t\t\t\t<div class=\"ctn\">\n\t\t\t\t\t\t\t<div class=\"img-container\">\n\t\t\t\t\t\t\t\t<div class=\"img-wrapper\">\n\t\t\t\t\t\t\t\t\t\t\t\t\t\t\t\t\t\t\t<img loading=\"lazy\" decoding=\"async\" width=\"1920\" height=\"1282\" src=\"https:\/\/s3.ca-central-1.amazonaws.com\/cdn.bixi.com\/wp-content\/uploads\/2024\/08\/180601_VQ_VeloQuebec_TLN_HR_130.jpg\" class=\"img-parallax\" alt=\"V\u00e9lo Qu\u00e9bec\" srcset=\"https:\/\/s3.ca-central-1.amazonaws.com\/cdn.bixi.com\/wp-content\/uploads\/2024\/08\/180601_VQ_VeloQuebec_TLN_HR_130.jpg 1920w, https:\/\/s3.ca-central-1.amazonaws.com\/cdn.bixi.com\/wp-content\/uploads\/2024\/08\/180601_VQ_VeloQuebec_TLN_HR_130-300x200.jpg 300w, https:\/\/s3.ca-central-1.amazonaws.com\/cdn.bixi.com\/wp-content\/uploads\/2024\/08\/180601_VQ_VeloQuebec_TLN_HR_130-1024x684.jpg 1024w, https:\/\/s3.ca-central-1.amazonaws.com\/cdn.bixi.com\/wp-content\/uploads\/2024\/08\/180601_VQ_VeloQuebec_TLN_HR_130-768x513.jpg 768w, https:\/\/s3.ca-central-1.amazonaws.com\/cdn.bixi.com\/wp-content\/uploads\/2024\/08\/180601_VQ_VeloQuebec_TLN_HR_130-1536x1026.jpg 1536w, https:\/\/s3.ca-central-1.amazonaws.com\/cdn.bixi.com\/wp-content\/uploads\/2024\/08\/180601_VQ_VeloQuebec_TLN_HR_130-1438x960.jpg 1438w, https:\/\/s3.ca-central-1.amazonaws.com\/cdn.bixi.com\/wp-content\/uploads\/2024\/08\/180601_VQ_VeloQuebec_TLN_HR_130-899x600.jpg 899w, https:\/\/s3.ca-central-1.amazonaws.com\/cdn.bixi.com\/wp-content\/uploads\/2024\/08\/180601_VQ_VeloQuebec_TLN_HR_130-770x514.jpg 770w, https:\/\/s3.ca-central-1.amazonaws.com\/cdn.bixi.com\/wp-content\/uploads\/2024\/08\/180601_VQ_VeloQuebec_TLN_HR_130-960x641.jpg 960w, https:\/\/s3.ca-central-1.amazonaws.com\/cdn.bixi.com\/wp-content\/uploads\/2024\/08\/180601_VQ_VeloQuebec_TLN_HR_130-500x334.jpg 500w, https:\/\/s3.ca-central-1.amazonaws.com\/cdn.bixi.com\/wp-content\/uploads\/2024\/08\/180601_VQ_VeloQuebec_TLN_HR_130-150x100.jpg 150w, https:\/\/s3.ca-central-1.amazonaws.com\/cdn.bixi.com\/wp-content\/uploads\/2024\/08\/180601_VQ_VeloQuebec_TLN_HR_130-81x54.jpg 81w, https:\/\/s3.ca-central-1.amazonaws.com\/cdn.bixi.com\/wp-content\/uploads\/2024\/08\/180601_VQ_VeloQuebec_TLN_HR_130-66x44.jpg 66w, https:\/\/s3.ca-central-1.amazonaws.com\/cdn.bixi.com\/wp-content\/uploads\/2024\/08\/180601_VQ_VeloQuebec_TLN_HR_130-105x70.jpg 105w, https:\/\/s3.ca-central-1.amazonaws.com\/cdn.bixi.com\/wp-content\/uploads\/2024\/08\/180601_VQ_VeloQuebec_TLN_HR_130-84x56.jpg 84w, https:\/\/s3.ca-central-1.amazonaws.com\/cdn.bixi.com\/wp-content\/uploads\/2024\/08\/180601_VQ_VeloQuebec_TLN_HR_130-450x300.jpg 450w\" sizes=\"auto, (max-width: 1920px) 100vw, 1920px\" \/>\t\t\t\t\t\t\t\t\t\t\t\t\t\t\t\t\t<\/div>\n\t\t\t\t\t\t\t<\/div>\n\t\t\t\t\t\t\t<div class=\"title\">\n\t\t\t\t\t\t\t\t<h2 class=\"main-title title-2\">Un partenariat pour promouvoir le v\u00e9lo\n<\/h2>\t\t\t\t\t\t\t<\/div>\n\t\t\t\t\t\t\t<div class=\"content\">\n\t\t\t\t\t\t\t\t\t\t\t\t\t\t\t\t\t<p>Le partenariat entre V\u00e9lo Qu\u00e9bec et BIXI ne date pas d&rsquo;hier! Enracin\u00e9 dans des valeurs communes de promotion du cyclisme et de l&rsquo;activit\u00e9 physique, il vise \u00e0 rendre le v\u00e9lo accessible \u00e0 tous, tout en soutenant les initiatives de d\u00e9veloppement durable. <\/p>\n<p>Nous encourageons les citoyens \u00e0 choisir le v\u00e9lo non seulement comme moyen de transport, mais aussi comme mode de vie, contribuant ainsi \u00e0 la r\u00e9duction de l&#8217;empreinte carbone et \u00e0 l&rsquo;am\u00e9lioration de la qualit\u00e9 de vie urbaine.<\/p>\n\t\t\t\t\t\t\t\t\n\t\t\t\t\t\t\t\t\t\t\t\t\t\t\t<\/div>\n\t\t\t\t\t\t<\/div>\n\t\t\t\t\t<\/div>\n\t\t\t\t<\/div>\n\t\t\t<\/div>\n\t\t<\/section>\n\t\n\n\t\t<section  class=\"half-half section-block   \">\n\t\t\t<div class=\"container\">\n\t\t\t\t<div class=\"row\">\n\t\t\t\t\t<div class=\"col-md-12\">\n\t\t\t\t\t\t<div class=\"row content-wrapper\">\n\t\t\t\t\t\t\t<div class=\"col-md-6 half-img\">\n\t\t\t\t\t\t\t\t<div class=\"bg\">\n\t\t\t\t\t\t\t\t\t\t\t\t\t\t\t\t\t\t\t<img loading=\"lazy\" decoding=\"async\" width=\"400\" height=\"600\" src=\"https:\/\/s3.ca-central-1.amazonaws.com\/cdn.bixi.com\/wp-content\/uploads\/2024\/08\/partenaire_velo_quebec_1-400x600.jpg\" class=\"attachment-half_half size-half_half\" alt=\"\" srcset=\"https:\/\/s3.ca-central-1.amazonaws.com\/cdn.bixi.com\/wp-content\/uploads\/2024\/08\/partenaire_velo_quebec_1-400x600.jpg 400w, https:\/\/s3.ca-central-1.amazonaws.com\/cdn.bixi.com\/wp-content\/uploads\/2024\/08\/partenaire_velo_quebec_1-200x300.jpg 200w, https:\/\/s3.ca-central-1.amazonaws.com\/cdn.bixi.com\/wp-content\/uploads\/2024\/08\/partenaire_velo_quebec_1-683x1024.jpg 683w, https:\/\/s3.ca-central-1.amazonaws.com\/cdn.bixi.com\/wp-content\/uploads\/2024\/08\/partenaire_velo_quebec_1-768x1152.jpg 768w, https:\/\/s3.ca-central-1.amazonaws.com\/cdn.bixi.com\/wp-content\/uploads\/2024\/08\/partenaire_velo_quebec_1-1024x1536.jpg 1024w, https:\/\/s3.ca-central-1.amazonaws.com\/cdn.bixi.com\/wp-content\/uploads\/2024\/08\/partenaire_velo_quebec_1-640x960.jpg 640w, https:\/\/s3.ca-central-1.amazonaws.com\/cdn.bixi.com\/wp-content\/uploads\/2024\/08\/partenaire_velo_quebec_1-480x720.jpg 480w, https:\/\/s3.ca-central-1.amazonaws.com\/cdn.bixi.com\/wp-content\/uploads\/2024\/08\/partenaire_velo_quebec_1-253x380.jpg 253w, https:\/\/s3.ca-central-1.amazonaws.com\/cdn.bixi.com\/wp-content\/uploads\/2024\/08\/partenaire_velo_quebec_1-100x150.jpg 100w, https:\/\/s3.ca-central-1.amazonaws.com\/cdn.bixi.com\/wp-content\/uploads\/2024\/08\/partenaire_velo_quebec_1-36x54.jpg 36w, https:\/\/s3.ca-central-1.amazonaws.com\/cdn.bixi.com\/wp-content\/uploads\/2024\/08\/partenaire_velo_quebec_1-29x44.jpg 29w, https:\/\/s3.ca-central-1.amazonaws.com\/cdn.bixi.com\/wp-content\/uploads\/2024\/08\/partenaire_velo_quebec_1-47x70.jpg 47w, https:\/\/s3.ca-central-1.amazonaws.com\/cdn.bixi.com\/wp-content\/uploads\/2024\/08\/partenaire_velo_quebec_1-37x56.jpg 37w, https:\/\/s3.ca-central-1.amazonaws.com\/cdn.bixi.com\/wp-content\/uploads\/2024\/08\/partenaire_velo_quebec_1-450x675.jpg 450w, https:\/\/s3.ca-central-1.amazonaws.com\/cdn.bixi.com\/wp-content\/uploads\/2024\/08\/partenaire_velo_quebec_1.jpg 1280w\" sizes=\"auto, (max-width: 400px) 100vw, 400px\" \/>\t\t\t\t\t\t\t\t\t\t\t\t\t\t\t\t\t<\/div>\n\t\t\t\t\t\t\t\t\t\t\t\t\t\t\t<\/div>\n\t\t\t\t\t\t\t<div class=\"col-md-6 half-content\">\n\t\t\t\t\t\t\t\t<div class=\"content\">\n\t\t\t\t\t\t\t\t\t\n\t\t\t\t\t\t\t\t\t<h2 class=\"main-title title-2\">Participez au Festival Go V\u00e9lo Montr\u00e9al \u00e0 BIXI!\n<\/h2>\n\t\t\t\t\t\t\t\t\t\n\t\t\t\t\t\t\t\t\t\t\t\t\t\t\t\t\t\t\t<p>Le Festival Go v\u00e9lo Montr\u00e9al, c&rsquo;est LA c\u00e9l\u00e9bration annuelle de toutes les sph\u00e8res de la culture v\u00e9lo montr\u00e9alaise! Chaque ann\u00e9e, nous invitons donc les BIXISTES \u00e0 faire le Tour la Nuit et\/ou le Tour de l&rsquo;\u00eele \u00e0 BIXI! <\/p>\n<p>Un aller simple sp\u00e9cial, disponible \u00e0 la borne et dans l&rsquo;application au moment des 2 \u00e9v\u00e9nements, vous permet de faire la location d&rsquo;un v\u00e9lo pendant 4h et ainsi p\u00e9daler en compagnie de milliers d&rsquo;autres cyclistes \u00e0 travers des rues sans voitures.<\/p>\n<p>C&rsquo;est aussi l&rsquo;occasion id\u00e9ale d&#8217;emprunter un <a href=\"https:\/\/bixi.com\/fr\/velos-lumineux\/\">BIXI lumineux<\/a>!<\/p>\n<p>Restez \u00e0 l&rsquo;aff\u00fbt! Le trajet propos\u00e9 pour la f\u00eate change \u00e0 chaque ann\u00e9e. <\/p>\n\t\t\t\t\t\t\t\t\t\n\t\t\t\t\t\t\t\t\t\t\t\t\t\t\t\t\t<\/div>\n\t\t\t\t\t\t\t<\/div>\n\t\t\t\t\t\t<\/div>\n\t\t\t\t\t<\/div>\n\t\t\t\t<\/div>\n\t\t\t<\/div>\n\t\t<\/section>\n\t\n\n\t\t<section id=\"samedis-gratuits\" class=\"half-half section-block   \">\n\t\t\t<div class=\"container\">\n\t\t\t\t<div class=\"row\">\n\t\t\t\t\t<div class=\"col-md-12\">\n\t\t\t\t\t\t<div class=\"row content-wrapper\">\n\t\t\t\t\t\t\t<div class=\"col-md-6 half-img\">\n\t\t\t\t\t\t\t\t<div class=\"bg\">\n\t\t\t\t\t\t\t\t\t\t\t\t\t\t\t\t\t\t\t<img loading=\"lazy\" decoding=\"async\" width=\"400\" height=\"600\" src=\"https:\/\/s3.ca-central-1.amazonaws.com\/cdn.bixi.com\/wp-content\/uploads\/2024\/08\/velo-quebec-bixi-location-velo-montreal-400x600.jpg\" class=\"attachment-half_half size-half_half\" alt=\"V\u00e9lo Qu\u00e9bec\" srcset=\"https:\/\/s3.ca-central-1.amazonaws.com\/cdn.bixi.com\/wp-content\/uploads\/2024\/08\/velo-quebec-bixi-location-velo-montreal-400x600.jpg 400w, https:\/\/s3.ca-central-1.amazonaws.com\/cdn.bixi.com\/wp-content\/uploads\/2024\/08\/velo-quebec-bixi-location-velo-montreal-200x300.jpg 200w, https:\/\/s3.ca-central-1.amazonaws.com\/cdn.bixi.com\/wp-content\/uploads\/2024\/08\/velo-quebec-bixi-location-velo-montreal-683x1024.jpg 683w, https:\/\/s3.ca-central-1.amazonaws.com\/cdn.bixi.com\/wp-content\/uploads\/2024\/08\/velo-quebec-bixi-location-velo-montreal-768x1152.jpg 768w, https:\/\/s3.ca-central-1.amazonaws.com\/cdn.bixi.com\/wp-content\/uploads\/2024\/08\/velo-quebec-bixi-location-velo-montreal-1024x1536.jpg 1024w, https:\/\/s3.ca-central-1.amazonaws.com\/cdn.bixi.com\/wp-content\/uploads\/2024\/08\/velo-quebec-bixi-location-velo-montreal-640x960.jpg 640w, https:\/\/s3.ca-central-1.amazonaws.com\/cdn.bixi.com\/wp-content\/uploads\/2024\/08\/velo-quebec-bixi-location-velo-montreal-480x720.jpg 480w, https:\/\/s3.ca-central-1.amazonaws.com\/cdn.bixi.com\/wp-content\/uploads\/2024\/08\/velo-quebec-bixi-location-velo-montreal-253x380.jpg 253w, https:\/\/s3.ca-central-1.amazonaws.com\/cdn.bixi.com\/wp-content\/uploads\/2024\/08\/velo-quebec-bixi-location-velo-montreal-100x150.jpg 100w, https:\/\/s3.ca-central-1.amazonaws.com\/cdn.bixi.com\/wp-content\/uploads\/2024\/08\/velo-quebec-bixi-location-velo-montreal-36x54.jpg 36w, https:\/\/s3.ca-central-1.amazonaws.com\/cdn.bixi.com\/wp-content\/uploads\/2024\/08\/velo-quebec-bixi-location-velo-montreal-29x44.jpg 29w, https:\/\/s3.ca-central-1.amazonaws.com\/cdn.bixi.com\/wp-content\/uploads\/2024\/08\/velo-quebec-bixi-location-velo-montreal-47x70.jpg 47w, https:\/\/s3.ca-central-1.amazonaws.com\/cdn.bixi.com\/wp-content\/uploads\/2024\/08\/velo-quebec-bixi-location-velo-montreal-37x56.jpg 37w, https:\/\/s3.ca-central-1.amazonaws.com\/cdn.bixi.com\/wp-content\/uploads\/2024\/08\/velo-quebec-bixi-location-velo-montreal-450x675.jpg 450w, https:\/\/s3.ca-central-1.amazonaws.com\/cdn.bixi.com\/wp-content\/uploads\/2024\/08\/velo-quebec-bixi-location-velo-montreal.jpg 1280w\" sizes=\"auto, (max-width: 400px) 100vw, 400px\" \/>\t\t\t\t\t\t\t\t\t\t\t\t\t\t\t\t\t<\/div>\n\t\t\t\t\t\t\t\t\t\t\t\t\t\t\t<\/div>\n\t\t\t\t\t\t\t<div class=\"col-md-6 half-content\">\n\t\t\t\t\t\t\t\t<div class=\"content\">\n\t\t\t\t\t\t\t\t\t\n\t\t\t\t\t\t\t\t\t<h2 class=\"main-title title-2\">D\u00e9couvrez le programme Toutes \u00e0 v\u00e9lo!\n<\/h2>\n\t\t\t\t\t\t\t\t\t\n\t\t\t\t\t\t\t\t\t\t\t\t\t\t\t\t\t\t\t<p><i>Toutes \u00e0 v\u00e9lo<\/i>, c&rsquo;est un programme d\u2019apprentissage du v\u00e9lo cr\u00e9\u00e9 par V\u00e9lo Qu\u00e9bec qui rend la pratique du v\u00e9lo accessible aux femmes qui n\u2019ont jamais eu l\u2019opportunit\u00e9 d\u2019apprendre. Ainsi, elles peuvent en d\u00e9couvrir les joies, tant comme activit\u00e9 de loisir que comme mode de transport.<\/p>\n<p>Le programme, centr\u00e9 sur l&rsquo;entraide, permet \u00e9galement de gagner en confiance et se familiariser avec les diff\u00e9rentes pistes cyclables de la ville. BIXI a le plaisir de soutenir cette initiative en offrant des abonnements et en coordonnant la logistique de certaines activit\u00e9s.  <\/p>\n\t\t\t\t\t\t\t\t\t\n\t\t\t\t\t\t\t\t\t\t\t\t\t\t\t\t\t\t\t<div class=\"btns\">\n\t\t\t\t\t\t\t\t\t\t\t\t\t\t\t\t\t\t\t\t\t\t\t\t\t\t\t\t\t\t\t\t\t\t\t\t\t\t\t<a href=\"https:\/\/www.velo.qc.ca\/programmes-et-campagnes\/toutes-a-velo\/\" \n\t\t\t\tclass=\"button button-primary \" \n\t\t\t\t target=\"_blank\" rel=\"noopener\" \n\t\t\t\t>\n\t\t\t\t\t\t\t\t\t<span class=\"btn-mask\" data-button-label=\"En savoir plus\">\n\t\t\t\t\t\t<span class=\"btn-label\">\n\t\t\t\t\t\t\tEn savoir plus\t\t\t\t\t\t<\/span>\n\t\t\t\t\t<\/span>\n\t\t\t\t\t\t\t\t\t\t<span class=\"btn-mask-icon\">\n\t\t\t\t\t\t<i class=\"icon \"><\/i>\n\t\t\t\t\t<\/span>\n\t\t\t\t\t\t\t\t\t\t\t\t<\/a>\n\t\t\t\t\t\t\t\t\t\t\t\t\t\t\t\t\t\t\t\t\t\t\t\t\t\t\t\t\t\t\t\t\t\t\t<\/div>\n\t\t\t\t\t\t\t\t\t\t\t\t\t\t\t\t\t<\/div>\n\t\t\t\t\t\t\t<\/div>\n\t\t\t\t\t\t<\/div>\n\t\t\t\t\t<\/div>\n\t\t\t\t<\/div>\n\t\t\t<\/div>\n\t\t<\/section>\n\t\n\n\t\t\t<section  class=\"banner-cta section-block\">\n\t\t\t\t<div class=\"img-container\">\n\t\t\t\t\t\t\t\t\t\t\t<img loading=\"lazy\" decoding=\"async\" width=\"1600\" height=\"833\" src=\"https:\/\/s3.ca-central-1.amazonaws.com\/cdn.bixi.com\/wp-content\/uploads\/2023\/03\/location-velo-montreal-cta-0-18e7ad-02422-489659.jpg\" class=\"attachment-full_width size-full_width\" alt=\"Saison BIXI 2023\" srcset=\"https:\/\/s3.ca-central-1.amazonaws.com\/cdn.bixi.com\/wp-content\/uploads\/2023\/03\/location-velo-montreal-cta-0-18e7ad-02422-489659.jpg 1600w, https:\/\/s3.ca-central-1.amazonaws.com\/cdn.bixi.com\/wp-content\/uploads\/2023\/03\/location-velo-montreal-cta-0-18e7ad-02422-489659-300x156.jpg 300w, https:\/\/s3.ca-central-1.amazonaws.com\/cdn.bixi.com\/wp-content\/uploads\/2023\/03\/location-velo-montreal-cta-0-18e7ad-02422-489659-1024x533.jpg 1024w, https:\/\/s3.ca-central-1.amazonaws.com\/cdn.bixi.com\/wp-content\/uploads\/2023\/03\/location-velo-montreal-cta-0-18e7ad-02422-489659-768x400.jpg 768w, https:\/\/s3.ca-central-1.amazonaws.com\/cdn.bixi.com\/wp-content\/uploads\/2023\/03\/location-velo-montreal-cta-0-18e7ad-02422-489659-1536x800.jpg 1536w, https:\/\/s3.ca-central-1.amazonaws.com\/cdn.bixi.com\/wp-content\/uploads\/2023\/03\/location-velo-montreal-cta-0-18e7ad-02422-489659-935x487.jpg 935w, https:\/\/s3.ca-central-1.amazonaws.com\/cdn.bixi.com\/wp-content\/uploads\/2023\/03\/location-velo-montreal-cta-0-18e7ad-02422-489659-770x401.jpg 770w, https:\/\/s3.ca-central-1.amazonaws.com\/cdn.bixi.com\/wp-content\/uploads\/2023\/03\/location-velo-montreal-cta-0-18e7ad-02422-489659-960x500.jpg 960w, https:\/\/s3.ca-central-1.amazonaws.com\/cdn.bixi.com\/wp-content\/uploads\/2023\/03\/location-velo-montreal-cta-0-18e7ad-02422-489659-500x260.jpg 500w, https:\/\/s3.ca-central-1.amazonaws.com\/cdn.bixi.com\/wp-content\/uploads\/2023\/03\/location-velo-montreal-cta-0-18e7ad-02422-489659-150x78.jpg 150w, https:\/\/s3.ca-central-1.amazonaws.com\/cdn.bixi.com\/wp-content\/uploads\/2023\/03\/location-velo-montreal-cta-0-18e7ad-02422-489659-104x54.jpg 104w, https:\/\/s3.ca-central-1.amazonaws.com\/cdn.bixi.com\/wp-content\/uploads\/2023\/03\/location-velo-montreal-cta-0-18e7ad-02422-489659-108x56.jpg 108w, https:\/\/s3.ca-central-1.amazonaws.com\/cdn.bixi.com\/wp-content\/uploads\/2023\/03\/location-velo-montreal-cta-0-18e7ad-02422-489659-450x234.jpg 450w\" sizes=\"auto, (max-width: 1600px) 100vw, 1600px\" \/>\t\t\t\t\t\n\t\t\t\t\t<div class=\"content\">\n\t\t\t\t\t\t\t\t\t\t\t\t\t<div class=\"text\"><p>On se d\u00e9place ensemble?<br \/>\n<span class=\"gray\">T\u00e9l\u00e9chargez l\u2019application BIXI, trouvez et d\u00e9verrouillez votre v\u00e9lo!<\/span><\/p>\n<\/div>\n\t\t\t\t\t\t\n\t\t\t\t\t\t\t\t\t\t\t\t\t<div class=\"btns\">\n\t\t\t\t\t\t\t\t\t\t\t\t\t\t\t\t\t\t\t\t<a href=\"http:\/\/onelink.to\/bixi\" \n\t\t\t\tclass=\"button button-primary \" \n\t\t\t\t \n\t\t\t\t>\n\t\t\t\t\t\t\t\t\t<span class=\"btn-mask\" data-button-label=\"T\u00e9l\u00e9charger\">\n\t\t\t\t\t\t<span class=\"btn-label\">\n\t\t\t\t\t\t\tT\u00e9l\u00e9charger\t\t\t\t\t\t<\/span>\n\t\t\t\t\t<\/span>\n\t\t\t\t\t\t\t\t\t\t<span class=\"btn-mask-icon\">\n\t\t\t\t\t\t<i class=\"icon \"><\/i>\n\t\t\t\t\t<\/span>\n\t\t\t\t\t\t\t\t\t\t\t\t<\/a>\n\t\t\t\t\t\t\t\t\t\t\t\t\t\t\t\t\t<\/div>\n\t\t\t\t\t\t\t\t\t\t\t<\/div>\n\t\t\t\t<\/div>\n\t\t\t<\/section>\n\t\t","protected":false},"excerpt":{"rendered":"","protected":false},"author":37,"featured_media":13740,"parent":0,"menu_order":100,"comment_status":"closed","ping_status":"closed","template":"","meta":{"_acf_changed":false,"footnotes":""},"class_list":["post-13544","page","type-page","status-publish","has-post-thumbnail","hentry"],"acf":{"has_pink_background":false},"yoast_head":"<!-- This site is optimized with the Yoast SEO plugin v25.1 - https:\/\/yoast.com\/wordpress\/plugins\/seo\/ -->\n<title>V\u00e9lo Qu\u00e9bec, partenaire mobilit\u00e9 | BIXI Montr\u00e9al<\/title>\n<meta name=\"description\" content=\"Ensemble, V\u00e9lo Qu\u00e9bec et BIXI font la promotion du cyclisme et de l&#039;activit\u00e9 physique et visent \u00e0 rendre le v\u00e9lo accessible \u00e0 tous\" \/>\n<meta name=\"robots\" content=\"index, follow, max-snippet:-1, max-image-preview:large, max-video-preview:-1\" \/>\n<link rel=\"canonical\" href=\"https:\/\/bixi.com\/fr\/velo-quebec\/\" \/>\n<meta property=\"og:locale\" content=\"fr_FR\" \/>\n<meta property=\"og:type\" content=\"article\" \/>\n<meta property=\"og:title\" content=\"V\u00e9lo Qu\u00e9bec, partenaire mobilit\u00e9 | BIXI Montr\u00e9al\" \/>\n<meta property=\"og:description\" content=\"Ensemble, V\u00e9lo Qu\u00e9bec et BIXI font la promotion du cyclisme et de l&#039;activit\u00e9 physique et visent \u00e0 rendre le v\u00e9lo accessible \u00e0 tous\" \/>\n<meta property=\"og:url\" content=\"https:\/\/bixi.com\/fr\/velo-quebec\/\" \/>\n<meta property=\"og:site_name\" content=\"BIXI Montr\u00e9al\" \/>\n<meta property=\"article:modified_time\" content=\"2024-08-20T15:09:41+00:00\" \/>\n<meta property=\"og:image\" content=\"https:\/\/s3.ca-central-1.amazonaws.com\/cdn.bixi.com\/wp-content\/uploads\/2024\/08\/180601_VQ_VeloQuebec_TLN_HR_130.jpg\" \/>\n\t<meta property=\"og:image:width\" content=\"1920\" \/>\n\t<meta property=\"og:image:height\" content=\"1282\" \/>\n\t<meta property=\"og:image:type\" content=\"image\/jpeg\" \/>\n<meta name=\"twitter:card\" content=\"summary_large_image\" \/>\n<script type=\"application\/ld+json\" class=\"yoast-schema-graph\">{\"@context\":\"https:\/\/schema.org\",\"@graph\":[{\"@type\":\"WebPage\",\"@id\":\"https:\/\/bixi.com\/fr\/velo-quebec\/\",\"url\":\"https:\/\/bixi.com\/fr\/velo-quebec\/\",\"name\":\"V\u00e9lo Qu\u00e9bec, partenaire mobilit\u00e9 | BIXI Montr\u00e9al\",\"isPartOf\":{\"@id\":\"https:\/\/bixi.com\/fr\/#website\"},\"primaryImageOfPage\":{\"@id\":\"https:\/\/bixi.com\/fr\/velo-quebec\/#primaryimage\"},\"image\":{\"@id\":\"https:\/\/bixi.com\/fr\/velo-quebec\/#primaryimage\"},\"thumbnailUrl\":\"https:\/\/s3.ca-central-1.amazonaws.com\/cdn.bixi.com\/wp-content\/uploads\/2024\/08\/180601_VQ_VeloQuebec_TLN_HR_130.jpg\",\"datePublished\":\"2024-08-20T15:09:00+00:00\",\"dateModified\":\"2024-08-20T15:09:41+00:00\",\"description\":\"Ensemble, V\u00e9lo Qu\u00e9bec et BIXI font la promotion du cyclisme et de l'activit\u00e9 physique et visent \u00e0 rendre le v\u00e9lo accessible \u00e0 tous\",\"breadcrumb\":{\"@id\":\"https:\/\/bixi.com\/fr\/velo-quebec\/#breadcrumb\"},\"inLanguage\":\"fr-FR\",\"potentialAction\":[{\"@type\":\"ReadAction\",\"target\":[\"https:\/\/bixi.com\/fr\/velo-quebec\/\"]}]},{\"@type\":\"ImageObject\",\"inLanguage\":\"fr-FR\",\"@id\":\"https:\/\/bixi.com\/fr\/velo-quebec\/#primaryimage\",\"url\":\"https:\/\/s3.ca-central-1.amazonaws.com\/cdn.bixi.com\/wp-content\/uploads\/2024\/08\/180601_VQ_VeloQuebec_TLN_HR_130.jpg\",\"contentUrl\":\"https:\/\/s3.ca-central-1.amazonaws.com\/cdn.bixi.com\/wp-content\/uploads\/2024\/08\/180601_VQ_VeloQuebec_TLN_HR_130.jpg\",\"width\":1920,\"height\":1282,\"caption\":\"V\u00e9lo Qu\u00e9bec\"},{\"@type\":\"BreadcrumbList\",\"@id\":\"https:\/\/bixi.com\/fr\/velo-quebec\/#breadcrumb\",\"itemListElement\":[{\"@type\":\"ListItem\",\"position\":1,\"name\":\"Home\",\"item\":\"https:\/\/bixi.com\/fr\/\"},{\"@type\":\"ListItem\",\"position\":2,\"name\":\"V\u00e9lo Qu\u00e9bec\"}]},{\"@type\":\"WebSite\",\"@id\":\"https:\/\/bixi.com\/fr\/#website\",\"url\":\"https:\/\/bixi.com\/fr\/\",\"name\":\"BIXI Montr\u00e9al\",\"description\":\"\",\"potentialAction\":[{\"@type\":\"SearchAction\",\"target\":{\"@type\":\"EntryPoint\",\"urlTemplate\":\"https:\/\/bixi.com\/fr\/?s={search_term_string}\"},\"query-input\":{\"@type\":\"PropertyValueSpecification\",\"valueRequired\":true,\"valueName\":\"search_term_string\"}}],\"inLanguage\":\"fr-FR\"}]}<\/script>\n<!-- \/ Yoast SEO plugin. -->","yoast_head_json":{"title":"V\u00e9lo Qu\u00e9bec, partenaire mobilit\u00e9 | BIXI Montr\u00e9al","description":"Ensemble, V\u00e9lo Qu\u00e9bec et BIXI font la promotion du cyclisme et de l'activit\u00e9 physique et visent \u00e0 rendre le v\u00e9lo accessible \u00e0 tous","robots":{"index":"index","follow":"follow","max-snippet":"max-snippet:-1","max-image-preview":"max-image-preview:large","max-video-preview":"max-video-preview:-1"},"canonical":"https:\/\/bixi.com\/fr\/velo-quebec\/","og_locale":"fr_FR","og_type":"article","og_title":"V\u00e9lo Qu\u00e9bec, partenaire mobilit\u00e9 | BIXI Montr\u00e9al","og_description":"Ensemble, V\u00e9lo Qu\u00e9bec et BIXI font la promotion du cyclisme et de l'activit\u00e9 physique et visent \u00e0 rendre le v\u00e9lo accessible \u00e0 tous","og_url":"https:\/\/bixi.com\/fr\/velo-quebec\/","og_site_name":"BIXI Montr\u00e9al","article_modified_time":"2024-08-20T15:09:41+00:00","og_image":[{"width":1920,"height":1282,"url":"https:\/\/s3.ca-central-1.amazonaws.com\/cdn.bixi.com\/wp-content\/uploads\/2024\/08\/180601_VQ_VeloQuebec_TLN_HR_130.jpg","type":"image\/jpeg"}],"twitter_card":"summary_large_image","schema":{"@context":"https:\/\/schema.org","@graph":[{"@type":"WebPage","@id":"https:\/\/bixi.com\/fr\/velo-quebec\/","url":"https:\/\/bixi.com\/fr\/velo-quebec\/","name":"V\u00e9lo Qu\u00e9bec, partenaire mobilit\u00e9 | BIXI Montr\u00e9al","isPartOf":{"@id":"https:\/\/bixi.com\/fr\/#website"},"primaryImageOfPage":{"@id":"https:\/\/bixi.com\/fr\/velo-quebec\/#primaryimage"},"image":{"@id":"https:\/\/bixi.com\/fr\/velo-quebec\/#primaryimage"},"thumbnailUrl":"https:\/\/s3.ca-central-1.amazonaws.com\/cdn.bixi.com\/wp-content\/uploads\/2024\/08\/180601_VQ_VeloQuebec_TLN_HR_130.jpg","datePublished":"2024-08-20T15:09:00+00:00","dateModified":"2024-08-20T15:09:41+00:00","description":"Ensemble, V\u00e9lo Qu\u00e9bec et BIXI font la promotion du cyclisme et de l'activit\u00e9 physique et visent \u00e0 rendre le v\u00e9lo accessible \u00e0 tous","breadcrumb":{"@id":"https:\/\/bixi.com\/fr\/velo-quebec\/#breadcrumb"},"inLanguage":"fr-FR","potentialAction":[{"@type":"ReadAction","target":["https:\/\/bixi.com\/fr\/velo-quebec\/"]}]},{"@type":"ImageObject","inLanguage":"fr-FR","@id":"https:\/\/bixi.com\/fr\/velo-quebec\/#primaryimage","url":"https:\/\/s3.ca-central-1.amazonaws.com\/cdn.bixi.com\/wp-content\/uploads\/2024\/08\/180601_VQ_VeloQuebec_TLN_HR_130.jpg","contentUrl":"https:\/\/s3.ca-central-1.amazonaws.com\/cdn.bixi.com\/wp-content\/uploads\/2024\/08\/180601_VQ_VeloQuebec_TLN_HR_130.jpg","width":1920,"height":1282,"caption":"V\u00e9lo Qu\u00e9bec"},{"@type":"BreadcrumbList","@id":"https:\/\/bixi.com\/fr\/velo-quebec\/#breadcrumb","itemListElement":[{"@type":"ListItem","position":1,"name":"Home","item":"https:\/\/bixi.com\/fr\/"},{"@type":"ListItem","position":2,"name":"V\u00e9lo Qu\u00e9bec"}]},{"@type":"WebSite","@id":"https:\/\/bixi.com\/fr\/#website","url":"https:\/\/bixi.com\/fr\/","name":"BIXI Montr\u00e9al","description":"","potentialAction":[{"@type":"SearchAction","target":{"@type":"EntryPoint","urlTemplate":"https:\/\/bixi.com\/fr\/?s={search_term_string}"},"query-input":{"@type":"PropertyValueSpecification","valueRequired":true,"valueName":"search_term_string"}}],"inLanguage":"fr-FR"}]}},"_links":{"self":[{"href":"https:\/\/bixi.com\/fr\/wp-json\/wp\/v2\/pages\/13544","targetHints":{"allow":["GET"]}}],"collection":[{"href":"https:\/\/bixi.com\/fr\/wp-json\/wp\/v2\/pages"}],"about":[{"href":"https:\/\/bixi.com\/fr\/wp-json\/wp\/v2\/types\/page"}],"author":[{"embeddable":true,"href":"https:\/\/bixi.com\/fr\/wp-json\/wp\/v2\/users\/37"}],"replies":[{"embeddable":true,"href":"https:\/\/bixi.com\/fr\/wp-json\/wp\/v2\/comments?post=13544"}],"version-history":[{"count":4,"href":"https:\/\/bixi.com\/fr\/wp-json\/wp\/v2\/pages\/13544\/revisions"}],"predecessor-version":[{"id":13753,"href":"https:\/\/bixi.com\/fr\/wp-json\/wp\/v2\/pages\/13544\/revisions\/13753"}],"wp:featuredmedia":[{"embeddable":true,"href":"https:\/\/bixi.com\/fr\/wp-json\/wp\/v2\/media\/13740"}],"wp:attachment":[{"href":"https:\/\/bixi.com\/fr\/wp-json\/wp\/v2\/media?parent=13544"}],"curies":[{"name":"wp","href":"https:\/\/api.w.org\/{rel}","templated":true}]}}