{"id":13360,"date":"2024-07-24T11:13:13","date_gmt":"2024-07-24T15:13:13","guid":{"rendered":"https:\/\/bixi.com\/?page_id=13360"},"modified":"2025-09-18T14:45:13","modified_gmt":"2025-09-18T18:45:13","slug":"carrefours-bixi","status":"publish","type":"page","link":"https:\/\/bixi.com\/fr\/carrefours-bixi\/","title":{"rendered":"Carrefours BIXI"},"content":{"rendered":"\t\t<section  class=\"animated-two-col-full-image section-block \" data-animator-id=\"full_image\" data-simple-module-animation>\n\t\t\t<div class=\"container\">\n\t\t\t\t<div class=\"row content-wrapper\">\n\t\t\t\t\t<div class=\"col-md-12\">\n\t\t\t\t\t\t\t\t\t\t\t\t\t<div class=\"top-title-wrapper\">\n\t\t\t\t\t\t\t\t<h1 class=\"top-title title-1\">Carrefours BIXI\n<\/h1>\t\t\t\t\t\t\t<\/div>\n\t\t\t\t\t\t\n\t\t\t\t\t\t<div class=\"ctn\">\n\t\t\t\t\t\t\t<div class=\"img-container\">\n\t\t\t\t\t\t\t\t<div class=\"img-wrapper\">\n\t\t\t\t\t\t\t\t\t\t\t\t\t\t\t\t\t\t\t<img loading=\"lazy\" decoding=\"async\" width=\"1920\" height=\"1079\" src=\"https:\/\/s3.ca-central-1.amazonaws.com\/cdn.bixi.com\/wp-content\/uploads\/2024\/07\/Carrefour_BIXI_1.jpg\" class=\"img-parallax\" alt=\"Carrefour BIXI\" srcset=\"https:\/\/s3.ca-central-1.amazonaws.com\/cdn.bixi.com\/wp-content\/uploads\/2024\/07\/Carrefour_BIXI_1.jpg 1920w, https:\/\/s3.ca-central-1.amazonaws.com\/cdn.bixi.com\/wp-content\/uploads\/2024\/07\/Carrefour_BIXI_1-300x169.jpg 300w, https:\/\/s3.ca-central-1.amazonaws.com\/cdn.bixi.com\/wp-content\/uploads\/2024\/07\/Carrefour_BIXI_1-1024x575.jpg 1024w, https:\/\/s3.ca-central-1.amazonaws.com\/cdn.bixi.com\/wp-content\/uploads\/2024\/07\/Carrefour_BIXI_1-768x432.jpg 768w, https:\/\/s3.ca-central-1.amazonaws.com\/cdn.bixi.com\/wp-content\/uploads\/2024\/07\/Carrefour_BIXI_1-1536x863.jpg 1536w, https:\/\/s3.ca-central-1.amazonaws.com\/cdn.bixi.com\/wp-content\/uploads\/2024\/07\/Carrefour_BIXI_1-1708x960.jpg 1708w, https:\/\/s3.ca-central-1.amazonaws.com\/cdn.bixi.com\/wp-content\/uploads\/2024\/07\/Carrefour_BIXI_1-935x525.jpg 935w, https:\/\/s3.ca-central-1.amazonaws.com\/cdn.bixi.com\/wp-content\/uploads\/2024\/07\/Carrefour_BIXI_1-770x433.jpg 770w, https:\/\/s3.ca-central-1.amazonaws.com\/cdn.bixi.com\/wp-content\/uploads\/2024\/07\/Carrefour_BIXI_1-960x540.jpg 960w, https:\/\/s3.ca-central-1.amazonaws.com\/cdn.bixi.com\/wp-content\/uploads\/2024\/07\/Carrefour_BIXI_1-500x281.jpg 500w, https:\/\/s3.ca-central-1.amazonaws.com\/cdn.bixi.com\/wp-content\/uploads\/2024\/07\/Carrefour_BIXI_1-150x84.jpg 150w, https:\/\/s3.ca-central-1.amazonaws.com\/cdn.bixi.com\/wp-content\/uploads\/2024\/07\/Carrefour_BIXI_1-96x54.jpg 96w, https:\/\/s3.ca-central-1.amazonaws.com\/cdn.bixi.com\/wp-content\/uploads\/2024\/07\/Carrefour_BIXI_1-78x44.jpg 78w, https:\/\/s3.ca-central-1.amazonaws.com\/cdn.bixi.com\/wp-content\/uploads\/2024\/07\/Carrefour_BIXI_1-125x70.jpg 125w, https:\/\/s3.ca-central-1.amazonaws.com\/cdn.bixi.com\/wp-content\/uploads\/2024\/07\/Carrefour_BIXI_1-100x56.jpg 100w, https:\/\/s3.ca-central-1.amazonaws.com\/cdn.bixi.com\/wp-content\/uploads\/2024\/07\/Carrefour_BIXI_1-450x253.jpg 450w\" sizes=\"auto, (max-width: 1920px) 100vw, 1920px\" \/>\t\t\t\t\t\t\t\t\t\t\t\t\t\t\t\t\t<\/div>\n\t\t\t\t\t\t\t<\/div>\n\t\t\t\t\t\t\t<div class=\"title\">\n\t\t\t\t\t\t\t\t<h2 class=\"main-title title-2\">Bienvenue aux carrefours BIXI!\n<\/h2>\t\t\t\t\t\t\t<\/div>\n\t\t\t\t\t\t\t<div class=\"content\">\n\t\t\t\t\t\t\t\t\t\t\t\t\t\t\t\t\t<p>Un carrefour BIXI, c\u2019est un nouveau concept innovant qui vise \u00e0 am\u00e9liorer l&rsquo;exp\u00e9rience des BIXISTES en facilitant la location de v\u00e9lo, permettant l\u2019entretien de la flotte en plein c\u0153ur du r\u00e9seau et en offrant un service \u00e0 la client\u00e8le personnalis\u00e9 gr\u00e2ce \u00e0 un contact direct avec notre \u00e9quipe. <\/p>\n\t\t\t\t\t\t\t\t\n\t\t\t\t\t\t\t\t\t\t\t\t\t\t\t<\/div>\n\t\t\t\t\t\t<\/div>\n\t\t\t\t\t<\/div>\n\t\t\t\t<\/div>\n\t\t\t<\/div>\n\t\t<\/section>\n\t\n\n\t\t<section  class=\"half-half section-block   \">\n\t\t\t<div class=\"container\">\n\t\t\t\t<div class=\"row\">\n\t\t\t\t\t<div class=\"col-md-12\">\n\t\t\t\t\t\t<div class=\"row content-wrapper\">\n\t\t\t\t\t\t\t<div class=\"col-md-6 half-img\">\n\t\t\t\t\t\t\t\t<div class=\"bg\">\n\t\t\t\t\t\t\t\t\t\t\t\t\t\t\t\t\t\t\t<img loading=\"lazy\" decoding=\"async\" width=\"480\" height=\"600\" src=\"https:\/\/s3.ca-central-1.amazonaws.com\/cdn.bixi.com\/wp-content\/uploads\/2024\/07\/Carrefour_BIXI_7_4-5-min-480x600.jpg\" class=\"attachment-half_half size-half_half\" alt=\"\" srcset=\"https:\/\/s3.ca-central-1.amazonaws.com\/cdn.bixi.com\/wp-content\/uploads\/2024\/07\/Carrefour_BIXI_7_4-5-min-480x600.jpg 480w, https:\/\/s3.ca-central-1.amazonaws.com\/cdn.bixi.com\/wp-content\/uploads\/2024\/07\/Carrefour_BIXI_7_4-5-min-240x300.jpg 240w, https:\/\/s3.ca-central-1.amazonaws.com\/cdn.bixi.com\/wp-content\/uploads\/2024\/07\/Carrefour_BIXI_7_4-5-min-819x1024.jpg 819w, https:\/\/s3.ca-central-1.amazonaws.com\/cdn.bixi.com\/wp-content\/uploads\/2024\/07\/Carrefour_BIXI_7_4-5-min-768x960.jpg 768w, https:\/\/s3.ca-central-1.amazonaws.com\/cdn.bixi.com\/wp-content\/uploads\/2024\/07\/Carrefour_BIXI_7_4-5-min-1229x1536.jpg 1229w, https:\/\/s3.ca-central-1.amazonaws.com\/cdn.bixi.com\/wp-content\/uploads\/2024\/07\/Carrefour_BIXI_7_4-5-min-576x720.jpg 576w, https:\/\/s3.ca-central-1.amazonaws.com\/cdn.bixi.com\/wp-content\/uploads\/2024\/07\/Carrefour_BIXI_7_4-5-min-304x380.jpg 304w, https:\/\/s3.ca-central-1.amazonaws.com\/cdn.bixi.com\/wp-content\/uploads\/2024\/07\/Carrefour_BIXI_7_4-5-min-120x150.jpg 120w, https:\/\/s3.ca-central-1.amazonaws.com\/cdn.bixi.com\/wp-content\/uploads\/2024\/07\/Carrefour_BIXI_7_4-5-min-43x54.jpg 43w, https:\/\/s3.ca-central-1.amazonaws.com\/cdn.bixi.com\/wp-content\/uploads\/2024\/07\/Carrefour_BIXI_7_4-5-min-35x44.jpg 35w, https:\/\/s3.ca-central-1.amazonaws.com\/cdn.bixi.com\/wp-content\/uploads\/2024\/07\/Carrefour_BIXI_7_4-5-min-56x70.jpg 56w, https:\/\/s3.ca-central-1.amazonaws.com\/cdn.bixi.com\/wp-content\/uploads\/2024\/07\/Carrefour_BIXI_7_4-5-min-45x56.jpg 45w, https:\/\/s3.ca-central-1.amazonaws.com\/cdn.bixi.com\/wp-content\/uploads\/2024\/07\/Carrefour_BIXI_7_4-5-min-450x563.jpg 450w, https:\/\/s3.ca-central-1.amazonaws.com\/cdn.bixi.com\/wp-content\/uploads\/2024\/07\/Carrefour_BIXI_7_4-5-min.jpg 1536w\" sizes=\"auto, (max-width: 480px) 100vw, 480px\" \/>\t\t\t\t\t\t\t\t\t\t\t\t\t\t\t\t\t<\/div>\n\t\t\t\t\t\t\t\t\t\t\t\t\t\t\t<\/div>\n\t\t\t\t\t\t\t<div class=\"col-md-6 half-content\">\n\t\t\t\t\t\t\t\t<div class=\"content\">\n\t\t\t\t\t\t\t\t\t\n\t\t\t\t\t\t\t\t\t<h2 class=\"main-title title-2\">Entretenir les v\u00e9los, sans passer par l\u2019entrep\u00f4t\n<\/h2>\n\t\t\t\t\t\t\t\t\t\n\t\t\t\t\t\t\t\t\t\t\t\t\t\t\t\t\t\t\t<p>Aux carrefours BIXI, nous nous effor\u00e7ons de remettre les v\u00e9los en circulation le plus rapidement possible pour que vous puissiez faire la location de v\u00e9lo. Gr\u00e2ce au travail de nos m\u00e9caniciens, la majorit\u00e9 des v\u00e9los peuvent \u00eatre remis en service le jour m\u00eame, apr\u00e8s des r\u00e9parations courantes comme :<\/p>\n<ul>\n<li>Gonflage et remplacement de pneus<\/li>\n<li>Ajustement de la selle<\/li>\n<li>R\u00e9paration du triangle de connexion<\/li>\n<li>Huilage de la cha\u00eene<\/li>\n<li>Remplacement de b\u00e9quilles endommag\u00e9es<\/li>\n<li>Changement de batterie des <a href=\"https:\/\/bixi.com\/fr\/ebike\/\">BIXI \u00e9lectriques<\/a><\/li>\n<\/ul>\n<p>Tous les cyclistes sont les bienvenus! Une borne de r\u00e9paration universelle et une pompe \u00e0 air sont \u00e9galement disponibles sur place pour que vous puissiez effectuer les r\u00e9parations de base et gonfler les pneus sur votre v\u00e9lo personnel.<\/p>\n\t\t\t\t\t\t\t\t\t\n\t\t\t\t\t\t\t\t\t\t\t\t\t\t\t\t\t<\/div>\n\t\t\t\t\t\t\t<\/div>\n\t\t\t\t\t\t<\/div>\n\t\t\t\t\t<\/div>\n\t\t\t\t<\/div>\n\t\t\t<\/div>\n\t\t<\/section>\n\t\n\n\t\t<section  class=\"half-half section-block   \">\n\t\t\t<div class=\"container\">\n\t\t\t\t<div class=\"row\">\n\t\t\t\t\t<div class=\"col-md-12\">\n\t\t\t\t\t\t<div class=\"row content-wrapper\">\n\t\t\t\t\t\t\t<div class=\"col-md-6 half-img\">\n\t\t\t\t\t\t\t\t<div class=\"bg\">\n\t\t\t\t\t\t\t\t\t\t\t\t\t\t\t\t\t\t\t<img loading=\"lazy\" decoding=\"async\" width=\"600\" height=\"600\" src=\"https:\/\/s3.ca-central-1.amazonaws.com\/cdn.bixi.com\/wp-content\/uploads\/2024\/07\/Carrefour_BIXI_4-600x600.jpg\" class=\"attachment-half_half size-half_half\" alt=\"\" srcset=\"https:\/\/s3.ca-central-1.amazonaws.com\/cdn.bixi.com\/wp-content\/uploads\/2024\/07\/Carrefour_BIXI_4-600x600.jpg 600w, https:\/\/s3.ca-central-1.amazonaws.com\/cdn.bixi.com\/wp-content\/uploads\/2024\/07\/Carrefour_BIXI_4-300x300.jpg 300w, https:\/\/s3.ca-central-1.amazonaws.com\/cdn.bixi.com\/wp-content\/uploads\/2024\/07\/Carrefour_BIXI_4-1024x1024.jpg 1024w, https:\/\/s3.ca-central-1.amazonaws.com\/cdn.bixi.com\/wp-content\/uploads\/2024\/07\/Carrefour_BIXI_4-150x150.jpg 150w, https:\/\/s3.ca-central-1.amazonaws.com\/cdn.bixi.com\/wp-content\/uploads\/2024\/07\/Carrefour_BIXI_4-768x768.jpg 768w, https:\/\/s3.ca-central-1.amazonaws.com\/cdn.bixi.com\/wp-content\/uploads\/2024\/07\/Carrefour_BIXI_4-1536x1536.jpg 1536w, https:\/\/s3.ca-central-1.amazonaws.com\/cdn.bixi.com\/wp-content\/uploads\/2024\/07\/Carrefour_BIXI_4-960x960.jpg 960w, https:\/\/s3.ca-central-1.amazonaws.com\/cdn.bixi.com\/wp-content\/uploads\/2024\/07\/Carrefour_BIXI_4-720x720.jpg 720w, https:\/\/s3.ca-central-1.amazonaws.com\/cdn.bixi.com\/wp-content\/uploads\/2024\/07\/Carrefour_BIXI_4-380x380.jpg 380w, https:\/\/s3.ca-central-1.amazonaws.com\/cdn.bixi.com\/wp-content\/uploads\/2024\/07\/Carrefour_BIXI_4-54x54.jpg 54w, https:\/\/s3.ca-central-1.amazonaws.com\/cdn.bixi.com\/wp-content\/uploads\/2024\/07\/Carrefour_BIXI_4-44x44.jpg 44w, https:\/\/s3.ca-central-1.amazonaws.com\/cdn.bixi.com\/wp-content\/uploads\/2024\/07\/Carrefour_BIXI_4-70x70.jpg 70w, https:\/\/s3.ca-central-1.amazonaws.com\/cdn.bixi.com\/wp-content\/uploads\/2024\/07\/Carrefour_BIXI_4-56x56.jpg 56w, https:\/\/s3.ca-central-1.amazonaws.com\/cdn.bixi.com\/wp-content\/uploads\/2024\/07\/Carrefour_BIXI_4-450x450.jpg 450w, https:\/\/s3.ca-central-1.amazonaws.com\/cdn.bixi.com\/wp-content\/uploads\/2024\/07\/Carrefour_BIXI_4.jpg 1920w\" sizes=\"auto, (max-width: 600px) 100vw, 600px\" \/>\t\t\t\t\t\t\t\t\t\t\t\t\t\t\t\t\t<\/div>\n\t\t\t\t\t\t\t\t\t\t\t\t\t\t\t<\/div>\n\t\t\t\t\t\t\t<div class=\"col-md-6 half-content\">\n\t\t\t\t\t\t\t\t<div class=\"content\">\n\t\t\t\t\t\t\t\t\t\n\t\t\t\t\t\t\t\t\t<h2 class=\"main-title title-2\">Un lieu de connectivit\u00e9 et d\u2019\u00e9changes\n<\/h2>\n\t\t\t\t\t\t\t\t\t\n\t\t\t\t\t\t\t\t\t\t\t\t\t\t\t\t\t\t\t<p>Un carrefour BIXI est \u00e9galement un endroit o\u00f9 vous pouvez c\u00f4toyer notre \u00e9quipe, poser des questions et obtenir des informations au sujet de la location de v\u00e9lo. Cette interaction directe est une premi\u00e8re pour nous! Elle vise \u00e0 renforcer notre relation avec vous, tout en continuant \u00e0 vous offrir un service client de qualit\u00e9.<\/p>\n\t\t\t\t\t\t\t\t\t\n\t\t\t\t\t\t\t\t\t\t\t\t\t\t\t\t\t<\/div>\n\t\t\t\t\t\t\t<\/div>\n\t\t\t\t\t\t<\/div>\n\t\t\t\t\t<\/div>\n\t\t\t\t<\/div>\n\t\t\t<\/div>\n\t\t<\/section>\n\t\n\n\t\t<section  class=\"half-half section-block   \">\n\t\t\t<div class=\"container\">\n\t\t\t\t<div class=\"row\">\n\t\t\t\t\t<div class=\"col-md-12\">\n\t\t\t\t\t\t<div class=\"row content-wrapper\">\n\t\t\t\t\t\t\t<div class=\"col-md-6 half-img\">\n\t\t\t\t\t\t\t\t<div class=\"bg\">\n\t\t\t\t\t\t\t\t\t\t\t\t\t\t\t\t\t\t\t<img loading=\"lazy\" decoding=\"async\" width=\"458\" height=\"600\" src=\"https:\/\/s3.ca-central-1.amazonaws.com\/cdn.bixi.com\/wp-content\/uploads\/2024\/07\/Carrefour_BIXI_3-1-458x600.jpg\" class=\"attachment-half_half size-half_half\" alt=\"Carrefour BIXI\" srcset=\"https:\/\/s3.ca-central-1.amazonaws.com\/cdn.bixi.com\/wp-content\/uploads\/2024\/07\/Carrefour_BIXI_3-1-458x600.jpg 458w, https:\/\/s3.ca-central-1.amazonaws.com\/cdn.bixi.com\/wp-content\/uploads\/2024\/07\/Carrefour_BIXI_3-1-229x300.jpg 229w, https:\/\/s3.ca-central-1.amazonaws.com\/cdn.bixi.com\/wp-content\/uploads\/2024\/07\/Carrefour_BIXI_3-1-782x1024.jpg 782w, https:\/\/s3.ca-central-1.amazonaws.com\/cdn.bixi.com\/wp-content\/uploads\/2024\/07\/Carrefour_BIXI_3-1-768x1006.jpg 768w, https:\/\/s3.ca-central-1.amazonaws.com\/cdn.bixi.com\/wp-content\/uploads\/2024\/07\/Carrefour_BIXI_3-1-1173x1536.jpg 1173w, https:\/\/s3.ca-central-1.amazonaws.com\/cdn.bixi.com\/wp-content\/uploads\/2024\/07\/Carrefour_BIXI_3-1-733x960.jpg 733w, https:\/\/s3.ca-central-1.amazonaws.com\/cdn.bixi.com\/wp-content\/uploads\/2024\/07\/Carrefour_BIXI_3-1-550x720.jpg 550w, https:\/\/s3.ca-central-1.amazonaws.com\/cdn.bixi.com\/wp-content\/uploads\/2024\/07\/Carrefour_BIXI_3-1-290x380.jpg 290w, https:\/\/s3.ca-central-1.amazonaws.com\/cdn.bixi.com\/wp-content\/uploads\/2024\/07\/Carrefour_BIXI_3-1-115x150.jpg 115w, https:\/\/s3.ca-central-1.amazonaws.com\/cdn.bixi.com\/wp-content\/uploads\/2024\/07\/Carrefour_BIXI_3-1-41x54.jpg 41w, https:\/\/s3.ca-central-1.amazonaws.com\/cdn.bixi.com\/wp-content\/uploads\/2024\/07\/Carrefour_BIXI_3-1-34x44.jpg 34w, https:\/\/s3.ca-central-1.amazonaws.com\/cdn.bixi.com\/wp-content\/uploads\/2024\/07\/Carrefour_BIXI_3-1-53x70.jpg 53w, https:\/\/s3.ca-central-1.amazonaws.com\/cdn.bixi.com\/wp-content\/uploads\/2024\/07\/Carrefour_BIXI_3-1-43x56.jpg 43w, https:\/\/s3.ca-central-1.amazonaws.com\/cdn.bixi.com\/wp-content\/uploads\/2024\/07\/Carrefour_BIXI_3-1-450x589.jpg 450w, https:\/\/s3.ca-central-1.amazonaws.com\/cdn.bixi.com\/wp-content\/uploads\/2024\/07\/Carrefour_BIXI_3-1.jpg 1466w\" sizes=\"auto, (max-width: 458px) 100vw, 458px\" \/>\t\t\t\t\t\t\t\t\t\t\t\t\t\t\t\t\t<\/div>\n\t\t\t\t\t\t\t\t\t\t\t\t\t\t\t<\/div>\n\t\t\t\t\t\t\t<div class=\"col-md-6 half-content\">\n\t\t\t\t\t\t\t\t<div class=\"content\">\n\t\t\t\t\t\t\t\t\t\n\t\t\t\t\t\t\t\t\t<h2 class=\"main-title title-2\">O\u00f9 se trouvent les carrefours BIXI?\n<\/h2>\n\t\t\t\t\t\t\t\t\t\n\t\t\t\t\t\t\t\t\t\t\t\t\t\t\t\t\t\t\t<p>\ud83d\udccd<strong>Carrefour La Fontaine<\/strong><br \/>\n(Parc La Fontaine, Calixa-Lavall\u00e9e\/Rachel)<\/p>\n<p>\ud83d\udccd<strong>Carrefour des \u00c9clusiers <\/strong><br \/>\n(McGill\/De la Commune)<\/p>\n<p>\ud83d\udccd<strong>Carrefour P\u00e8re-Marquette<\/strong><br \/>\n(De Bellechasse\/De Lanaudi\u00e8re)<\/p>\n<p>\ud83d\udccd<strong>Carrefour Olympique<\/strong><br \/>\n(Espace pour la vie, Biod\u00f4me\/Pierre-de-Coubertin)<\/p>\n<p>Notre \u00e9quipe est sur place 7 jours sur 7.<\/p>\n<p><strong>Lundi au vendredi &#8211; 8h \u00e0 19h<br \/>\nSamedi et dimanche &#8211; 10h \u00e0 19h<\/strong><\/p>\n<p>Leurs stations BIXI adjacentes comptent des dizaines, voire des centaines de points d&rsquo;ancrage, ce qui en font souvent les plus grandes stations de leur secteur respectifs!<\/p>\n<p>Le concept en est \u00e0 ses premiers d\u00e9veloppements. Notre vision est de d\u00e9ployer graduellement au moins 7 carrefours BIXI dans la m\u00e9tropole au cours des prochaines ann\u00e9es. Restez \u00e0 l\u2019aff\u00fbt!<\/p>\n\t\t\t\t\t\t\t\t\t\n\t\t\t\t\t\t\t\t\t\t\t\t\t\t\t\t\t<\/div>\n\t\t\t\t\t\t\t<\/div>\n\t\t\t\t\t\t<\/div>\n\t\t\t\t\t<\/div>\n\t\t\t\t<\/div>\n\t\t\t<\/div>\n\t\t<\/section>\n\t\n\n\t\t\t<section  class=\"banner-cta section-block\">\n\t\t\t\t<div class=\"img-container\">\n\t\t\t\t\t\t\t\t\t\t\t<img loading=\"lazy\" decoding=\"async\" width=\"1920\" height=\"930\" src=\"https:\/\/s3.ca-central-1.amazonaws.com\/cdn.bixi.com\/wp-content\/uploads\/2024\/07\/Carrefour_BIXI_6-1.jpg\" class=\"attachment-full_width size-full_width\" alt=\"Carrefour BIXI\" srcset=\"https:\/\/s3.ca-central-1.amazonaws.com\/cdn.bixi.com\/wp-content\/uploads\/2024\/07\/Carrefour_BIXI_6-1.jpg 1920w, https:\/\/s3.ca-central-1.amazonaws.com\/cdn.bixi.com\/wp-content\/uploads\/2024\/07\/Carrefour_BIXI_6-1-300x145.jpg 300w, https:\/\/s3.ca-central-1.amazonaws.com\/cdn.bixi.com\/wp-content\/uploads\/2024\/07\/Carrefour_BIXI_6-1-1024x496.jpg 1024w, https:\/\/s3.ca-central-1.amazonaws.com\/cdn.bixi.com\/wp-content\/uploads\/2024\/07\/Carrefour_BIXI_6-1-768x372.jpg 768w, https:\/\/s3.ca-central-1.amazonaws.com\/cdn.bixi.com\/wp-content\/uploads\/2024\/07\/Carrefour_BIXI_6-1-1536x744.jpg 1536w, https:\/\/s3.ca-central-1.amazonaws.com\/cdn.bixi.com\/wp-content\/uploads\/2024\/07\/Carrefour_BIXI_6-1-935x453.jpg 935w, https:\/\/s3.ca-central-1.amazonaws.com\/cdn.bixi.com\/wp-content\/uploads\/2024\/07\/Carrefour_BIXI_6-1-770x373.jpg 770w, https:\/\/s3.ca-central-1.amazonaws.com\/cdn.bixi.com\/wp-content\/uploads\/2024\/07\/Carrefour_BIXI_6-1-960x465.jpg 960w, https:\/\/s3.ca-central-1.amazonaws.com\/cdn.bixi.com\/wp-content\/uploads\/2024\/07\/Carrefour_BIXI_6-1-500x242.jpg 500w, https:\/\/s3.ca-central-1.amazonaws.com\/cdn.bixi.com\/wp-content\/uploads\/2024\/07\/Carrefour_BIXI_6-1-150x73.jpg 150w, https:\/\/s3.ca-central-1.amazonaws.com\/cdn.bixi.com\/wp-content\/uploads\/2024\/07\/Carrefour_BIXI_6-1-111x54.jpg 111w, https:\/\/s3.ca-central-1.amazonaws.com\/cdn.bixi.com\/wp-content\/uploads\/2024\/07\/Carrefour_BIXI_6-1-91x44.jpg 91w, https:\/\/s3.ca-central-1.amazonaws.com\/cdn.bixi.com\/wp-content\/uploads\/2024\/07\/Carrefour_BIXI_6-1-145x70.jpg 145w, https:\/\/s3.ca-central-1.amazonaws.com\/cdn.bixi.com\/wp-content\/uploads\/2024\/07\/Carrefour_BIXI_6-1-116x56.jpg 116w, https:\/\/s3.ca-central-1.amazonaws.com\/cdn.bixi.com\/wp-content\/uploads\/2024\/07\/Carrefour_BIXI_6-1-450x218.jpg 450w\" sizes=\"auto, (max-width: 1920px) 100vw, 1920px\" \/>\t\t\t\t\t\n\t\t\t\t\t<div class=\"content\">\n\t\t\t\t\t\t\t\t\t\t\t\t\t<div class=\"text\"><p>Envie de nous rendre visite?<br \/>\n<span class=\"gray\">Obtenez l\u2019application BIXI, trouvez et faites la location de v\u00e9lo!<\/span><\/p>\n<\/div>\n\t\t\t\t\t\t\n\t\t\t\t\t\t\t\t\t\t\t\t\t<div class=\"btns\">\n\t\t\t\t\t\t\t\t\t\t\t\t\t\t\t\t\t\t\t\t<a href=\"http:\/\/onelink.to\/bixi\" \n\t\t\t\tclass=\"button button-primary \" \n\t\t\t\t \n\t\t\t\t>\n\t\t\t\t\t\t\t\t\t<span class=\"btn-mask\" data-button-label=\"T\u00e9l\u00e9charger\">\n\t\t\t\t\t\t<span class=\"btn-label\">\n\t\t\t\t\t\t\tT\u00e9l\u00e9charger\t\t\t\t\t\t<\/span>\n\t\t\t\t\t<\/span>\n\t\t\t\t\t\t\t\t\t\t<span class=\"btn-mask-icon\">\n\t\t\t\t\t\t<i class=\"icon icon-arrow\"><\/i>\n\t\t\t\t\t<\/span>\n\t\t\t\t\t\t\t\t\t\t\t\t<\/a>\n\t\t\t\t\t\t\t\t\t\t\t\t\t\t\t\t\t<\/div>\n\t\t\t\t\t\t\t\t\t\t\t<\/div>\n\t\t\t\t<\/div>\n\t\t\t<\/section>\n\t\t","protected":false},"excerpt":{"rendered":"","protected":false},"author":37,"featured_media":13400,"parent":0,"menu_order":60,"comment_status":"closed","ping_status":"closed","template":"","meta":{"_acf_changed":false,"footnotes":""},"class_list":["post-13360","page","type-page","status-publish","has-post-thumbnail","hentry"],"acf":{"has_pink_background":false},"yoast_head":"<!-- This site is optimized with the Yoast SEO plugin v25.1 - https:\/\/yoast.com\/wordpress\/plugins\/seo\/ -->\n<title>Carrefours BIXI | Location de v\u00e9lo \u00e0 Montr\u00e9al | BIXI Montr\u00e9al<\/title>\n<meta name=\"description\" content=\"Notre \u00e9quipe est aux carrefours BIXI pour faciliter votre location de v\u00e9lo et entretenir les v\u00e9los au c\u0153ur du r\u00e9seau.\" \/>\n<meta name=\"robots\" content=\"index, follow, max-snippet:-1, max-image-preview:large, max-video-preview:-1\" \/>\n<link rel=\"canonical\" href=\"https:\/\/bixi.com\/fr\/carrefours-bixi\/\" \/>\n<meta property=\"og:locale\" content=\"fr_FR\" \/>\n<meta property=\"og:type\" content=\"article\" \/>\n<meta property=\"og:title\" content=\"Carrefours BIXI | Location de v\u00e9lo \u00e0 Montr\u00e9al | BIXI Montr\u00e9al\" \/>\n<meta property=\"og:description\" content=\"Notre \u00e9quipe est aux carrefours BIXI pour faciliter votre location de v\u00e9lo et entretenir les v\u00e9los au c\u0153ur du r\u00e9seau.\" \/>\n<meta property=\"og:url\" content=\"https:\/\/bixi.com\/fr\/carrefours-bixi\/\" \/>\n<meta property=\"og:site_name\" content=\"BIXI Montr\u00e9al\" \/>\n<meta property=\"article:modified_time\" content=\"2025-09-18T18:45:13+00:00\" \/>\n<meta property=\"og:image\" content=\"https:\/\/s3.ca-central-1.amazonaws.com\/cdn.bixi.com\/wp-content\/uploads\/2024\/07\/Carrefour_BIXI_1.jpg\" \/>\n\t<meta property=\"og:image:width\" content=\"1920\" \/>\n\t<meta property=\"og:image:height\" content=\"1079\" \/>\n\t<meta property=\"og:image:type\" content=\"image\/jpeg\" \/>\n<meta name=\"twitter:card\" content=\"summary_large_image\" \/>\n<meta name=\"twitter:label1\" content=\"Dur\u00e9e de lecture estim\u00e9e\" \/>\n\t<meta name=\"twitter:data1\" content=\"1 minute\" \/>\n<script type=\"application\/ld+json\" class=\"yoast-schema-graph\">{\"@context\":\"https:\/\/schema.org\",\"@graph\":[{\"@type\":\"WebPage\",\"@id\":\"https:\/\/bixi.com\/fr\/carrefours-bixi\/\",\"url\":\"https:\/\/bixi.com\/fr\/carrefours-bixi\/\",\"name\":\"Carrefours BIXI | Location de v\u00e9lo \u00e0 Montr\u00e9al | BIXI Montr\u00e9al\",\"isPartOf\":{\"@id\":\"https:\/\/bixi.com\/fr\/#website\"},\"primaryImageOfPage\":{\"@id\":\"https:\/\/bixi.com\/fr\/carrefours-bixi\/#primaryimage\"},\"image\":{\"@id\":\"https:\/\/bixi.com\/fr\/carrefours-bixi\/#primaryimage\"},\"thumbnailUrl\":\"https:\/\/s3.ca-central-1.amazonaws.com\/cdn.bixi.com\/wp-content\/uploads\/2024\/07\/Carrefour_BIXI_1.jpg\",\"datePublished\":\"2024-07-24T15:13:13+00:00\",\"dateModified\":\"2025-09-18T18:45:13+00:00\",\"description\":\"Notre \u00e9quipe est aux carrefours BIXI pour faciliter votre location de v\u00e9lo et entretenir les v\u00e9los au c\u0153ur du r\u00e9seau.\",\"breadcrumb\":{\"@id\":\"https:\/\/bixi.com\/fr\/carrefours-bixi\/#breadcrumb\"},\"inLanguage\":\"fr-FR\",\"potentialAction\":[{\"@type\":\"ReadAction\",\"target\":[\"https:\/\/bixi.com\/fr\/carrefours-bixi\/\"]}]},{\"@type\":\"ImageObject\",\"inLanguage\":\"fr-FR\",\"@id\":\"https:\/\/bixi.com\/fr\/carrefours-bixi\/#primaryimage\",\"url\":\"https:\/\/s3.ca-central-1.amazonaws.com\/cdn.bixi.com\/wp-content\/uploads\/2024\/07\/Carrefour_BIXI_1.jpg\",\"contentUrl\":\"https:\/\/s3.ca-central-1.amazonaws.com\/cdn.bixi.com\/wp-content\/uploads\/2024\/07\/Carrefour_BIXI_1.jpg\",\"width\":1920,\"height\":1079,\"caption\":\"Carrefour BIXI\"},{\"@type\":\"BreadcrumbList\",\"@id\":\"https:\/\/bixi.com\/fr\/carrefours-bixi\/#breadcrumb\",\"itemListElement\":[{\"@type\":\"ListItem\",\"position\":1,\"name\":\"Home\",\"item\":\"https:\/\/bixi.com\/fr\/\"},{\"@type\":\"ListItem\",\"position\":2,\"name\":\"Carrefours BIXI\"}]},{\"@type\":\"WebSite\",\"@id\":\"https:\/\/bixi.com\/fr\/#website\",\"url\":\"https:\/\/bixi.com\/fr\/\",\"name\":\"BIXI Montr\u00e9al\",\"description\":\"\",\"potentialAction\":[{\"@type\":\"SearchAction\",\"target\":{\"@type\":\"EntryPoint\",\"urlTemplate\":\"https:\/\/bixi.com\/fr\/?s={search_term_string}\"},\"query-input\":{\"@type\":\"PropertyValueSpecification\",\"valueRequired\":true,\"valueName\":\"search_term_string\"}}],\"inLanguage\":\"fr-FR\"}]}<\/script>\n<!-- \/ Yoast SEO plugin. -->","yoast_head_json":{"title":"Carrefours BIXI | Location de v\u00e9lo \u00e0 Montr\u00e9al | BIXI Montr\u00e9al","description":"Notre \u00e9quipe est aux carrefours BIXI pour faciliter votre location de v\u00e9lo et entretenir les v\u00e9los au c\u0153ur du r\u00e9seau.","robots":{"index":"index","follow":"follow","max-snippet":"max-snippet:-1","max-image-preview":"max-image-preview:large","max-video-preview":"max-video-preview:-1"},"canonical":"https:\/\/bixi.com\/fr\/carrefours-bixi\/","og_locale":"fr_FR","og_type":"article","og_title":"Carrefours BIXI | Location de v\u00e9lo \u00e0 Montr\u00e9al | BIXI Montr\u00e9al","og_description":"Notre \u00e9quipe est aux carrefours BIXI pour faciliter votre location de v\u00e9lo et entretenir les v\u00e9los au c\u0153ur du r\u00e9seau.","og_url":"https:\/\/bixi.com\/fr\/carrefours-bixi\/","og_site_name":"BIXI Montr\u00e9al","article_modified_time":"2025-09-18T18:45:13+00:00","og_image":[{"width":1920,"height":1079,"url":"https:\/\/s3.ca-central-1.amazonaws.com\/cdn.bixi.com\/wp-content\/uploads\/2024\/07\/Carrefour_BIXI_1.jpg","type":"image\/jpeg"}],"twitter_card":"summary_large_image","twitter_misc":{"Dur\u00e9e de lecture estim\u00e9e":"1 minute"},"schema":{"@context":"https:\/\/schema.org","@graph":[{"@type":"WebPage","@id":"https:\/\/bixi.com\/fr\/carrefours-bixi\/","url":"https:\/\/bixi.com\/fr\/carrefours-bixi\/","name":"Carrefours BIXI | Location de v\u00e9lo \u00e0 Montr\u00e9al | BIXI Montr\u00e9al","isPartOf":{"@id":"https:\/\/bixi.com\/fr\/#website"},"primaryImageOfPage":{"@id":"https:\/\/bixi.com\/fr\/carrefours-bixi\/#primaryimage"},"image":{"@id":"https:\/\/bixi.com\/fr\/carrefours-bixi\/#primaryimage"},"thumbnailUrl":"https:\/\/s3.ca-central-1.amazonaws.com\/cdn.bixi.com\/wp-content\/uploads\/2024\/07\/Carrefour_BIXI_1.jpg","datePublished":"2024-07-24T15:13:13+00:00","dateModified":"2025-09-18T18:45:13+00:00","description":"Notre \u00e9quipe est aux carrefours BIXI pour faciliter votre location de v\u00e9lo et entretenir les v\u00e9los au c\u0153ur du r\u00e9seau.","breadcrumb":{"@id":"https:\/\/bixi.com\/fr\/carrefours-bixi\/#breadcrumb"},"inLanguage":"fr-FR","potentialAction":[{"@type":"ReadAction","target":["https:\/\/bixi.com\/fr\/carrefours-bixi\/"]}]},{"@type":"ImageObject","inLanguage":"fr-FR","@id":"https:\/\/bixi.com\/fr\/carrefours-bixi\/#primaryimage","url":"https:\/\/s3.ca-central-1.amazonaws.com\/cdn.bixi.com\/wp-content\/uploads\/2024\/07\/Carrefour_BIXI_1.jpg","contentUrl":"https:\/\/s3.ca-central-1.amazonaws.com\/cdn.bixi.com\/wp-content\/uploads\/2024\/07\/Carrefour_BIXI_1.jpg","width":1920,"height":1079,"caption":"Carrefour BIXI"},{"@type":"BreadcrumbList","@id":"https:\/\/bixi.com\/fr\/carrefours-bixi\/#breadcrumb","itemListElement":[{"@type":"ListItem","position":1,"name":"Home","item":"https:\/\/bixi.com\/fr\/"},{"@type":"ListItem","position":2,"name":"Carrefours BIXI"}]},{"@type":"WebSite","@id":"https:\/\/bixi.com\/fr\/#website","url":"https:\/\/bixi.com\/fr\/","name":"BIXI Montr\u00e9al","description":"","potentialAction":[{"@type":"SearchAction","target":{"@type":"EntryPoint","urlTemplate":"https:\/\/bixi.com\/fr\/?s={search_term_string}"},"query-input":{"@type":"PropertyValueSpecification","valueRequired":true,"valueName":"search_term_string"}}],"inLanguage":"fr-FR"}]}},"_links":{"self":[{"href":"https:\/\/bixi.com\/fr\/wp-json\/wp\/v2\/pages\/13360","targetHints":{"allow":["GET"]}}],"collection":[{"href":"https:\/\/bixi.com\/fr\/wp-json\/wp\/v2\/pages"}],"about":[{"href":"https:\/\/bixi.com\/fr\/wp-json\/wp\/v2\/types\/page"}],"author":[{"embeddable":true,"href":"https:\/\/bixi.com\/fr\/wp-json\/wp\/v2\/users\/37"}],"replies":[{"embeddable":true,"href":"https:\/\/bixi.com\/fr\/wp-json\/wp\/v2\/comments?post=13360"}],"version-history":[{"count":5,"href":"https:\/\/bixi.com\/fr\/wp-json\/wp\/v2\/pages\/13360\/revisions"}],"predecessor-version":[{"id":16575,"href":"https:\/\/bixi.com\/fr\/wp-json\/wp\/v2\/pages\/13360\/revisions\/16575"}],"wp:featuredmedia":[{"embeddable":true,"href":"https:\/\/bixi.com\/fr\/wp-json\/wp\/v2\/media\/13400"}],"wp:attachment":[{"href":"https:\/\/bixi.com\/fr\/wp-json\/wp\/v2\/media?parent=13360"}],"curies":[{"name":"wp","href":"https:\/\/api.w.org\/{rel}","templated":true}]}}