{"id":13289,"date":"2024-07-05T16:20:55","date_gmt":"2024-07-05T20:20:55","guid":{"rendered":"https:\/\/bixi.com\/?page_id=13289"},"modified":"2026-02-10T14:11:26","modified_gmt":"2026-02-10T19:11:26","slug":"cinemas","status":"publish","type":"page","link":"https:\/\/bixi.com\/fr\/cinemas\/","title":{"rendered":"Cin\u00e9mas"},"content":{"rendered":"\t\t<section  class=\"animated-two-col-full-image section-block \" data-animator-id=\"full_image\" data-simple-module-animation>\n\t\t\t<div class=\"container\">\n\t\t\t\t<div class=\"row content-wrapper\">\n\t\t\t\t\t<div class=\"col-md-12\">\n\t\t\t\t\t\t\t\t\t\t\t\t\t<div class=\"top-title-wrapper\">\n\t\t\t\t\t\t\t\t<h1 class=\"top-title title-1\">Cin\u00e9mas Beaubien, du Parc et du Mus\u00e9e, partenaires culturels de BIXI\n<\/h1>\t\t\t\t\t\t\t<\/div>\n\t\t\t\t\t\t\n\t\t\t\t\t\t<div class=\"ctn\">\n\t\t\t\t\t\t\t<div class=\"img-container\">\n\t\t\t\t\t\t\t\t<div class=\"img-wrapper\">\n\t\t\t\t\t\t\t\t\t\t\t\t\t\t\t\t\t\t\t<img loading=\"lazy\" decoding=\"async\" width=\"1920\" height=\"1280\" src=\"https:\/\/s3.ca-central-1.amazonaws.com\/cdn.bixi.com\/wp-content\/uploads\/2024\/08\/cinemas-beaubien-du-parc-du-musee-bixi-location-velo-montreal.jpg\" class=\"img-parallax\" alt=\"Cin\u00e9mas\" srcset=\"https:\/\/s3.ca-central-1.amazonaws.com\/cdn.bixi.com\/wp-content\/uploads\/2024\/08\/cinemas-beaubien-du-parc-du-musee-bixi-location-velo-montreal.jpg 1920w, https:\/\/s3.ca-central-1.amazonaws.com\/cdn.bixi.com\/wp-content\/uploads\/2024\/08\/cinemas-beaubien-du-parc-du-musee-bixi-location-velo-montreal-300x200.jpg 300w, https:\/\/s3.ca-central-1.amazonaws.com\/cdn.bixi.com\/wp-content\/uploads\/2024\/08\/cinemas-beaubien-du-parc-du-musee-bixi-location-velo-montreal-1024x683.jpg 1024w, https:\/\/s3.ca-central-1.amazonaws.com\/cdn.bixi.com\/wp-content\/uploads\/2024\/08\/cinemas-beaubien-du-parc-du-musee-bixi-location-velo-montreal-768x512.jpg 768w, https:\/\/s3.ca-central-1.amazonaws.com\/cdn.bixi.com\/wp-content\/uploads\/2024\/08\/cinemas-beaubien-du-parc-du-musee-bixi-location-velo-montreal-1536x1024.jpg 1536w, https:\/\/s3.ca-central-1.amazonaws.com\/cdn.bixi.com\/wp-content\/uploads\/2024\/08\/cinemas-beaubien-du-parc-du-musee-bixi-location-velo-montreal-1440x960.jpg 1440w, https:\/\/s3.ca-central-1.amazonaws.com\/cdn.bixi.com\/wp-content\/uploads\/2024\/08\/cinemas-beaubien-du-parc-du-musee-bixi-location-velo-montreal-900x600.jpg 900w, https:\/\/s3.ca-central-1.amazonaws.com\/cdn.bixi.com\/wp-content\/uploads\/2024\/08\/cinemas-beaubien-du-parc-du-musee-bixi-location-velo-montreal-770x513.jpg 770w, https:\/\/s3.ca-central-1.amazonaws.com\/cdn.bixi.com\/wp-content\/uploads\/2024\/08\/cinemas-beaubien-du-parc-du-musee-bixi-location-velo-montreal-960x640.jpg 960w, https:\/\/s3.ca-central-1.amazonaws.com\/cdn.bixi.com\/wp-content\/uploads\/2024\/08\/cinemas-beaubien-du-parc-du-musee-bixi-location-velo-montreal-500x333.jpg 500w, https:\/\/s3.ca-central-1.amazonaws.com\/cdn.bixi.com\/wp-content\/uploads\/2024\/08\/cinemas-beaubien-du-parc-du-musee-bixi-location-velo-montreal-150x100.jpg 150w, https:\/\/s3.ca-central-1.amazonaws.com\/cdn.bixi.com\/wp-content\/uploads\/2024\/08\/cinemas-beaubien-du-parc-du-musee-bixi-location-velo-montreal-81x54.jpg 81w, https:\/\/s3.ca-central-1.amazonaws.com\/cdn.bixi.com\/wp-content\/uploads\/2024\/08\/cinemas-beaubien-du-parc-du-musee-bixi-location-velo-montreal-66x44.jpg 66w, https:\/\/s3.ca-central-1.amazonaws.com\/cdn.bixi.com\/wp-content\/uploads\/2024\/08\/cinemas-beaubien-du-parc-du-musee-bixi-location-velo-montreal-105x70.jpg 105w, https:\/\/s3.ca-central-1.amazonaws.com\/cdn.bixi.com\/wp-content\/uploads\/2024\/08\/cinemas-beaubien-du-parc-du-musee-bixi-location-velo-montreal-84x56.jpg 84w, https:\/\/s3.ca-central-1.amazonaws.com\/cdn.bixi.com\/wp-content\/uploads\/2024\/08\/cinemas-beaubien-du-parc-du-musee-bixi-location-velo-montreal-450x300.jpg 450w\" sizes=\"auto, (max-width: 1920px) 100vw, 1920px\" \/>\t\t\t\t\t\t\t\t\t\t\t\t\t\t\t\t\t<\/div>\n\t\t\t\t\t\t\t<\/div>\n\t\t\t\t\t\t\t<div class=\"title\">\n\t\t\t\t\t\t\t\t<h2 class=\"main-title title-2\">Un partenariat durable\n<\/h2>\t\t\t\t\t\t\t<\/div>\n\t\t\t\t\t\t\t<div class=\"content\">\n\t\t\t\t\t\t\t\t\t\t\t\t\t\t\t\t\t<p>Depuis 2017, les Cin\u00e9mas <a href=\"https:\/\/www.cinemabeaubien.com\/\">Beaubien<\/a>, <a href=\"https:\/\/www.cinemaduparc.com\/\">du Parc<\/a> et <a href=\"https:\/\/www.cinemadumusee.com\/\">du Mus\u00e9e<\/a> s&rsquo;allient fi\u00e8rement \u00e0 BIXI afin de connecter les Montr\u00e9alais \u00e0 leurs salles de cin\u00e9ma ind\u00e9pendantes pr\u00e9f\u00e9r\u00e9es en leur offrant une option de d\u00e9placements accessible, actif et \u00e9coresponsable lors de sorties.<\/p>\n\t\t\t\t\t\t\t\t\n\t\t\t\t\t\t\t\t\t\t\t\t\t\t\t<\/div>\n\t\t\t\t\t\t<\/div>\n\t\t\t\t\t<\/div>\n\t\t\t\t<\/div>\n\t\t\t<\/div>\n\t\t<\/section>\n\t\n\n\t\t\t<section  class=\"banner-cta section-block\">\n\t\t\t\t<div class=\"img-container\">\n\t\t\t\t\t\t\t\t\t\t\t<img loading=\"lazy\" decoding=\"async\" width=\"1920\" height=\"1280\" src=\"https:\/\/s3.ca-central-1.amazonaws.com\/cdn.bixi.com\/wp-content\/uploads\/2024\/08\/cinemas-beaubien-du-parc-du-musee-bixi-location-velo-montreal-3.jpg\" class=\"attachment-full_width size-full_width\" alt=\"\" srcset=\"https:\/\/s3.ca-central-1.amazonaws.com\/cdn.bixi.com\/wp-content\/uploads\/2024\/08\/cinemas-beaubien-du-parc-du-musee-bixi-location-velo-montreal-3.jpg 1920w, https:\/\/s3.ca-central-1.amazonaws.com\/cdn.bixi.com\/wp-content\/uploads\/2024\/08\/cinemas-beaubien-du-parc-du-musee-bixi-location-velo-montreal-3-300x200.jpg 300w, https:\/\/s3.ca-central-1.amazonaws.com\/cdn.bixi.com\/wp-content\/uploads\/2024\/08\/cinemas-beaubien-du-parc-du-musee-bixi-location-velo-montreal-3-1024x683.jpg 1024w, https:\/\/s3.ca-central-1.amazonaws.com\/cdn.bixi.com\/wp-content\/uploads\/2024\/08\/cinemas-beaubien-du-parc-du-musee-bixi-location-velo-montreal-3-768x512.jpg 768w, https:\/\/s3.ca-central-1.amazonaws.com\/cdn.bixi.com\/wp-content\/uploads\/2024\/08\/cinemas-beaubien-du-parc-du-musee-bixi-location-velo-montreal-3-1536x1024.jpg 1536w, https:\/\/s3.ca-central-1.amazonaws.com\/cdn.bixi.com\/wp-content\/uploads\/2024\/08\/cinemas-beaubien-du-parc-du-musee-bixi-location-velo-montreal-3-1440x960.jpg 1440w, https:\/\/s3.ca-central-1.amazonaws.com\/cdn.bixi.com\/wp-content\/uploads\/2024\/08\/cinemas-beaubien-du-parc-du-musee-bixi-location-velo-montreal-3-900x600.jpg 900w, https:\/\/s3.ca-central-1.amazonaws.com\/cdn.bixi.com\/wp-content\/uploads\/2024\/08\/cinemas-beaubien-du-parc-du-musee-bixi-location-velo-montreal-3-770x513.jpg 770w, https:\/\/s3.ca-central-1.amazonaws.com\/cdn.bixi.com\/wp-content\/uploads\/2024\/08\/cinemas-beaubien-du-parc-du-musee-bixi-location-velo-montreal-3-960x640.jpg 960w, https:\/\/s3.ca-central-1.amazonaws.com\/cdn.bixi.com\/wp-content\/uploads\/2024\/08\/cinemas-beaubien-du-parc-du-musee-bixi-location-velo-montreal-3-500x333.jpg 500w, https:\/\/s3.ca-central-1.amazonaws.com\/cdn.bixi.com\/wp-content\/uploads\/2024\/08\/cinemas-beaubien-du-parc-du-musee-bixi-location-velo-montreal-3-150x100.jpg 150w, https:\/\/s3.ca-central-1.amazonaws.com\/cdn.bixi.com\/wp-content\/uploads\/2024\/08\/cinemas-beaubien-du-parc-du-musee-bixi-location-velo-montreal-3-81x54.jpg 81w, https:\/\/s3.ca-central-1.amazonaws.com\/cdn.bixi.com\/wp-content\/uploads\/2024\/08\/cinemas-beaubien-du-parc-du-musee-bixi-location-velo-montreal-3-66x44.jpg 66w, https:\/\/s3.ca-central-1.amazonaws.com\/cdn.bixi.com\/wp-content\/uploads\/2024\/08\/cinemas-beaubien-du-parc-du-musee-bixi-location-velo-montreal-3-105x70.jpg 105w, https:\/\/s3.ca-central-1.amazonaws.com\/cdn.bixi.com\/wp-content\/uploads\/2024\/08\/cinemas-beaubien-du-parc-du-musee-bixi-location-velo-montreal-3-84x56.jpg 84w, https:\/\/s3.ca-central-1.amazonaws.com\/cdn.bixi.com\/wp-content\/uploads\/2024\/08\/cinemas-beaubien-du-parc-du-musee-bixi-location-velo-montreal-3-450x300.jpg 450w\" sizes=\"auto, (max-width: 1920px) 100vw, 1920px\" \/>\t\t\t\t\t\n\t\t\t\t\t<div class=\"content\">\n\t\t\t\t\t\t\t\t\t\t\t\t\t<div class=\"text\"><p>On s&rsquo;y retrouve?<br \/>\n<span class=\"gray\">T\u00e9l\u00e9chargez l\u2019application BIXI, trouvez et d\u00e9verrouillez votre v\u00e9lo!<\/span><\/p>\n<\/div>\n\t\t\t\t\t\t\n\t\t\t\t\t\t\t\t\t\t\t\t\t<div class=\"btns\">\n\t\t\t\t\t\t\t\t\t\t\t\t\t\t\t\t\t\t\t\t<a href=\"https:\/\/bixi.com\/fr\/application-mobile\/\" \n\t\t\t\tclass=\"button button-primary \" \n\t\t\t\t \n\t\t\t\t>\n\t\t\t\t\t\t\t\t\t<span class=\"btn-mask\" data-button-label=\"T\u00e9l\u00e9charger\">\n\t\t\t\t\t\t<span class=\"btn-label\">\n\t\t\t\t\t\t\tT\u00e9l\u00e9charger\t\t\t\t\t\t<\/span>\n\t\t\t\t\t<\/span>\n\t\t\t\t\t\t\t\t\t\t<span class=\"btn-mask-icon\">\n\t\t\t\t\t\t<i class=\"icon \"><\/i>\n\t\t\t\t\t<\/span>\n\t\t\t\t\t\t\t\t\t\t\t\t<\/a>\n\t\t\t\t\t\t\t\t\t\t\t\t\t\t\t\t\t<\/div>\n\t\t\t\t\t\t\t\t\t\t\t<\/div>\n\t\t\t\t<\/div>\n\t\t\t<\/section>\n\t\t","protected":false},"excerpt":{"rendered":"","protected":false},"author":37,"featured_media":13764,"parent":0,"menu_order":102,"comment_status":"closed","ping_status":"closed","template":"","meta":{"_acf_changed":false,"footnotes":""},"class_list":["post-13289","page","type-page","status-publish","has-post-thumbnail","hentry"],"acf":{"has_pink_background":false},"yoast_head":"<!-- This site is optimized with the Yoast SEO plugin v25.1 - https:\/\/yoast.com\/wordpress\/plugins\/seo\/ -->\n<title>Cin\u00e9mas Beaubien, du Parc et du Mus\u00e9e, partenaires culturels | BIXI Montr\u00e9al<\/title>\n<meta name=\"description\" content=\"Les Cin\u00e9mas s&#039;allient fi\u00e8rement \u00e0 BIXI afin de connecter les Montr\u00e9alais \u00e0 leurs salles de cin\u00e9ma ind\u00e9pendantes pr\u00e9f\u00e9r\u00e9es.\" \/>\n<meta name=\"robots\" content=\"index, follow, max-snippet:-1, max-image-preview:large, max-video-preview:-1\" \/>\n<link rel=\"canonical\" href=\"https:\/\/bixi.com\/fr\/cinemas\/\" \/>\n<meta property=\"og:locale\" content=\"fr_FR\" \/>\n<meta property=\"og:type\" content=\"article\" \/>\n<meta property=\"og:title\" content=\"Cin\u00e9mas Beaubien, du Parc et du Mus\u00e9e, partenaires culturels | BIXI Montr\u00e9al\" \/>\n<meta property=\"og:description\" content=\"Les Cin\u00e9mas s&#039;allient fi\u00e8rement \u00e0 BIXI afin de connecter les Montr\u00e9alais \u00e0 leurs salles de cin\u00e9ma ind\u00e9pendantes pr\u00e9f\u00e9r\u00e9es.\" \/>\n<meta property=\"og:url\" content=\"https:\/\/bixi.com\/fr\/cinemas\/\" \/>\n<meta property=\"og:site_name\" content=\"BIXI Montr\u00e9al\" \/>\n<meta property=\"article:modified_time\" content=\"2026-02-10T19:11:26+00:00\" \/>\n<meta property=\"og:image\" content=\"https:\/\/s3.ca-central-1.amazonaws.com\/cdn.bixi.com\/wp-content\/uploads\/2024\/08\/cinemas-beaubien-du-parc-du-musee-bixi-location-velo-montreal.jpg\" \/>\n\t<meta property=\"og:image:width\" content=\"1920\" \/>\n\t<meta property=\"og:image:height\" content=\"1280\" \/>\n\t<meta property=\"og:image:type\" content=\"image\/jpeg\" \/>\n<meta name=\"twitter:card\" content=\"summary_large_image\" \/>\n<meta name=\"twitter:label1\" content=\"Dur\u00e9e de lecture estim\u00e9e\" \/>\n\t<meta name=\"twitter:data1\" content=\"1 minute\" \/>\n<script type=\"application\/ld+json\" class=\"yoast-schema-graph\">{\"@context\":\"https:\/\/schema.org\",\"@graph\":[{\"@type\":\"WebPage\",\"@id\":\"https:\/\/bixi.com\/fr\/cinemas\/\",\"url\":\"https:\/\/bixi.com\/fr\/cinemas\/\",\"name\":\"Cin\u00e9mas Beaubien, du Parc et du Mus\u00e9e, partenaires culturels | BIXI Montr\u00e9al\",\"isPartOf\":{\"@id\":\"https:\/\/bixi.com\/fr\/#website\"},\"primaryImageOfPage\":{\"@id\":\"https:\/\/bixi.com\/fr\/cinemas\/#primaryimage\"},\"image\":{\"@id\":\"https:\/\/bixi.com\/fr\/cinemas\/#primaryimage\"},\"thumbnailUrl\":\"https:\/\/s3.ca-central-1.amazonaws.com\/cdn.bixi.com\/wp-content\/uploads\/2024\/08\/cinemas-beaubien-du-parc-du-musee-bixi-location-velo-montreal.jpg\",\"datePublished\":\"2024-07-05T20:20:55+00:00\",\"dateModified\":\"2026-02-10T19:11:26+00:00\",\"description\":\"Les Cin\u00e9mas s'allient fi\u00e8rement \u00e0 BIXI afin de connecter les Montr\u00e9alais \u00e0 leurs salles de cin\u00e9ma ind\u00e9pendantes pr\u00e9f\u00e9r\u00e9es.\",\"breadcrumb\":{\"@id\":\"https:\/\/bixi.com\/fr\/cinemas\/#breadcrumb\"},\"inLanguage\":\"fr-FR\",\"potentialAction\":[{\"@type\":\"ReadAction\",\"target\":[\"https:\/\/bixi.com\/fr\/cinemas\/\"]}]},{\"@type\":\"ImageObject\",\"inLanguage\":\"fr-FR\",\"@id\":\"https:\/\/bixi.com\/fr\/cinemas\/#primaryimage\",\"url\":\"https:\/\/s3.ca-central-1.amazonaws.com\/cdn.bixi.com\/wp-content\/uploads\/2024\/08\/cinemas-beaubien-du-parc-du-musee-bixi-location-velo-montreal.jpg\",\"contentUrl\":\"https:\/\/s3.ca-central-1.amazonaws.com\/cdn.bixi.com\/wp-content\/uploads\/2024\/08\/cinemas-beaubien-du-parc-du-musee-bixi-location-velo-montreal.jpg\",\"width\":1920,\"height\":1280,\"caption\":\"Cin\u00e9mas\"},{\"@type\":\"BreadcrumbList\",\"@id\":\"https:\/\/bixi.com\/fr\/cinemas\/#breadcrumb\",\"itemListElement\":[{\"@type\":\"ListItem\",\"position\":1,\"name\":\"Home\",\"item\":\"https:\/\/bixi.com\/fr\/\"},{\"@type\":\"ListItem\",\"position\":2,\"name\":\"Cin\u00e9mas\"}]},{\"@type\":\"WebSite\",\"@id\":\"https:\/\/bixi.com\/fr\/#website\",\"url\":\"https:\/\/bixi.com\/fr\/\",\"name\":\"BIXI Montr\u00e9al\",\"description\":\"\",\"potentialAction\":[{\"@type\":\"SearchAction\",\"target\":{\"@type\":\"EntryPoint\",\"urlTemplate\":\"https:\/\/bixi.com\/fr\/?s={search_term_string}\"},\"query-input\":{\"@type\":\"PropertyValueSpecification\",\"valueRequired\":true,\"valueName\":\"search_term_string\"}}],\"inLanguage\":\"fr-FR\"}]}<\/script>\n<!-- \/ Yoast SEO plugin. -->","yoast_head_json":{"title":"Cin\u00e9mas Beaubien, du Parc et du Mus\u00e9e, partenaires culturels | BIXI Montr\u00e9al","description":"Les Cin\u00e9mas s'allient fi\u00e8rement \u00e0 BIXI afin de connecter les Montr\u00e9alais \u00e0 leurs salles de cin\u00e9ma ind\u00e9pendantes pr\u00e9f\u00e9r\u00e9es.","robots":{"index":"index","follow":"follow","max-snippet":"max-snippet:-1","max-image-preview":"max-image-preview:large","max-video-preview":"max-video-preview:-1"},"canonical":"https:\/\/bixi.com\/fr\/cinemas\/","og_locale":"fr_FR","og_type":"article","og_title":"Cin\u00e9mas Beaubien, du Parc et du Mus\u00e9e, partenaires culturels | BIXI Montr\u00e9al","og_description":"Les Cin\u00e9mas s'allient fi\u00e8rement \u00e0 BIXI afin de connecter les Montr\u00e9alais \u00e0 leurs salles de cin\u00e9ma ind\u00e9pendantes pr\u00e9f\u00e9r\u00e9es.","og_url":"https:\/\/bixi.com\/fr\/cinemas\/","og_site_name":"BIXI Montr\u00e9al","article_modified_time":"2026-02-10T19:11:26+00:00","og_image":[{"width":1920,"height":1280,"url":"https:\/\/s3.ca-central-1.amazonaws.com\/cdn.bixi.com\/wp-content\/uploads\/2024\/08\/cinemas-beaubien-du-parc-du-musee-bixi-location-velo-montreal.jpg","type":"image\/jpeg"}],"twitter_card":"summary_large_image","twitter_misc":{"Dur\u00e9e de lecture estim\u00e9e":"1 minute"},"schema":{"@context":"https:\/\/schema.org","@graph":[{"@type":"WebPage","@id":"https:\/\/bixi.com\/fr\/cinemas\/","url":"https:\/\/bixi.com\/fr\/cinemas\/","name":"Cin\u00e9mas Beaubien, du Parc et du Mus\u00e9e, partenaires culturels | BIXI Montr\u00e9al","isPartOf":{"@id":"https:\/\/bixi.com\/fr\/#website"},"primaryImageOfPage":{"@id":"https:\/\/bixi.com\/fr\/cinemas\/#primaryimage"},"image":{"@id":"https:\/\/bixi.com\/fr\/cinemas\/#primaryimage"},"thumbnailUrl":"https:\/\/s3.ca-central-1.amazonaws.com\/cdn.bixi.com\/wp-content\/uploads\/2024\/08\/cinemas-beaubien-du-parc-du-musee-bixi-location-velo-montreal.jpg","datePublished":"2024-07-05T20:20:55+00:00","dateModified":"2026-02-10T19:11:26+00:00","description":"Les Cin\u00e9mas s'allient fi\u00e8rement \u00e0 BIXI afin de connecter les Montr\u00e9alais \u00e0 leurs salles de cin\u00e9ma ind\u00e9pendantes pr\u00e9f\u00e9r\u00e9es.","breadcrumb":{"@id":"https:\/\/bixi.com\/fr\/cinemas\/#breadcrumb"},"inLanguage":"fr-FR","potentialAction":[{"@type":"ReadAction","target":["https:\/\/bixi.com\/fr\/cinemas\/"]}]},{"@type":"ImageObject","inLanguage":"fr-FR","@id":"https:\/\/bixi.com\/fr\/cinemas\/#primaryimage","url":"https:\/\/s3.ca-central-1.amazonaws.com\/cdn.bixi.com\/wp-content\/uploads\/2024\/08\/cinemas-beaubien-du-parc-du-musee-bixi-location-velo-montreal.jpg","contentUrl":"https:\/\/s3.ca-central-1.amazonaws.com\/cdn.bixi.com\/wp-content\/uploads\/2024\/08\/cinemas-beaubien-du-parc-du-musee-bixi-location-velo-montreal.jpg","width":1920,"height":1280,"caption":"Cin\u00e9mas"},{"@type":"BreadcrumbList","@id":"https:\/\/bixi.com\/fr\/cinemas\/#breadcrumb","itemListElement":[{"@type":"ListItem","position":1,"name":"Home","item":"https:\/\/bixi.com\/fr\/"},{"@type":"ListItem","position":2,"name":"Cin\u00e9mas"}]},{"@type":"WebSite","@id":"https:\/\/bixi.com\/fr\/#website","url":"https:\/\/bixi.com\/fr\/","name":"BIXI Montr\u00e9al","description":"","potentialAction":[{"@type":"SearchAction","target":{"@type":"EntryPoint","urlTemplate":"https:\/\/bixi.com\/fr\/?s={search_term_string}"},"query-input":{"@type":"PropertyValueSpecification","valueRequired":true,"valueName":"search_term_string"}}],"inLanguage":"fr-FR"}]}},"_links":{"self":[{"href":"https:\/\/bixi.com\/fr\/wp-json\/wp\/v2\/pages\/13289","targetHints":{"allow":["GET"]}}],"collection":[{"href":"https:\/\/bixi.com\/fr\/wp-json\/wp\/v2\/pages"}],"about":[{"href":"https:\/\/bixi.com\/fr\/wp-json\/wp\/v2\/types\/page"}],"author":[{"embeddable":true,"href":"https:\/\/bixi.com\/fr\/wp-json\/wp\/v2\/users\/37"}],"replies":[{"embeddable":true,"href":"https:\/\/bixi.com\/fr\/wp-json\/wp\/v2\/comments?post=13289"}],"version-history":[{"count":4,"href":"https:\/\/bixi.com\/fr\/wp-json\/wp\/v2\/pages\/13289\/revisions"}],"predecessor-version":[{"id":17358,"href":"https:\/\/bixi.com\/fr\/wp-json\/wp\/v2\/pages\/13289\/revisions\/17358"}],"wp:featuredmedia":[{"embeddable":true,"href":"https:\/\/bixi.com\/fr\/wp-json\/wp\/v2\/media\/13764"}],"wp:attachment":[{"href":"https:\/\/bixi.com\/fr\/wp-json\/wp\/v2\/media?parent=13289"}],"curies":[{"name":"wp","href":"https:\/\/api.w.org\/{rel}","templated":true}]}}