{"id":12324,"date":"2024-04-16T14:35:49","date_gmt":"2024-04-16T18:35:49","guid":{"rendered":"https:\/\/bixi.com\/?page_id=12324"},"modified":"2026-02-27T15:46:11","modified_gmt":"2026-02-27T20:46:11","slug":"loto-quebec","status":"publish","type":"page","link":"https:\/\/bixi.com\/fr\/loto-quebec\/","title":{"rendered":"Loto-Qu\u00e9bec"},"content":{"rendered":"\t\t<section  class=\"animated-two-col-full-image section-block \" data-animator-id=\"full_image\" data-simple-module-animation>\n\t\t\t<div class=\"container\">\n\t\t\t\t<div class=\"row content-wrapper\">\n\t\t\t\t\t<div class=\"col-md-12\">\n\t\t\t\t\t\t\t\t\t\t\t\t\t<div class=\"top-title-wrapper\">\n\t\t\t\t\t\t\t\t<h1 class=\"top-title title-1\">Loto-Qu\u00e9bec, partenaire pr\u00e9sentateur de BIXI\n<\/h1>\t\t\t\t\t\t\t<\/div>\n\t\t\t\t\t\t\n\t\t\t\t\t\t<div class=\"ctn\">\n\t\t\t\t\t\t\t<div class=\"img-container\">\n\t\t\t\t\t\t\t\t<div class=\"img-wrapper\">\n\t\t\t\t\t\t\t\t\t\t\t\t\t\t\t\t\t\t\t<img loading=\"lazy\" decoding=\"async\" width=\"1920\" height=\"1280\" src=\"https:\/\/s3.ca-central-1.amazonaws.com\/cdn.bixi.com\/wp-content\/uploads\/2024\/04\/location-de-velo-bixi-loto-quebec-4-1920x1280.jpg\" class=\"img-parallax\" alt=\"\" srcset=\"https:\/\/s3.ca-central-1.amazonaws.com\/cdn.bixi.com\/wp-content\/uploads\/2024\/04\/location-de-velo-bixi-loto-quebec-4-1920x1280.jpg 1920w, https:\/\/s3.ca-central-1.amazonaws.com\/cdn.bixi.com\/wp-content\/uploads\/2024\/04\/location-de-velo-bixi-loto-quebec-4-300x200.jpg 300w, https:\/\/s3.ca-central-1.amazonaws.com\/cdn.bixi.com\/wp-content\/uploads\/2024\/04\/location-de-velo-bixi-loto-quebec-4-1024x683.jpg 1024w, https:\/\/s3.ca-central-1.amazonaws.com\/cdn.bixi.com\/wp-content\/uploads\/2024\/04\/location-de-velo-bixi-loto-quebec-4-768x512.jpg 768w, https:\/\/s3.ca-central-1.amazonaws.com\/cdn.bixi.com\/wp-content\/uploads\/2024\/04\/location-de-velo-bixi-loto-quebec-4-1536x1024.jpg 1536w, https:\/\/s3.ca-central-1.amazonaws.com\/cdn.bixi.com\/wp-content\/uploads\/2024\/04\/location-de-velo-bixi-loto-quebec-4-1440x960.jpg 1440w, https:\/\/s3.ca-central-1.amazonaws.com\/cdn.bixi.com\/wp-content\/uploads\/2024\/04\/location-de-velo-bixi-loto-quebec-4-900x600.jpg 900w, https:\/\/s3.ca-central-1.amazonaws.com\/cdn.bixi.com\/wp-content\/uploads\/2024\/04\/location-de-velo-bixi-loto-quebec-4-770x513.jpg 770w, https:\/\/s3.ca-central-1.amazonaws.com\/cdn.bixi.com\/wp-content\/uploads\/2024\/04\/location-de-velo-bixi-loto-quebec-4-960x640.jpg 960w, https:\/\/s3.ca-central-1.amazonaws.com\/cdn.bixi.com\/wp-content\/uploads\/2024\/04\/location-de-velo-bixi-loto-quebec-4-500x333.jpg 500w, https:\/\/s3.ca-central-1.amazonaws.com\/cdn.bixi.com\/wp-content\/uploads\/2024\/04\/location-de-velo-bixi-loto-quebec-4-150x100.jpg 150w, https:\/\/s3.ca-central-1.amazonaws.com\/cdn.bixi.com\/wp-content\/uploads\/2024\/04\/location-de-velo-bixi-loto-quebec-4-81x54.jpg 81w, https:\/\/s3.ca-central-1.amazonaws.com\/cdn.bixi.com\/wp-content\/uploads\/2024\/04\/location-de-velo-bixi-loto-quebec-4-84x56.jpg 84w, https:\/\/s3.ca-central-1.amazonaws.com\/cdn.bixi.com\/wp-content\/uploads\/2024\/04\/location-de-velo-bixi-loto-quebec-4-450x300.jpg 450w, https:\/\/s3.ca-central-1.amazonaws.com\/cdn.bixi.com\/wp-content\/uploads\/2024\/04\/location-de-velo-bixi-loto-quebec-4.jpg 2048w\" sizes=\"auto, (max-width: 1920px) 100vw, 1920px\" \/>\t\t\t\t\t\t\t\t\t\t\t\t\t\t\t\t\t<\/div>\n\t\t\t\t\t\t\t<\/div>\n\t\t\t\t\t\t\t<div class=\"title\">\n\t\t\t\t\t\t\t\t<h2 class=\"main-title title-2\">Un partenariat gagnant pour c\u00e9l\u00e9brer la vie en ville\n<\/h2>\t\t\t\t\t\t\t<\/div>\n\t\t\t\t\t\t\t<div class=\"content\">\n\t\t\t\t\t\t\t\t\t\t\t\t\t\t\t\t\t<p>Loto-Qu\u00e9bec et BIXI unissent leurs forces pour transformer l&rsquo;exp\u00e9rience urbaine! En tant que partenaire pr\u00e9sentateur, Loto-Qu\u00e9bec permet aux citoyens de se rejoindre facilement aux \u00e9v\u00e9nements et festivals qu&rsquo;elle commandite, confirmant ainsi son engagement \u00e0 contribuer \u00e0 la tenue d\u2019\u00e9v\u00e9nements rassembleurs, durables et socialement responsables, tout en redonnant \u00e0 la communaut\u00e9.<\/p>\n\t\t\t\t\t\t\t\t\n\t\t\t\t\t\t\t\t\t\t\t\t\t\t\t<\/div>\n\t\t\t\t\t\t<\/div>\n\t\t\t\t\t<\/div>\n\t\t\t\t<\/div>\n\t\t\t<\/div>\n\t\t<\/section>\n\t\n\n\t\t\t<section  class=\"banner-cta section-block\">\n\t\t\t\t<div class=\"img-container\">\n\t\t\t\t\t\t\t\t\t\t\t<img loading=\"lazy\" decoding=\"async\" width=\"1920\" height=\"964\" src=\"https:\/\/s3.ca-central-1.amazonaws.com\/cdn.bixi.com\/wp-content\/uploads\/2024\/04\/location-de-velo-bixi-loto-quebec-cta-2-e1712697022508-1920x964.jpg\" class=\"attachment-full_width size-full_width\" alt=\"\" srcset=\"https:\/\/s3.ca-central-1.amazonaws.com\/cdn.bixi.com\/wp-content\/uploads\/2024\/04\/location-de-velo-bixi-loto-quebec-cta-2-e1712697022508.jpg 1920w, https:\/\/s3.ca-central-1.amazonaws.com\/cdn.bixi.com\/wp-content\/uploads\/2024\/04\/location-de-velo-bixi-loto-quebec-cta-2-e1712697022508-300x151.jpg 300w, https:\/\/s3.ca-central-1.amazonaws.com\/cdn.bixi.com\/wp-content\/uploads\/2024\/04\/location-de-velo-bixi-loto-quebec-cta-2-e1712697022508-1024x514.jpg 1024w, https:\/\/s3.ca-central-1.amazonaws.com\/cdn.bixi.com\/wp-content\/uploads\/2024\/04\/location-de-velo-bixi-loto-quebec-cta-2-e1712697022508-768x386.jpg 768w, https:\/\/s3.ca-central-1.amazonaws.com\/cdn.bixi.com\/wp-content\/uploads\/2024\/04\/location-de-velo-bixi-loto-quebec-cta-2-e1712697022508-1536x771.jpg 1536w, https:\/\/s3.ca-central-1.amazonaws.com\/cdn.bixi.com\/wp-content\/uploads\/2024\/04\/location-de-velo-bixi-loto-quebec-cta-2-e1712697022508-1913x960.jpg 1913w, https:\/\/s3.ca-central-1.amazonaws.com\/cdn.bixi.com\/wp-content\/uploads\/2024\/04\/location-de-velo-bixi-loto-quebec-cta-2-e1712697022508-935x469.jpg 935w, https:\/\/s3.ca-central-1.amazonaws.com\/cdn.bixi.com\/wp-content\/uploads\/2024\/04\/location-de-velo-bixi-loto-quebec-cta-2-e1712697022508-770x387.jpg 770w, https:\/\/s3.ca-central-1.amazonaws.com\/cdn.bixi.com\/wp-content\/uploads\/2024\/04\/location-de-velo-bixi-loto-quebec-cta-2-e1712697022508-960x482.jpg 960w, https:\/\/s3.ca-central-1.amazonaws.com\/cdn.bixi.com\/wp-content\/uploads\/2024\/04\/location-de-velo-bixi-loto-quebec-cta-2-e1712697022508-500x251.jpg 500w, https:\/\/s3.ca-central-1.amazonaws.com\/cdn.bixi.com\/wp-content\/uploads\/2024\/04\/location-de-velo-bixi-loto-quebec-cta-2-e1712697022508-150x75.jpg 150w, https:\/\/s3.ca-central-1.amazonaws.com\/cdn.bixi.com\/wp-content\/uploads\/2024\/04\/location-de-velo-bixi-loto-quebec-cta-2-e1712697022508-108x54.jpg 108w, https:\/\/s3.ca-central-1.amazonaws.com\/cdn.bixi.com\/wp-content\/uploads\/2024\/04\/location-de-velo-bixi-loto-quebec-cta-2-e1712697022508-112x56.jpg 112w, https:\/\/s3.ca-central-1.amazonaws.com\/cdn.bixi.com\/wp-content\/uploads\/2024\/04\/location-de-velo-bixi-loto-quebec-cta-2-e1712697022508-450x226.jpg 450w\" sizes=\"auto, (max-width: 1920px) 100vw, 1920px\" \/>\t\t\t\t\t\n\t\t\t\t\t<div class=\"content\">\n\t\t\t\t\t\t\t\t\t\t\t\t\t<div class=\"text\"><p>On se rejoint?<br \/>\n<span class=\"gray\">T\u00e9l\u00e9chargez l\u2019application BIXI, trouvez et d\u00e9verrouillez votre v\u00e9lo!<\/span><\/p>\n<\/div>\n\t\t\t\t\t\t\n\t\t\t\t\t\t\t\t\t\t\t\t\t<div class=\"btns\">\n\t\t\t\t\t\t\t\t\t\t\t\t\t\t\t\t\t\t\t\t<a href=\"http:\/\/onelink.to\/bixi\" \n\t\t\t\tclass=\"button button-primary \" \n\t\t\t\t \n\t\t\t\t>\n\t\t\t\t\t\t\t\t\t<span class=\"btn-mask\" data-button-label=\"T\u00e9l\u00e9charger\">\n\t\t\t\t\t\t<span class=\"btn-label\">\n\t\t\t\t\t\t\tT\u00e9l\u00e9charger\t\t\t\t\t\t<\/span>\n\t\t\t\t\t<\/span>\n\t\t\t\t\t\t\t\t\t\t<span class=\"btn-mask-icon\">\n\t\t\t\t\t\t<i class=\"icon \"><\/i>\n\t\t\t\t\t<\/span>\n\t\t\t\t\t\t\t\t\t\t\t\t<\/a>\n\t\t\t\t\t\t\t\t\t\t\t\t\t\t\t\t\t<\/div>\n\t\t\t\t\t\t\t\t\t\t\t<\/div>\n\t\t\t\t<\/div>\n\t\t\t<\/section>\n\t\t","protected":false},"excerpt":{"rendered":"","protected":false},"author":37,"featured_media":12183,"parent":0,"menu_order":85,"comment_status":"closed","ping_status":"closed","template":"","meta":{"_acf_changed":false,"footnotes":""},"class_list":["post-12324","page","type-page","status-publish","has-post-thumbnail","hentry"],"acf":{"has_pink_background":false},"yoast_head":"<!-- This site is optimized with the Yoast SEO plugin v25.1 - https:\/\/yoast.com\/wordpress\/plugins\/seo\/ -->\n<title>Loto-Qu\u00e9bec, partenaire pr\u00e9sentateur | BIXI Montr\u00e9al<\/title>\n<meta name=\"description\" content=\"En tant que partenaire pr\u00e9sentateur, Loto-Qu\u00e9bec permet aux citoyens de se rejoindre aux \u00e9v\u00e9nements qu&#039;elle commandite.\" \/>\n<meta name=\"robots\" content=\"index, follow, max-snippet:-1, max-image-preview:large, max-video-preview:-1\" \/>\n<link rel=\"canonical\" href=\"https:\/\/bixi.com\/fr\/loto-quebec\/\" \/>\n<meta property=\"og:locale\" content=\"fr_FR\" \/>\n<meta property=\"og:type\" content=\"article\" \/>\n<meta property=\"og:title\" content=\"Loto-Qu\u00e9bec, partenaire pr\u00e9sentateur | BIXI Montr\u00e9al\" \/>\n<meta property=\"og:description\" content=\"En tant que partenaire pr\u00e9sentateur, Loto-Qu\u00e9bec permet aux citoyens de se rejoindre aux \u00e9v\u00e9nements qu&#039;elle commandite.\" \/>\n<meta property=\"og:url\" content=\"https:\/\/bixi.com\/fr\/loto-quebec\/\" \/>\n<meta property=\"og:site_name\" content=\"BIXI Montr\u00e9al\" \/>\n<meta property=\"article:modified_time\" content=\"2026-02-27T20:46:11+00:00\" \/>\n<meta property=\"og:image\" content=\"https:\/\/s3.ca-central-1.amazonaws.com\/cdn.bixi.com\/wp-content\/uploads\/2024\/04\/location-de-velo-bixi-loto-quebec-4.jpg\" \/>\n\t<meta property=\"og:image:width\" content=\"2048\" \/>\n\t<meta property=\"og:image:height\" content=\"1365\" \/>\n\t<meta property=\"og:image:type\" content=\"image\/jpeg\" \/>\n<meta name=\"twitter:card\" content=\"summary_large_image\" \/>\n<meta name=\"twitter:label1\" content=\"Dur\u00e9e de lecture estim\u00e9e\" \/>\n\t<meta name=\"twitter:data1\" content=\"1 minute\" \/>\n<script type=\"application\/ld+json\" class=\"yoast-schema-graph\">{\"@context\":\"https:\/\/schema.org\",\"@graph\":[{\"@type\":\"WebPage\",\"@id\":\"https:\/\/bixi.com\/fr\/loto-quebec\/\",\"url\":\"https:\/\/bixi.com\/fr\/loto-quebec\/\",\"name\":\"Loto-Qu\u00e9bec, partenaire pr\u00e9sentateur | BIXI Montr\u00e9al\",\"isPartOf\":{\"@id\":\"https:\/\/bixi.com\/fr\/#website\"},\"primaryImageOfPage\":{\"@id\":\"https:\/\/bixi.com\/fr\/loto-quebec\/#primaryimage\"},\"image\":{\"@id\":\"https:\/\/bixi.com\/fr\/loto-quebec\/#primaryimage\"},\"thumbnailUrl\":\"https:\/\/s3.ca-central-1.amazonaws.com\/cdn.bixi.com\/wp-content\/uploads\/2024\/04\/location-de-velo-bixi-loto-quebec-4.jpg\",\"datePublished\":\"2024-04-16T18:35:49+00:00\",\"dateModified\":\"2026-02-27T20:46:11+00:00\",\"description\":\"En tant que partenaire pr\u00e9sentateur, Loto-Qu\u00e9bec permet aux citoyens de se rejoindre aux \u00e9v\u00e9nements qu'elle commandite.\",\"breadcrumb\":{\"@id\":\"https:\/\/bixi.com\/fr\/loto-quebec\/#breadcrumb\"},\"inLanguage\":\"fr-FR\",\"potentialAction\":[{\"@type\":\"ReadAction\",\"target\":[\"https:\/\/bixi.com\/fr\/loto-quebec\/\"]}]},{\"@type\":\"ImageObject\",\"inLanguage\":\"fr-FR\",\"@id\":\"https:\/\/bixi.com\/fr\/loto-quebec\/#primaryimage\",\"url\":\"https:\/\/s3.ca-central-1.amazonaws.com\/cdn.bixi.com\/wp-content\/uploads\/2024\/04\/location-de-velo-bixi-loto-quebec-4.jpg\",\"contentUrl\":\"https:\/\/s3.ca-central-1.amazonaws.com\/cdn.bixi.com\/wp-content\/uploads\/2024\/04\/location-de-velo-bixi-loto-quebec-4.jpg\",\"width\":2048,\"height\":1365},{\"@type\":\"BreadcrumbList\",\"@id\":\"https:\/\/bixi.com\/fr\/loto-quebec\/#breadcrumb\",\"itemListElement\":[{\"@type\":\"ListItem\",\"position\":1,\"name\":\"Home\",\"item\":\"https:\/\/bixi.com\/fr\/\"},{\"@type\":\"ListItem\",\"position\":2,\"name\":\"Loto-Qu\u00e9bec\"}]},{\"@type\":\"WebSite\",\"@id\":\"https:\/\/bixi.com\/fr\/#website\",\"url\":\"https:\/\/bixi.com\/fr\/\",\"name\":\"BIXI Montr\u00e9al\",\"description\":\"\",\"potentialAction\":[{\"@type\":\"SearchAction\",\"target\":{\"@type\":\"EntryPoint\",\"urlTemplate\":\"https:\/\/bixi.com\/fr\/?s={search_term_string}\"},\"query-input\":{\"@type\":\"PropertyValueSpecification\",\"valueRequired\":true,\"valueName\":\"search_term_string\"}}],\"inLanguage\":\"fr-FR\"}]}<\/script>\n<!-- \/ Yoast SEO plugin. -->","yoast_head_json":{"title":"Loto-Qu\u00e9bec, partenaire pr\u00e9sentateur | BIXI Montr\u00e9al","description":"En tant que partenaire pr\u00e9sentateur, Loto-Qu\u00e9bec permet aux citoyens de se rejoindre aux \u00e9v\u00e9nements qu'elle commandite.","robots":{"index":"index","follow":"follow","max-snippet":"max-snippet:-1","max-image-preview":"max-image-preview:large","max-video-preview":"max-video-preview:-1"},"canonical":"https:\/\/bixi.com\/fr\/loto-quebec\/","og_locale":"fr_FR","og_type":"article","og_title":"Loto-Qu\u00e9bec, partenaire pr\u00e9sentateur | BIXI Montr\u00e9al","og_description":"En tant que partenaire pr\u00e9sentateur, Loto-Qu\u00e9bec permet aux citoyens de se rejoindre aux \u00e9v\u00e9nements qu'elle commandite.","og_url":"https:\/\/bixi.com\/fr\/loto-quebec\/","og_site_name":"BIXI Montr\u00e9al","article_modified_time":"2026-02-27T20:46:11+00:00","og_image":[{"width":2048,"height":1365,"url":"https:\/\/s3.ca-central-1.amazonaws.com\/cdn.bixi.com\/wp-content\/uploads\/2024\/04\/location-de-velo-bixi-loto-quebec-4.jpg","type":"image\/jpeg"}],"twitter_card":"summary_large_image","twitter_misc":{"Dur\u00e9e de lecture estim\u00e9e":"1 minute"},"schema":{"@context":"https:\/\/schema.org","@graph":[{"@type":"WebPage","@id":"https:\/\/bixi.com\/fr\/loto-quebec\/","url":"https:\/\/bixi.com\/fr\/loto-quebec\/","name":"Loto-Qu\u00e9bec, partenaire pr\u00e9sentateur | BIXI Montr\u00e9al","isPartOf":{"@id":"https:\/\/bixi.com\/fr\/#website"},"primaryImageOfPage":{"@id":"https:\/\/bixi.com\/fr\/loto-quebec\/#primaryimage"},"image":{"@id":"https:\/\/bixi.com\/fr\/loto-quebec\/#primaryimage"},"thumbnailUrl":"https:\/\/s3.ca-central-1.amazonaws.com\/cdn.bixi.com\/wp-content\/uploads\/2024\/04\/location-de-velo-bixi-loto-quebec-4.jpg","datePublished":"2024-04-16T18:35:49+00:00","dateModified":"2026-02-27T20:46:11+00:00","description":"En tant que partenaire pr\u00e9sentateur, Loto-Qu\u00e9bec permet aux citoyens de se rejoindre aux \u00e9v\u00e9nements qu'elle commandite.","breadcrumb":{"@id":"https:\/\/bixi.com\/fr\/loto-quebec\/#breadcrumb"},"inLanguage":"fr-FR","potentialAction":[{"@type":"ReadAction","target":["https:\/\/bixi.com\/fr\/loto-quebec\/"]}]},{"@type":"ImageObject","inLanguage":"fr-FR","@id":"https:\/\/bixi.com\/fr\/loto-quebec\/#primaryimage","url":"https:\/\/s3.ca-central-1.amazonaws.com\/cdn.bixi.com\/wp-content\/uploads\/2024\/04\/location-de-velo-bixi-loto-quebec-4.jpg","contentUrl":"https:\/\/s3.ca-central-1.amazonaws.com\/cdn.bixi.com\/wp-content\/uploads\/2024\/04\/location-de-velo-bixi-loto-quebec-4.jpg","width":2048,"height":1365},{"@type":"BreadcrumbList","@id":"https:\/\/bixi.com\/fr\/loto-quebec\/#breadcrumb","itemListElement":[{"@type":"ListItem","position":1,"name":"Home","item":"https:\/\/bixi.com\/fr\/"},{"@type":"ListItem","position":2,"name":"Loto-Qu\u00e9bec"}]},{"@type":"WebSite","@id":"https:\/\/bixi.com\/fr\/#website","url":"https:\/\/bixi.com\/fr\/","name":"BIXI Montr\u00e9al","description":"","potentialAction":[{"@type":"SearchAction","target":{"@type":"EntryPoint","urlTemplate":"https:\/\/bixi.com\/fr\/?s={search_term_string}"},"query-input":{"@type":"PropertyValueSpecification","valueRequired":true,"valueName":"search_term_string"}}],"inLanguage":"fr-FR"}]}},"_links":{"self":[{"href":"https:\/\/bixi.com\/fr\/wp-json\/wp\/v2\/pages\/12324","targetHints":{"allow":["GET"]}}],"collection":[{"href":"https:\/\/bixi.com\/fr\/wp-json\/wp\/v2\/pages"}],"about":[{"href":"https:\/\/bixi.com\/fr\/wp-json\/wp\/v2\/types\/page"}],"author":[{"embeddable":true,"href":"https:\/\/bixi.com\/fr\/wp-json\/wp\/v2\/users\/37"}],"replies":[{"embeddable":true,"href":"https:\/\/bixi.com\/fr\/wp-json\/wp\/v2\/comments?post=12324"}],"version-history":[{"count":5,"href":"https:\/\/bixi.com\/fr\/wp-json\/wp\/v2\/pages\/12324\/revisions"}],"predecessor-version":[{"id":17633,"href":"https:\/\/bixi.com\/fr\/wp-json\/wp\/v2\/pages\/12324\/revisions\/17633"}],"wp:featuredmedia":[{"embeddable":true,"href":"https:\/\/bixi.com\/fr\/wp-json\/wp\/v2\/media\/12183"}],"wp:attachment":[{"href":"https:\/\/bixi.com\/fr\/wp-json\/wp\/v2\/media?parent=12324"}],"curies":[{"name":"wp","href":"https:\/\/api.w.org\/{rel}","templated":true}]}}