{"id":12,"date":"2023-02-09T11:38:55","date_gmt":"2023-02-09T16:38:55","guid":{"rendered":"https:\/\/bixi.com\/?page_id=12"},"modified":"2026-03-31T16:30:10","modified_gmt":"2026-03-31T20:30:10","slug":"accueil","status":"publish","type":"page","link":"https:\/\/bixi.com\/fr\/","title":{"rendered":"Accueil"},"content":{"rendered":"\t\t\t<header  class=\"header-block section-block\">\n\t\t\t\t<div class=\"section-title header-title\">\n\t\t\t\t\t<h1 class=\"title title-1\">Roulez d\u00e8s maintenant!<\/h1>\n\t\t\t\t\t\t\t\t\t\t\t<div class=\"subtitle text-30\">Abonnement saisonnier 115$ +tx<\/div>\n\t\t\t\t\t\n\t\t\t\t\t\t\t\t\t\t\t<div class=\"btns\">\n\t\t\t\t\t\t\t\t\t\t\t\t\t\t\t\t\t\t<a href=\"https:\/\/secure.bixi.com\/plans\" \n\t\t\t\tclass=\"button button-primary \" \n\t\t\t\t target=\"_blank\" rel=\"noopener\" \n\t\t\t\t>\n\t\t\t\t\t\t\t\t\t<span class=\"btn-mask\" data-button-label=\"M'abonner\">\n\t\t\t\t\t\t<span class=\"btn-label\">\n\t\t\t\t\t\t\tM&rsquo;abonner\t\t\t\t\t\t<\/span>\n\t\t\t\t\t<\/span>\n\t\t\t\t\t\t\t\t\t\t<span class=\"btn-mask-icon\">\n\t\t\t\t\t\t<i class=\"icon \"><\/i>\n\t\t\t\t\t<\/span>\n\t\t\t\t\t\t\t\t\t\t\t\t<\/a>\n\t\t\t\t\t\t\t\t\t\t\t\t\t\t\t\t\t\t\t\t<a href=\"https:\/\/bixi.com\/fr\/abonnement-saisonnier\/\" \n\t\t\t\tclass=\"button button-primary \" \n\t\t\t\t \n\t\t\t\t>\n\t\t\t\t\t\t\t\t\t<span class=\"btn-mask\" data-button-label=\"En savoir plus\">\n\t\t\t\t\t\t<span class=\"btn-label\">\n\t\t\t\t\t\t\tEn savoir plus\t\t\t\t\t\t<\/span>\n\t\t\t\t\t<\/span>\n\t\t\t\t\t\t\t\t\t\t<span class=\"btn-mask-icon\">\n\t\t\t\t\t\t<i class=\"icon \"><\/i>\n\t\t\t\t\t<\/span>\n\t\t\t\t\t\t\t\t\t\t\t\t<\/a>\n\t\t\t\t\t\t\t\t\t\t\t\t\t\t\t<\/div>\n\t\t\t\t\t\t\t\t\t<\/div>\n\n\t\t\t\t<div class=\"img-container header-img\">\n\t\t\t\t\t\t\t\t\t\t\t<img loading=\"lazy\" decoding=\"async\" width=\"1920\" height=\"1080\" src=\"https:\/\/s3.ca-central-1.amazonaws.com\/cdn.bixi.com\/wp-content\/uploads\/2025\/03\/WR_6815.jpg\" class=\"attachment-full_width size-full_width\" alt=\"100 millions de d\u00e9placements\" srcset=\"https:\/\/s3.ca-central-1.amazonaws.com\/cdn.bixi.com\/wp-content\/uploads\/2025\/03\/WR_6815.jpg 1920w, https:\/\/s3.ca-central-1.amazonaws.com\/cdn.bixi.com\/wp-content\/uploads\/2025\/03\/WR_6815-300x169.jpg 300w, https:\/\/s3.ca-central-1.amazonaws.com\/cdn.bixi.com\/wp-content\/uploads\/2025\/03\/WR_6815-1024x576.jpg 1024w, https:\/\/s3.ca-central-1.amazonaws.com\/cdn.bixi.com\/wp-content\/uploads\/2025\/03\/WR_6815-768x432.jpg 768w, https:\/\/s3.ca-central-1.amazonaws.com\/cdn.bixi.com\/wp-content\/uploads\/2025\/03\/WR_6815-1536x864.jpg 1536w, https:\/\/s3.ca-central-1.amazonaws.com\/cdn.bixi.com\/wp-content\/uploads\/2025\/03\/WR_6815-1707x960.jpg 1707w, https:\/\/s3.ca-central-1.amazonaws.com\/cdn.bixi.com\/wp-content\/uploads\/2025\/03\/WR_6815-935x526.jpg 935w, https:\/\/s3.ca-central-1.amazonaws.com\/cdn.bixi.com\/wp-content\/uploads\/2025\/03\/WR_6815-770x433.jpg 770w, https:\/\/s3.ca-central-1.amazonaws.com\/cdn.bixi.com\/wp-content\/uploads\/2025\/03\/WR_6815-960x540.jpg 960w, https:\/\/s3.ca-central-1.amazonaws.com\/cdn.bixi.com\/wp-content\/uploads\/2025\/03\/WR_6815-500x281.jpg 500w, https:\/\/s3.ca-central-1.amazonaws.com\/cdn.bixi.com\/wp-content\/uploads\/2025\/03\/WR_6815-150x84.jpg 150w, https:\/\/s3.ca-central-1.amazonaws.com\/cdn.bixi.com\/wp-content\/uploads\/2025\/03\/WR_6815-96x54.jpg 96w, https:\/\/s3.ca-central-1.amazonaws.com\/cdn.bixi.com\/wp-content\/uploads\/2025\/03\/WR_6815-78x44.jpg 78w, https:\/\/s3.ca-central-1.amazonaws.com\/cdn.bixi.com\/wp-content\/uploads\/2025\/03\/WR_6815-124x70.jpg 124w, https:\/\/s3.ca-central-1.amazonaws.com\/cdn.bixi.com\/wp-content\/uploads\/2025\/03\/WR_6815-100x56.jpg 100w, https:\/\/s3.ca-central-1.amazonaws.com\/cdn.bixi.com\/wp-content\/uploads\/2025\/03\/WR_6815-450x253.jpg 450w\" sizes=\"auto, (max-width: 1920px) 100vw, 1920px\" \/>\t\t\t\t\t\t\t\t\t<\/div>\n\t\t\t<\/header>\n\t\t\n\n\t\t<section  class=\"cta-list section-block\">\n\t\t\t<div class=\"container\">\n\t\t\t\t<div class=\"row\">\n\t\t\t\t\t<div class=\"col-md-12\">\n\t\t\t\t\t\t<h2 class=\"main-title\">Liens pratiques<\/h2>\t\t\t\t\t\t<div class=\"cta-content\">\n\t\t\t\t\t\t\t\t\t\t\t\t\t\t\t\t\t\t\t\t\t\t\t<a href=\"https:\/\/bixi.com\/comment-utiliser-bixi\/\" target=\"_blank\" class=\"btn-cta\">Apprendre \u00e0 utiliser BIXI<i class=\"icon-arrow\"><\/i><\/a>\n\t\t\t\t\t\t\t\t\t\t\t\t\t\t\t\t\t\t\t\t\t\t\t<a href=\"https:\/\/secure.bixi.com\/map\/\" target=\"_blank\" class=\"btn-cta\">Trouver une station<i class=\"icon-arrow\"><\/i><\/a>\n\t\t\t\t\t\t\t\t\t\t\t\t\t\t\t\t\t\t\t\t\t\t\t<a href=\"https:\/\/bixi.com\/fr\/suggerer-une-station\/\" target=\"\" class=\"btn-cta\">Sugg\u00e9rer une station dans ma ville<i class=\"icon-arrow\"><\/i><\/a>\n\t\t\t\t\t\t\t\t\t\t\t\t\t\t\t\t\t\t\t\t\t\t\t<a href=\"https:\/\/bixi.com\/tarifs\/\" target=\"_blank\" class=\"btn-cta\">Consulter les tarifs<i class=\"icon-arrow\"><\/i><\/a>\n\t\t\t\t\t\t\t\t\t\t\t\t\t\t\t\t\t\t\t\t\t\t\t<a href=\"https:\/\/bixi.com\/postes-ouverts-chez-bixi\/\" target=\"_blank\" class=\"btn-cta\">Voir les offres d\u2019emploi<i class=\"icon-arrow\"><\/i><\/a>\n\t\t\t\t\t\t\t\t\t\t\t\t\t<\/div>\n\t\t\t\t\t<\/div>\n\t\t\t\t<\/div>\n\t\t\t<\/div>\n\t\t<\/section>\n\t\n\n\t\t<section  class=\"cta-cards-list section-block\" data-scroll-section>\n\t\t\t<div class=\"container\">\n\t\t\t\t\t\t\t\t\t<div class=\"row row-cards\">\n\t\t\t\t\t\t\t\t\t\t\t\t\t\t\t<div class=\"col-sm-6 col-card\">\n\t\t\t\t\t\t\t\t\t\n<article class=\"cta-card\">\n\t<h2 class=\"title card-title\">Allez plus vite avec un v\u00e9lo \u00e9lectrique<\/h2>\t<div class=\"image-container\">\n\t\t\t\t\t<img loading=\"lazy\" decoding=\"async\" width=\"500\" height=\"333\" src=\"https:\/\/s3.ca-central-1.amazonaws.com\/cdn.bixi.com\/wp-content\/uploads\/2026\/02\/location-velo-electrique-3-500x333.jpg\" class=\"image\" alt=\"\" srcset=\"https:\/\/s3.ca-central-1.amazonaws.com\/cdn.bixi.com\/wp-content\/uploads\/2026\/02\/location-velo-electrique-3-500x333.jpg 500w, https:\/\/s3.ca-central-1.amazonaws.com\/cdn.bixi.com\/wp-content\/uploads\/2026\/02\/location-velo-electrique-3-300x200.jpg 300w, https:\/\/s3.ca-central-1.amazonaws.com\/cdn.bixi.com\/wp-content\/uploads\/2026\/02\/location-velo-electrique-3-1024x683.jpg 1024w, https:\/\/s3.ca-central-1.amazonaws.com\/cdn.bixi.com\/wp-content\/uploads\/2026\/02\/location-velo-electrique-3-768x512.jpg 768w, https:\/\/s3.ca-central-1.amazonaws.com\/cdn.bixi.com\/wp-content\/uploads\/2026\/02\/location-velo-electrique-3-1536x1024.jpg 1536w, https:\/\/s3.ca-central-1.amazonaws.com\/cdn.bixi.com\/wp-content\/uploads\/2026\/02\/location-velo-electrique-3-1440x960.jpg 1440w, https:\/\/s3.ca-central-1.amazonaws.com\/cdn.bixi.com\/wp-content\/uploads\/2026\/02\/location-velo-electrique-3-900x600.jpg 900w, https:\/\/s3.ca-central-1.amazonaws.com\/cdn.bixi.com\/wp-content\/uploads\/2026\/02\/location-velo-electrique-3-770x513.jpg 770w, https:\/\/s3.ca-central-1.amazonaws.com\/cdn.bixi.com\/wp-content\/uploads\/2026\/02\/location-velo-electrique-3-960x640.jpg 960w, https:\/\/s3.ca-central-1.amazonaws.com\/cdn.bixi.com\/wp-content\/uploads\/2026\/02\/location-velo-electrique-3-150x100.jpg 150w, https:\/\/s3.ca-central-1.amazonaws.com\/cdn.bixi.com\/wp-content\/uploads\/2026\/02\/location-velo-electrique-3-81x54.jpg 81w, https:\/\/s3.ca-central-1.amazonaws.com\/cdn.bixi.com\/wp-content\/uploads\/2026\/02\/location-velo-electrique-3-66x44.jpg 66w, https:\/\/s3.ca-central-1.amazonaws.com\/cdn.bixi.com\/wp-content\/uploads\/2026\/02\/location-velo-electrique-3-105x70.jpg 105w, https:\/\/s3.ca-central-1.amazonaws.com\/cdn.bixi.com\/wp-content\/uploads\/2026\/02\/location-velo-electrique-3-84x56.jpg 84w, https:\/\/s3.ca-central-1.amazonaws.com\/cdn.bixi.com\/wp-content\/uploads\/2026\/02\/location-velo-electrique-3-450x300.jpg 450w, https:\/\/s3.ca-central-1.amazonaws.com\/cdn.bixi.com\/wp-content\/uploads\/2026\/02\/location-velo-electrique-3.jpg 1920w\" sizes=\"auto, (max-width: 500px) 100vw, 500px\" \/>\t\t\t<\/div>\n\t<div class=\"text\">\n\t\t\t\t\t<div class=\"description\"><p>L\u2019une des plus vastes flottes de v\u00e9los \u00e9lectriques en Am\u00e9rique du Nord, c\u2019est celle de BIXI! Tout sur la fa\u00e7on la plus rapide de se d\u00e9placer.<\/p>\n<\/div>\n\t\t\n\t\t\t\t\t<div class=\"btns-ctn\">\n\t\t\t\t\t\t\t\t\t\t\t<a href=\"https:\/\/bixi.com\/fr\/ebike\/\" \n\t\t\t\tclass=\"button button-primary \" \n\t\t\t\t \n\t\t\t\t>\n\t\t\t\t\t\t\t\t\t<span class=\"btn-mask\" data-button-label=\"En savoir plus\">\n\t\t\t\t\t\t<span class=\"btn-label\">\n\t\t\t\t\t\t\tEn savoir plus\t\t\t\t\t\t<\/span>\n\t\t\t\t\t<\/span>\n\t\t\t\t\t\t\t\t\t\t<span class=\"btn-mask-icon\">\n\t\t\t\t\t\t<i class=\"icon \"><\/i>\n\t\t\t\t\t<\/span>\n\t\t\t\t\t\t\t\t\t\t\t\t<\/a>\n\t\t\t\t\t<\/div>\n\t\t\t<\/div>\n<\/article>\n\t\t\t\t\t\t\t\t<\/div>\n\t\t\t\t\t\t\t\t\t\t\t\t\t\t\t<div class=\"col-sm-6 col-card\">\n\t\t\t\t\t\t\t\t\t\n<article class=\"cta-card\">\n\t<h2 class=\"title card-title\">Optimisez votre exp\u00e9rience avec l&rsquo;application mobile<\/h2>\t<div class=\"image-container\">\n\t\t\t\t\t<img loading=\"lazy\" decoding=\"async\" width=\"500\" height=\"333\" src=\"https:\/\/s3.ca-central-1.amazonaws.com\/cdn.bixi.com\/wp-content\/uploads\/2023\/07\/application-bixi-500x333.jpg\" class=\"image\" alt=\"Location de v\u00e9lo \u00e0 Montr\u00e9al\" srcset=\"https:\/\/s3.ca-central-1.amazonaws.com\/cdn.bixi.com\/wp-content\/uploads\/2023\/07\/application-bixi-500x333.jpg 500w, https:\/\/s3.ca-central-1.amazonaws.com\/cdn.bixi.com\/wp-content\/uploads\/2023\/07\/application-bixi-300x200.jpg 300w, https:\/\/s3.ca-central-1.amazonaws.com\/cdn.bixi.com\/wp-content\/uploads\/2023\/07\/application-bixi-1024x683.jpg 1024w, https:\/\/s3.ca-central-1.amazonaws.com\/cdn.bixi.com\/wp-content\/uploads\/2023\/07\/application-bixi-768x512.jpg 768w, https:\/\/s3.ca-central-1.amazonaws.com\/cdn.bixi.com\/wp-content\/uploads\/2023\/07\/application-bixi-1536x1024.jpg 1536w, https:\/\/s3.ca-central-1.amazonaws.com\/cdn.bixi.com\/wp-content\/uploads\/2023\/07\/application-bixi-1440x960.jpg 1440w, https:\/\/s3.ca-central-1.amazonaws.com\/cdn.bixi.com\/wp-content\/uploads\/2023\/07\/application-bixi-900x600.jpg 900w, https:\/\/s3.ca-central-1.amazonaws.com\/cdn.bixi.com\/wp-content\/uploads\/2023\/07\/application-bixi-770x513.jpg 770w, https:\/\/s3.ca-central-1.amazonaws.com\/cdn.bixi.com\/wp-content\/uploads\/2023\/07\/application-bixi-960x640.jpg 960w, https:\/\/s3.ca-central-1.amazonaws.com\/cdn.bixi.com\/wp-content\/uploads\/2023\/07\/application-bixi-150x100.jpg 150w, https:\/\/s3.ca-central-1.amazonaws.com\/cdn.bixi.com\/wp-content\/uploads\/2023\/07\/application-bixi-81x54.jpg 81w, https:\/\/s3.ca-central-1.amazonaws.com\/cdn.bixi.com\/wp-content\/uploads\/2023\/07\/application-bixi-84x56.jpg 84w, https:\/\/s3.ca-central-1.amazonaws.com\/cdn.bixi.com\/wp-content\/uploads\/2023\/07\/application-bixi-450x300.jpg 450w, https:\/\/s3.ca-central-1.amazonaws.com\/cdn.bixi.com\/wp-content\/uploads\/2023\/07\/application-bixi.jpg 1600w\" sizes=\"auto, (max-width: 500px) 100vw, 500px\" \/>\t\t\t<\/div>\n\t<div class=\"text\">\n\t\t\t\t\t<div class=\"description\"><p>Louez un v\u00e9lo, v\u00e9rifiez la disponibilit\u00e9 des BIXI et des points d&rsquo;ancrage, trouvez la station la plus proche et bien plus!<\/p>\n<\/div>\n\t\t\n\t\t\t\t\t<div class=\"btns-ctn\">\n\t\t\t\t\t\t\t\t\t\t\t<a href=\"http:\/\/onelink.to\/bixi\" \n\t\t\t\tclass=\"button button-primary \" \n\t\t\t\t \n\t\t\t\t>\n\t\t\t\t\t\t\t\t\t<span class=\"btn-mask\" data-button-label=\"T\u00e9l\u00e9charger l'application\">\n\t\t\t\t\t\t<span class=\"btn-label\">\n\t\t\t\t\t\t\tT\u00e9l\u00e9charger l&rsquo;application\t\t\t\t\t\t<\/span>\n\t\t\t\t\t<\/span>\n\t\t\t\t\t\t\t\t\t\t<span class=\"btn-mask-icon\">\n\t\t\t\t\t\t<i class=\"icon \"><\/i>\n\t\t\t\t\t<\/span>\n\t\t\t\t\t\t\t\t\t\t\t\t<\/a>\n\t\t\t\t\t<\/div>\n\t\t\t<\/div>\n<\/article>\n\t\t\t\t\t\t\t\t<\/div>\n\t\t\t\t\t\t\t\t\t\t\t\t\t<\/div>\n\t\t\t\t\t<\/div>\n\t\t\t\t\t\t\t<\/div>\n\t\t<\/section>\n\t","protected":false},"excerpt":{"rendered":"","protected":false},"author":2,"featured_media":14956,"parent":0,"menu_order":8,"comment_status":"closed","ping_status":"closed","template":"","meta":{"_acf_changed":false,"footnotes":""},"class_list":["post-12","page","type-page","status-publish","has-post-thumbnail","hentry"],"acf":{"has_pink_background":false},"yoast_head":"<!-- This site is optimized with the Yoast SEO plugin v25.1 - https:\/\/yoast.com\/wordpress\/plugins\/seo\/ -->\n<title>Location de v\u00e9lo \u00e0 Montr\u00e9al - BIXI Montr\u00e9al<\/title>\n<meta name=\"description\" content=\"Vous cherchez un moyen \u00e9conomique, \u00e9cologique et pratique pour vous d\u00e9placer? Explorez Montr\u00e9al en faisant la location d&#039;un v\u00e9lo BIXI!\" \/>\n<meta name=\"robots\" content=\"index, follow, max-snippet:-1, max-image-preview:large, max-video-preview:-1\" \/>\n<link rel=\"canonical\" href=\"https:\/\/bixi.com\/fr\/\" \/>\n<meta property=\"og:locale\" content=\"fr_FR\" \/>\n<meta property=\"og:type\" content=\"article\" \/>\n<meta property=\"og:title\" content=\"Location de v\u00e9lo \u00e0 Montr\u00e9al - BIXI Montr\u00e9al\" \/>\n<meta property=\"og:description\" content=\"Vous cherchez un moyen \u00e9conomique, \u00e9cologique et pratique pour vous d\u00e9placer? Explorez Montr\u00e9al en faisant la location d&#039;un v\u00e9lo BIXI!\" \/>\n<meta property=\"og:url\" content=\"https:\/\/bixi.com\/fr\/\" \/>\n<meta property=\"og:site_name\" content=\"BIXI Montr\u00e9al\" \/>\n<meta property=\"article:modified_time\" content=\"2026-03-31T20:30:10+00:00\" \/>\n<meta property=\"og:image\" content=\"https:\/\/s3.ca-central-1.amazonaws.com\/cdn.bixi.com\/wp-content\/uploads\/2025\/03\/WR_6815.jpg\" \/>\n\t<meta property=\"og:image:width\" content=\"1920\" \/>\n\t<meta property=\"og:image:height\" content=\"1080\" \/>\n\t<meta property=\"og:image:type\" content=\"image\/jpeg\" \/>\n<meta name=\"twitter:card\" content=\"summary_large_image\" \/>\n<meta name=\"twitter:label1\" content=\"Dur\u00e9e de lecture estim\u00e9e\" \/>\n\t<meta name=\"twitter:data1\" content=\"1 minute\" \/>\n<script type=\"application\/ld+json\" class=\"yoast-schema-graph\">{\"@context\":\"https:\/\/schema.org\",\"@graph\":[{\"@type\":\"WebPage\",\"@id\":\"https:\/\/bixi.com\/fr\/\",\"url\":\"https:\/\/bixi.com\/fr\/\",\"name\":\"Location de v\u00e9lo \u00e0 Montr\u00e9al - BIXI Montr\u00e9al\",\"isPartOf\":{\"@id\":\"https:\/\/bixi.com\/fr\/#website\"},\"primaryImageOfPage\":{\"@id\":\"https:\/\/bixi.com\/fr\/#primaryimage\"},\"image\":{\"@id\":\"https:\/\/bixi.com\/fr\/#primaryimage\"},\"thumbnailUrl\":\"https:\/\/s3.ca-central-1.amazonaws.com\/cdn.bixi.com\/wp-content\/uploads\/2025\/03\/WR_6815.jpg\",\"datePublished\":\"2023-02-09T16:38:55+00:00\",\"dateModified\":\"2026-03-31T20:30:10+00:00\",\"description\":\"Vous cherchez un moyen \u00e9conomique, \u00e9cologique et pratique pour vous d\u00e9placer? Explorez Montr\u00e9al en faisant la location d'un v\u00e9lo BIXI!\",\"breadcrumb\":{\"@id\":\"https:\/\/bixi.com\/fr\/#breadcrumb\"},\"inLanguage\":\"fr-FR\",\"potentialAction\":[{\"@type\":\"ReadAction\",\"target\":[\"https:\/\/bixi.com\/fr\/\"]}]},{\"@type\":\"ImageObject\",\"inLanguage\":\"fr-FR\",\"@id\":\"https:\/\/bixi.com\/fr\/#primaryimage\",\"url\":\"https:\/\/s3.ca-central-1.amazonaws.com\/cdn.bixi.com\/wp-content\/uploads\/2025\/03\/WR_6815.jpg\",\"contentUrl\":\"https:\/\/s3.ca-central-1.amazonaws.com\/cdn.bixi.com\/wp-content\/uploads\/2025\/03\/WR_6815.jpg\",\"width\":1920,\"height\":1080,\"caption\":\"100 millions de d\u00e9placements\"},{\"@type\":\"BreadcrumbList\",\"@id\":\"https:\/\/bixi.com\/fr\/#breadcrumb\",\"itemListElement\":[{\"@type\":\"ListItem\",\"position\":1,\"name\":\"Home\",\"item\":\"https:\/\/bixi.com\/fr\/\"},{\"@type\":\"ListItem\",\"position\":2,\"name\":\"Accueil\"}]},{\"@type\":\"WebSite\",\"@id\":\"https:\/\/bixi.com\/fr\/#website\",\"url\":\"https:\/\/bixi.com\/fr\/\",\"name\":\"BIXI Montr\u00e9al\",\"description\":\"\",\"potentialAction\":[{\"@type\":\"SearchAction\",\"target\":{\"@type\":\"EntryPoint\",\"urlTemplate\":\"https:\/\/bixi.com\/fr\/?s={search_term_string}\"},\"query-input\":{\"@type\":\"PropertyValueSpecification\",\"valueRequired\":true,\"valueName\":\"search_term_string\"}}],\"inLanguage\":\"fr-FR\"}]}<\/script>\n<!-- \/ Yoast SEO plugin. -->","yoast_head_json":{"title":"Location de v\u00e9lo \u00e0 Montr\u00e9al - BIXI Montr\u00e9al","description":"Vous cherchez un moyen \u00e9conomique, \u00e9cologique et pratique pour vous d\u00e9placer? Explorez Montr\u00e9al en faisant la location d'un v\u00e9lo BIXI!","robots":{"index":"index","follow":"follow","max-snippet":"max-snippet:-1","max-image-preview":"max-image-preview:large","max-video-preview":"max-video-preview:-1"},"canonical":"https:\/\/bixi.com\/fr\/","og_locale":"fr_FR","og_type":"article","og_title":"Location de v\u00e9lo \u00e0 Montr\u00e9al - BIXI Montr\u00e9al","og_description":"Vous cherchez un moyen \u00e9conomique, \u00e9cologique et pratique pour vous d\u00e9placer? Explorez Montr\u00e9al en faisant la location d'un v\u00e9lo BIXI!","og_url":"https:\/\/bixi.com\/fr\/","og_site_name":"BIXI Montr\u00e9al","article_modified_time":"2026-03-31T20:30:10+00:00","og_image":[{"width":1920,"height":1080,"url":"https:\/\/s3.ca-central-1.amazonaws.com\/cdn.bixi.com\/wp-content\/uploads\/2025\/03\/WR_6815.jpg","type":"image\/jpeg"}],"twitter_card":"summary_large_image","twitter_misc":{"Dur\u00e9e de lecture estim\u00e9e":"1 minute"},"schema":{"@context":"https:\/\/schema.org","@graph":[{"@type":"WebPage","@id":"https:\/\/bixi.com\/fr\/","url":"https:\/\/bixi.com\/fr\/","name":"Location de v\u00e9lo \u00e0 Montr\u00e9al - BIXI Montr\u00e9al","isPartOf":{"@id":"https:\/\/bixi.com\/fr\/#website"},"primaryImageOfPage":{"@id":"https:\/\/bixi.com\/fr\/#primaryimage"},"image":{"@id":"https:\/\/bixi.com\/fr\/#primaryimage"},"thumbnailUrl":"https:\/\/s3.ca-central-1.amazonaws.com\/cdn.bixi.com\/wp-content\/uploads\/2025\/03\/WR_6815.jpg","datePublished":"2023-02-09T16:38:55+00:00","dateModified":"2026-03-31T20:30:10+00:00","description":"Vous cherchez un moyen \u00e9conomique, \u00e9cologique et pratique pour vous d\u00e9placer? Explorez Montr\u00e9al en faisant la location d'un v\u00e9lo BIXI!","breadcrumb":{"@id":"https:\/\/bixi.com\/fr\/#breadcrumb"},"inLanguage":"fr-FR","potentialAction":[{"@type":"ReadAction","target":["https:\/\/bixi.com\/fr\/"]}]},{"@type":"ImageObject","inLanguage":"fr-FR","@id":"https:\/\/bixi.com\/fr\/#primaryimage","url":"https:\/\/s3.ca-central-1.amazonaws.com\/cdn.bixi.com\/wp-content\/uploads\/2025\/03\/WR_6815.jpg","contentUrl":"https:\/\/s3.ca-central-1.amazonaws.com\/cdn.bixi.com\/wp-content\/uploads\/2025\/03\/WR_6815.jpg","width":1920,"height":1080,"caption":"100 millions de d\u00e9placements"},{"@type":"BreadcrumbList","@id":"https:\/\/bixi.com\/fr\/#breadcrumb","itemListElement":[{"@type":"ListItem","position":1,"name":"Home","item":"https:\/\/bixi.com\/fr\/"},{"@type":"ListItem","position":2,"name":"Accueil"}]},{"@type":"WebSite","@id":"https:\/\/bixi.com\/fr\/#website","url":"https:\/\/bixi.com\/fr\/","name":"BIXI Montr\u00e9al","description":"","potentialAction":[{"@type":"SearchAction","target":{"@type":"EntryPoint","urlTemplate":"https:\/\/bixi.com\/fr\/?s={search_term_string}"},"query-input":{"@type":"PropertyValueSpecification","valueRequired":true,"valueName":"search_term_string"}}],"inLanguage":"fr-FR"}]}},"_links":{"self":[{"href":"https:\/\/bixi.com\/fr\/wp-json\/wp\/v2\/pages\/12","targetHints":{"allow":["GET"]}}],"collection":[{"href":"https:\/\/bixi.com\/fr\/wp-json\/wp\/v2\/pages"}],"about":[{"href":"https:\/\/bixi.com\/fr\/wp-json\/wp\/v2\/types\/page"}],"author":[{"embeddable":true,"href":"https:\/\/bixi.com\/fr\/wp-json\/wp\/v2\/users\/2"}],"replies":[{"embeddable":true,"href":"https:\/\/bixi.com\/fr\/wp-json\/wp\/v2\/comments?post=12"}],"version-history":[{"count":5,"href":"https:\/\/bixi.com\/fr\/wp-json\/wp\/v2\/pages\/12\/revisions"}],"predecessor-version":[{"id":18040,"href":"https:\/\/bixi.com\/fr\/wp-json\/wp\/v2\/pages\/12\/revisions\/18040"}],"wp:featuredmedia":[{"embeddable":true,"href":"https:\/\/bixi.com\/fr\/wp-json\/wp\/v2\/media\/14956"}],"wp:attachment":[{"href":"https:\/\/bixi.com\/fr\/wp-json\/wp\/v2\/media?parent=12"}],"curies":[{"name":"wp","href":"https:\/\/api.w.org\/{rel}","templated":true}]}}