{"id":6745,"date":"2026-04-06T13:21:22","date_gmt":"2026-04-06T17:21:22","guid":{"rendered":"https:\/\/bixi.com\/?page_id=6745"},"modified":"2026-05-05T09:12:24","modified_gmt":"2026-05-05T13:12:24","slug":"drop-off-stations","status":"publish","type":"page","link":"https:\/\/bixi.com\/en\/drop-off-stations\/","title":{"rendered":"Drop-off stations"},"content":{"rendered":"\t\t\t\t\t\t<header  class=\"page-title section-block\">\n\t\t\t\t<div class=\"container\">\n\t\t\t\t\t<div class=\"row\">\n\t\t\t\t\t\t<div class=\"col-md-10\">\n\t\t\t\t\t\t\t<div class=\"section-title\">\n\t\t\t\t\t\t\t\t<h1 class=\"title title-1\">Drop-off stations\n<\/h1>\t\t\t\t\t\t\t<\/div>\n\t\t\t\t\t\t<\/div>\n\t\t\t\t\t<\/div>\n\t\t\t\t<\/div>\n\t\t\t<\/header>\n\t\t\t\t\t\n\n\t\t<section  class=\"two-col-full-image section-block \">\n\t\t\t<div class=\"container\">\n\t\t\t\t<div class=\"row content-wrapper\">\n\t\t\t\t\t<div class=\"col-md-12\">\n\t\t\t\t\t\t<div class=\"ctn\">\n\t\t\t\t\t\t\t<div class=\"img-container\">\n\t\t\t\t\t\t\t\t<div class=\"img-wrapper\">\n\t\t\t\t\t\t\t\t\t\t\t\t\t\t\t\t\t\t\t<img loading=\"lazy\" decoding=\"async\" width=\"770\" height=\"513\" src=\"https:\/\/s3.ca-central-1.amazonaws.com\/cdn.bixi.com\/wp-content\/uploads\/2025\/06\/BIXI_location-velo-montreal-Stations-depot-770x513.jpg\" class=\"attachment-half_half size-half_half\" alt=\"\" srcset=\"https:\/\/s3.ca-central-1.amazonaws.com\/cdn.bixi.com\/wp-content\/uploads\/2025\/06\/BIXI_location-velo-montreal-Stations-depot-770x513.jpg 770w, https:\/\/s3.ca-central-1.amazonaws.com\/cdn.bixi.com\/wp-content\/uploads\/2025\/06\/BIXI_location-velo-montreal-Stations-depot-300x200.jpg 300w, https:\/\/s3.ca-central-1.amazonaws.com\/cdn.bixi.com\/wp-content\/uploads\/2025\/06\/BIXI_location-velo-montreal-Stations-depot-1024x683.jpg 1024w, https:\/\/s3.ca-central-1.amazonaws.com\/cdn.bixi.com\/wp-content\/uploads\/2025\/06\/BIXI_location-velo-montreal-Stations-depot-768x512.jpg 768w, https:\/\/s3.ca-central-1.amazonaws.com\/cdn.bixi.com\/wp-content\/uploads\/2025\/06\/BIXI_location-velo-montreal-Stations-depot-1536x1024.jpg 1536w, https:\/\/s3.ca-central-1.amazonaws.com\/cdn.bixi.com\/wp-content\/uploads\/2025\/06\/BIXI_location-velo-montreal-Stations-depot-1440x960.jpg 1440w, https:\/\/s3.ca-central-1.amazonaws.com\/cdn.bixi.com\/wp-content\/uploads\/2025\/06\/BIXI_location-velo-montreal-Stations-depot-900x600.jpg 900w, https:\/\/s3.ca-central-1.amazonaws.com\/cdn.bixi.com\/wp-content\/uploads\/2025\/06\/BIXI_location-velo-montreal-Stations-depot-960x640.jpg 960w, https:\/\/s3.ca-central-1.amazonaws.com\/cdn.bixi.com\/wp-content\/uploads\/2025\/06\/BIXI_location-velo-montreal-Stations-depot-500x333.jpg 500w, https:\/\/s3.ca-central-1.amazonaws.com\/cdn.bixi.com\/wp-content\/uploads\/2025\/06\/BIXI_location-velo-montreal-Stations-depot-150x100.jpg 150w, https:\/\/s3.ca-central-1.amazonaws.com\/cdn.bixi.com\/wp-content\/uploads\/2025\/06\/BIXI_location-velo-montreal-Stations-depot-81x54.jpg 81w, https:\/\/s3.ca-central-1.amazonaws.com\/cdn.bixi.com\/wp-content\/uploads\/2025\/06\/BIXI_location-velo-montreal-Stations-depot-66x44.jpg 66w, https:\/\/s3.ca-central-1.amazonaws.com\/cdn.bixi.com\/wp-content\/uploads\/2025\/06\/BIXI_location-velo-montreal-Stations-depot-105x70.jpg 105w, https:\/\/s3.ca-central-1.amazonaws.com\/cdn.bixi.com\/wp-content\/uploads\/2025\/06\/BIXI_location-velo-montreal-Stations-depot-84x56.jpg 84w, https:\/\/s3.ca-central-1.amazonaws.com\/cdn.bixi.com\/wp-content\/uploads\/2025\/06\/BIXI_location-velo-montreal-Stations-depot-450x300.jpg 450w, https:\/\/s3.ca-central-1.amazonaws.com\/cdn.bixi.com\/wp-content\/uploads\/2025\/06\/BIXI_location-velo-montreal-Stations-depot.jpg 1920w\" sizes=\"auto, (max-width: 770px) 100vw, 770px\" \/>\t\t\t\t\t\t\t\t\t\t\t\t\t\t\t\t\t<\/div>\n\t\t\t\t\t\t\t<\/div>\n\n\t\t\t\t\t\t\t<div class=\"title\">\n\t\t\t\t\t\t\t\t<h2 class=\"main-title title-2\">Drop off and pick up a BIXI easily during rush hour!\n<\/h2>\t\t\t\t\t\t\t<\/div>\n\n\t\t\t\t\t\t\t<div class=\"content\">\n\t\t\t\t\t\t\t\t\t\t\t\t\t\t\t\t\t<p>Some stations are busier than others at certain times of the week. This is why they are transformed into drop-off stations, where BIXI valets are responsible for rebalancing them. They accumulate the surplus of BIXIs on the side of the station so that a docking point is available when you arrive and make sure that BIXIs are docked when you want to leave the station at the end of your work day.<\/p>\n<p>Check the schedule and find the nearest drop-off station to where you are going via the <a href=\"https:\/\/bixi.com\/en\/mobile-application\/\">BIXI application<\/a>! Valets are present at stations marked with a silhouette.<\/p>\n\t\t\t\t\t\t\t\t\n\t\t\t\t\t\t\t\t\t\t\t\t\t\t\t<\/div>\n\t\t\t\t\t\t<\/div>\n\t\t\t\t\t<\/div>\n\t\t\t\t<\/div>\n\t\t\t<\/div>\n\t\t<\/section>\n\t\n\n\t\t<section  class=\"half-title-half-text section-block\">\n\t\t\t<div class=\"container\">\n\t\t\t\t<div class=\"row content-wrapper\">\n\t\t\t\t\t<div class=\"col col-md-12\">\n\t\t\t\t\t\t\t\t\t\t\t\t<div class=\"row row-contents\">\n\t\t\t\t\t\t\t<div class=\"col-md-6 half-title\">\n\t\t\t\t\t\t\t\t<h2 class=\"main-title title-2\">Regular Schedule\n<\/h2>\t\t\t\t\t\t\t<\/div>\n\t\t\t\t\t\t\t<div class=\"col-md-6 half-content\">\n\t\t\t\t\t\t\t\t<div class=\"content\">\n\t\t\t\t\t\t\t\t\t\n\t\t\t\t\t\t\t\t\t\t\t\t\t\t\t\t\t\t\t<span class=\"subtitle\">Monday to Friday<\/span>\n\t\t\t\t\t\t\t\t\t\n\t\t\t\t\t\t\t\t\t\t\t\t\t\t\t\t\t\t\t<p><\/p>\n<p><strong>M\u00e9tro Peel<\/strong><br \/>\n8 am to 7 pm<\/p>\n<p><strong>Square Victoria<\/strong><br \/>\n7 am to 8 pm<\/p>\n<p><strong>Square Viger<\/strong><br \/>\n7 am to 7 pm<\/p>\n<p>As of April 15:<\/p>\n<p><strong>St-Dominique \/ St\u2011Viateur<\/strong><br \/>\n8 am to 7 pm<\/p>\n<p><strong>M\u00e9tro St\u2011Laurent<\/strong><br \/>\n8 am to 6 pm<\/p>\n<p>\n<span class=\"subtitle\">Friday, Saturday &#038; Sunday<\/span><\/p>\n<p><strong>De la Commune \/ Jacques\u2011Cartier<\/strong><br \/>\n1 pm to 9 pm<\/p>\n<p><small>*Valet schedule may change depending on weather conditions.<\/small><\/p>\n\t\t\t\t\t\t\t\t\t\n\t\t\t\t\t\t\t\t\t\t\t\t\t\t\t\t\t<\/div>\n\t\t\t\t\t\t\t<\/div>\n\t\t\t\t\t\t<\/div>\n\t\t\t\t\t\t\t\t\t\t\t<\/div>\n\t\t\t\t<\/div>\n\t\t\t<\/div>\n\t\t<\/section>\n\t\n\n\t\t<section id=\"events\" class=\"half-title-half-text section-block\">\n\t\t\t<div class=\"container\">\n\t\t\t\t<div class=\"row content-wrapper\">\n\t\t\t\t\t<div class=\"col col-md-12\">\n\t\t\t\t\t\t\t\t\t\t\t\t<div class=\"row row-contents\">\n\t\t\t\t\t\t\t<div class=\"col-md-6 half-title\">\n\t\t\t\t\t\t\t\t<h2 class=\"main-title title-2\">Event Schedule\n<\/h2>\t\t\t\t\t\t\t<\/div>\n\t\t\t\t\t\t\t<div class=\"col-md-6 half-content\">\n\t\t\t\t\t\t\t\t<div class=\"content\">\n\t\t\t\t\t\t\t\t\t\n\t\t\t\t\t\t\t\t\t\n\t\t\t\t\t\t\t\t\t\t\t\t\t\t\t\t\t\t\t<p><span class=\"subtitle\">April<\/span><\/p>\n<p><strong>21K Nespresso de Montr\u00e9al<\/strong><br \/>\nParc Jean-Drapeau<br \/>\nApril 18 (1 km, 5 km et 10 km) \u2013 7 am to 3 pm<br \/>\nApril 19 (Demi-Marathon) \u2013 7 am to 3 pm<\/p>\n<p><span class=\"subtitle\">May<\/span><\/p>\n<p><strong>Pouzzafest<\/strong><br \/>\nM\u00e9tro St-Laurent &#038; Place des Festivals<br \/>\nMay 15, 16, 17 \u2013 Noon to midnight<\/p>\n<p><strong>Piknic \u00c9lectronik<\/strong><br \/>\nParc Jean-Drapeau<br \/>\nMay 17, 30 \u2013 3 pm to midnight<\/p>\n<p><strong>Off Piknic \u00c9lectronik<\/strong><br \/>\nParc Jean-Drapeau<br \/>\nSolomon May 21 \u2013 3 pm to midnight<br \/>\nEric Prydz May 29 \u2013 3 pm to midnight<\/p>\n<p><strong>Grand Prix<\/strong><br \/>\nB\u00e2timent H\u00e9l\u00e8ne de Champlain &#038; Avenue Pierre-Dupuy<br \/>\nMay 22, 23, 24 \u2013 8 am to midnight<\/p>\n<p><strong>Luke Combs<\/strong><br \/>\nParc Jean-Drapeau<br \/>\nMay 30 \u2013 3 pm to midnight<\/p>\n<p><small>*Valet schedule may change depending on weather conditions.<\/small><\/p>\n\t\t\t\t\t\t\t\t\t\n\t\t\t\t\t\t\t\t\t\t\t\t\t\t\t\t\t<\/div>\n\t\t\t\t\t\t\t<\/div>\n\t\t\t\t\t\t<\/div>\n\t\t\t\t\t\t\t\t\t\t\t<\/div>\n\t\t\t\t<\/div>\n\t\t\t<\/div>\n\t\t<\/section>\n\t","protected":false},"excerpt":{"rendered":"","protected":false},"author":37,"featured_media":15543,"parent":0,"menu_order":80,"comment_status":"closed","ping_status":"closed","template":"","meta":{"_acf_changed":false,"footnotes":""},"class_list":["post-6745","page","type-page","status-publish","has-post-thumbnail","hentry"],"acf":{"has_pink_background":false},"yoast_head":"<!-- This site is optimized with the Yoast SEO plugin v25.1 - https:\/\/yoast.com\/wordpress\/plugins\/seo\/ -->\n<title>Drop-off stations - BIXI Montr\u00e9al<\/title>\n<meta name=\"description\" content=\"You&#039;re going downtown Montreal? Drop off and pick up a BIXI easily during rush hour via the drop-off-stations!\" \/>\n<meta name=\"robots\" content=\"index, follow, max-snippet:-1, max-image-preview:large, max-video-preview:-1\" \/>\n<link rel=\"canonical\" href=\"https:\/\/bixi.com\/en\/drop-off-stations\/\" \/>\n<meta property=\"og:locale\" content=\"en_US\" \/>\n<meta property=\"og:type\" content=\"article\" \/>\n<meta property=\"og:title\" content=\"Drop-off stations - BIXI Montr\u00e9al\" \/>\n<meta property=\"og:description\" content=\"You&#039;re going downtown Montreal? Drop off and pick up a BIXI easily during rush hour via the drop-off-stations!\" \/>\n<meta property=\"og:url\" content=\"https:\/\/bixi.com\/en\/drop-off-stations\/\" \/>\n<meta property=\"og:site_name\" content=\"BIXI Montr\u00e9al\" \/>\n<meta property=\"article:modified_time\" content=\"2026-05-05T13:12:24+00:00\" \/>\n<meta property=\"og:image\" content=\"https:\/\/s3.ca-central-1.amazonaws.com\/cdn.bixi.com\/wp-content\/uploads\/2025\/06\/BIXI_location-velo-montreal-Stations-depot.jpg\" \/>\n\t<meta property=\"og:image:width\" content=\"1920\" \/>\n\t<meta property=\"og:image:height\" content=\"1280\" \/>\n\t<meta property=\"og:image:type\" content=\"image\/jpeg\" \/>\n<meta name=\"twitter:card\" content=\"summary_large_image\" \/>\n<meta name=\"twitter:label1\" content=\"Est. reading time\" \/>\n\t<meta name=\"twitter:data1\" content=\"1 minute\" \/>\n<script type=\"application\/ld+json\" class=\"yoast-schema-graph\">{\"@context\":\"https:\/\/schema.org\",\"@graph\":[{\"@type\":\"WebPage\",\"@id\":\"https:\/\/bixi.com\/en\/drop-off-stations\/\",\"url\":\"https:\/\/bixi.com\/en\/drop-off-stations\/\",\"name\":\"Drop-off stations - BIXI Montr\u00e9al\",\"isPartOf\":{\"@id\":\"https:\/\/bixi.com\/en\/#website\"},\"primaryImageOfPage\":{\"@id\":\"https:\/\/bixi.com\/en\/drop-off-stations\/#primaryimage\"},\"image\":{\"@id\":\"https:\/\/bixi.com\/en\/drop-off-stations\/#primaryimage\"},\"thumbnailUrl\":\"https:\/\/s3.ca-central-1.amazonaws.com\/cdn.bixi.com\/wp-content\/uploads\/2025\/06\/BIXI_location-velo-montreal-Stations-depot.jpg\",\"datePublished\":\"2026-04-06T17:21:22+00:00\",\"dateModified\":\"2026-05-05T13:12:24+00:00\",\"description\":\"You're going downtown Montreal? Drop off and pick up a BIXI easily during rush hour via the drop-off-stations!\",\"breadcrumb\":{\"@id\":\"https:\/\/bixi.com\/en\/drop-off-stations\/#breadcrumb\"},\"inLanguage\":\"en-US\",\"potentialAction\":[{\"@type\":\"ReadAction\",\"target\":[\"https:\/\/bixi.com\/en\/drop-off-stations\/\"]}]},{\"@type\":\"ImageObject\",\"inLanguage\":\"en-US\",\"@id\":\"https:\/\/bixi.com\/en\/drop-off-stations\/#primaryimage\",\"url\":\"https:\/\/s3.ca-central-1.amazonaws.com\/cdn.bixi.com\/wp-content\/uploads\/2025\/06\/BIXI_location-velo-montreal-Stations-depot.jpg\",\"contentUrl\":\"https:\/\/s3.ca-central-1.amazonaws.com\/cdn.bixi.com\/wp-content\/uploads\/2025\/06\/BIXI_location-velo-montreal-Stations-depot.jpg\",\"width\":1920,\"height\":1280},{\"@type\":\"BreadcrumbList\",\"@id\":\"https:\/\/bixi.com\/en\/drop-off-stations\/#breadcrumb\",\"itemListElement\":[{\"@type\":\"ListItem\",\"position\":1,\"name\":\"Home\",\"item\":\"https:\/\/bixi.com\/en\/\"},{\"@type\":\"ListItem\",\"position\":2,\"name\":\"Drop-off stations\"}]},{\"@type\":\"WebSite\",\"@id\":\"https:\/\/bixi.com\/en\/#website\",\"url\":\"https:\/\/bixi.com\/en\/\",\"name\":\"BIXI Montr\u00e9al\",\"description\":\"\",\"potentialAction\":[{\"@type\":\"SearchAction\",\"target\":{\"@type\":\"EntryPoint\",\"urlTemplate\":\"https:\/\/bixi.com\/en\/?s={search_term_string}\"},\"query-input\":{\"@type\":\"PropertyValueSpecification\",\"valueRequired\":true,\"valueName\":\"search_term_string\"}}],\"inLanguage\":\"en-US\"}]}<\/script>\n<!-- \/ Yoast SEO plugin. -->","yoast_head_json":{"title":"Drop-off stations - BIXI Montr\u00e9al","description":"You're going downtown Montreal? Drop off and pick up a BIXI easily during rush hour via the drop-off-stations!","robots":{"index":"index","follow":"follow","max-snippet":"max-snippet:-1","max-image-preview":"max-image-preview:large","max-video-preview":"max-video-preview:-1"},"canonical":"https:\/\/bixi.com\/en\/drop-off-stations\/","og_locale":"en_US","og_type":"article","og_title":"Drop-off stations - BIXI Montr\u00e9al","og_description":"You're going downtown Montreal? Drop off and pick up a BIXI easily during rush hour via the drop-off-stations!","og_url":"https:\/\/bixi.com\/en\/drop-off-stations\/","og_site_name":"BIXI Montr\u00e9al","article_modified_time":"2026-05-05T13:12:24+00:00","og_image":[{"width":1920,"height":1280,"url":"https:\/\/s3.ca-central-1.amazonaws.com\/cdn.bixi.com\/wp-content\/uploads\/2025\/06\/BIXI_location-velo-montreal-Stations-depot.jpg","type":"image\/jpeg"}],"twitter_card":"summary_large_image","twitter_misc":{"Est. reading time":"1 minute"},"schema":{"@context":"https:\/\/schema.org","@graph":[{"@type":"WebPage","@id":"https:\/\/bixi.com\/en\/drop-off-stations\/","url":"https:\/\/bixi.com\/en\/drop-off-stations\/","name":"Drop-off stations - BIXI Montr\u00e9al","isPartOf":{"@id":"https:\/\/bixi.com\/en\/#website"},"primaryImageOfPage":{"@id":"https:\/\/bixi.com\/en\/drop-off-stations\/#primaryimage"},"image":{"@id":"https:\/\/bixi.com\/en\/drop-off-stations\/#primaryimage"},"thumbnailUrl":"https:\/\/s3.ca-central-1.amazonaws.com\/cdn.bixi.com\/wp-content\/uploads\/2025\/06\/BIXI_location-velo-montreal-Stations-depot.jpg","datePublished":"2026-04-06T17:21:22+00:00","dateModified":"2026-05-05T13:12:24+00:00","description":"You're going downtown Montreal? Drop off and pick up a BIXI easily during rush hour via the drop-off-stations!","breadcrumb":{"@id":"https:\/\/bixi.com\/en\/drop-off-stations\/#breadcrumb"},"inLanguage":"en-US","potentialAction":[{"@type":"ReadAction","target":["https:\/\/bixi.com\/en\/drop-off-stations\/"]}]},{"@type":"ImageObject","inLanguage":"en-US","@id":"https:\/\/bixi.com\/en\/drop-off-stations\/#primaryimage","url":"https:\/\/s3.ca-central-1.amazonaws.com\/cdn.bixi.com\/wp-content\/uploads\/2025\/06\/BIXI_location-velo-montreal-Stations-depot.jpg","contentUrl":"https:\/\/s3.ca-central-1.amazonaws.com\/cdn.bixi.com\/wp-content\/uploads\/2025\/06\/BIXI_location-velo-montreal-Stations-depot.jpg","width":1920,"height":1280},{"@type":"BreadcrumbList","@id":"https:\/\/bixi.com\/en\/drop-off-stations\/#breadcrumb","itemListElement":[{"@type":"ListItem","position":1,"name":"Home","item":"https:\/\/bixi.com\/en\/"},{"@type":"ListItem","position":2,"name":"Drop-off stations"}]},{"@type":"WebSite","@id":"https:\/\/bixi.com\/en\/#website","url":"https:\/\/bixi.com\/en\/","name":"BIXI Montr\u00e9al","description":"","potentialAction":[{"@type":"SearchAction","target":{"@type":"EntryPoint","urlTemplate":"https:\/\/bixi.com\/en\/?s={search_term_string}"},"query-input":{"@type":"PropertyValueSpecification","valueRequired":true,"valueName":"search_term_string"}}],"inLanguage":"en-US"}]}},"_links":{"self":[{"href":"https:\/\/bixi.com\/en\/wp-json\/wp\/v2\/pages\/6745","targetHints":{"allow":["GET"]}}],"collection":[{"href":"https:\/\/bixi.com\/en\/wp-json\/wp\/v2\/pages"}],"about":[{"href":"https:\/\/bixi.com\/en\/wp-json\/wp\/v2\/types\/page"}],"author":[{"embeddable":true,"href":"https:\/\/bixi.com\/en\/wp-json\/wp\/v2\/users\/37"}],"replies":[{"embeddable":true,"href":"https:\/\/bixi.com\/en\/wp-json\/wp\/v2\/comments?post=6745"}],"version-history":[{"count":5,"href":"https:\/\/bixi.com\/en\/wp-json\/wp\/v2\/pages\/6745\/revisions"}],"predecessor-version":[{"id":19251,"href":"https:\/\/bixi.com\/en\/wp-json\/wp\/v2\/pages\/6745\/revisions\/19251"}],"wp:featuredmedia":[{"embeddable":true,"href":"https:\/\/bixi.com\/en\/wp-json\/wp\/v2\/media\/15543"}],"wp:attachment":[{"href":"https:\/\/bixi.com\/en\/wp-json\/wp\/v2\/media?parent=6745"}],"curies":[{"name":"wp","href":"https:\/\/api.w.org\/{rel}","templated":true}]}}