{"id":18910,"date":"2026-04-24T11:07:59","date_gmt":"2026-04-24T15:07:59","guid":{"rendered":"https:\/\/bixi.com\/?page_id=18910"},"modified":"2026-04-29T07:44:36","modified_gmt":"2026-04-29T11:44:36","slug":"privacy-policy-wealthsimple-new-client-offer","status":"publish","type":"page","link":"https:\/\/bixi.com\/en\/privacy-policy\/wealthsimple-new-client-offer\/","title":{"rendered":"Privacy Policy | Wealthsimple New Client Offer"},"content":{"rendered":"\t\t\t\t\t\t<header  class=\"page-title section-block\">\n\t\t\t\t<div class=\"container\">\n\t\t\t\t\t<div class=\"row\">\n\t\t\t\t\t\t<div class=\"col-md-10\">\n\t\t\t\t\t\t\t<div class=\"section-title\">\n\t\t\t\t\t\t\t\t<h1 class=\"title title-1\">Privacy Policy Related to the Wealthsimple New Client Offer\n<\/h1>\t\t\t\t\t\t\t<\/div>\n\t\t\t\t\t\t<\/div>\n\t\t\t\t\t<\/div>\n\t\t\t\t<\/div>\n\t\t\t<\/header>\n\t\t\t\t\t\n\n\t\t<section  class=\"half-title-half-text section-block\">\n\t\t\t<div class=\"container\">\n\t\t\t\t<div class=\"row content-wrapper\">\n\t\t\t\t\t<div class=\"col col-md-12\">\n\t\t\t\t\t\t\t\t\t\t\t\t<div class=\"row row-contents\">\n\t\t\t\t\t\t\t<div class=\"col-md-6 half-title\">\n\t\t\t\t\t\t\t\t<h2 class=\"main-title title-2\">Purpose of this Policy\n<\/h2>\t\t\t\t\t\t\t<\/div>\n\t\t\t\t\t\t\t<div class=\"col-md-6 half-content\">\n\t\t\t\t\t\t\t\t<div class=\"content\">\n\t\t\t\t\t\t\t\t\t\n\t\t\t\t\t\t\t\t\t\n\t\t\t\t\t\t\t\t\t\t\t\t\t\t\t\t\t\t\t<p>BIXI Montr\u00e9al (\u201c<strong>BIXI<\/strong>\u201d, \u201c<strong>we<\/strong>\u201d, \u201c<strong>us<\/strong>\u201d, \u201c<strong>our<\/strong>\u201d) is committed to protecting your personal information. <\/p>\n<p>The purpose of this Privacy Policy (the \u201c<strong>Policy<\/strong>\u201d) is to explain how we collect, use, and disclose your personal information in relation to the <strong>Wealthsimple New Client Offer<\/strong>, which is offered in collaboration with Wealthsimple (the \u201c<strong>Program<\/strong>\u201d). Once the registration process is completed, the Program allows you to receive a credit of one Canadian dollar (CAD$1) in your Wealthsimple account for each BIXI trip completed, up to a maximum of CAD$200, for the duration of the Program. By registering to the Program, you confirm your acceptance of this Policy. If you do not accept this Policy, please do not register for the Program. <\/p>\n<p>Please note that this Policy is applicable in addition to any other BIXI Privacy Policy relating to the use of the BIXI website (the \u201c<strong>Site<\/strong>\u201d), the BIXI mobile application, or its services. <\/p>\n<p>Please also note that participation in the Program requires the creation of an account with Wealthsimple, and that the personal information collected by Wealthsimple in connection with that account and the services offered by Wealthsimple is governed by Wealthsimple\u2019s Privacy Policy. This Policy concerns only the personal information collected by BIXI in connection with the Program. <\/p>\n\t\t\t\t\t\t\t\t\t\n\t\t\t\t\t\t\t\t\t\t\t\t\t\t\t\t\t<\/div>\n\t\t\t\t\t\t\t<\/div>\n\t\t\t\t\t\t<\/div>\n\t\t\t\t\t\t\t\t\t\t\t\t<div class=\"row row-contents\">\n\t\t\t\t\t\t\t<div class=\"col-md-6 half-title\">\n\t\t\t\t\t\t\t\t<h2 class=\"main-title title-2\">What Personal Information Do We Collect and How Do We Collect It? \n<\/h2>\t\t\t\t\t\t\t<\/div>\n\t\t\t\t\t\t\t<div class=\"col-md-6 half-content\">\n\t\t\t\t\t\t\t\t<div class=\"content\">\n\t\t\t\t\t\t\t\t\t\n\t\t\t\t\t\t\t\t\t\n\t\t\t\t\t\t\t\t\t\t\t\t\t\t\t\t\t\t\t<p>In order to participate in the Program, you must complete a registration form available on the Site, in which you must provide your email address. You must use this same email address when creating your Wealthsimple account. <\/p>\n<p>In addition, BIXI collects and has access to all your BIXI trip data from the first day of the month in which you register for the Program. <\/p>\n\t\t\t\t\t\t\t\t\t\n\t\t\t\t\t\t\t\t\t\t\t\t\t\t\t\t\t<\/div>\n\t\t\t\t\t\t\t<\/div>\n\t\t\t\t\t\t<\/div>\n\t\t\t\t\t\t\t\t\t\t\t\t<div class=\"row row-contents\">\n\t\t\t\t\t\t\t<div class=\"col-md-6 half-title\">\n\t\t\t\t\t\t\t\t<h2 class=\"main-title title-2\">For What Purposes Do We Use Your Personal Information? \n<\/h2>\t\t\t\t\t\t\t<\/div>\n\t\t\t\t\t\t\t<div class=\"col-md-6 half-content\">\n\t\t\t\t\t\t\t\t<div class=\"content\">\n\t\t\t\t\t\t\t\t\t\n\t\t\t\t\t\t\t\t\t\n\t\t\t\t\t\t\t\t\t\t\t\t\t\t\t\t\t\t\t<p>We use your personal information to: <\/p>\n<ul>\n<li>Activate your participation in the Program and enable you to benefit from its advantages;<\/li>\n<li>Track eligible BIXI trips under the Program;<\/li>\n<li>Monitor the CAD $200 credit cap per participant for the duration of the Program;<\/li>\n<li>Communicate with you as you approach the cap and when you reach it;<\/li>\n<li>Process any request to withdraw from the Program that you may submit to BIXI, as applicable;<\/li>\n<li>Internally analyze and document participant behaviour; and<\/li>\n<li>Any other purpose that we identify from time to time that is authorized by law or for which we obtain your specific consent.<\/li>\n<\/ul>\n\t\t\t\t\t\t\t\t\t\n\t\t\t\t\t\t\t\t\t\t\t\t\t\t\t\t\t<\/div>\n\t\t\t\t\t\t\t<\/div>\n\t\t\t\t\t\t<\/div>\n\t\t\t\t\t\t\t\t\t\t\t\t<div class=\"row row-contents\">\n\t\t\t\t\t\t\t<div class=\"col-md-6 half-title\">\n\t\t\t\t\t\t\t\t<h2 class=\"main-title title-2\">With Whom Do We Share Your Personal Information? \n<\/h2>\t\t\t\t\t\t\t<\/div>\n\t\t\t\t\t\t\t<div class=\"col-md-6 half-content\">\n\t\t\t\t\t\t\t\t<div class=\"content\">\n\t\t\t\t\t\t\t\t\t\n\t\t\t\t\t\t\t\t\t\n\t\t\t\t\t\t\t\t\t\t\t\t\t\t\t\t\t\t\t<p>The Program is offered in collaboration with Wealthsimple. BIXI transmits to Wealthsimple on a monthly basis your email address and the number of eligible BIXI trips you have completed during the previous month, so that Wealthsimple can apply the CAD$1 credit per trip in your Wealthsimple account. BIXI also shares with Wealthsimple the cumulative total of your eligible BIXI trips for the purpose of tracking the CAD$200 cap. <\/p>\n<p>In addition to Wealthsimple, members of BIXI\u2019s staff whose functions so require, as well as BIXI\u2019s service providers (for example, hosting service providers) have access to your personal information collected by BIXI in connection with the Program, to the extent that such access is required for the purposes set out in this Policy. <\/p>\n<p>BIXI may also make your personal information available to other third parties in accordance with the application of a law or court order, or in cases where BIXI suspects criminal or illegal activity, such as fraud. BIXI may also disclose your personal information to third parties if necessary to protect its assets or enforce its rights. <\/p>\n\t\t\t\t\t\t\t\t\t\n\t\t\t\t\t\t\t\t\t\t\t\t\t\t\t\t\t<\/div>\n\t\t\t\t\t\t\t<\/div>\n\t\t\t\t\t\t<\/div>\n\t\t\t\t\t\t\t\t\t\t\t\t<div class=\"row row-contents\">\n\t\t\t\t\t\t\t<div class=\"col-md-6 half-title\">\n\t\t\t\t\t\t\t\t<h2 class=\"main-title title-2\">Is Your Personal Information Transferred Outside Qu\u00e9bec? \n<\/h2>\t\t\t\t\t\t\t<\/div>\n\t\t\t\t\t\t\t<div class=\"col-md-6 half-content\">\n\t\t\t\t\t\t\t\t<div class=\"content\">\n\t\t\t\t\t\t\t\t\t\n\t\t\t\t\t\t\t\t\t\n\t\t\t\t\t\t\t\t\t\t\t\t\t\t\t\t\t\t\t<p>The personal information collected by BIXI is hosted on secure servers that may be located outside Qu\u00e9bec, including elsewhere in Canada and in the United States. The laws governing the processing of personal information may differ in these jurisdictions. However, BIXI requires privacy commitments from Wealthsimple and its service providers, as set out in the section \u201c<strong>How Do We Protect the Confidentiality of Your Personal Information?<\/strong>\u201d <\/p>\n\t\t\t\t\t\t\t\t\t\n\t\t\t\t\t\t\t\t\t\t\t\t\t\t\t\t\t<\/div>\n\t\t\t\t\t\t\t<\/div>\n\t\t\t\t\t\t<\/div>\n\t\t\t\t\t\t\t\t\t\t\t\t<div class=\"row row-contents\">\n\t\t\t\t\t\t\t<div class=\"col-md-6 half-title\">\n\t\t\t\t\t\t\t\t<h2 class=\"main-title title-2\">How Long Do We Retain Your Personal Information? \n<\/h2>\t\t\t\t\t\t\t<\/div>\n\t\t\t\t\t\t\t<div class=\"col-md-6 half-content\">\n\t\t\t\t\t\t\t\t<div class=\"content\">\n\t\t\t\t\t\t\t\t\t\n\t\t\t\t\t\t\t\t\t\n\t\t\t\t\t\t\t\t\t\t\t\t\t\t\t\t\t\t\t<p>BIXI retains your personal information only for the duration of your active participation in the Program and for a maximum period of six (6) months following the end of such participation, regardless of whether such end results from your voluntary withdrawal from the Program, the closure of your BIXI account, the closure of your Wealthsimple account, or the end of the Program. <\/p>\n<p>At the end of this period, your personal information related to the Program will be securely destroyed by BIXI or permanently anonymized. BIXI may use such anonymized data for serious and legitimate purposes without further notice or consent. <\/p>\n<p>BIXI may, however, retain personal information necessary to comply with its legal obligations. <\/p>\n\t\t\t\t\t\t\t\t\t\n\t\t\t\t\t\t\t\t\t\t\t\t\t\t\t\t\t<\/div>\n\t\t\t\t\t\t\t<\/div>\n\t\t\t\t\t\t<\/div>\n\t\t\t\t\t\t\t\t\t\t\t\t<div class=\"row row-contents\">\n\t\t\t\t\t\t\t<div class=\"col-md-6 half-title\">\n\t\t\t\t\t\t\t\t<h2 class=\"main-title title-2\">How Do We Protect the Confidentiality of Your Personal Information? \n<\/h2>\t\t\t\t\t\t\t<\/div>\n\t\t\t\t\t\t\t<div class=\"col-md-6 half-content\">\n\t\t\t\t\t\t\t\t<div class=\"content\">\n\t\t\t\t\t\t\t\t\t\n\t\t\t\t\t\t\t\t\t\n\t\t\t\t\t\t\t\t\t\t\t\t\t\t\t\t\t\t\t<p>The personal information we collect or have access to is kept confidential in accordance with applicable privacy laws. Reasonable administrative, technical, and physical measures are implemented by BIXI to protect your personal information against accidental loss, theft, and any unauthorized access, disclosure, copying, use, or modification. <\/p>\n<p>BIXI also puts in place contractual protections with Wealthsimple and its service providers, pursuant to which these parties are obligated to limit their use of personal information to the purposes strictly necessary for their engagement with BIXI. They are also required to implement and maintain reasonable administrative, technical, and physical security measures to preserve the security and confidentiality of the personal information collected under this Policy. <\/p>\n\t\t\t\t\t\t\t\t\t\n\t\t\t\t\t\t\t\t\t\t\t\t\t\t\t\t\t<\/div>\n\t\t\t\t\t\t\t<\/div>\n\t\t\t\t\t\t<\/div>\n\t\t\t\t\t\t\t\t\t\t\t\t<div class=\"row row-contents\">\n\t\t\t\t\t\t\t<div class=\"col-md-6 half-title\">\n\t\t\t\t\t\t\t\t<h2 class=\"main-title title-2\">What Are Your Rights? \n<\/h2>\t\t\t\t\t\t\t<\/div>\n\t\t\t\t\t\t\t<div class=\"col-md-6 half-content\">\n\t\t\t\t\t\t\t\t<div class=\"content\">\n\t\t\t\t\t\t\t\t\t\n\t\t\t\t\t\t\t\t\t\n\t\t\t\t\t\t\t\t\t\t\t\t\t\t\t\t\t\t\t<p>Under applicable law, you have certain rights, including the following: <\/p>\n<ul>\n<li>The right to request access to your personal information;<\/li>\n<li>The right to request the rectification of your personal information that is inaccurate or incomplete;<\/li>\n<li>The right to withdraw your consent to the disclosure or use of your personal information, in certain circumstances; and<\/li>\n<li>The right to obtain, in a structured and commonly used technological format, the computerized personal information you have provided to us, or to request that such information be transmitted to another person or organization in that same format.<\/li>\n<p>To exercise any of the rights provided by applicable law, please contact us (see the section \u201c<strong>How to Contact BIXI?<\/strong>\u201d). <\/p>\n\t\t\t\t\t\t\t\t\t\n\t\t\t\t\t\t\t\t\t\t\t\t\t\t\t\t\t<\/div>\n\t\t\t\t\t\t\t<\/div>\n\t\t\t\t\t\t<\/div>\n\t\t\t\t\t\t\t\t\t\t\t\t<div class=\"row row-contents\">\n\t\t\t\t\t\t\t<div class=\"col-md-6 half-title\">\n\t\t\t\t\t\t\t\t<h2 class=\"main-title title-2\">How Can You Withdraw from the Program? \n<\/h2>\t\t\t\t\t\t\t<\/div>\n\t\t\t\t\t\t\t<div class=\"col-md-6 half-content\">\n\t\t\t\t\t\t\t\t<div class=\"content\">\n\t\t\t\t\t\t\t\t\t\n\t\t\t\t\t\t\t\t\t\n\t\t\t\t\t\t\t\t\t\t\t\t\t\t\t\t\t\t\t<p>To withdraw from the Program at any time, please contact us by clicking on the \u201cHelp Center\u201d tab on the Site, then on the \u201cSubmit a request\u201d tab, and complete the form provided. Your withdrawal from the Program will take effect upon receipt of your request. However, the number of your eligible BIXI trips completed prior to the date of your withdrawal and not yet transmitted to Wealthsimple will be shared with Wealthsimple at the end of the month. <\/p>\n\t\t\t\t\t\t\t\t\t\n\t\t\t\t\t\t\t\t\t\t\t\t\t\t\t\t\t<\/div>\n\t\t\t\t\t\t\t<\/div>\n\t\t\t\t\t\t<\/div>\n\t\t\t\t\t\t\t\t\t\t\t\t<div class=\"row row-contents\">\n\t\t\t\t\t\t\t<div class=\"col-md-6 half-title\">\n\t\t\t\t\t\t\t\t<h2 class=\"main-title title-2\">How to Contact BIXI? \n<\/h2>\t\t\t\t\t\t\t<\/div>\n\t\t\t\t\t\t\t<div class=\"col-md-6 half-content\">\n\t\t\t\t\t\t\t\t<div class=\"content\">\n\t\t\t\t\t\t\t\t\t\n\t\t\t\t\t\t\t\t\t\n\t\t\t\t\t\t\t\t\t\t\t\t\t\t\t\t\t\t\t<p>BIXI has appointed a Privacy Officer to oversee compliance with its personal information protection practices. To learn more about those practices, to file a complaint, or to exercise any of the rights described above, you may contact BIXI\u2019s Privacy Officer, namely its General Manager, at the following coordinates: <\/p>\n<p>By email: info@bixi.com <\/p>\n<p>By phone: 514-789-BIXI (2494) or toll-free 1-877-820-2453 <\/p>\n<p>By mail: 5945 avenue de Gasp\u00e9, Montr\u00e9al (Qu\u00e9bec) H2S 2X4 <\/p>\n\t\t\t\t\t\t\t\t\t\n\t\t\t\t\t\t\t\t\t\t\t\t\t\t\t\t\t<\/div>\n\t\t\t\t\t\t\t<\/div>\n\t\t\t\t\t\t<\/div>\n\t\t\t\t\t\t\t\t\t\t\t\t<div class=\"row row-contents\">\n\t\t\t\t\t\t\t<div class=\"col-md-6 half-title\">\n\t\t\t\t\t\t\t\t<h2 class=\"main-title title-2\">How Do We Update Our Policy? \n<\/h2>\t\t\t\t\t\t\t<\/div>\n\t\t\t\t\t\t\t<div class=\"col-md-6 half-content\">\n\t\t\t\t\t\t\t\t<div class=\"content\">\n\t\t\t\t\t\t\t\t\t\n\t\t\t\t\t\t\t\t\t\n\t\t\t\t\t\t\t\t\t\t\t\t\t\t\t\t\t\t\t<p>BIXI may update this Policy from time to time. Update notices may be used to inform you of recent changes made to this Policy. <\/p>\n<p>Last updated: April 16, 2026<\/p>\n\t\t\t\t\t\t\t\t\t\n\t\t\t\t\t\t\t\t\t\t\t\t\t\t\t\t\t<\/div>\n\t\t\t\t\t\t\t<\/div>\n\t\t\t\t\t\t<\/div>\n\t\t\t\t\t\t\t\t\t\t\t<\/div>\n\t\t\t\t<\/div>\n\t\t\t<\/div>\n\t\t<\/section>\n\t","protected":false},"excerpt":{"rendered":"","protected":false},"author":37,"featured_media":0,"parent":0,"menu_order":22,"comment_status":"closed","ping_status":"closed","template":"","meta":{"_acf_changed":false,"footnotes":""},"class_list":["post-18910","page","type-page","status-publish","hentry"],"acf":{"has_pink_background":false},"yoast_head":"<!-- This site is optimized with the Yoast SEO plugin v25.1 - https:\/\/yoast.com\/wordpress\/plugins\/seo\/ -->\n<title>Privacy Policy | Wealthsimple New Client Offer - BIXI Montr\u00e9al<\/title>\n<meta name=\"robots\" content=\"index, follow, max-snippet:-1, max-image-preview:large, max-video-preview:-1\" \/>\n<link rel=\"canonical\" href=\"https:\/\/bixi.com\/en\/privacy-policy\/wealthsimple-new-client-offer\/\" \/>\n<meta property=\"og:locale\" content=\"en_US\" \/>\n<meta property=\"og:type\" content=\"article\" \/>\n<meta property=\"og:title\" content=\"Privacy Policy | Wealthsimple New Client Offer - BIXI Montr\u00e9al\" \/>\n<meta property=\"og:url\" content=\"https:\/\/bixi.com\/en\/privacy-policy\/wealthsimple-new-client-offer\/\" \/>\n<meta property=\"og:site_name\" content=\"BIXI Montr\u00e9al\" \/>\n<meta property=\"article:modified_time\" content=\"2026-04-29T11:44:36+00:00\" \/>\n<meta property=\"og:image\" content=\"https:\/\/s3.ca-central-1.amazonaws.com\/cdn.bixi.com\/wp-content\/uploads\/2023\/03\/share-default.png\" \/>\n\t<meta property=\"og:image:width\" content=\"1440\" \/>\n\t<meta property=\"og:image:height\" content=\"900\" \/>\n\t<meta property=\"og:image:type\" content=\"image\/png\" \/>\n<meta name=\"twitter:card\" content=\"summary_large_image\" \/>\n<script type=\"application\/ld+json\" class=\"yoast-schema-graph\">{\"@context\":\"https:\/\/schema.org\",\"@graph\":[{\"@type\":\"WebPage\",\"@id\":\"https:\/\/bixi.com\/en\/privacy-policy\/wealthsimple-new-client-offer\/\",\"url\":\"https:\/\/bixi.com\/en\/privacy-policy\/wealthsimple-new-client-offer\/\",\"name\":\"Privacy Policy | Wealthsimple New Client Offer - BIXI Montr\u00e9al\",\"isPartOf\":{\"@id\":\"https:\/\/bixi.com\/en\/#website\"},\"datePublished\":\"2026-04-24T15:07:59+00:00\",\"dateModified\":\"2026-04-29T11:44:36+00:00\",\"breadcrumb\":{\"@id\":\"https:\/\/bixi.com\/en\/privacy-policy\/wealthsimple-new-client-offer\/#breadcrumb\"},\"inLanguage\":\"en-US\",\"potentialAction\":[{\"@type\":\"ReadAction\",\"target\":[\"https:\/\/bixi.com\/en\/privacy-policy\/wealthsimple-new-client-offer\/\"]}]},{\"@type\":\"BreadcrumbList\",\"@id\":\"https:\/\/bixi.com\/en\/privacy-policy\/wealthsimple-new-client-offer\/#breadcrumb\",\"itemListElement\":[{\"@type\":\"ListItem\",\"position\":1,\"name\":\"Home\",\"item\":\"https:\/\/bixi.com\/en\/\"},{\"@type\":\"ListItem\",\"position\":2,\"name\":\"Privacy Policy | Wealthsimple New Client Offer\"}]},{\"@type\":\"WebSite\",\"@id\":\"https:\/\/bixi.com\/en\/#website\",\"url\":\"https:\/\/bixi.com\/en\/\",\"name\":\"BIXI Montr\u00e9al\",\"description\":\"\",\"potentialAction\":[{\"@type\":\"SearchAction\",\"target\":{\"@type\":\"EntryPoint\",\"urlTemplate\":\"https:\/\/bixi.com\/en\/?s={search_term_string}\"},\"query-input\":{\"@type\":\"PropertyValueSpecification\",\"valueRequired\":true,\"valueName\":\"search_term_string\"}}],\"inLanguage\":\"en-US\"}]}<\/script>\n<!-- \/ Yoast SEO plugin. -->","yoast_head_json":{"title":"Privacy Policy | Wealthsimple New Client Offer - BIXI Montr\u00e9al","robots":{"index":"index","follow":"follow","max-snippet":"max-snippet:-1","max-image-preview":"max-image-preview:large","max-video-preview":"max-video-preview:-1"},"canonical":"https:\/\/bixi.com\/en\/privacy-policy\/wealthsimple-new-client-offer\/","og_locale":"en_US","og_type":"article","og_title":"Privacy Policy | Wealthsimple New Client Offer - BIXI Montr\u00e9al","og_url":"https:\/\/bixi.com\/en\/privacy-policy\/wealthsimple-new-client-offer\/","og_site_name":"BIXI Montr\u00e9al","article_modified_time":"2026-04-29T11:44:36+00:00","og_image":[{"width":1440,"height":900,"url":"https:\/\/s3.ca-central-1.amazonaws.com\/cdn.bixi.com\/wp-content\/uploads\/2023\/03\/share-default.png","type":"image\/png"}],"twitter_card":"summary_large_image","schema":{"@context":"https:\/\/schema.org","@graph":[{"@type":"WebPage","@id":"https:\/\/bixi.com\/en\/privacy-policy\/wealthsimple-new-client-offer\/","url":"https:\/\/bixi.com\/en\/privacy-policy\/wealthsimple-new-client-offer\/","name":"Privacy Policy | Wealthsimple New Client Offer - BIXI Montr\u00e9al","isPartOf":{"@id":"https:\/\/bixi.com\/en\/#website"},"datePublished":"2026-04-24T15:07:59+00:00","dateModified":"2026-04-29T11:44:36+00:00","breadcrumb":{"@id":"https:\/\/bixi.com\/en\/privacy-policy\/wealthsimple-new-client-offer\/#breadcrumb"},"inLanguage":"en-US","potentialAction":[{"@type":"ReadAction","target":["https:\/\/bixi.com\/en\/privacy-policy\/wealthsimple-new-client-offer\/"]}]},{"@type":"BreadcrumbList","@id":"https:\/\/bixi.com\/en\/privacy-policy\/wealthsimple-new-client-offer\/#breadcrumb","itemListElement":[{"@type":"ListItem","position":1,"name":"Home","item":"https:\/\/bixi.com\/en\/"},{"@type":"ListItem","position":2,"name":"Privacy Policy | Wealthsimple New Client Offer"}]},{"@type":"WebSite","@id":"https:\/\/bixi.com\/en\/#website","url":"https:\/\/bixi.com\/en\/","name":"BIXI Montr\u00e9al","description":"","potentialAction":[{"@type":"SearchAction","target":{"@type":"EntryPoint","urlTemplate":"https:\/\/bixi.com\/en\/?s={search_term_string}"},"query-input":{"@type":"PropertyValueSpecification","valueRequired":true,"valueName":"search_term_string"}}],"inLanguage":"en-US"}]}},"_links":{"self":[{"href":"https:\/\/bixi.com\/en\/wp-json\/wp\/v2\/pages\/18910","targetHints":{"allow":["GET"]}}],"collection":[{"href":"https:\/\/bixi.com\/en\/wp-json\/wp\/v2\/pages"}],"about":[{"href":"https:\/\/bixi.com\/en\/wp-json\/wp\/v2\/types\/page"}],"author":[{"embeddable":true,"href":"https:\/\/bixi.com\/en\/wp-json\/wp\/v2\/users\/37"}],"replies":[{"embeddable":true,"href":"https:\/\/bixi.com\/en\/wp-json\/wp\/v2\/comments?post=18910"}],"version-history":[{"count":5,"href":"https:\/\/bixi.com\/en\/wp-json\/wp\/v2\/pages\/18910\/revisions"}],"predecessor-version":[{"id":19161,"href":"https:\/\/bixi.com\/en\/wp-json\/wp\/v2\/pages\/18910\/revisions\/19161"}],"wp:attachment":[{"href":"https:\/\/bixi.com\/en\/wp-json\/wp\/v2\/media?parent=18910"}],"curies":[{"name":"wp","href":"https:\/\/api.w.org\/{rel}","templated":true}]}}