{"id":13808,"date":"2024-08-20T11:09:00","date_gmt":"2024-08-20T15:09:00","guid":{"rendered":"https:\/\/bixi.com\/?page_id=13808"},"modified":"2024-08-20T11:55:59","modified_gmt":"2024-08-20T15:55:59","slug":"velo-quebec","status":"publish","type":"page","link":"https:\/\/bixi.com\/en\/velo-quebec\/","title":{"rendered":"V\u00e9lo Qu\u00e9bec"},"content":{"rendered":"\t\t<section  class=\"animated-two-col-full-image section-block \" data-animator-id=\"full_image\" data-simple-module-animation>\n\t\t\t<div class=\"container\">\n\t\t\t\t<div class=\"row content-wrapper\">\n\t\t\t\t\t<div class=\"col-md-12\">\n\t\t\t\t\t\t\t\t\t\t\t\t\t<div class=\"top-title-wrapper\">\n\t\t\t\t\t\t\t\t<h1 class=\"top-title title-1\">V\u00e9lo Qu\u00e9bec, BIXI&#8217;s mobility partner\n<\/h1>\t\t\t\t\t\t\t<\/div>\n\t\t\t\t\t\t\n\t\t\t\t\t\t<div class=\"ctn\">\n\t\t\t\t\t\t\t<div class=\"img-container\">\n\t\t\t\t\t\t\t\t<div class=\"img-wrapper\">\n\t\t\t\t\t\t\t\t\t\t\t\t\t\t\t\t\t\t\t<img loading=\"lazy\" decoding=\"async\" width=\"1920\" height=\"1282\" src=\"https:\/\/s3.ca-central-1.amazonaws.com\/cdn.bixi.com\/wp-content\/uploads\/2024\/08\/180601_VQ_VeloQuebec_TLN_HR_130.jpg\" class=\"img-parallax\" alt=\"V\u00e9lo Qu\u00e9bec\" srcset=\"https:\/\/s3.ca-central-1.amazonaws.com\/cdn.bixi.com\/wp-content\/uploads\/2024\/08\/180601_VQ_VeloQuebec_TLN_HR_130.jpg 1920w, https:\/\/s3.ca-central-1.amazonaws.com\/cdn.bixi.com\/wp-content\/uploads\/2024\/08\/180601_VQ_VeloQuebec_TLN_HR_130-300x200.jpg 300w, https:\/\/s3.ca-central-1.amazonaws.com\/cdn.bixi.com\/wp-content\/uploads\/2024\/08\/180601_VQ_VeloQuebec_TLN_HR_130-1024x684.jpg 1024w, https:\/\/s3.ca-central-1.amazonaws.com\/cdn.bixi.com\/wp-content\/uploads\/2024\/08\/180601_VQ_VeloQuebec_TLN_HR_130-768x513.jpg 768w, https:\/\/s3.ca-central-1.amazonaws.com\/cdn.bixi.com\/wp-content\/uploads\/2024\/08\/180601_VQ_VeloQuebec_TLN_HR_130-1536x1026.jpg 1536w, https:\/\/s3.ca-central-1.amazonaws.com\/cdn.bixi.com\/wp-content\/uploads\/2024\/08\/180601_VQ_VeloQuebec_TLN_HR_130-1438x960.jpg 1438w, https:\/\/s3.ca-central-1.amazonaws.com\/cdn.bixi.com\/wp-content\/uploads\/2024\/08\/180601_VQ_VeloQuebec_TLN_HR_130-899x600.jpg 899w, https:\/\/s3.ca-central-1.amazonaws.com\/cdn.bixi.com\/wp-content\/uploads\/2024\/08\/180601_VQ_VeloQuebec_TLN_HR_130-770x514.jpg 770w, https:\/\/s3.ca-central-1.amazonaws.com\/cdn.bixi.com\/wp-content\/uploads\/2024\/08\/180601_VQ_VeloQuebec_TLN_HR_130-960x641.jpg 960w, https:\/\/s3.ca-central-1.amazonaws.com\/cdn.bixi.com\/wp-content\/uploads\/2024\/08\/180601_VQ_VeloQuebec_TLN_HR_130-500x334.jpg 500w, https:\/\/s3.ca-central-1.amazonaws.com\/cdn.bixi.com\/wp-content\/uploads\/2024\/08\/180601_VQ_VeloQuebec_TLN_HR_130-150x100.jpg 150w, https:\/\/s3.ca-central-1.amazonaws.com\/cdn.bixi.com\/wp-content\/uploads\/2024\/08\/180601_VQ_VeloQuebec_TLN_HR_130-81x54.jpg 81w, https:\/\/s3.ca-central-1.amazonaws.com\/cdn.bixi.com\/wp-content\/uploads\/2024\/08\/180601_VQ_VeloQuebec_TLN_HR_130-66x44.jpg 66w, https:\/\/s3.ca-central-1.amazonaws.com\/cdn.bixi.com\/wp-content\/uploads\/2024\/08\/180601_VQ_VeloQuebec_TLN_HR_130-105x70.jpg 105w, https:\/\/s3.ca-central-1.amazonaws.com\/cdn.bixi.com\/wp-content\/uploads\/2024\/08\/180601_VQ_VeloQuebec_TLN_HR_130-84x56.jpg 84w, https:\/\/s3.ca-central-1.amazonaws.com\/cdn.bixi.com\/wp-content\/uploads\/2024\/08\/180601_VQ_VeloQuebec_TLN_HR_130-450x300.jpg 450w\" sizes=\"auto, (max-width: 1920px) 100vw, 1920px\" \/>\t\t\t\t\t\t\t\t\t\t\t\t\t\t\t\t\t<\/div>\n\t\t\t\t\t\t\t<\/div>\n\t\t\t\t\t\t\t<div class=\"title\">\n\t\t\t\t\t\t\t\t<h2 class=\"main-title title-2\">A partnership to promote cycling\n<\/h2>\t\t\t\t\t\t\t<\/div>\n\t\t\t\t\t\t\t<div class=\"content\">\n\t\t\t\t\t\t\t\t\t\t\t\t\t\t\t\t\t<p>The partnership between V\u00e9lo Qu\u00e9bec and BIXI goes back a long way! Rooted in shared values of promoting cycling and physical activity, it aims to make cycling accessible to all, while supporting sustainable development initiatives. <\/p>\n<p>We encourage citizens to choose cycling not only as a means of transport, but also as a way of life, thereby helping to reduce carbon footprints and improve the quality of urban life.<\/p>\n\t\t\t\t\t\t\t\t\n\t\t\t\t\t\t\t\t\t\t\t\t\t\t\t<\/div>\n\t\t\t\t\t\t<\/div>\n\t\t\t\t\t<\/div>\n\t\t\t\t<\/div>\n\t\t\t<\/div>\n\t\t<\/section>\n\t\n\n\t\t<section  class=\"half-half section-block   \">\n\t\t\t<div class=\"container\">\n\t\t\t\t<div class=\"row\">\n\t\t\t\t\t<div class=\"col-md-12\">\n\t\t\t\t\t\t<div class=\"row content-wrapper\">\n\t\t\t\t\t\t\t<div class=\"col-md-6 half-img\">\n\t\t\t\t\t\t\t\t<div class=\"bg\">\n\t\t\t\t\t\t\t\t\t\t\t\t\t\t\t\t\t\t\t<img loading=\"lazy\" decoding=\"async\" width=\"400\" height=\"600\" src=\"https:\/\/s3.ca-central-1.amazonaws.com\/cdn.bixi.com\/wp-content\/uploads\/2024\/08\/partenaire_velo_quebec_1-400x600.jpg\" class=\"attachment-half_half size-half_half\" alt=\"\" srcset=\"https:\/\/s3.ca-central-1.amazonaws.com\/cdn.bixi.com\/wp-content\/uploads\/2024\/08\/partenaire_velo_quebec_1-400x600.jpg 400w, https:\/\/s3.ca-central-1.amazonaws.com\/cdn.bixi.com\/wp-content\/uploads\/2024\/08\/partenaire_velo_quebec_1-200x300.jpg 200w, https:\/\/s3.ca-central-1.amazonaws.com\/cdn.bixi.com\/wp-content\/uploads\/2024\/08\/partenaire_velo_quebec_1-683x1024.jpg 683w, https:\/\/s3.ca-central-1.amazonaws.com\/cdn.bixi.com\/wp-content\/uploads\/2024\/08\/partenaire_velo_quebec_1-768x1152.jpg 768w, https:\/\/s3.ca-central-1.amazonaws.com\/cdn.bixi.com\/wp-content\/uploads\/2024\/08\/partenaire_velo_quebec_1-1024x1536.jpg 1024w, https:\/\/s3.ca-central-1.amazonaws.com\/cdn.bixi.com\/wp-content\/uploads\/2024\/08\/partenaire_velo_quebec_1-640x960.jpg 640w, https:\/\/s3.ca-central-1.amazonaws.com\/cdn.bixi.com\/wp-content\/uploads\/2024\/08\/partenaire_velo_quebec_1-480x720.jpg 480w, https:\/\/s3.ca-central-1.amazonaws.com\/cdn.bixi.com\/wp-content\/uploads\/2024\/08\/partenaire_velo_quebec_1-253x380.jpg 253w, https:\/\/s3.ca-central-1.amazonaws.com\/cdn.bixi.com\/wp-content\/uploads\/2024\/08\/partenaire_velo_quebec_1-100x150.jpg 100w, https:\/\/s3.ca-central-1.amazonaws.com\/cdn.bixi.com\/wp-content\/uploads\/2024\/08\/partenaire_velo_quebec_1-36x54.jpg 36w, https:\/\/s3.ca-central-1.amazonaws.com\/cdn.bixi.com\/wp-content\/uploads\/2024\/08\/partenaire_velo_quebec_1-29x44.jpg 29w, https:\/\/s3.ca-central-1.amazonaws.com\/cdn.bixi.com\/wp-content\/uploads\/2024\/08\/partenaire_velo_quebec_1-47x70.jpg 47w, https:\/\/s3.ca-central-1.amazonaws.com\/cdn.bixi.com\/wp-content\/uploads\/2024\/08\/partenaire_velo_quebec_1-37x56.jpg 37w, https:\/\/s3.ca-central-1.amazonaws.com\/cdn.bixi.com\/wp-content\/uploads\/2024\/08\/partenaire_velo_quebec_1-450x675.jpg 450w, https:\/\/s3.ca-central-1.amazonaws.com\/cdn.bixi.com\/wp-content\/uploads\/2024\/08\/partenaire_velo_quebec_1.jpg 1280w\" sizes=\"auto, (max-width: 400px) 100vw, 400px\" \/>\t\t\t\t\t\t\t\t\t\t\t\t\t\t\t\t\t<\/div>\n\t\t\t\t\t\t\t\t\t\t\t\t\t\t\t<\/div>\n\t\t\t\t\t\t\t<div class=\"col-md-6 half-content\">\n\t\t\t\t\t\t\t\t<div class=\"content\">\n\t\t\t\t\t\t\t\t\t\n\t\t\t\t\t\t\t\t\t<h2 class=\"main-title title-2\">Take part in the Go V\u00e9lo Montr\u00e9al Festival with a BIXI!\n<\/h2>\n\t\t\t\t\t\t\t\t\t\n\t\t\t\t\t\t\t\t\t\t\t\t\t\t\t\t\t\t\t<p>Festival Go v\u00e9lo Montr\u00e9al is THE annual celebration of all aspects of Montreal&#8217;s cycling culture! Every year, we invite BIXISTS to participate in Tour la Nuit and\/or Tour de l&#8217;\u00eele by BIXI! <\/p>\n<p>A special one-way ticket, available at the kiosk and in the app at the time of the 2 events, lets you rent a bike for 4 hours and ride in the company of thousands of other cyclists through car-free streets.<\/p>\n<p>It&#8217;s also the perfect opportunity to borrow a <a href=\"https:\/\/bixi.com\/en\/glowing-bikes\/\">glowing BIXI<\/a>!<\/p>\n<p>Stay tuned! The proposed route for the festival changes every year. <\/p>\n\t\t\t\t\t\t\t\t\t\n\t\t\t\t\t\t\t\t\t\t\t\t\t\t\t\t\t<\/div>\n\t\t\t\t\t\t\t<\/div>\n\t\t\t\t\t\t<\/div>\n\t\t\t\t\t<\/div>\n\t\t\t\t<\/div>\n\t\t\t<\/div>\n\t\t<\/section>\n\t\n\n\t\t<section id=\"samedis-gratuits\" class=\"half-half section-block   \">\n\t\t\t<div class=\"container\">\n\t\t\t\t<div class=\"row\">\n\t\t\t\t\t<div class=\"col-md-12\">\n\t\t\t\t\t\t<div class=\"row content-wrapper\">\n\t\t\t\t\t\t\t<div class=\"col-md-6 half-img\">\n\t\t\t\t\t\t\t\t<div class=\"bg\">\n\t\t\t\t\t\t\t\t\t\t\t\t\t\t\t\t\t\t\t<img loading=\"lazy\" decoding=\"async\" width=\"400\" height=\"600\" src=\"https:\/\/s3.ca-central-1.amazonaws.com\/cdn.bixi.com\/wp-content\/uploads\/2024\/08\/velo-quebec-bixi-location-velo-montreal-400x600.jpg\" class=\"attachment-half_half size-half_half\" alt=\"V\u00e9lo Qu\u00e9bec\" srcset=\"https:\/\/s3.ca-central-1.amazonaws.com\/cdn.bixi.com\/wp-content\/uploads\/2024\/08\/velo-quebec-bixi-location-velo-montreal-400x600.jpg 400w, https:\/\/s3.ca-central-1.amazonaws.com\/cdn.bixi.com\/wp-content\/uploads\/2024\/08\/velo-quebec-bixi-location-velo-montreal-200x300.jpg 200w, https:\/\/s3.ca-central-1.amazonaws.com\/cdn.bixi.com\/wp-content\/uploads\/2024\/08\/velo-quebec-bixi-location-velo-montreal-683x1024.jpg 683w, https:\/\/s3.ca-central-1.amazonaws.com\/cdn.bixi.com\/wp-content\/uploads\/2024\/08\/velo-quebec-bixi-location-velo-montreal-768x1152.jpg 768w, https:\/\/s3.ca-central-1.amazonaws.com\/cdn.bixi.com\/wp-content\/uploads\/2024\/08\/velo-quebec-bixi-location-velo-montreal-1024x1536.jpg 1024w, https:\/\/s3.ca-central-1.amazonaws.com\/cdn.bixi.com\/wp-content\/uploads\/2024\/08\/velo-quebec-bixi-location-velo-montreal-640x960.jpg 640w, https:\/\/s3.ca-central-1.amazonaws.com\/cdn.bixi.com\/wp-content\/uploads\/2024\/08\/velo-quebec-bixi-location-velo-montreal-480x720.jpg 480w, https:\/\/s3.ca-central-1.amazonaws.com\/cdn.bixi.com\/wp-content\/uploads\/2024\/08\/velo-quebec-bixi-location-velo-montreal-253x380.jpg 253w, https:\/\/s3.ca-central-1.amazonaws.com\/cdn.bixi.com\/wp-content\/uploads\/2024\/08\/velo-quebec-bixi-location-velo-montreal-100x150.jpg 100w, https:\/\/s3.ca-central-1.amazonaws.com\/cdn.bixi.com\/wp-content\/uploads\/2024\/08\/velo-quebec-bixi-location-velo-montreal-36x54.jpg 36w, https:\/\/s3.ca-central-1.amazonaws.com\/cdn.bixi.com\/wp-content\/uploads\/2024\/08\/velo-quebec-bixi-location-velo-montreal-29x44.jpg 29w, https:\/\/s3.ca-central-1.amazonaws.com\/cdn.bixi.com\/wp-content\/uploads\/2024\/08\/velo-quebec-bixi-location-velo-montreal-47x70.jpg 47w, https:\/\/s3.ca-central-1.amazonaws.com\/cdn.bixi.com\/wp-content\/uploads\/2024\/08\/velo-quebec-bixi-location-velo-montreal-37x56.jpg 37w, https:\/\/s3.ca-central-1.amazonaws.com\/cdn.bixi.com\/wp-content\/uploads\/2024\/08\/velo-quebec-bixi-location-velo-montreal-450x675.jpg 450w, https:\/\/s3.ca-central-1.amazonaws.com\/cdn.bixi.com\/wp-content\/uploads\/2024\/08\/velo-quebec-bixi-location-velo-montreal.jpg 1280w\" sizes=\"auto, (max-width: 400px) 100vw, 400px\" \/>\t\t\t\t\t\t\t\t\t\t\t\t\t\t\t\t\t<\/div>\n\t\t\t\t\t\t\t\t\t\t\t\t\t\t\t<\/div>\n\t\t\t\t\t\t\t<div class=\"col-md-6 half-content\">\n\t\t\t\t\t\t\t\t<div class=\"content\">\n\t\t\t\t\t\t\t\t\t\n\t\t\t\t\t\t\t\t\t<h2 class=\"main-title title-2\">Discover the program Toutes \u00e0 v\u00e9lo!\n<\/h2>\n\t\t\t\t\t\t\t\t\t\n\t\t\t\t\t\t\t\t\t\t\t\t\t\t\t\t\t\t\t<p><i>Toutes \u00e0 v\u00e9lo<\/i> is a bicycle training program created by V\u00e9lo Qu\u00e9bec that makes cycling accessible to women who have never had the opportunity to learn. As a result, they can discover the joys of cycling, both as a leisure activity and as a mode of transport.<\/p>\n<p>The program, centered on peer support, also helps them gain confidence and familiarize themselves with the city&#8217;s various bike paths. BIXI is delighted to support this initiative by offering memberships and coordinating the logistics of certain activities.  <\/p>\n\t\t\t\t\t\t\t\t\t\n\t\t\t\t\t\t\t\t\t\t\t\t\t\t\t\t\t\t\t<div class=\"btns\">\n\t\t\t\t\t\t\t\t\t\t\t\t\t\t\t\t\t\t\t\t\t\t\t\t\t\t\t\t\t\t\t\t\t\t\t\t\t\t\t<a href=\"https:\/\/www.velo.qc.ca\/en\/programs-and-campaigns\/toutes-a-velo\/\" \n\t\t\t\tclass=\"button button-primary \" \n\t\t\t\t target=\"_blank\" rel=\"noopener\" \n\t\t\t\t>\n\t\t\t\t\t\t\t\t\t<span class=\"btn-mask\" data-button-label=\"Learn more\">\n\t\t\t\t\t\t<span class=\"btn-label\">\n\t\t\t\t\t\t\tLearn more\t\t\t\t\t\t<\/span>\n\t\t\t\t\t<\/span>\n\t\t\t\t\t\t\t\t\t\t<span class=\"btn-mask-icon\">\n\t\t\t\t\t\t<i class=\"icon \"><\/i>\n\t\t\t\t\t<\/span>\n\t\t\t\t\t\t\t\t\t\t\t\t<\/a>\n\t\t\t\t\t\t\t\t\t\t\t\t\t\t\t\t\t\t\t\t\t\t\t\t\t\t\t\t\t\t\t\t\t\t\t<\/div>\n\t\t\t\t\t\t\t\t\t\t\t\t\t\t\t\t\t<\/div>\n\t\t\t\t\t\t\t<\/div>\n\t\t\t\t\t\t<\/div>\n\t\t\t\t\t<\/div>\n\t\t\t\t<\/div>\n\t\t\t<\/div>\n\t\t<\/section>\n\t\n\n\t\t\t<section  class=\"banner-cta section-block\">\n\t\t\t\t<div class=\"img-container\">\n\t\t\t\t\t\t\t\t\t\t\t<img loading=\"lazy\" decoding=\"async\" width=\"1600\" height=\"833\" src=\"https:\/\/s3.ca-central-1.amazonaws.com\/cdn.bixi.com\/wp-content\/uploads\/2023\/03\/location-velo-montreal-cta-0-18e7ad-02422-489659.jpg\" class=\"attachment-full_width size-full_width\" alt=\"Saison BIXI 2023\" srcset=\"https:\/\/s3.ca-central-1.amazonaws.com\/cdn.bixi.com\/wp-content\/uploads\/2023\/03\/location-velo-montreal-cta-0-18e7ad-02422-489659.jpg 1600w, https:\/\/s3.ca-central-1.amazonaws.com\/cdn.bixi.com\/wp-content\/uploads\/2023\/03\/location-velo-montreal-cta-0-18e7ad-02422-489659-300x156.jpg 300w, https:\/\/s3.ca-central-1.amazonaws.com\/cdn.bixi.com\/wp-content\/uploads\/2023\/03\/location-velo-montreal-cta-0-18e7ad-02422-489659-1024x533.jpg 1024w, https:\/\/s3.ca-central-1.amazonaws.com\/cdn.bixi.com\/wp-content\/uploads\/2023\/03\/location-velo-montreal-cta-0-18e7ad-02422-489659-768x400.jpg 768w, https:\/\/s3.ca-central-1.amazonaws.com\/cdn.bixi.com\/wp-content\/uploads\/2023\/03\/location-velo-montreal-cta-0-18e7ad-02422-489659-1536x800.jpg 1536w, https:\/\/s3.ca-central-1.amazonaws.com\/cdn.bixi.com\/wp-content\/uploads\/2023\/03\/location-velo-montreal-cta-0-18e7ad-02422-489659-935x487.jpg 935w, https:\/\/s3.ca-central-1.amazonaws.com\/cdn.bixi.com\/wp-content\/uploads\/2023\/03\/location-velo-montreal-cta-0-18e7ad-02422-489659-770x401.jpg 770w, https:\/\/s3.ca-central-1.amazonaws.com\/cdn.bixi.com\/wp-content\/uploads\/2023\/03\/location-velo-montreal-cta-0-18e7ad-02422-489659-960x500.jpg 960w, https:\/\/s3.ca-central-1.amazonaws.com\/cdn.bixi.com\/wp-content\/uploads\/2023\/03\/location-velo-montreal-cta-0-18e7ad-02422-489659-500x260.jpg 500w, https:\/\/s3.ca-central-1.amazonaws.com\/cdn.bixi.com\/wp-content\/uploads\/2023\/03\/location-velo-montreal-cta-0-18e7ad-02422-489659-150x78.jpg 150w, https:\/\/s3.ca-central-1.amazonaws.com\/cdn.bixi.com\/wp-content\/uploads\/2023\/03\/location-velo-montreal-cta-0-18e7ad-02422-489659-104x54.jpg 104w, https:\/\/s3.ca-central-1.amazonaws.com\/cdn.bixi.com\/wp-content\/uploads\/2023\/03\/location-velo-montreal-cta-0-18e7ad-02422-489659-108x56.jpg 108w, https:\/\/s3.ca-central-1.amazonaws.com\/cdn.bixi.com\/wp-content\/uploads\/2023\/03\/location-velo-montreal-cta-0-18e7ad-02422-489659-450x234.jpg 450w\" sizes=\"auto, (max-width: 1600px) 100vw, 1600px\" \/>\t\t\t\t\t\n\t\t\t\t\t<div class=\"content\">\n\t\t\t\t\t\t\t\t\t\t\t\t\t<div class=\"text\"><p>Shall we ride together?<br \/>\n<span class=\"gray\">Download the BIXI app, find and unlock your bike!<\/span><\/p>\n<\/div>\n\t\t\t\t\t\t\n\t\t\t\t\t\t\t\t\t\t\t\t\t<div class=\"btns\">\n\t\t\t\t\t\t\t\t\t\t\t\t\t\t\t\t\t\t\t\t<a href=\"https:\/\/bixi.com\/en\/mobile-application\/\" \n\t\t\t\tclass=\"button button-primary \" \n\t\t\t\t \n\t\t\t\t>\n\t\t\t\t\t\t\t\t\t<span class=\"btn-mask\" data-button-label=\"Download\">\n\t\t\t\t\t\t<span class=\"btn-label\">\n\t\t\t\t\t\t\tDownload\t\t\t\t\t\t<\/span>\n\t\t\t\t\t<\/span>\n\t\t\t\t\t\t\t\t\t\t<span class=\"btn-mask-icon\">\n\t\t\t\t\t\t<i class=\"icon \"><\/i>\n\t\t\t\t\t<\/span>\n\t\t\t\t\t\t\t\t\t\t\t\t<\/a>\n\t\t\t\t\t\t\t\t\t\t\t\t\t\t\t\t\t<\/div>\n\t\t\t\t\t\t\t\t\t\t\t<\/div>\n\t\t\t\t<\/div>\n\t\t\t<\/section>\n\t\t","protected":false},"excerpt":{"rendered":"","protected":false},"author":37,"featured_media":13741,"parent":0,"menu_order":114,"comment_status":"closed","ping_status":"closed","template":"","meta":{"_acf_changed":false,"footnotes":""},"class_list":["post-13808","page","type-page","status-publish","has-post-thumbnail","hentry"],"acf":{"has_pink_background":false},"yoast_head":"<!-- This site is optimized with the Yoast SEO plugin v25.1 - https:\/\/yoast.com\/wordpress\/plugins\/seo\/ -->\n<title>V\u00e9lo Qu\u00e9bec, mobility partner | BIXI Montr\u00e9al<\/title>\n<meta name=\"description\" content=\"Together, V\u00e9lo Qu\u00e9bec and BIXI promote cycling and physical activity and aim to make cycling accessible to all.\" \/>\n<meta name=\"robots\" content=\"index, follow, max-snippet:-1, max-image-preview:large, max-video-preview:-1\" \/>\n<link rel=\"canonical\" href=\"https:\/\/bixi.com\/en\/velo-quebec\/\" \/>\n<meta property=\"og:locale\" content=\"en_US\" \/>\n<meta property=\"og:type\" content=\"article\" \/>\n<meta property=\"og:title\" content=\"V\u00e9lo Qu\u00e9bec, mobility partner | BIXI Montr\u00e9al\" \/>\n<meta property=\"og:description\" content=\"Together, V\u00e9lo Qu\u00e9bec and BIXI promote cycling and physical activity and aim to make cycling accessible to all.\" \/>\n<meta property=\"og:url\" content=\"https:\/\/bixi.com\/en\/velo-quebec\/\" \/>\n<meta property=\"og:site_name\" content=\"BIXI Montr\u00e9al\" \/>\n<meta property=\"article:modified_time\" content=\"2024-08-20T15:55:59+00:00\" \/>\n<meta property=\"og:image\" content=\"https:\/\/s3.ca-central-1.amazonaws.com\/cdn.bixi.com\/wp-content\/uploads\/2024\/08\/180601_VQ_VeloQuebec_TLN_HR_130.jpg\" \/>\n\t<meta property=\"og:image:width\" content=\"1920\" \/>\n\t<meta property=\"og:image:height\" content=\"1282\" \/>\n\t<meta property=\"og:image:type\" content=\"image\/jpeg\" \/>\n<meta name=\"twitter:card\" content=\"summary_large_image\" \/>\n<script type=\"application\/ld+json\" class=\"yoast-schema-graph\">{\"@context\":\"https:\/\/schema.org\",\"@graph\":[{\"@type\":\"WebPage\",\"@id\":\"https:\/\/bixi.com\/en\/velo-quebec\/\",\"url\":\"https:\/\/bixi.com\/en\/velo-quebec\/\",\"name\":\"V\u00e9lo Qu\u00e9bec, mobility partner | BIXI Montr\u00e9al\",\"isPartOf\":{\"@id\":\"https:\/\/bixi.com\/en\/#website\"},\"primaryImageOfPage\":{\"@id\":\"https:\/\/bixi.com\/en\/velo-quebec\/#primaryimage\"},\"image\":{\"@id\":\"https:\/\/bixi.com\/en\/velo-quebec\/#primaryimage\"},\"thumbnailUrl\":\"https:\/\/s3.ca-central-1.amazonaws.com\/cdn.bixi.com\/wp-content\/uploads\/2024\/08\/180601_VQ_VeloQuebec_TLN_HR_130.jpg\",\"datePublished\":\"2024-08-20T15:09:00+00:00\",\"dateModified\":\"2024-08-20T15:55:59+00:00\",\"description\":\"Together, V\u00e9lo Qu\u00e9bec and BIXI promote cycling and physical activity and aim to make cycling accessible to all.\",\"breadcrumb\":{\"@id\":\"https:\/\/bixi.com\/en\/velo-quebec\/#breadcrumb\"},\"inLanguage\":\"en-US\",\"potentialAction\":[{\"@type\":\"ReadAction\",\"target\":[\"https:\/\/bixi.com\/en\/velo-quebec\/\"]}]},{\"@type\":\"ImageObject\",\"inLanguage\":\"en-US\",\"@id\":\"https:\/\/bixi.com\/en\/velo-quebec\/#primaryimage\",\"url\":\"https:\/\/s3.ca-central-1.amazonaws.com\/cdn.bixi.com\/wp-content\/uploads\/2024\/08\/180601_VQ_VeloQuebec_TLN_HR_130.jpg\",\"contentUrl\":\"https:\/\/s3.ca-central-1.amazonaws.com\/cdn.bixi.com\/wp-content\/uploads\/2024\/08\/180601_VQ_VeloQuebec_TLN_HR_130.jpg\",\"width\":1920,\"height\":1282,\"caption\":\"V\u00e9lo Qu\u00e9bec\"},{\"@type\":\"BreadcrumbList\",\"@id\":\"https:\/\/bixi.com\/en\/velo-quebec\/#breadcrumb\",\"itemListElement\":[{\"@type\":\"ListItem\",\"position\":1,\"name\":\"Home\",\"item\":\"https:\/\/bixi.com\/en\/\"},{\"@type\":\"ListItem\",\"position\":2,\"name\":\"V\u00e9lo Qu\u00e9bec\"}]},{\"@type\":\"WebSite\",\"@id\":\"https:\/\/bixi.com\/en\/#website\",\"url\":\"https:\/\/bixi.com\/en\/\",\"name\":\"BIXI Montr\u00e9al\",\"description\":\"\",\"potentialAction\":[{\"@type\":\"SearchAction\",\"target\":{\"@type\":\"EntryPoint\",\"urlTemplate\":\"https:\/\/bixi.com\/en\/?s={search_term_string}\"},\"query-input\":{\"@type\":\"PropertyValueSpecification\",\"valueRequired\":true,\"valueName\":\"search_term_string\"}}],\"inLanguage\":\"en-US\"}]}<\/script>\n<!-- \/ Yoast SEO plugin. -->","yoast_head_json":{"title":"V\u00e9lo Qu\u00e9bec, mobility partner | BIXI Montr\u00e9al","description":"Together, V\u00e9lo Qu\u00e9bec and BIXI promote cycling and physical activity and aim to make cycling accessible to all.","robots":{"index":"index","follow":"follow","max-snippet":"max-snippet:-1","max-image-preview":"max-image-preview:large","max-video-preview":"max-video-preview:-1"},"canonical":"https:\/\/bixi.com\/en\/velo-quebec\/","og_locale":"en_US","og_type":"article","og_title":"V\u00e9lo Qu\u00e9bec, mobility partner | BIXI Montr\u00e9al","og_description":"Together, V\u00e9lo Qu\u00e9bec and BIXI promote cycling and physical activity and aim to make cycling accessible to all.","og_url":"https:\/\/bixi.com\/en\/velo-quebec\/","og_site_name":"BIXI Montr\u00e9al","article_modified_time":"2024-08-20T15:55:59+00:00","og_image":[{"width":1920,"height":1282,"url":"https:\/\/s3.ca-central-1.amazonaws.com\/cdn.bixi.com\/wp-content\/uploads\/2024\/08\/180601_VQ_VeloQuebec_TLN_HR_130.jpg","type":"image\/jpeg"}],"twitter_card":"summary_large_image","schema":{"@context":"https:\/\/schema.org","@graph":[{"@type":"WebPage","@id":"https:\/\/bixi.com\/en\/velo-quebec\/","url":"https:\/\/bixi.com\/en\/velo-quebec\/","name":"V\u00e9lo Qu\u00e9bec, mobility partner | BIXI Montr\u00e9al","isPartOf":{"@id":"https:\/\/bixi.com\/en\/#website"},"primaryImageOfPage":{"@id":"https:\/\/bixi.com\/en\/velo-quebec\/#primaryimage"},"image":{"@id":"https:\/\/bixi.com\/en\/velo-quebec\/#primaryimage"},"thumbnailUrl":"https:\/\/s3.ca-central-1.amazonaws.com\/cdn.bixi.com\/wp-content\/uploads\/2024\/08\/180601_VQ_VeloQuebec_TLN_HR_130.jpg","datePublished":"2024-08-20T15:09:00+00:00","dateModified":"2024-08-20T15:55:59+00:00","description":"Together, V\u00e9lo Qu\u00e9bec and BIXI promote cycling and physical activity and aim to make cycling accessible to all.","breadcrumb":{"@id":"https:\/\/bixi.com\/en\/velo-quebec\/#breadcrumb"},"inLanguage":"en-US","potentialAction":[{"@type":"ReadAction","target":["https:\/\/bixi.com\/en\/velo-quebec\/"]}]},{"@type":"ImageObject","inLanguage":"en-US","@id":"https:\/\/bixi.com\/en\/velo-quebec\/#primaryimage","url":"https:\/\/s3.ca-central-1.amazonaws.com\/cdn.bixi.com\/wp-content\/uploads\/2024\/08\/180601_VQ_VeloQuebec_TLN_HR_130.jpg","contentUrl":"https:\/\/s3.ca-central-1.amazonaws.com\/cdn.bixi.com\/wp-content\/uploads\/2024\/08\/180601_VQ_VeloQuebec_TLN_HR_130.jpg","width":1920,"height":1282,"caption":"V\u00e9lo Qu\u00e9bec"},{"@type":"BreadcrumbList","@id":"https:\/\/bixi.com\/en\/velo-quebec\/#breadcrumb","itemListElement":[{"@type":"ListItem","position":1,"name":"Home","item":"https:\/\/bixi.com\/en\/"},{"@type":"ListItem","position":2,"name":"V\u00e9lo Qu\u00e9bec"}]},{"@type":"WebSite","@id":"https:\/\/bixi.com\/en\/#website","url":"https:\/\/bixi.com\/en\/","name":"BIXI Montr\u00e9al","description":"","potentialAction":[{"@type":"SearchAction","target":{"@type":"EntryPoint","urlTemplate":"https:\/\/bixi.com\/en\/?s={search_term_string}"},"query-input":{"@type":"PropertyValueSpecification","valueRequired":true,"valueName":"search_term_string"}}],"inLanguage":"en-US"}]}},"_links":{"self":[{"href":"https:\/\/bixi.com\/en\/wp-json\/wp\/v2\/pages\/13808","targetHints":{"allow":["GET"]}}],"collection":[{"href":"https:\/\/bixi.com\/en\/wp-json\/wp\/v2\/pages"}],"about":[{"href":"https:\/\/bixi.com\/en\/wp-json\/wp\/v2\/types\/page"}],"author":[{"embeddable":true,"href":"https:\/\/bixi.com\/en\/wp-json\/wp\/v2\/users\/37"}],"replies":[{"embeddable":true,"href":"https:\/\/bixi.com\/en\/wp-json\/wp\/v2\/comments?post=13808"}],"version-history":[{"count":2,"href":"https:\/\/bixi.com\/en\/wp-json\/wp\/v2\/pages\/13808\/revisions"}],"predecessor-version":[{"id":13810,"href":"https:\/\/bixi.com\/en\/wp-json\/wp\/v2\/pages\/13808\/revisions\/13810"}],"wp:featuredmedia":[{"embeddable":true,"href":"https:\/\/bixi.com\/en\/wp-json\/wp\/v2\/media\/13741"}],"wp:attachment":[{"href":"https:\/\/bixi.com\/en\/wp-json\/wp\/v2\/media?parent=13808"}],"curies":[{"name":"wp","href":"https:\/\/api.w.org\/{rel}","templated":true}]}}