{"id":12831,"date":"2024-04-16T14:35:49","date_gmt":"2024-04-16T18:35:49","guid":{"rendered":"https:\/\/bixi.com\/?page_id=12831"},"modified":"2026-02-10T13:49:06","modified_gmt":"2026-02-10T18:49:06","slug":"loto-quebec","status":"publish","type":"page","link":"https:\/\/bixi.com\/en\/loto-quebec\/","title":{"rendered":"Loto-Qu\u00e9bec"},"content":{"rendered":"\t\t<section  class=\"animated-two-col-full-image section-block \" data-animator-id=\"full_image\" data-simple-module-animation>\n\t\t\t<div class=\"container\">\n\t\t\t\t<div class=\"row content-wrapper\">\n\t\t\t\t\t<div class=\"col-md-12\">\n\t\t\t\t\t\t\t\t\t\t\t\t\t<div class=\"top-title-wrapper\">\n\t\t\t\t\t\t\t\t<h1 class=\"top-title title-1\">Loto-Qu\u00e9bec, BIXI&#8217;s presenting partner\n<\/h1>\t\t\t\t\t\t\t<\/div>\n\t\t\t\t\t\t\n\t\t\t\t\t\t<div class=\"ctn\">\n\t\t\t\t\t\t\t<div class=\"img-container\">\n\t\t\t\t\t\t\t\t<div class=\"img-wrapper\">\n\t\t\t\t\t\t\t\t\t\t\t\t\t\t\t\t\t\t\t<img loading=\"lazy\" decoding=\"async\" width=\"1920\" height=\"1280\" src=\"https:\/\/s3.ca-central-1.amazonaws.com\/cdn.bixi.com\/wp-content\/uploads\/2024\/04\/location-de-velo-bixi-loto-quebec-4-1920x1280.jpg\" class=\"img-parallax\" alt=\"\" srcset=\"https:\/\/s3.ca-central-1.amazonaws.com\/cdn.bixi.com\/wp-content\/uploads\/2024\/04\/location-de-velo-bixi-loto-quebec-4-1920x1280.jpg 1920w, https:\/\/s3.ca-central-1.amazonaws.com\/cdn.bixi.com\/wp-content\/uploads\/2024\/04\/location-de-velo-bixi-loto-quebec-4-300x200.jpg 300w, https:\/\/s3.ca-central-1.amazonaws.com\/cdn.bixi.com\/wp-content\/uploads\/2024\/04\/location-de-velo-bixi-loto-quebec-4-1024x683.jpg 1024w, https:\/\/s3.ca-central-1.amazonaws.com\/cdn.bixi.com\/wp-content\/uploads\/2024\/04\/location-de-velo-bixi-loto-quebec-4-768x512.jpg 768w, https:\/\/s3.ca-central-1.amazonaws.com\/cdn.bixi.com\/wp-content\/uploads\/2024\/04\/location-de-velo-bixi-loto-quebec-4-1536x1024.jpg 1536w, https:\/\/s3.ca-central-1.amazonaws.com\/cdn.bixi.com\/wp-content\/uploads\/2024\/04\/location-de-velo-bixi-loto-quebec-4-1440x960.jpg 1440w, https:\/\/s3.ca-central-1.amazonaws.com\/cdn.bixi.com\/wp-content\/uploads\/2024\/04\/location-de-velo-bixi-loto-quebec-4-900x600.jpg 900w, https:\/\/s3.ca-central-1.amazonaws.com\/cdn.bixi.com\/wp-content\/uploads\/2024\/04\/location-de-velo-bixi-loto-quebec-4-770x513.jpg 770w, https:\/\/s3.ca-central-1.amazonaws.com\/cdn.bixi.com\/wp-content\/uploads\/2024\/04\/location-de-velo-bixi-loto-quebec-4-960x640.jpg 960w, https:\/\/s3.ca-central-1.amazonaws.com\/cdn.bixi.com\/wp-content\/uploads\/2024\/04\/location-de-velo-bixi-loto-quebec-4-500x333.jpg 500w, https:\/\/s3.ca-central-1.amazonaws.com\/cdn.bixi.com\/wp-content\/uploads\/2024\/04\/location-de-velo-bixi-loto-quebec-4-150x100.jpg 150w, https:\/\/s3.ca-central-1.amazonaws.com\/cdn.bixi.com\/wp-content\/uploads\/2024\/04\/location-de-velo-bixi-loto-quebec-4-81x54.jpg 81w, https:\/\/s3.ca-central-1.amazonaws.com\/cdn.bixi.com\/wp-content\/uploads\/2024\/04\/location-de-velo-bixi-loto-quebec-4-84x56.jpg 84w, https:\/\/s3.ca-central-1.amazonaws.com\/cdn.bixi.com\/wp-content\/uploads\/2024\/04\/location-de-velo-bixi-loto-quebec-4-450x300.jpg 450w, https:\/\/s3.ca-central-1.amazonaws.com\/cdn.bixi.com\/wp-content\/uploads\/2024\/04\/location-de-velo-bixi-loto-quebec-4.jpg 2048w\" sizes=\"auto, (max-width: 1920px) 100vw, 1920px\" \/>\t\t\t\t\t\t\t\t\t\t\t\t\t\t\t\t\t<\/div>\n\t\t\t\t\t\t\t<\/div>\n\t\t\t\t\t\t\t<div class=\"title\">\n\t\t\t\t\t\t\t\t<h2 class=\"main-title title-2\">A winning partnership to celebrate city life\n<\/h2>\t\t\t\t\t\t\t<\/div>\n\t\t\t\t\t\t\t<div class=\"content\">\n\t\t\t\t\t\t\t\t\t\t\t\t\t\t\t\t\t<p>Loto-Qu\u00e9bec and BIXI join forces to transform the urban experience! As the presenting partner, Loto-Qu\u00e9bec makes it easy for citizens to join in the events and festivals it sponsors, confirming its commitment to contributing to events that are sustainable, socially responsible and bringing people together, while giving back to the community.<\/p>\n\t\t\t\t\t\t\t\t\n\t\t\t\t\t\t\t\t\t\t\t\t\t\t\t<\/div>\n\t\t\t\t\t\t<\/div>\n\t\t\t\t\t<\/div>\n\t\t\t\t<\/div>\n\t\t\t<\/div>\n\t\t<\/section>\n\t\n\n\t\t\t<section  class=\"banner-cta section-block\">\n\t\t\t\t<div class=\"img-container\">\n\t\t\t\t\t\t\t\t\t\t\t<img loading=\"lazy\" decoding=\"async\" width=\"1920\" height=\"1280\" src=\"https:\/\/s3.ca-central-1.amazonaws.com\/cdn.bixi.com\/wp-content\/uploads\/2024\/04\/location-de-velo-bixi-loto-quebec-cta-2-1920x1280.jpg\" class=\"attachment-full_width size-full_width\" alt=\"\" srcset=\"https:\/\/s3.ca-central-1.amazonaws.com\/cdn.bixi.com\/wp-content\/uploads\/2024\/04\/location-de-velo-bixi-loto-quebec-cta-2-1920x1280.jpg 1920w, https:\/\/s3.ca-central-1.amazonaws.com\/cdn.bixi.com\/wp-content\/uploads\/2024\/04\/location-de-velo-bixi-loto-quebec-cta-2-300x200.jpg 300w, https:\/\/s3.ca-central-1.amazonaws.com\/cdn.bixi.com\/wp-content\/uploads\/2024\/04\/location-de-velo-bixi-loto-quebec-cta-2-1024x683.jpg 1024w, https:\/\/s3.ca-central-1.amazonaws.com\/cdn.bixi.com\/wp-content\/uploads\/2024\/04\/location-de-velo-bixi-loto-quebec-cta-2-768x512.jpg 768w, https:\/\/s3.ca-central-1.amazonaws.com\/cdn.bixi.com\/wp-content\/uploads\/2024\/04\/location-de-velo-bixi-loto-quebec-cta-2-1536x1024.jpg 1536w, https:\/\/s3.ca-central-1.amazonaws.com\/cdn.bixi.com\/wp-content\/uploads\/2024\/04\/location-de-velo-bixi-loto-quebec-cta-2-1440x960.jpg 1440w, https:\/\/s3.ca-central-1.amazonaws.com\/cdn.bixi.com\/wp-content\/uploads\/2024\/04\/location-de-velo-bixi-loto-quebec-cta-2-900x600.jpg 900w, https:\/\/s3.ca-central-1.amazonaws.com\/cdn.bixi.com\/wp-content\/uploads\/2024\/04\/location-de-velo-bixi-loto-quebec-cta-2-770x513.jpg 770w, https:\/\/s3.ca-central-1.amazonaws.com\/cdn.bixi.com\/wp-content\/uploads\/2024\/04\/location-de-velo-bixi-loto-quebec-cta-2-960x640.jpg 960w, https:\/\/s3.ca-central-1.amazonaws.com\/cdn.bixi.com\/wp-content\/uploads\/2024\/04\/location-de-velo-bixi-loto-quebec-cta-2-500x333.jpg 500w, https:\/\/s3.ca-central-1.amazonaws.com\/cdn.bixi.com\/wp-content\/uploads\/2024\/04\/location-de-velo-bixi-loto-quebec-cta-2-150x100.jpg 150w, https:\/\/s3.ca-central-1.amazonaws.com\/cdn.bixi.com\/wp-content\/uploads\/2024\/04\/location-de-velo-bixi-loto-quebec-cta-2-81x54.jpg 81w, https:\/\/s3.ca-central-1.amazonaws.com\/cdn.bixi.com\/wp-content\/uploads\/2024\/04\/location-de-velo-bixi-loto-quebec-cta-2-84x56.jpg 84w, https:\/\/s3.ca-central-1.amazonaws.com\/cdn.bixi.com\/wp-content\/uploads\/2024\/04\/location-de-velo-bixi-loto-quebec-cta-2-450x300.jpg 450w, https:\/\/s3.ca-central-1.amazonaws.com\/cdn.bixi.com\/wp-content\/uploads\/2024\/04\/location-de-velo-bixi-loto-quebec-cta-2.jpg 2048w\" sizes=\"auto, (max-width: 1920px) 100vw, 1920px\" \/>\t\t\t\t\t\n\t\t\t\t\t<div class=\"content\">\n\t\t\t\t\t\t\t\t\t\t\t\t\t<div class=\"text\"><p>Shall we meet?<br \/>\n<span class=\"gray\">Download the BIXI app, find and unlock your bike!<\/span><\/p>\n<\/div>\n\t\t\t\t\t\t\n\t\t\t\t\t\t\t\t\t\t\t\t\t<div class=\"btns\">\n\t\t\t\t\t\t\t\t\t\t\t\t\t\t\t\t\t\t\t\t<a href=\"http:\/\/onelink.to\/bixi\" \n\t\t\t\tclass=\"button button-primary \" \n\t\t\t\t \n\t\t\t\t>\n\t\t\t\t\t\t\t\t\t<span class=\"btn-mask\" data-button-label=\"Download\">\n\t\t\t\t\t\t<span class=\"btn-label\">\n\t\t\t\t\t\t\tDownload\t\t\t\t\t\t<\/span>\n\t\t\t\t\t<\/span>\n\t\t\t\t\t\t\t\t\t\t<span class=\"btn-mask-icon\">\n\t\t\t\t\t\t<i class=\"icon \"><\/i>\n\t\t\t\t\t<\/span>\n\t\t\t\t\t\t\t\t\t\t\t\t<\/a>\n\t\t\t\t\t\t\t\t\t\t\t\t\t\t\t\t\t<\/div>\n\t\t\t\t\t\t\t\t\t\t\t<\/div>\n\t\t\t\t<\/div>\n\t\t\t<\/section>\n\t\t","protected":false},"excerpt":{"rendered":"","protected":false},"author":37,"featured_media":12184,"parent":0,"menu_order":90,"comment_status":"closed","ping_status":"closed","template":"","meta":{"_acf_changed":false,"footnotes":""},"class_list":["post-12831","page","type-page","status-publish","has-post-thumbnail","hentry"],"acf":{"has_pink_background":false},"yoast_head":"<!-- This site is optimized with the Yoast SEO plugin v25.1 - https:\/\/yoast.com\/wordpress\/plugins\/seo\/ -->\n<title>Loto-Qu\u00e9bec, presenting partner | BIXI Montr\u00e9al<\/title>\n<meta name=\"description\" content=\"As the presenting partner, Loto-Qu\u00e9bec makes it easy for citizens to join in the events and festivals it sponsors.\" \/>\n<meta name=\"robots\" content=\"index, follow, max-snippet:-1, max-image-preview:large, max-video-preview:-1\" \/>\n<link rel=\"canonical\" href=\"https:\/\/bixi.com\/en\/loto-quebec\/\" \/>\n<meta property=\"og:locale\" content=\"en_US\" \/>\n<meta property=\"og:type\" content=\"article\" \/>\n<meta property=\"og:title\" content=\"Loto-Qu\u00e9bec, presenting partner | BIXI Montr\u00e9al\" \/>\n<meta property=\"og:description\" content=\"As the presenting partner, Loto-Qu\u00e9bec makes it easy for citizens to join in the events and festivals it sponsors.\" \/>\n<meta property=\"og:url\" content=\"https:\/\/bixi.com\/en\/loto-quebec\/\" \/>\n<meta property=\"og:site_name\" content=\"BIXI Montr\u00e9al\" \/>\n<meta property=\"article:modified_time\" content=\"2026-02-10T18:49:06+00:00\" \/>\n<meta property=\"og:image\" content=\"https:\/\/s3.ca-central-1.amazonaws.com\/cdn.bixi.com\/wp-content\/uploads\/2024\/04\/location-de-velo-bixi-loto-quebec-4.jpg\" \/>\n\t<meta property=\"og:image:width\" content=\"2048\" \/>\n\t<meta property=\"og:image:height\" content=\"1365\" \/>\n\t<meta property=\"og:image:type\" content=\"image\/jpeg\" \/>\n<meta name=\"twitter:card\" content=\"summary_large_image\" \/>\n<meta name=\"twitter:label1\" content=\"Est. reading time\" \/>\n\t<meta name=\"twitter:data1\" content=\"1 minute\" \/>\n<script type=\"application\/ld+json\" class=\"yoast-schema-graph\">{\"@context\":\"https:\/\/schema.org\",\"@graph\":[{\"@type\":\"WebPage\",\"@id\":\"https:\/\/bixi.com\/en\/loto-quebec\/\",\"url\":\"https:\/\/bixi.com\/en\/loto-quebec\/\",\"name\":\"Loto-Qu\u00e9bec, presenting partner | BIXI Montr\u00e9al\",\"isPartOf\":{\"@id\":\"https:\/\/bixi.com\/en\/#website\"},\"primaryImageOfPage\":{\"@id\":\"https:\/\/bixi.com\/en\/loto-quebec\/#primaryimage\"},\"image\":{\"@id\":\"https:\/\/bixi.com\/en\/loto-quebec\/#primaryimage\"},\"thumbnailUrl\":\"https:\/\/s3.ca-central-1.amazonaws.com\/cdn.bixi.com\/wp-content\/uploads\/2024\/04\/location-de-velo-bixi-loto-quebec-4.jpg\",\"datePublished\":\"2024-04-16T18:35:49+00:00\",\"dateModified\":\"2026-02-10T18:49:06+00:00\",\"description\":\"As the presenting partner, Loto-Qu\u00e9bec makes it easy for citizens to join in the events and festivals it sponsors.\",\"breadcrumb\":{\"@id\":\"https:\/\/bixi.com\/en\/loto-quebec\/#breadcrumb\"},\"inLanguage\":\"en-US\",\"potentialAction\":[{\"@type\":\"ReadAction\",\"target\":[\"https:\/\/bixi.com\/en\/loto-quebec\/\"]}]},{\"@type\":\"ImageObject\",\"inLanguage\":\"en-US\",\"@id\":\"https:\/\/bixi.com\/en\/loto-quebec\/#primaryimage\",\"url\":\"https:\/\/s3.ca-central-1.amazonaws.com\/cdn.bixi.com\/wp-content\/uploads\/2024\/04\/location-de-velo-bixi-loto-quebec-4.jpg\",\"contentUrl\":\"https:\/\/s3.ca-central-1.amazonaws.com\/cdn.bixi.com\/wp-content\/uploads\/2024\/04\/location-de-velo-bixi-loto-quebec-4.jpg\",\"width\":2048,\"height\":1365},{\"@type\":\"BreadcrumbList\",\"@id\":\"https:\/\/bixi.com\/en\/loto-quebec\/#breadcrumb\",\"itemListElement\":[{\"@type\":\"ListItem\",\"position\":1,\"name\":\"Home\",\"item\":\"https:\/\/bixi.com\/en\/\"},{\"@type\":\"ListItem\",\"position\":2,\"name\":\"Loto-Qu\u00e9bec\"}]},{\"@type\":\"WebSite\",\"@id\":\"https:\/\/bixi.com\/en\/#website\",\"url\":\"https:\/\/bixi.com\/en\/\",\"name\":\"BIXI Montr\u00e9al\",\"description\":\"\",\"potentialAction\":[{\"@type\":\"SearchAction\",\"target\":{\"@type\":\"EntryPoint\",\"urlTemplate\":\"https:\/\/bixi.com\/en\/?s={search_term_string}\"},\"query-input\":{\"@type\":\"PropertyValueSpecification\",\"valueRequired\":true,\"valueName\":\"search_term_string\"}}],\"inLanguage\":\"en-US\"}]}<\/script>\n<!-- \/ Yoast SEO plugin. -->","yoast_head_json":{"title":"Loto-Qu\u00e9bec, presenting partner | BIXI Montr\u00e9al","description":"As the presenting partner, Loto-Qu\u00e9bec makes it easy for citizens to join in the events and festivals it sponsors.","robots":{"index":"index","follow":"follow","max-snippet":"max-snippet:-1","max-image-preview":"max-image-preview:large","max-video-preview":"max-video-preview:-1"},"canonical":"https:\/\/bixi.com\/en\/loto-quebec\/","og_locale":"en_US","og_type":"article","og_title":"Loto-Qu\u00e9bec, presenting partner | BIXI Montr\u00e9al","og_description":"As the presenting partner, Loto-Qu\u00e9bec makes it easy for citizens to join in the events and festivals it sponsors.","og_url":"https:\/\/bixi.com\/en\/loto-quebec\/","og_site_name":"BIXI Montr\u00e9al","article_modified_time":"2026-02-10T18:49:06+00:00","og_image":[{"width":2048,"height":1365,"url":"https:\/\/s3.ca-central-1.amazonaws.com\/cdn.bixi.com\/wp-content\/uploads\/2024\/04\/location-de-velo-bixi-loto-quebec-4.jpg","type":"image\/jpeg"}],"twitter_card":"summary_large_image","twitter_misc":{"Est. reading time":"1 minute"},"schema":{"@context":"https:\/\/schema.org","@graph":[{"@type":"WebPage","@id":"https:\/\/bixi.com\/en\/loto-quebec\/","url":"https:\/\/bixi.com\/en\/loto-quebec\/","name":"Loto-Qu\u00e9bec, presenting partner | BIXI Montr\u00e9al","isPartOf":{"@id":"https:\/\/bixi.com\/en\/#website"},"primaryImageOfPage":{"@id":"https:\/\/bixi.com\/en\/loto-quebec\/#primaryimage"},"image":{"@id":"https:\/\/bixi.com\/en\/loto-quebec\/#primaryimage"},"thumbnailUrl":"https:\/\/s3.ca-central-1.amazonaws.com\/cdn.bixi.com\/wp-content\/uploads\/2024\/04\/location-de-velo-bixi-loto-quebec-4.jpg","datePublished":"2024-04-16T18:35:49+00:00","dateModified":"2026-02-10T18:49:06+00:00","description":"As the presenting partner, Loto-Qu\u00e9bec makes it easy for citizens to join in the events and festivals it sponsors.","breadcrumb":{"@id":"https:\/\/bixi.com\/en\/loto-quebec\/#breadcrumb"},"inLanguage":"en-US","potentialAction":[{"@type":"ReadAction","target":["https:\/\/bixi.com\/en\/loto-quebec\/"]}]},{"@type":"ImageObject","inLanguage":"en-US","@id":"https:\/\/bixi.com\/en\/loto-quebec\/#primaryimage","url":"https:\/\/s3.ca-central-1.amazonaws.com\/cdn.bixi.com\/wp-content\/uploads\/2024\/04\/location-de-velo-bixi-loto-quebec-4.jpg","contentUrl":"https:\/\/s3.ca-central-1.amazonaws.com\/cdn.bixi.com\/wp-content\/uploads\/2024\/04\/location-de-velo-bixi-loto-quebec-4.jpg","width":2048,"height":1365},{"@type":"BreadcrumbList","@id":"https:\/\/bixi.com\/en\/loto-quebec\/#breadcrumb","itemListElement":[{"@type":"ListItem","position":1,"name":"Home","item":"https:\/\/bixi.com\/en\/"},{"@type":"ListItem","position":2,"name":"Loto-Qu\u00e9bec"}]},{"@type":"WebSite","@id":"https:\/\/bixi.com\/en\/#website","url":"https:\/\/bixi.com\/en\/","name":"BIXI Montr\u00e9al","description":"","potentialAction":[{"@type":"SearchAction","target":{"@type":"EntryPoint","urlTemplate":"https:\/\/bixi.com\/en\/?s={search_term_string}"},"query-input":{"@type":"PropertyValueSpecification","valueRequired":true,"valueName":"search_term_string"}}],"inLanguage":"en-US"}]}},"_links":{"self":[{"href":"https:\/\/bixi.com\/en\/wp-json\/wp\/v2\/pages\/12831","targetHints":{"allow":["GET"]}}],"collection":[{"href":"https:\/\/bixi.com\/en\/wp-json\/wp\/v2\/pages"}],"about":[{"href":"https:\/\/bixi.com\/en\/wp-json\/wp\/v2\/types\/page"}],"author":[{"embeddable":true,"href":"https:\/\/bixi.com\/en\/wp-json\/wp\/v2\/users\/37"}],"replies":[{"embeddable":true,"href":"https:\/\/bixi.com\/en\/wp-json\/wp\/v2\/comments?post=12831"}],"version-history":[{"count":4,"href":"https:\/\/bixi.com\/en\/wp-json\/wp\/v2\/pages\/12831\/revisions"}],"predecessor-version":[{"id":17348,"href":"https:\/\/bixi.com\/en\/wp-json\/wp\/v2\/pages\/12831\/revisions\/17348"}],"wp:featuredmedia":[{"embeddable":true,"href":"https:\/\/bixi.com\/en\/wp-json\/wp\/v2\/media\/12184"}],"wp:attachment":[{"href":"https:\/\/bixi.com\/en\/wp-json\/wp\/v2\/media?parent=12831"}],"curies":[{"name":"wp","href":"https:\/\/api.w.org\/{rel}","templated":true}]}}